{"id":11842,"date":"2016-09-30T07:26:47","date_gmt":"2016-09-30T07:26:47","guid":{"rendered":"http:\/\/edupath.co\/?page_id=11842"},"modified":"2020-09-22T12:48:55","modified_gmt":"2020-09-22T05:48:55","slug":"ban-giam-hieu","status":"publish","type":"page","link":"https:\/\/en.sgu.edu.vn\/vi\/ban-giam-hieu\/","title":{"rendered":"Ban Gi\u00e1m Hi\u1ec7u"},"content":{"rendered":"<p><div class=\"fusion-fullwidth fullwidth-box nonhundred-percent-fullwidth non-hundred-percent-height-scrolling\"  style='background-color: #ffffff;background-position: left top;background-repeat: no-repeat;padding-top:20px;padding-right:0px;padding-bottom:20px;padding-left:0px;border-top-width:0px;border-bottom-width:0px;border-color:#eae9e9;border-top-style:solid;border-bottom-style:solid;'><div class=\"fusion-builder-row fusion-row \"><div  class=\"fusion-layout-column fusion_builder_column fusion_builder_column_1_1  fusion-one-full fusion-column-first fusion-column-last 1_1\"  style='margin-top:0px;margin-bottom:20px;'>\n\t\t\t\t\t<div class=\"fusion-column-wrapper\" style=\"background-position:left top;background-repeat:no-repeat;-webkit-background-size:cover;-moz-background-size:cover;-o-background-size:cover;background-size:cover;\"  data-bg-url=\"\">\n\t\t\t\t\t\t<div class=\"fusion-title title fusion-title-center fusion-title-size-two\" style=\"margin-top:0px;margin-bottom:30px;\"><div class=\"title-sep-container title-sep-container-left\"><div class=\"title-sep sep-double\" style=\"border-color:#cccccc;\"><\/div><\/div><h2 class=\"title-heading-center\"><p style=\"text-align: center;\"><span style=\"color: #000080; font-family: arial, helvetica, sans-serif;\"><strong><span style=\"font-size: 24pt;\">Ban Gi\u00e1m Hi\u1ec7u<\/span><\/strong><\/span><\/p><\/h2><div class=\"title-sep-container title-sep-container-right\"><div class=\"title-sep sep-double\" style=\"border-color:#cccccc;\"><\/div><\/div><\/div><div class=\"fusion-clearfix\"><\/div>\n\n\t\t\t\t\t<\/div>\n\t\t\t\t<\/div><div  class=\"fusion-layout-column fusion_builder_column fusion_builder_column_1_2  fusion-one-half fusion-column-first 1_2\"  style='margin-top:0px;margin-bottom:20px;width:48%; margin-right: 4%;'>\n\t\t\t\t\t<div class=\"fusion-column-wrapper\" style=\"background-position:left top;background-repeat:no-repeat;-webkit-background-size:cover;-moz-background-size:cover;-o-background-size:cover;background-size:cover;\"  data-bg-url=\"\">\n\t\t\t\t\t\t<div class=\"fusion-text\"><p style=\"text-align: right;\"><span style=\"color: #000080; font-family: arial, helvetica, sans-serif; font-size: 14pt;\"><strong>HI\u1ec6U TR\u01af\u1edeNG<\/strong> <\/span><\/p>\n<p style=\"text-align: right;\"><span style=\"color: #0000ff; font-family: arial, helvetica, sans-serif; font-size: 14pt;\"><strong>PH\u1ea0M HO\u00c0NG QU\u00c2N<\/strong><\/span><\/p>\n<p style=\"text-align: right;\"><span style=\"font-family: arial, helvetica, sans-serif; color: #000000; font-size: 12pt;\">PH\u00d3 GI\u00c1O S\u01af<\/span><\/p>\n<p style=\"text-align: right;\"><span style=\"font-family: arial, helvetica, sans-serif; color: #000000; font-size: 12pt;\">TI\u1ebeN S\u0128 TO\u00c1N<\/span><\/p>\n<\/div><div class=\"fusion-clearfix\"><\/div>\n\n\t\t\t\t\t<\/div>\n\t\t\t\t<\/div><div  class=\"fusion-layout-column fusion_builder_column fusion_builder_column_1_2  fusion-one-half fusion-column-last 1_2\"  style='margin-top:0px;margin-bottom:20px;width:48%'>\n\t\t\t\t\t<div class=\"fusion-column-wrapper\" style=\"background-position:left top;background-repeat:no-repeat;-webkit-background-size:cover;-moz-background-size:cover;-o-background-size:cover;background-size:cover;\"  data-bg-url=\"\">\n\t\t\t\t\t\t<span class=\"fusion-imageframe imageframe-none imageframe-1 hover-type-none\"><img decoding=\"async\" loading=\"lazy\" src=\"http:\/\/en.sgu.edu.vn\/wp-content\/uploads\/2016\/09\/Thay_Quan.jpg\" width=\"313\" height=\"201\" alt=\"\" title=\"thay_quan\" class=\"img-responsive wp-image-12297\" srcset=\"https:\/\/en.sgu.edu.vn\/wp-content\/uploads\/2016\/09\/Thay_Quan-200x128.jpg 200w, https:\/\/en.sgu.edu.vn\/wp-content\/uploads\/2016\/09\/Thay_Quan.jpg 313w\" sizes=\"(max-width: 800px) 100vw, 313px\" \/><\/span><div class=\"fusion-clearfix\"><\/div>\n\n\t\t\t\t\t<\/div>\n\t\t\t\t<\/div><\/div><\/div><div class=\"fusion-fullwidth fullwidth-box nonhundred-percent-fullwidth non-hundred-percent-height-scrolling\"  style='background-color: #ffffff;background-position: left top;background-repeat: no-repeat;padding-top:20px;padding-right:0px;padding-bottom:20px;padding-left:0px;border-top-width:0px;border-bottom-width:0px;border-color:#eae9e9;border-top-style:solid;border-bottom-style:solid;'><div class=\"fusion-builder-row fusion-row \"><div  class=\"fusion-layout-column fusion_builder_column fusion_builder_column_1_2  fusion-one-half fusion-column-first 1_2\"  style='margin-top:0px;margin-bottom:20px;width:48%; margin-right: 4%;'>\n\t\t\t\t\t<div class=\"fusion-column-wrapper\" style=\"background-position:left top;background-repeat:no-repeat;-webkit-background-size:cover;-moz-background-size:cover;-o-background-size:cover;background-size:cover;\"  data-bg-url=\"\">\n\t\t\t\t\t\t<span style=\"margin-left:25px;float:right;\" class=\"fusion-imageframe imageframe-none imageframe-2 hover-type-none\"><img decoding=\"async\" loading=\"lazy\" src=\"http:\/\/en.sgu.edu.vn\/wp-content\/uploads\/2016\/09\/Thay-Hung-BGH.jpg\" width=\"313\" height=\"201\" alt=\"\" title=\"thay-hung-bgh\" class=\"img-responsive wp-image-12304\" srcset=\"https:\/\/en.sgu.edu.vn\/wp-content\/uploads\/2016\/09\/Thay-Hung-BGH-200x128.jpg 200w, https:\/\/en.sgu.edu.vn\/wp-content\/uploads\/2016\/09\/Thay-Hung-BGH.jpg 313w\" sizes=\"(max-width: 800px) 100vw, 313px\" \/><\/span><div class=\"fusion-clearfix\"><\/div>\n\n\t\t\t\t\t<\/div>\n\t\t\t\t<\/div><div  class=\"fusion-layout-column fusion_builder_column fusion_builder_column_1_2  fusion-one-half fusion-column-last 1_2\"  style='margin-top:0px;margin-bottom:20px;width:48%'>\n\t\t\t\t\t<div class=\"fusion-column-wrapper\" style=\"background-position:left top;background-repeat:no-repeat;-webkit-background-size:cover;-moz-background-size:cover;-o-background-size:cover;background-size:cover;\"  data-bg-url=\"\">\n\t\t\t\t\t\t<div class=\"fusion-text\"><p style=\"text-align: left;\"><span style=\"color: #000080; font-family: arial, helvetica, sans-serif; font-size: 14pt;\"><strong>PH\u00d3 HI\u1ec6U TR\u01af\u1edeNG<\/strong><\/span><\/p>\n<p style=\"text-align: left;\"><span style=\"color: #0000ff; font-family: arial, helvetica, sans-serif; font-size: 14pt;\"><strong>NGUY\u1ec4N KH\u1eaeC H\u00d9NG<\/strong><\/span><\/p>\n<p style=\"text-align: left;\"><span style=\"color: #000000; font-family: arial, helvetica, sans-serif; font-size: 12pt;\">PH\u00d3 GI\u00c1O S\u01af<\/span><\/p>\n<p style=\"text-align: left;\"><span style=\"color: #000000; font-family: arial, helvetica, sans-serif; font-size: 12pt;\">TI\u1ebeN S\u0128 KINH T\u1ebe<\/span><\/p>\n<p style=\"text-align: left;\"><span style=\"color: #000000; font-family: arial, helvetica, sans-serif; font-size: 12pt;\">\u00d0i\u1ec7n tho\u1ea1i: 028.38.353.453<\/span><\/p>\n<p style=\"text-align: left;\"><span style=\"color: #000000; font-family: arial, helvetica, sans-serif; font-size: 12pt;\">Nhi\u1ec7m v\u1ee5: \u0110\u00e0o t\u1ea1o \u0111\u1ea1i h\u1ecdc; x\u00e2y d\u1ef1ng gi\u00e1o tr\u00ecnh; ch\u01b0\u01a1ng tr\u00ecnh gi\u1ea3ng d\u1ea1y; m\u1edf m\u00e3 ng\u00e0nh \u0111\u00e0o t\u1ea1o \u0111\u1ea1i h\u1ecdc; nghi\u00ean c\u1ee9u khoa h\u1ecdc, thi \u0111ua, khen th\u01b0\u1edfng; c\u00f4ng t\u00e1c sinh vi\u00ean.<\/span><\/p>\n<\/div><div class=\"fusion-clearfix\"><\/div>\n\n\t\t\t\t\t<\/div>\n\t\t\t\t<\/div><\/div><\/div><div class=\"fusion-fullwidth fullwidth-box nonhundred-percent-fullwidth non-hundred-percent-height-scrolling\"  style='background-color: #ffffff;background-position: center center;background-repeat: no-repeat;padding-top:0px;padding-right:0px;padding-bottom:0px;padding-left:0px;'><div class=\"fusion-builder-row fusion-row \"><div  class=\"fusion-layout-column fusion_builder_column fusion_builder_column_1_2  fusion-one-half fusion-column-first 1_2\"  style='margin-top:0px;margin-bottom:20px;width:50%;width:calc(50% - ( ( 4% ) * 0.5 ) );margin-right: 4%;'>\n\t\t\t\t\t<div class=\"fusion-column-wrapper\" style=\"background-position:left top;background-repeat:no-repeat;-webkit-background-size:cover;-moz-background-size:cover;-o-background-size:cover;background-size:cover;\"  data-bg-url=\"\">\n\t\t\t\t\t\t<span style=\"margin-left:25px;float:right;\" class=\"fusion-imageframe imageframe-none imageframe-3 hover-type-none\"><img decoding=\"async\" loading=\"lazy\" src=\"http:\/\/en.sgu.edu.vn\/wp-content\/uploads\/2018\/04\/Le_Chi_Lan-1.jpg\" width=\"312\" height=\"354\" alt=\"\" title=\"Le_Chi_Lan\" class=\"img-responsive wp-image-17804\" srcset=\"https:\/\/en.sgu.edu.vn\/wp-content\/uploads\/2018\/04\/Le_Chi_Lan-1-200x227.jpg 200w, https:\/\/en.sgu.edu.vn\/wp-content\/uploads\/2018\/04\/Le_Chi_Lan-1.jpg 312w\" sizes=\"(max-width: 800px) 100vw, 312px\" \/><\/span><div class=\"fusion-clearfix\"><\/div>\n\n\t\t\t\t\t<\/div>\n\t\t\t\t<\/div><div  class=\"fusion-layout-column fusion_builder_column fusion_builder_column_1_2  fusion-one-half fusion-column-last 1_2\"  style='margin-top:0px;margin-bottom:20px;width:50%;width:calc(50% - ( ( 4% ) * 0.5 ) );'>\n\t\t\t\t\t<div class=\"fusion-column-wrapper\" style=\"background-position:left top;background-repeat:no-repeat;-webkit-background-size:cover;-moz-background-size:cover;-o-background-size:cover;background-size:cover;\"  data-bg-url=\"\">\n\t\t\t\t\t\t<div class=\"fusion-text\"><p style=\"text-align: left;\"><span style=\"color: #000080; font-family: arial, helvetica, sans-serif; font-size: 14pt;\"><strong>PH\u00d3 HI\u1ec6U TR\u01af\u1edeNG<\/strong><\/span><\/p>\n<p style=\"text-align: left;\"><span style=\"color: #0000ff; font-family: arial, helvetica, sans-serif; font-size: 14pt;\"><strong>L\u00ca CHI LAN\u00a0<\/strong><\/span><\/p>\n<p style=\"text-align: left;\"><span style=\"color: #000000; font-family: arial, helvetica, sans-serif; font-size: 12pt;\">TI\u1ebeN S\u0128 \u0110O L\u01af\u1edcNG V\u00c0 \u0110\u00c1NH GI\u00c1 TRONG GI\u00c1O D\u1ee4C<\/span><\/p>\n<p style=\"text-align: left;\"><span style=\"color: #000000; font-family: arial, helvetica, sans-serif; font-size: 12pt;\">\u00d0i\u1ec7n tho\u1ea1i: 028 38.308.275<\/span><\/p>\n<p style=\"text-align: left;\"><span style=\"color: #000000; font-family: arial, helvetica, sans-serif; font-size: 12pt;\">Nhi\u1ec7m v\u1ee5: \u0110\u00e0o t\u1ea1o sau \u0111\u1ea1i h\u1ecdc; ki\u1ec3m \u0111\u1ecbnh ch\u1ea5t lu\u1ee3ng gi\u00e1o d\u1ee5c; Y t\u1ebf h\u1ecdc \u0111\u01b0\u1eddng.<\/span><\/p>\n<\/div><div class=\"fusion-clearfix\"><\/div>\n\n\t\t\t\t\t<\/div>\n\t\t\t\t<\/div><\/div><\/div><div class=\"fusion-fullwidth fullwidth-box nonhundred-percent-fullwidth non-hundred-percent-height-scrolling\"  style='background-color: #ffffff;background-position: left top;background-repeat: no-repeat;padding-top:20px;padding-right:0px;padding-bottom:20px;padding-left:0px;border-top-width:0px;border-bottom-width:0px;border-color:#eae9e9;border-top-style:solid;border-bottom-style:solid;'><div class=\"fusion-builder-row fusion-row \"><div  class=\"fusion-layout-column fusion_builder_column fusion_builder_column_1_2  fusion-one-half fusion-column-first 1_2\"  style='margin-top:0px;margin-bottom:20px;width:48%; margin-right: 4%;'>\n\t\t\t\t\t<div class=\"fusion-column-wrapper\" style=\"background-position:left top;background-repeat:no-repeat;-webkit-background-size:cover;-moz-background-size:cover;-o-background-size:cover;background-size:cover;\"  data-bg-url=\"\">\n\t\t\t\t\t\t<span style=\"margin-left:25px;float:right;\" class=\"fusion-imageframe imageframe-none imageframe-4 hover-type-none\"><img decoding=\"async\" loading=\"lazy\" src=\"http:\/\/en.sgu.edu.vn\/wp-content\/uploads\/2020\/09\/172B4CCC-93A8-4537-868D-4E913B96ACA5-300x300.jpeg\" width=\"300\" height=\"300\" alt=\"\" title=\"172B4CCC-93A8-4537-868D-4E913B96ACA5\" class=\"img-responsive wp-image-21438\" srcset=\"https:\/\/en.sgu.edu.vn\/wp-content\/uploads\/2020\/09\/172B4CCC-93A8-4537-868D-4E913B96ACA5-200x200.jpeg 200w, https:\/\/en.sgu.edu.vn\/wp-content\/uploads\/2020\/09\/172B4CCC-93A8-4537-868D-4E913B96ACA5-400x401.jpeg 400w, https:\/\/en.sgu.edu.vn\/wp-content\/uploads\/2020\/09\/172B4CCC-93A8-4537-868D-4E913B96ACA5-600x601.jpeg 600w, https:\/\/en.sgu.edu.vn\/wp-content\/uploads\/2020\/09\/172B4CCC-93A8-4537-868D-4E913B96ACA5.jpeg 639w\" sizes=\"(max-width: 800px) 100vw, 300px\" \/><\/span><div class=\"fusion-clearfix\"><\/div>\n\n\t\t\t\t\t<\/div>\n\t\t\t\t<\/div><div  class=\"fusion-layout-column fusion_builder_column fusion_builder_column_1_2  fusion-one-half fusion-column-last 1_2\"  style='margin-top:0px;margin-bottom:20px;width:48%'>\n\t\t\t\t\t<div class=\"fusion-column-wrapper\" style=\"background-position:left top;background-repeat:no-repeat;-webkit-background-size:cover;-moz-background-size:cover;-o-background-size:cover;background-size:cover;\"  data-bg-url=\"\">\n\t\t\t\t\t\t<div class=\"fusion-text\"><p style=\"text-align: left;\"><span style=\"font-family: arial, helvetica, sans-serif; color: #000080; font-size: 14pt;\"><strong>PH\u00d3 HI\u1ec6U TR\u01af\u1edeNG <\/strong><\/span><\/p>\n<p style=\"text-align: left;\"><span style=\"font-family: arial, helvetica, sans-serif; color: #0000ff; font-size: 14pt;\"><strong>V\u00d5 V\u0102N TH\u1eacT<\/strong><\/span><\/p>\n<p style=\"text-align: left;\"><span style=\"font-family: arial, helvetica, sans-serif; color: #000000; font-size: 12pt;\">TI\u1ebeN S\u0128 L\u1ecaCH S\u1eec VI\u1ec6T NAM<\/span><\/p>\n<p style=\"text-align: left;\"><span style=\"font-family: arial, helvetica, sans-serif; color: #000000; font-size: 12pt;\">Nhi\u1ec7m v\u1ee5: <\/span><\/p>\n<p style=\"text-align: left;\"><span style=\"font-family: arial, helvetica, sans-serif; color: #000000; font-size: 12pt;\">&#8211; \u0110\u00e0o t\u1ea1o VHVL; c\u00e1c chu\u01a1ng tr\u00ecnh b\u1ed3i du\u1ee1ng ng\u1eafn h\u1ea1n; \u0111\u1ed1i ngo\u1ea1i; thanh tra.<br \/>\n&#8211; \u0110\u1eddi s\u1ed1ng, ph\u00fac l\u1ee3i; d\u00e2n qu\u00e2n t\u1ef1 v\u1ec7. <\/span><\/p>\n<\/div><div class=\"fusion-clearfix\"><\/div>\n\n\t\t\t\t\t<\/div>\n\t\t\t\t<\/div><\/div><\/div><\/p>\n","protected":false},"excerpt":{"rendered":"","protected":false},"author":1,"featured_media":0,"parent":0,"menu_order":0,"comment_status":"closed","ping_status":"closed","template":"","meta":[],"jetpack_sharing_enabled":true,"jetpack_shortlink":"https:\/\/wp.me\/PdgjhW-350","_links":{"self":[{"href":"https:\/\/en.sgu.edu.vn\/vi\/wp-json\/wp\/v2\/pages\/11842"}],"collection":[{"href":"https:\/\/en.sgu.edu.vn\/vi\/wp-json\/wp\/v2\/pages"}],"about":[{"href":"https:\/\/en.sgu.edu.vn\/vi\/wp-json\/wp\/v2\/types\/page"}],"author":[{"embeddable":true,"href":"https:\/\/en.sgu.edu.vn\/vi\/wp-json\/wp\/v2\/users\/1"}],"replies":[{"embeddable":true,"href":"https:\/\/en.sgu.edu.vn\/vi\/wp-json\/wp\/v2\/comments?post=11842"}],"version-history":[{"count":15,"href":"https:\/\/en.sgu.edu.vn\/vi\/wp-json\/wp\/v2\/pages\/11842\/revisions"}],"predecessor-version":[{"id":21439,"href":"https:\/\/en.sgu.edu.vn\/vi\/wp-json\/wp\/v2\/pages\/11842\/revisions\/21439"}],"wp:attachment":[{"href":"https:\/\/en.sgu.edu.vn\/vi\/wp-json\/wp\/v2\/media?parent=11842"}],"curies":[{"name":"wp","href":"https:\/\/api.w.org\/{rel}","templated":true}]}}