{"id":11847,"date":"2016-09-30T07:29:14","date_gmt":"2016-09-30T00:29:14","guid":{"rendered":"http:\/\/edupath.co\/?page_id=11847"},"modified":"2016-12-23T17:20:31","modified_gmt":"2016-12-23T10:20:31","slug":"cong-doan","status":"publish","type":"page","link":"https:\/\/en.sgu.edu.vn\/vi\/cong-doan\/","title":{"rendered":"C\u00f4ng \u0110o\u00e0n"},"content":{"rendered":"<div class=\"fusion-fullwidth fullwidth-box nonhundred-percent-fullwidth non-hundred-percent-height-scrolling\"  style='background-color: #ffffff;background-position: left top;background-repeat: no-repeat;padding-top:20px;padding-right:0px;padding-bottom:20px;padding-left:0px;border-top-width:0px;border-bottom-width:0px;border-color:#eae9e9;border-top-style:solid;border-bottom-style:solid;'><div class=\"fusion-builder-row fusion-row \"><div  class=\"fusion-layout-column fusion_builder_column fusion_builder_column_1_1  fusion-one-full fusion-column-first fusion-column-last 1_1\"  style='margin-top:0px;margin-bottom:20px;'>\n\t\t\t\t\t<div class=\"fusion-column-wrapper\" style=\"background-position:left top;background-repeat:no-repeat;-webkit-background-size:cover;-moz-background-size:cover;-o-background-size:cover;background-size:cover;\"  data-bg-url=\"\">\n\t\t\t\t\t\t<div class=\"imageframe-align-center\"><span class=\"fusion-imageframe imageframe-none imageframe-1 hover-type-none\"><img decoding=\"async\" loading=\"lazy\" src=\"http:\/\/en.sgu.edu.vn\/wp-content\/uploads\/2016\/09\/image_page.jpg\" width=\"1280\" height=\"485\" alt=\"\" title=\"image_page\" class=\"img-responsive wp-image-14030\" srcset=\"https:\/\/en.sgu.edu.vn\/wp-content\/uploads\/2016\/09\/image_page-200x76.jpg 200w, https:\/\/en.sgu.edu.vn\/wp-content\/uploads\/2016\/09\/image_page-400x152.jpg 400w, https:\/\/en.sgu.edu.vn\/wp-content\/uploads\/2016\/09\/image_page-600x227.jpg 600w, https:\/\/en.sgu.edu.vn\/wp-content\/uploads\/2016\/09\/image_page-800x303.jpg 800w, https:\/\/en.sgu.edu.vn\/wp-content\/uploads\/2016\/09\/image_page-1200x455.jpg 1200w, https:\/\/en.sgu.edu.vn\/wp-content\/uploads\/2016\/09\/image_page.jpg 1280w\" sizes=\"(max-width: 800px) 100vw, 1200px\" \/><\/span><\/div><div class=\"fusion-sep-clear\"><\/div><div class=\"fusion-separator fusion-full-width-sep sep-shadow\" style=\"background:radial-gradient(ellipse at 50% -50% , #0003c9 0px, rgba(255, 255, 255, 0) 80%) repeat scroll 0 0 rgba(0, 0, 0, 0);background:-webkit-radial-gradient(ellipse at 50% -50% , #0003c9 0px, rgba(255, 255, 255, 0) 80%) repeat scroll 0 0 rgba(0, 0, 0, 0);background:-moz-radial-gradient(ellipse at 50% -50% , #0003c9 0px, rgba(255, 255, 255, 0) 80%) repeat scroll 0 0 rgba(0, 0, 0, 0);background:-o-radial-gradient(ellipse at 50% -50% , #0003c9 0px, rgba(255, 255, 255, 0) 80%) repeat scroll 0 0 rgba(0, 0, 0, 0);margin-left: auto;margin-right: auto;margin-top:10px;margin-bottom:10px;\"><\/div><div class=\"fusion-clearfix\"><\/div>\n\n\t\t\t\t\t<\/div>\n\t\t\t\t<\/div><div  class=\"fusion-layout-column fusion_builder_column fusion_builder_column_1_1  fusion-one-full fusion-column-first fusion-column-last 1_1\"  style='margin-top:0px;margin-bottom:20px;'>\n\t\t\t\t\t<div class=\"fusion-column-wrapper\" style=\"background-position:left top;background-repeat:no-repeat;-webkit-background-size:cover;-moz-background-size:cover;-o-background-size:cover;background-size:cover;\"  data-bg-url=\"\">\n\t\t\t\t\t\t<div class=\"fusion-title title fusion-title-center fusion-title-size-two\" style=\"margin-top:0px;margin-bottom:30px;\"><div class=\"title-sep-container title-sep-container-left\"><div class=\"title-sep sep-double\" style=\"border-color:#cccccc;\"><\/div><\/div><h2 class=\"title-heading-center\"><p style=\"text-align: center;\"><span style=\"font-family: arial, helvetica, sans-serif; font-size: 24pt; color: #000080;\"><b>C\u00d4NG \u0110O\u00c0N <\/b><\/span><span style=\"font-family: arial, helvetica, sans-serif; font-size: 24pt; color: #000080;\"><b>TR\u01af\u1edcNG \u0110\u1ea0I H\u1eccC S\u00c0I G\u00d2N<\/b><\/span><\/p><\/h2><div class=\"title-sep-container title-sep-container-right\"><div class=\"title-sep sep-double\" style=\"border-color:#cccccc;\"><\/div><\/div><\/div><div class=\"fusion-text\"><div><span style=\"font-family: arial, helvetica, sans-serif; font-size: 14pt; color: #000080;\"><b><u>V\u1ecb tr\u00ed &#8211; ch\u1ee9c n\u0103ng<\/u><\/b><\/span><\/div>\n<ul>\n<li><span style=\"font-family: arial, helvetica, sans-serif; font-size: 12pt; color: #000000;\">L\u00e0 t\u1ed5 ch\u1ee9c ch\u00ednh tr\u1ecb &#8211; x\u00e3 h\u1ed9i r\u1ed9ng l\u1edbn c\u1ee7a giai c\u1ea5p c\u00f4ng nh\u00e2n v\u00e0 ng\u01b0\u1eddi lao \u0111\u1ed9ng, t\u1ef1 nguy\u1ec7n l\u1eadp ra d\u01b0\u1edbi s\u1ef1 l\u00e3nh \u0111\u1ea1o c\u1ee7a \u0110\u1ea3ng c\u1ed9ng s\u1ea3n Vi\u1ec7t Nam.<\/span><\/li>\n<li><span style=\"font-family: arial, helvetica, sans-serif; font-size: 12pt; color: #000000;\">\u0110\u1ea1i di\u1ec7n v\u00e0 b\u1ea3o v\u1ec7 c\u00e1c quy\u1ec1n, l\u1ee3i \u00edch h\u1ee3p ph\u00e1p ch\u00ednh \u0111\u00e1ng c\u1ee7a ng\u01b0\u1eddi lao \u0111\u1ed9ng, ph\u1ed1i h\u1ee3p c\u00f9ng v\u1edbi ch\u00ednh quy\u1ec1n, th\u1ee7 tr\u01b0\u1edfng c\u01a1 quan ch\u0103m lo \u0111\u1eddi s\u1ed1ng v\u1eadt ch\u1ea5t, tinh th\u1ea7n cho ng\u01b0\u1eddi lao \u0111\u1ed9ng.<\/span><\/li>\n<li><span style=\"font-family: arial, helvetica, sans-serif; font-size: 12pt; color: #000000;\">Th\u1ef1c hi\u1ec7n c\u00e1c nhi\u1ec7m v\u1ee5 c\u00f3 li\u00ean quan \u0111\u1ebfn c\u00f4ng t\u00e1c t\u1ed5 ch\u1ee9c, qu\u1ea3n l\u00fd c\u00e1n b\u1ed9, gi\u1ea3ng vi\u00ean, gi\u00e1o vi\u00ean, c\u00f4ng nh\u00e2n vi\u00ean<\/span><\/li>\n<li><span style=\"font-family: arial, helvetica, sans-serif; font-size: 12pt; color: #000000;\">\u0110\u1ea1i di\u1ec7n v\u00e0 t\u1ed5 ch\u1ee9c ng\u01b0\u1eddi lao \u0111\u1ed9ng tham gia qu\u1ea3n l\u00fd c\u01a1 quan \u0111\u01a1n v\u1ecb, t\u1ed5 ch\u1ee9c c\u00e1c phong tr\u00e0o thi \u0111ua, kh\u00f4ng ng\u1eebng n\u00e2ng cao ch\u1ea5t l\u01b0\u1ee3ng \u0111\u1ed9i ng\u0169 v\u1ec1 ch\u00ednh tr\u1ecb l\u1eabn chuy\u00ean m\u00f4n, nghi\u1ec7p v\u1ee5.<\/span><\/li>\n<li><span style=\"font-family: arial, helvetica, sans-serif; font-size: 12pt; color: #000000;\">C\u00f9ng v\u1edbi nh\u00e0 tr\u01b0\u1eddng t\u1ed5 ch\u1ee9c, th\u1ef1c hi\u1ec7n quy\u1ec1n l\u00e0m ch\u1ee7 c\u1ee7a t\u1eadp th\u1ec3 lao \u0111\u1ed9ng theo quy \u0111\u1ecbnh c\u1ee7a ph\u00e1p lu\u1eadt.<\/span><\/li>\n<li><span style=\"font-family: arial, helvetica, sans-serif; font-size: 12pt; color: #000000;\">Ki\u1ec3m tra, gi\u00e1m s\u00e1t vi\u1ec7c thi h\u00e0nh ch\u00ednh s\u00e1ch ph\u00e1p lu\u1eadt, ch\u1ebf \u0111\u1ed9 v\u1ec1 lao \u0111\u1ed9ng.<\/span><\/li>\n<li><span style=\"font-family: arial, helvetica, sans-serif; font-size: 12pt; color: #000000;\">Ph\u00e1t tri\u1ec3n \u0111o\u00e0n vi\u00ean, x\u00e2y d\u1ef1ng c\u00f4ng \u0111o\u00e0n v\u1eefng m\u1ea1nh, v\u1eadn \u0111\u1ed9ng m\u1ecdi ng\u01b0\u1eddi lao \u0111\u1ed9ng th\u1ef1c hi\u1ec7n n\u1ebfp s\u1ed1ng v\u0103n ho\u00e1 m\u1edbi, ch\u00ednh s\u00e1ch D\u00e2n s\u1ed1 -k\u1ebf ho\u1ea1ch.<\/span><\/li>\n<\/ul>\n<div><span style=\"font-family: arial, helvetica, sans-serif; font-size: 14pt; color: #000080;\"><b><u>Nhi\u1ec7m v\u1ee5 ch\u1ee7 y\u1ebfu<\/u><\/b><\/span><\/div>\n<ul>\n<li><span style=\"font-family: arial, helvetica, sans-serif; font-size: 12pt; color: #000000;\">\u0110\u1ea9y m\u1ea1nh phong tr\u00e0o thi \u0111ua 2 t\u1ed1t v\u00e0 cu\u1ed9c v\u1eadn \u0111\u1ed9ng &#8220;<b>D\u00e2n ch\u1ee7 &#8211; K\u1ef7 c\u01b0\u01a1ng &#8211; T\u00ecnh th\u01b0\u01a1ng &#8211; Tr\u00e1ch nhi\u1ec7m<\/b>&#8220;, <b>\u201cH\u1ecdc t\u1eadp g\u01b0\u01a1ng \u0111\u1ea1o \u0111\u1ee9c H\u1ed3 Ch\u00ed Minh<\/b>\u201d, ph\u1ea5n \u0111\u1ea5u <b>\u201cM\u1ed7i th\u1ea7y c\u00f4 gi\u00e1o l\u00e0 m\u1ed9t t\u1ea5m g\u01b0\u01a1ng v\u1ec1 \u0110\u1ea0O \u0110\u1ee8C, T\u1ef0 H\u1eccC &amp; S\u00c1NG T\u1ea0O<\/b>\u201d th\u1ef1c hi\u1ec7n nhi\u1ec7m v\u1ee5 tr\u1ecdng t\u00e2m c\u1ee7a gi\u00e1o d\u1ee5c \u0111\u1ea1i h\u1ecdc: \u201cN\u00f3i kh\u00f4ng v\u1edbi \u0111\u00e0o t\u1ea1o kh\u00f4ng \u0111\u1ea1t chu\u1ea9n v\u00e0 kh\u00f4ng \u0111\u00e1p \u1ee9ng nhu c\u1ea7u x\u00e3 h\u1ed9i\u201d<\/span><\/li>\n<li><span style=\"font-family: arial, helvetica, sans-serif; font-size: 12pt; color: #000000;\">Th\u1ef1c hi\u1ec7n t\u1ed1t ch\u1ee9c n\u0103ng C\u00f4ng \u0111o\u00e0n tham gia c\u00f4ng t\u00e1c chuy\u00ean m\u00f4n, qu\u1ea3n l\u00fd, c\u00e1c ho\u1ea1t \u0111\u1ed9ng ch\u0103m lo, b\u1ea3o v\u1ec7 l\u1ee3i \u00edch ch\u00ednh \u0111\u00e1ng c\u1ee7a \u0111o\u00e0n vi\u00ean v\u00e0 ng\u01b0\u1eddi lao \u0111\u1ed9ng<\/span><\/li>\n<li><span style=\"font-family: arial, helvetica, sans-serif; font-size: 12pt; color: #000000;\">\u0110\u1ed5i m\u1edbi v\u00e0 t\u0103ng c\u01b0\u1eddng c\u00e1c ho\u1ea1t \u0111\u1ed9ng tuy\u00ean truy\u1ec1n gi\u00e1o d\u1ee5c t\u01b0 t\u01b0\u1edfng, ch\u00ednh tr\u1ecb<\/span><\/li>\n<li><span style=\"font-family: arial, helvetica, sans-serif; font-size: 12pt; color: #000000;\">\u0110\u1ea9y m\u1ea1nh phong tr\u00e0o h\u1ecdc t\u1eadp, b\u1ed3i d\u01b0\u1ee1ng, n\u00e2ng cao tr\u00ecnh \u0111\u1ed9 c\u1ee7a CB-GV-CNV<\/span><\/li>\n<li><span style=\"font-family: arial, helvetica, sans-serif; font-size: 12pt; color: #000000;\">X\u00e2y d\u1ef1ng C\u00f4ng \u0111o\u00e0n b\u1ed9 ph\u1eadn v\u00e0 C\u00f4ng \u0111o\u00e0n c\u01a1 s\u1edf v\u1eefng m\u1ea1nh<\/span><\/li>\n<li><span style=\"font-family: arial, helvetica, sans-serif; font-size: 12pt; color: #000000;\">T\u00edch c\u1ef1c tham gia x\u00e2y d\u1ef1ng \u0110\u1ea3ng, ph\u00e1t tri\u1ec3n \u0110\u1ea3ng<\/span><\/li>\n<\/ul>\n<div><span style=\"font-family: arial, helvetica, sans-serif; font-size: 14pt; color: #000080;\"><b><u>Ch\u01b0\u01a1ng tr\u00ecnh ho\u1ea1t \u0111\u1ed9ng C\u00f4ng \u0111o\u00e0n<\/u><\/b><\/span><\/div>\n<ul>\n<li><span style=\"font-family: arial, helvetica, sans-serif; font-size: 12pt; color: #000000;\"><b>Ch\u01b0\u01a1ng tr\u00ecnh 1<\/b>: N\u00e2ng cao ph\u1ea9m ch\u1ea5t, n\u0103ng l\u1ef1c \u0111\u1ed9i ng\u0169 CB, GV, CNV<\/span><\/li>\n<li><span style=\"font-family: arial, helvetica, sans-serif; font-size: 12pt; color: #000000;\"><b>Ch\u01b0\u01a1ng tr\u00ecnh 2<\/b>: Ch\u0103m lo \u1ed5n \u0111\u1ecbnh v\u00e0 c\u1ea3i thi\u1ec7n \u0111\u1eddi s\u1ed1ng CB, GV, CNV t\u1ea1o \u0111\u1ed9ng l\u1ef1c n\u00e2ng cao ch\u1ea5t l\u01b0\u1ee3ng, hi\u1ec7u qu\u1ea3 gi\u00e1o d\u1ee5c v\u00e0 \u0111\u00e0o t\u1ea1o<\/span><\/li>\n<li><span style=\"font-family: arial, helvetica, sans-serif; font-size: 12pt; color: #000000;\"><b>Ch\u01b0\u01a1ng tr\u00ecnh 3<\/b>: V\u1eadn \u0111\u1ed9ng, t\u1ed5 ch\u1ee9c CB, GV, CNV t\u00edch c\u1ef1c tham gia c\u00e1c phong tr\u00e0o qu\u1ea7n ch\u00fang v\u00e0 c\u00e1c cu\u1ed9c v\u1eadn \u0111\u1ed9ng mang t\u00ednh x\u00e3 h\u1ed9i c\u1ee7a ng\u00e0nh, n\u00eau cao vai tr\u00f2 c\u1ee7a t\u1ed5 ch\u1ee9c c\u00f4ng \u0111o\u00e0n<\/span><\/li>\n<li><span style=\"font-family: arial, helvetica, sans-serif; font-size: 12pt; color: #000000;\"><b>Ch\u01b0\u01a1ng tr\u00ecnh 4<\/b>: X\u00e2y d\u1ef1ng t\u1ed5 ch\u01b0c c\u00f4ng \u0111o\u00e0n v\u1eefng m\u1ea1nh<\/span><\/li>\n<\/ul>\n<\/div><div class=\"fusion-clearfix\"><\/div>\n\n\t\t\t\t\t<\/div>\n\t\t\t\t<\/div><\/div><\/div>\n","protected":false},"excerpt":{"rendered":"","protected":false},"author":1,"featured_media":0,"parent":0,"menu_order":0,"comment_status":"closed","ping_status":"closed","template":"side-navigation.php","meta":[],"jetpack_sharing_enabled":true,"jetpack_shortlink":"https:\/\/wp.me\/PdgjhW-355","_links":{"self":[{"href":"https:\/\/en.sgu.edu.vn\/vi\/wp-json\/wp\/v2\/pages\/11847"}],"collection":[{"href":"https:\/\/en.sgu.edu.vn\/vi\/wp-json\/wp\/v2\/pages"}],"about":[{"href":"https:\/\/en.sgu.edu.vn\/vi\/wp-json\/wp\/v2\/types\/page"}],"author":[{"embeddable":true,"href":"https:\/\/en.sgu.edu.vn\/vi\/wp-json\/wp\/v2\/users\/1"}],"replies":[{"embeddable":true,"href":"https:\/\/en.sgu.edu.vn\/vi\/wp-json\/wp\/v2\/comments?post=11847"}],"version-history":[{"count":0,"href":"https:\/\/en.sgu.edu.vn\/vi\/wp-json\/wp\/v2\/pages\/11847\/revisions"}],"wp:attachment":[{"href":"https:\/\/en.sgu.edu.vn\/vi\/wp-json\/wp\/v2\/media?parent=11847"}],"curies":[{"name":"wp","href":"https:\/\/api.w.org\/{rel}","templated":true}]}}