{"id":11856,"date":"2016-09-30T07:31:08","date_gmt":"2016-09-30T00:31:08","guid":{"rendered":"http:\/\/edupath.co\/?page_id=11856"},"modified":"2019-07-10T15:12:43","modified_gmt":"2019-07-10T08:12:43","slug":"phong-ke-hoach-tai-chinh","status":"publish","type":"page","link":"https:\/\/en.sgu.edu.vn\/vi\/phong-ke-hoach-tai-chinh\/","title":{"rendered":"K\u1ebf Ho\u1ea1ch T\u00e0i Ch\u00ednh"},"content":{"rendered":"<div class=\"fusion-fullwidth fullwidth-box nonhundred-percent-fullwidth non-hundred-percent-height-scrolling\"  style='background-color: #ffffff;background-position: left top;background-repeat: no-repeat;padding-top:20px;padding-right:0px;padding-bottom:20px;padding-left:0px;border-top-width:0px;border-bottom-width:0px;border-color:#eae9e9;border-top-style:solid;border-bottom-style:solid;'><div class=\"fusion-builder-row fusion-row \"><div  class=\"fusion-layout-column fusion_builder_column fusion_builder_column_1_1  fusion-one-full fusion-column-first fusion-column-last 1_1\"  style='margin-top:0px;margin-bottom:20px;'>\n\t\t\t\t\t<div class=\"fusion-column-wrapper\" style=\"background-position:left top;background-repeat:no-repeat;-webkit-background-size:cover;-moz-background-size:cover;-o-background-size:cover;background-size:cover;\"  data-bg-url=\"\">\n\t\t\t\t\t\t<div class=\"imageframe-align-center\"><span class=\"fusion-imageframe imageframe-none imageframe-1 hover-type-none\"><img decoding=\"async\" loading=\"lazy\" src=\"http:\/\/en.sgu.edu.vn\/wp-content\/uploads\/2016\/09\/default_image.jpg\" width=\"522\" height=\"350\" alt=\"\" title=\"default_image\" class=\"img-responsive wp-image-13921\" srcset=\"https:\/\/en.sgu.edu.vn\/wp-content\/uploads\/2016\/09\/default_image-200x134.jpg 200w, https:\/\/en.sgu.edu.vn\/wp-content\/uploads\/2016\/09\/default_image-400x268.jpg 400w, https:\/\/en.sgu.edu.vn\/wp-content\/uploads\/2016\/09\/default_image.jpg 522w\" sizes=\"(max-width: 800px) 100vw, 522px\" \/><\/span><\/div><div class=\"fusion-clearfix\"><\/div>\n\n\t\t\t\t\t<\/div>\n\t\t\t\t<\/div><div  class=\"fusion-layout-column fusion_builder_column fusion_builder_column_1_1  fusion-one-full fusion-column-first fusion-column-last 1_1\"  style='margin-top:0px;margin-bottom:20px;'>\n\t\t\t\t\t<div class=\"fusion-column-wrapper\" style=\"background-position:left top;background-repeat:no-repeat;-webkit-background-size:cover;-moz-background-size:cover;-o-background-size:cover;background-size:cover;\"  data-bg-url=\"\">\n\t\t\t\t\t\t<div class=\"fusion-title title fusion-title-center fusion-title-size-one\" style=\"margin-top:0px;margin-bottom:30px;\"><div class=\"title-sep-container title-sep-container-left\"><div class=\"title-sep sep-double\" style=\"border-color:#000000;\"><\/div><\/div><h1 class=\"title-heading-center\"><p style=\"text-align: center;\"><span style=\"color: #000080;\"><strong><span style=\"font-family: arial, helvetica, sans-serif; font-size: 24pt;\">PH\u00d2NG K\u1ebe HO\u1ea0CH T\u00c0I CH\u00cdNH<\/span><\/strong><\/span><\/p><\/h1><div class=\"title-sep-container title-sep-container-right\"><div class=\"title-sep sep-double\" style=\"border-color:#000000;\"><\/div><\/div><\/div><div class=\"fusion-clearfix\"><\/div>\n\n\t\t\t\t\t<\/div>\n\t\t\t\t<\/div><div  class=\"fusion-layout-column fusion_builder_column fusion_builder_column_1_1  fusion-one-full fusion-column-first fusion-column-last 1_1\"  style='margin-top:0px;margin-bottom:20px;'>\n\t\t\t\t\t<div class=\"fusion-column-wrapper\" style=\"background-position:left top;background-repeat:no-repeat;-webkit-background-size:cover;-moz-background-size:cover;-o-background-size:cover;background-size:cover;\"  data-bg-url=\"\">\n\t\t\t\t\t\t<ul class=\"fusion-checklist fusion-checklist-1\" style=\"font-size:13px;line-height:22.1px;\"><li class=\"fusion-li-item\"><span style=\"background-color:#0003c9;font-size:11.44px;height:22.1px;width:22.1px;margin-right:9.1px;\" class=\"icon-wrapper circle-yes\"><i class=\"fusion-li-icon fa fa-check\" style=\"color:#ffffff;\"><\/i><\/span><div class=\"fusion-li-item-content\" style=\"margin-left:31.2px;\"><span style=\"font-family: arial, helvetica, sans-serif; font-size: 14pt; color: #000080;\"><strong><u>Nhi\u1ec7m v\u1ee5:<\/u><\/strong><\/span><\/div><\/li><\/ul><div class=\"fusion-text\"><p><span style=\"font-family: arial, helvetica, sans-serif; font-size: 12pt; color: #000000;\"> &#8211; Thu th\u1eadp, ph\u1ea3n \u00e1nh, x\u1eed l\u00fd v\u00e0 t\u1ed5ng h\u1ee3p th\u00f4ng tin v\u1ec1 ngu\u1ed3n kinh ph\u00ed \u0111\u01b0\u1ee3c c\u1ea5p, \u0111\u01b0\u1ee3c h\u00ecnh th\u00e0nh v\u00e0 t\u00ecnh h\u00ecnh s\u1eed d\u1ee5ng c\u00e1c kho\u1ea3n kinh ph\u00ed t\u1ea1i \u0111\u01a1n v\u1ecb.<\/span><br \/>\n<span style=\"font-family: arial, helvetica, sans-serif; font-size: 12pt; color: #000000;\"> &#8211; Th\u1ef1c hi\u1ec7n ki\u1ec3m tra, ki\u1ec3m s\u00e1t t\u00ecnh h\u00ecnh ch\u1ea5p h\u00e0nh d\u1ef1 to\u00e1n thu, chi, t\u00ecnh h\u00ecnh th\u1ef1c hi\u1ec7n c\u00e1c ch\u1ec9 ti\u00eau kinh t\u1ebf, t\u00e0i ch\u00ednh v\u00e0 c\u00e1c ti\u00eau chu\u1ea9n, \u0111\u1ecbnh m\u1ee9c c\u1ee7a Nh\u00e0 n\u01b0\u1edbc, ki\u1ec3m tra vi\u1ec7c qu\u1ea3n l\u00fd, s\u1eed d\u1ee5ng c\u00e1c lo\u1ea1i v\u1eadt t\u01b0, t\u00e0i s\u1ea3n c\u00f4ng t\u1ea1i \u0111\u01a1n v\u1ecb.<\/span><br \/>\n<span style=\"font-family: arial, helvetica, sans-serif; font-size: 12pt; color: #000000;\"> &#8211; T\u1ed5 ch\u1ee9c c\u00f4ng t\u00e1c k\u1ebf to\u00e1n ph\u1ee5c v\u1ee5 cho ho\u1ea1t \u0111\u1ed9ng c\u1ee7a nh\u00e0 tr\u01b0\u1eddng.<\/span><br \/>\n<span style=\"font-family: arial, helvetica, sans-serif; font-size: 12pt; color: #000000;\"> &#8211; Th\u1ef1c hi\u1ec7n c\u00e1c nghi\u1ec7p v\u1ee5 t\u00e0i ch\u00ednh, k\u1ebf to\u00e1n \u0111\u1ed1i v\u1edbi c\u00e1c ngu\u1ed3n thu ngo\u00e0i ng\u00e2n s\u00e1ch<\/span><br \/>\n<span style=\"font-family: arial, helvetica, sans-serif; font-size: 12pt; color: #000000;\"> &#8211; Th\u1ef1c hi\u1ec7n c\u00f4ng t\u00e1c b\u00e1o c\u00e1o quy\u1ebft to\u00e1n v\u00e0 c\u00f4ng t\u00e1c th\u1ed1ng k\u00ea theo lu\u1eadt \u0111\u1ecbnh.<\/span><\/p>\n<\/div><ul class=\"fusion-checklist fusion-checklist-2\" style=\"font-size:13px;line-height:22.1px;\"><li class=\"fusion-li-item\"><span style=\"background-color:#0003c9;font-size:11.44px;height:22.1px;width:22.1px;margin-right:9.1px;\" class=\"icon-wrapper circle-yes\"><i class=\"fusion-li-icon fa fa-check\" style=\"color:#ffffff;\"><\/i><\/span><div class=\"fusion-li-item-content\" style=\"margin-left:31.2px;\"><strong><span style=\"font-family: arial, helvetica, sans-serif; font-size: 14pt; color: #000080;\"><u>Li\u00ean h\u1ec7:<\/u><\/span><\/strong><\/div><\/li><\/ul><div class=\"fusion-text\"><p><span style=\"font-family: arial, helvetica, sans-serif; font-size: 12pt;\"> <span style=\"color: #000000;\"> \u2013 <strong>\u0110i\u1ec7n tho\u1ea1i:<\/strong> <\/span> <span style=\"color: #ff0000;\">38.352.303<\/span>.<\/span><br \/>\n<span style=\"font-family: arial, helvetica, sans-serif; font-size: 12pt;\"> <span style=\"color: #000000;\">\u2013 <strong>Email: <\/strong><\/span> <span style=\"color: #0000ff;\"><u><a style=\"color: #0000ff;\" href=\"mailto:p_kehoachtaichinh@sgu.edu.vn\">p_kehoachtaichinh@sgu.edu.vn<\/a> <\/u><\/span><\/span><\/p>\n<\/div><ul class=\"fusion-checklist fusion-checklist-3\" style=\"font-size:13px;line-height:22.1px;\"><li class=\"fusion-li-item\"><span style=\"background-color:#0003c9;font-size:11.44px;height:22.1px;width:22.1px;margin-right:9.1px;\" class=\"icon-wrapper circle-yes\"><i class=\"fusion-li-icon fa fa-check\" style=\"color:#ffffff;\"><\/i><\/span><div class=\"fusion-li-item-content\" style=\"margin-left:31.2px;\"><strong><span style=\"font-family: arial, helvetica, sans-serif; font-size: 12pt; color: #000080;\"><u>L\u00e3nh \u0111\u1ea1o ph\u00f2ng:<\/u><\/span><\/strong><\/div><\/li><\/ul><div class=\"fusion-text\"><table style=\"height: 166px;\" border=\"1px\" width=\"683\">\n<tbody>\n<tr>\n<td style=\"width: 218px; background-color: #0003c9; text-align: center;\"><span style=\"color: #ffffff; font-family: arial, helvetica, sans-serif; font-size: 14pt;\"><strong>TR\u01af\u1edeNG PH\u00d2NG<\/strong><\/span><\/p>\n<p><span style=\"color: #ffffff; font-family: arial, helvetica, sans-serif; font-size: 14pt;\">K\u1ebe TO\u00c1N TR\u01af\u1edeNG<\/span><\/td>\n<td style=\"width: 218px; background-color: #0003c9; text-align: center;\"><span style=\"color: #ffffff; font-family: arial, helvetica, sans-serif; font-size: 14pt;\"><strong>PH\u00d3 TR\u01af\u1edeNG PH\u00d2NG<\/strong><\/span><\/td>\n<\/tr>\n<tr>\n<td style=\"width: 220px; text-align: center;\"><span style=\"color: #ff0000; font-family: arial, helvetica, sans-serif; font-size: 12pt;\"><b>GIANG QU\u1ed0C TU\u1ea4N<\/b><\/span><\/p>\n<p><img decoding=\"async\" loading=\"lazy\" class=\"wp-image-17654 aligncenter\" src=\"http:\/\/en.sgu.edu.vn\/wp-content\/uploads\/2018\/03\/Screen-Shot-2018-03-26-at-4.00.19-PM-229x300.png\" alt=\"\" width=\"152\" height=\"197\" \/><\/td>\n<td style=\"width: 223px; text-align: center;\"><span style=\"color: #ff0000; font-family: arial, helvetica, sans-serif; font-size: 12pt;\"><b>NGUY\u1ec4N HO\u00c0NG CH\u01af\u01a0NG<\/b><\/span><\/p>\n<p><img decoding=\"async\" loading=\"lazy\" class=\"aligncenter wp-image-19345 size-thumbnail\" src=\"http:\/\/en.sgu.edu.vn\/wp-content\/uploads\/2019\/04\/Image-1.png\" alt=\"\" width=\"150\" height=\"190\" \/><\/td>\n<\/tr>\n<\/tbody>\n<\/table>\n<\/div><div class=\"fusion-clearfix\"><\/div>\n\n\t\t\t\t\t<\/div>\n\t\t\t\t<\/div><\/div><\/div>\n","protected":false},"excerpt":{"rendered":"","protected":false},"author":1,"featured_media":0,"parent":0,"menu_order":0,"comment_status":"closed","ping_status":"closed","template":"side-navigation.php","meta":[],"jetpack_sharing_enabled":true,"jetpack_shortlink":"https:\/\/wp.me\/PdgjhW-35e","_links":{"self":[{"href":"https:\/\/en.sgu.edu.vn\/vi\/wp-json\/wp\/v2\/pages\/11856"}],"collection":[{"href":"https:\/\/en.sgu.edu.vn\/vi\/wp-json\/wp\/v2\/pages"}],"about":[{"href":"https:\/\/en.sgu.edu.vn\/vi\/wp-json\/wp\/v2\/types\/page"}],"author":[{"embeddable":true,"href":"https:\/\/en.sgu.edu.vn\/vi\/wp-json\/wp\/v2\/users\/1"}],"replies":[{"embeddable":true,"href":"https:\/\/en.sgu.edu.vn\/vi\/wp-json\/wp\/v2\/comments?post=11856"}],"version-history":[{"count":6,"href":"https:\/\/en.sgu.edu.vn\/vi\/wp-json\/wp\/v2\/pages\/11856\/revisions"}],"predecessor-version":[{"id":19770,"href":"https:\/\/en.sgu.edu.vn\/vi\/wp-json\/wp\/v2\/pages\/11856\/revisions\/19770"}],"wp:attachment":[{"href":"https:\/\/en.sgu.edu.vn\/vi\/wp-json\/wp\/v2\/media?parent=11856"}],"curies":[{"name":"wp","href":"https:\/\/api.w.org\/{rel}","templated":true}]}}