{"id":11864,"date":"2016-09-30T07:37:34","date_gmt":"2016-09-30T00:37:34","guid":{"rendered":"http:\/\/edupath.co\/?page_id=11864"},"modified":"2018-09-13T20:43:33","modified_gmt":"2018-09-13T13:43:33","slug":"phong-hop-tac-quoc-te","status":"publish","type":"page","link":"https:\/\/en.sgu.edu.vn\/vi\/phong-hop-tac-quoc-te\/","title":{"rendered":"Ph\u00f2ng H\u1ee3p T\u00e1c Qu\u1ed1c T\u1ebf"},"content":{"rendered":"<div class=\"fusion-fullwidth fullwidth-box nonhundred-percent-fullwidth non-hundred-percent-height-scrolling\"  style='background-color: #ffffff;background-position: left top;background-repeat: no-repeat;padding-top:20px;padding-right:0px;padding-bottom:20px;padding-left:0px;border-top-width:0px;border-bottom-width:0px;border-color:#eae9e9;border-top-style:solid;border-bottom-style:solid;'><div class=\"fusion-builder-row fusion-row \"><div  class=\"fusion-layout-column fusion_builder_column fusion_builder_column_1_1  fusion-one-full fusion-column-first fusion-column-last 1_1\"  style='margin-top:0px;margin-bottom:20px;'>\n\t\t\t\t\t<div class=\"fusion-column-wrapper\" style=\"background-position:left top;background-repeat:no-repeat;-webkit-background-size:cover;-moz-background-size:cover;-o-background-size:cover;background-size:cover;\"  data-bg-url=\"\">\n\t\t\t\t\t\t<div class=\"fusion-title title fusion-title-size-two\" style=\"margin-top:0px;margin-bottom:30px;\"><h2 class=\"title-heading-left\"><a href=\"http:\/\/en.sgu.edu.vn\/phong-hop-tac-quoc-te\/\"><span style=\"font-family: arial, helvetica, sans-serif;\">Gi\u1edbi thi\u1ec7u<\/span><\/a><\/h2><div class=\"title-sep-container\"><div class=\"title-sep sep-double\" style=\"border-color:#e0dede;\"><\/div><\/div><\/div><div class=\"fusion-clearfix\"><\/div>\n\n\t\t\t\t\t<\/div>\n\t\t\t\t<\/div><div  class=\"fusion-layout-column fusion_builder_column fusion_builder_column_1_1  fusion-one-full fusion-column-first fusion-column-last fusion-column-no-min-height 1_1\"  style='margin-top:0px;margin-bottom:0px;'>\n\t\t\t\t\t<div class=\"fusion-column-wrapper\" style=\"background-position:left top;background-repeat:no-repeat;-webkit-background-size:cover;-moz-background-size:cover;-o-background-size:cover;background-size:cover;\"  data-bg-url=\"\">\n\t\t\t\t\t\t<ul class=\"fusion-checklist fusion-checklist-1\" style=\"font-size:13px;line-height:22.1px;\"><li class=\"fusion-li-item\"><span style=\"background-color:#0003c9;font-size:11.44px;height:22.1px;width:22.1px;margin-right:9.1px;\" class=\"icon-wrapper circle-yes\"><i class=\"fusion-li-icon fa fa-chevron-right\" style=\"color:#ffffff;\"><\/i><\/span><div class=\"fusion-li-item-content\" style=\"margin-left:31.2px;\"><span style=\"font-family: arial, helvetica, sans-serif; font-size: 14pt;\"><span style=\"color: #000080;\"><strong>\u0110i\u1ec7n tho\u1ea1i:<\/strong><\/span> <span style=\"color: #ff0000; font-size: 12pt;\">(08) 3938 1901 <\/span><\/span><\/div><\/li><li class=\"fusion-li-item\"><span style=\"background-color:#0003c9;font-size:11.44px;height:22.1px;width:22.1px;margin-right:9.1px;\" class=\"icon-wrapper circle-yes\"><i class=\"fusion-li-icon fa fa-chevron-right\" style=\"color:#ffffff;\"><\/i><\/span><div class=\"fusion-li-item-content\" style=\"margin-left:31.2px;\"><span style=\"font-family: arial, helvetica, sans-serif; font-size: 12pt;\"><strong><span style=\"font-size: 14pt; color: #000080;\">Fax:<\/span> <\/strong><span style=\"color: #ff0000;\">(08) 3938 1901<\/span><\/span><\/div><\/li><li class=\"fusion-li-item\"><span style=\"background-color:#0003c9;font-size:11.44px;height:22.1px;width:22.1px;margin-right:9.1px;\" class=\"icon-wrapper circle-yes\"><i class=\"fusion-li-icon fa fa-chevron-right\" style=\"color:#ffffff;\"><\/i><\/span><div class=\"fusion-li-item-content\" style=\"margin-left:31.2px;\"><span style=\"font-family: arial, helvetica, sans-serif; font-size: 12pt;\"><strong><span style=\"font-size: 14pt; color: #000080;\">Email :<\/span> <\/strong><span style=\"color: #0000ff;\">hoptacquocte@sgu.edu.vn<\/span><\/span><\/div><\/li><li class=\"fusion-li-item\"><span style=\"background-color:#0003c9;font-size:11.44px;height:22.1px;width:22.1px;margin-right:9.1px;\" class=\"icon-wrapper circle-yes\"><i class=\"fusion-li-icon fa fa-chevron-right\" style=\"color:#ffffff;\"><\/i><\/span><div class=\"fusion-li-item-content\" style=\"margin-left:31.2px;\">\n<div><span style=\"font-family: arial, helvetica, sans-serif; font-size: 12pt;\"><span style=\"color: #000080;\"><strong><span style=\"font-size: 14pt;\">\u0110\u1ecba ch\u1ec9:<\/span><\/strong><\/span> <span style=\"color: #0000ff;\">C\u01a1 s\u1edf ch\u00ednh- Tr\u01b0\u1eddng \u0110\u1ea1i h\u1ecdc S\u00e0i G\u00f2n p<\/span><span style=\"color: #0000ff;\">h\u00f2ng C003<\/span><\/span><\/div>\n<\/div><\/li><\/ul><div class=\"fusion-clearfix\"><\/div>\n\n\t\t\t\t\t<\/div>\n\t\t\t\t<\/div><div  class=\"fusion-layout-column fusion_builder_column fusion_builder_column_1_1  fusion-one-full fusion-column-first fusion-column-last 1_1\"  style='margin-top:0px;margin-bottom:20px;'>\n\t\t\t\t\t<div class=\"fusion-column-wrapper\" style=\"background-position:left top;background-repeat:no-repeat;-webkit-background-size:cover;-moz-background-size:cover;-o-background-size:cover;background-size:cover;\"  data-bg-url=\"\">\n\t\t\t\t\t\t<div class=\"fusion-text\"><div><span style=\"font-family: arial, helvetica, sans-serif; font-size: 14pt; color: #000080;\"><strong> 1. Ch\u1ee9c n\u0103ng, nhi\u1ec7m v\u1ee5 Ph\u00f2ng HTQT:<\/strong><\/span><\/div>\n<div><\/div>\n<div><span style=\"font-family: arial, helvetica, sans-serif; font-size: 12pt;\"> <span style=\"color: #000000;\">&#8211; \u0110\u1ec1 xu\u1ea5t, x\u00e2y d\u1ef1ng v\u00e0 t\u1ed5 ch\u1ee9c th\u1ef1c hi\u1ec7n c\u00e1c ch\u01b0\u01a1ng tr\u00ecnh h\u1ee3p t\u00e1c qu\u1ed1c t\u1ebf.<\/span><\/span><\/div>\n<div><span style=\"font-family: arial, helvetica, sans-serif; font-size: 12pt; color: #000000;\"> &#8211; Qu\u1ea3n l\u00fd v\u00e0 t\u1ed5 ch\u1ee9c th\u1ef1c hi\u1ec7n c\u00e1c ho\u1ea1t \u0111\u1ed9ng li\u00ean quan \u0111\u1ebfn y\u1ebfu t\u1ed1 n\u01b0\u1edbc ngo\u00e0i.<\/span><\/div>\n<div><span style=\"font-family: arial, helvetica, sans-serif; font-size: 12pt; color: #000000;\"> &#8211; Qu\u1ea3n l\u00fd nh\u00e2n s\u1ef1 v\u00e0 c\u00e1c \u0111i\u1ec1u ki\u1ec7n \u0111\u1ed3ng b\u1ed9 theo qui \u0111\u1ecbnh.<\/span><\/div>\n<div><\/div>\n<div><span style=\"font-family: arial, helvetica, sans-serif; font-size: 12pt;\"> <span style=\"font-size: 14pt; color: #000080;\"><strong>2. \u0110\u1ecbnh h\u01b0\u1edbng ph\u00e1t tri\u1ec3n h\u1ee3p t\u00e1c qu\u1ed1c t\u1ebf:<\/strong><\/span><\/span><\/div>\n<div><\/div>\n<div><span style=\"font-family: arial, helvetica, sans-serif; font-size: 12pt;\"> <span style=\"color: #000000;\">\u2022 \u0110\u1ea9y m\u1ea1nh c\u00f4ng t\u00e1c h\u1ee3p t\u00e1c qu\u1ed1c t\u1ebf, ph\u1ed1i h\u1ee3p ch\u1eb7t ch\u1ebd v\u1edbi nh\u1eefng y\u00eau c\u1ea7u c\u1ee7a chi\u1ebfn l\u01b0\u1ee3c ph\u00e1t tri\u1ec3n chung c\u1ee7a \u0110\u1ea1i h\u1ecdc S\u00e0i G\u00f2n trong t\u1eebng giai \u0111o\u1ea1n. Quan h\u1ec7 qu\u1ed1c t\u1ebf gi\u1eef v\u1ecb tr\u00ed quan tr\u1ecdng trong vi\u1ec7c g\u00f3p ph\u1ea7n th\u1ef1c hi\u1ec7n c\u00e1c m\u1ee5c ti\u00eau chi\u1ebfn l\u01b0\u1ee3c c\u1ee7a \u0110\u1ea1i h\u1ecdc S\u00e0i G\u00f2n, n\u00e2ng cao ch\u1ea5t \u0111\u00e0o t\u1ea1o, t\u1ed5 ch\u1ee9c \u0111\u00e0o t\u1ea1o v\u00e0 t\u1ed5 ch\u1ee9c qu\u1ea3n l\u00fd.<\/span><\/span><\/div>\n<div><\/div>\n<div><span style=\"font-family: arial, helvetica, sans-serif; font-size: 12pt; color: #000000;\"> \u2022 Tu\u00e2n th\u1ee7 ph\u00e1p lu\u1eadt c\u1ee7a Nh\u00e0 n\u01b0\u1edbc v\u00e0 \u0111\u01b0\u1eddng l\u1ed1i \u0111\u1ed1i ngo\u1ea1i c\u1ee7a \u0110\u1ea3ng theo ph\u01b0\u01a1ng ch\u00e2m \u201cVi\u1ec7t Nam mu\u1ed1n l\u00e0m b\u1ea1n v\u00e0 \u0111\u1ed1i t\u00e1c tin c\u1eady c\u1ee7a c\u00e1c n\u01b0\u1edbc trong c\u1ed9ng \u0111\u1ed3ng qu\u1ed1c t\u1ebf, ph\u1ea5n \u0111\u1ea5u v\u00ec ho\u00e0 b\u00ecnh, \u0111\u1ed9c l\u1eadp v\u00e0 ph\u00e1t tri\u1ec3n\u201d.<\/span><\/div>\n<div><\/div>\n<div><span style=\"font-family: arial, helvetica, sans-serif; font-size: 12pt; color: #000000;\"> \u2022 \u0110a d\u1ea1ng h\u00f3a \u0111a ph\u01b0\u01a1ng h\u00f3a c\u00e1c m\u1ed1i quan h\u1ec7 h\u1ee3p t\u00e1c v\u1edbi c\u00e1c tr\u01b0\u1eddng \u0111\u1ea1i h\u1ecdc, t\u1ed5 ch\u1ee9c gi\u00e1o d\u1ee5c c\u00f3 uy t\u00edn trong khu v\u1ef1c v\u00e0 tr\u00ean th\u1ebf gi\u1edbi. H\u1ee3p t\u00e1c tr\u00ean tinh th\u1ea7n b\u00ecnh \u0111\u1eb3ng, t\u00f4n tr\u1ecdng \u0111\u1ed9c l\u1eadp v\u00e0 ch\u1ee7 quy\u1ec1n c\u1ee7a c\u00e1c b\u00ean \u0111\u1ed1i t\u00e1c nh\u1eb1m ph\u1ee5c v\u1ee5 cho m\u1ee5c \u0111\u00edch n\u00e2ng cao ch\u1ea5t l\u01b0\u1ee3ng \u0111\u00e0o t\u1ea1o, nghi\u00ean c\u1ee9u khoa h\u1ecdc v\u00e0 chuy\u1ec3n giao c\u00f4ng ngh\u1ec7 c\u1ee7a \u0110\u1ea1i h\u1ecdc S\u00e0i G\u00f2n.<\/span><\/div>\n<div><\/div>\n<div><span style=\"font-family: arial, helvetica, sans-serif; font-size: 12pt; color: #000000;\"> \u2022 Th\u00f4ng qua c\u00f4ng t\u00e1c quan h\u1ec7 qu\u1ed1c t\u1ebf, g\u00f3p ph\u1ea7n \u0111\u01b0a \u0110\u1ea1i h\u1ecdc S\u00e0i G\u00f2n l\u00ean ngang t\u1ea7m c\u00e1c \u0111\u1ea1i h\u1ecdc trong khu v\u1ef1c v\u00e0 th\u1ebf gi\u1edbi, t\u1eeb \u0111\u00f3 h\u1ed9i nh\u1eadp v\u00e0o s\u1ef1 ph\u00e1t tri\u1ec3n chung c\u1ee7a h\u1ec7 th\u1ed1ng gi\u00e1o d\u1ee5c \u0111\u1ea1i h\u1ecdc khu v\u1ef1c v\u00e0 qu\u1ed1c t\u1ebf, g\u00f3p ph\u1ea7n v\u00e0o vi\u1ec7c \u0111\u00e0o t\u1ea1o ngu\u1ed3n nh\u00e2n l\u1ef1c c\u00f3 kh\u1ea3 n\u0103ng th\u00edch nghi m\u1ed9t c\u00e1ch linh \u0111\u1ed9ng s\u00e1ng t\u1ea1o v\u1edbi m\u00f4i tr\u01b0\u1eddng v\u00e0 nhu c\u1ea7u x\u00e3 h\u1ed9i m\u1edbi, \u0111\u00e1p \u1ee9ng nh\u1eefng y\u00eau c\u1ea7u v\u1ec1 nh\u00e2n l\u1ef1c cho s\u1ef1 nghi\u1ec7p c\u00f4ng nghi\u1ec7p ho\u00e1, hi\u1ec7n \u0111\u1ea1i h\u00f3a \u0111\u1ea5t n\u01b0\u1edbc.<\/span><\/div>\n<div><\/div>\n<div><span style=\"font-family: arial, helvetica, sans-serif; font-size: 12pt; color: #000000;\"> \u2022 Ph\u00e1t huy quy\u1ec1n ch\u1ee7 \u0111\u1ed9ng, t\u1ef1 ch\u1ee7, \u0111\u1ea3m b\u1ea3o s\u1ef1 th\u1ed1ng nh\u1ea5t qu\u1ea3n l\u00fd nh\u00e0 n\u01b0\u1edbc v\u00e0 s\u1ef1 li\u00ean th\u00f4ng trong c\u00f4ng t\u00e1c quan h\u1ec7 qu\u1ed1c t\u1ebf gi\u1eefa c\u00e1c \u0111\u01a1n v\u1ecb trong tr\u01b0\u1eddng nh\u1eb1m ph\u00e1t huy cao nh\u1ea5t hi\u1ec7u qu\u1ea3 c\u1ee7a c\u00e1c ch\u01b0\u01a1ng tr\u00ecnh h\u1ee3p t\u00e1c qu\u1ed1c t\u1ebf.<\/span><\/div>\n<div><\/div>\n<div><span style=\"font-family: arial, helvetica, sans-serif; font-size: 12pt;\"> <strong> <span style=\"font-size: 14pt; color: #000080;\">3. M\u1ee5c ti\u00eau c\u1ee7a c\u00e1c ho\u1ea1t \u0111\u1ed9ng h\u1ee3p t\u00e1c qu\u1ed1c t\u1ebf:<\/span><\/strong><\/span><\/div>\n<div><\/div>\n<div><span style=\"font-family: arial, helvetica, sans-serif; font-size: 12pt;\"> <span style=\"color: #000000;\">Ph\u00e1t tri\u1ec3n c\u00f4ng t\u00e1c quan h\u1ec7 qu\u1ed1c t\u1ebf l\u00e0 g\u00f3p ph\u1ea7n v\u00e0o qu\u00e1 tr\u00ecnh x\u00e2y d\u1ef1ng \u0110\u1ea1i h\u1ecdc S\u00e0i G\u00f2n th\u00e0nh m\u1ed9t trung t\u00e2m \u0111\u00e0o t\u1ea1o ngu\u1ed3n nh\u00e2n l\u1ef1c c\u00f3 kh\u1ea3 n\u0103ng \u0111\u00e1p \u1ee9ng nh\u1eefng nhu c\u1ea7u m\u1edbi v\u00e0 kh\u00f4ng ng\u1eebng thay \u0111\u1ed5i c\u1ee7a x\u00e3 h\u1ed9i; m\u1ed9t trung t\u00e2m nghi\u00ean c\u1ee9u \u1ee9ng d\u1ee5ng khoa h\u1ecdc c\u00f4ng ngh\u1ec7 \u0111a ng\u00e0nh, \u0111a l\u0129nh v\u1ef1c \u0111\u1ea1t ch\u1ea5t l\u01b0\u1ee3ng v\u00e0 tr\u00ecnh \u0111\u1ed9 ti\u00ean ti\u1ebfn, c\u00f3 uy t\u00edn trong khu v\u1ef1c v\u00e0 th\u1ebf gi\u1edbi. \u0110\u1ec3 \u0111\u1ea1t \u0111\u01b0\u1ee3c m\u1ee5c ti\u00eau chung \u0111\u00f3, trong giai \u0111o\u1ea1n 2011-2015, Ph\u00f2ng H\u1ee3p t\u00e1c Qu\u1ed1c t\u1ebf s\u1ebd h\u01b0\u1edbng \u0111\u1ebfn nh\u1eefng m\u1ee5c ti\u00eau chi\u1ebfn l\u01b0\u1ee3c c\u1ee5 th\u1ec3 sau:<\/span><\/span><\/div>\n<div><\/div>\n<div><span style=\"font-family: arial, helvetica, sans-serif; font-size: 12pt; color: #000000;\"> <strong>M\u1ee5c ti\u00eau 1:<\/strong> Ho\u00e0n ch\u1ec9nh v\u00e0 n\u00e2ng cao hi\u1ec7u qu\u1ea3 c\u00f4ng t\u00e1c h\u1ee3p t\u00e1c qu\u1ed1c t\u1ebf <\/span><\/div>\n<div><\/div>\n<div><span style=\"font-family: arial, helvetica, sans-serif; font-size: 12pt; color: #000000;\"> <strong>M\u1ee5c ti\u00eau 2:<\/strong> M\u1edf r\u1ed9ng v\u00e0 t\u0103ng c\u01b0\u1eddng m\u1ed1i quan h\u1ec7 b\u1ec1n v\u1eefng v\u1edbi c\u00e1c \u0111\u1ed1i t\u00e1c qu\u1ed1c t\u1ebf, x\u00e2y d\u1ef1ng v\u00e0 ho\u00e0n thi\u1ec7n c\u00f4ng t\u00e1c qu\u1ea3n l\u00fd c\u00e1c ch\u01b0\u01a1ng tr\u00ecnh h\u1ee3p t\u00e1c trao \u0111\u1ed5i h\u1ecdc thu\u1eadt v\u00e0 ch\u01b0\u01a1ng tr\u00ecnh h\u1ee3p t\u00e1c \u0111\u00e0o t\u1ea1o qu\u1ed1c t\u1ebf, x\u00e2y d\u1ef1ng c\u00e1c d\u1ef1 \u00e1n qu\u1ed1c t\u1ebf nh\u1eb1m tranh th\u1ee7 c\u00e1c ngu\u00f4n l\u1ef1c \u0111\u1eb7c bi\u1ec7t l\u00e0 v\u1ec1 t\u00e0i ch\u00ednh t\u1eeb c\u00e1c nh\u00e0 t\u00e0i tr\u1ee3, c\u00e1c t\u1ed5 ch\u1ee9c phi ch\u00ednh ph\u1ee7 \u0111\u1ec3 ph\u1ee5c v\u1ee5 cho vi\u1ec7c \u0111\u00e0o t\u1ea1o \u0111\u1ed9i ng\u0169 c\u00e1n b\u1ed9, gi\u1ea3ng vi\u00ean v\u00e0 sinh vi\u00ean c\u0169ng nh\u01b0 cho vi\u1ec7c nghi\u00ean c\u1ee9u v\u00e0 tri\u1ec3n khai \u1ee9ng d\u1ee5ng khoa h\u1ecdc c\u00f4ng ngh\u1ec7.<\/span><\/div>\n<div><\/div>\n<div><span style=\"font-family: arial, helvetica, sans-serif; font-size: 12pt; color: #000000;\"> <strong>M\u1ee5c ti\u00eau 3: <\/strong>Ph\u00e1t tri\u1ec3n c\u00e1c ch\u01b0\u01a1ng tr\u00ecnh h\u1ee3p t\u00e1c li\u00ean k\u1ebft \u0111\u00e0o t\u1ea1o v\u1edbi c\u00e1c tr\u01b0\u1eddng, t\u1ed5 ch\u1ee9c \u0111\u00e0o t\u1ea1o qu\u1ed1c t\u1ebf c\u00f3 uy t\u00edn nh\u1eb1m ph\u1ee5c v\u1ee5 cho s\u1ef1 ph\u00e1t tri\u1ec3n c\u1ee7a \u0111\u00e0o t\u1ea1o \u0111\u1ea1o h\u1ecdc v\u00e0 sau \u0111\u1ea1i h\u1ecdc theo chu\u1ea9n qu\u1ed1c t\u1ebf.<\/span><\/div>\n<div><\/div>\n<div><span style=\"font-family: arial, helvetica, sans-serif; font-size: 12pt; color: #000000;\"> <strong>M\u1ee5c ti\u00eau 4:<\/strong> Ph\u1ed1i h\u1ee3p v\u00e0 h\u1ed7 tr\u1ee3 c\u00f4ng t\u00e1c nghi\u00ean c\u1ee9u khoa h\u1ecdc th\u00f4ng qua vi\u1ec7c m\u1edf r\u1ed9ng h\u1ee3p t\u00e1c qu\u1ed1c t\u1ebf v\u1ec1 nghi\u00ean c\u1ee9u khoa h\u1ecdc v\u00e0 \u1ee9ng d\u1ee5ng, chuy\u1ec3n giao c\u00f4ng ngh\u1ec7, \u0111\u1ed3ng th\u1eddi t\u00ecm ki\u1ebfm ngu\u1ed3n l\u1ef1c t\u00e0i ch\u00ednh cho c\u00e1c ho\u1ea1t \u0111\u1ed9ng nghi\u00ean c\u1ee9u khoa h\u1ecdc.<\/span><\/div>\n<div><\/div>\n<div><span style=\"font-family: arial, helvetica, sans-serif; font-size: 12pt;\"> <span style=\"color: #000080; font-size: 14pt;\"><strong><a style=\"color: #000080;\" href=\"http:\/\/www.sgu.edu.vn\/files\/P_HTQT\/Tin_tuc_hoat_dong.pdf\">4. <span style=\"color: #0000ff;\">Tin t\u1ee9c ho\u1ea1t \u0111\u1ed9ng<\/span><\/a><\/strong><\/span><\/span><\/div>\n<div><\/div>\n<div><span style=\"font-family: arial, helvetica, sans-serif; font-size: 12pt;\"> <span style=\"font-size: 14pt; color: #000080;\"><strong><a style=\"color: #000080;\" href=\"http:\/\/en.sgu.edu.vn\/index.php?option=com_content&amp;view=article&amp;id=3152&amp;Itemid=639\">5. <span style=\"color: #0000ff;\">Danh s\u00e1ch c\u00e1n b\u1ed9<\/span><\/a><\/strong><\/span><\/span><\/div>\n<\/div><div class=\"fusion-clearfix\"><\/div>\n\n\t\t\t\t\t<\/div>\n\t\t\t\t<\/div><\/div><\/div>\n","protected":false},"excerpt":{"rendered":"","protected":false},"author":1,"featured_media":0,"parent":0,"menu_order":0,"comment_status":"closed","ping_status":"closed","template":"side-navigation.php","meta":[],"jetpack_sharing_enabled":true,"jetpack_shortlink":"https:\/\/wp.me\/PdgjhW-35m","_links":{"self":[{"href":"https:\/\/en.sgu.edu.vn\/vi\/wp-json\/wp\/v2\/pages\/11864"}],"collection":[{"href":"https:\/\/en.sgu.edu.vn\/vi\/wp-json\/wp\/v2\/pages"}],"about":[{"href":"https:\/\/en.sgu.edu.vn\/vi\/wp-json\/wp\/v2\/types\/page"}],"author":[{"embeddable":true,"href":"https:\/\/en.sgu.edu.vn\/vi\/wp-json\/wp\/v2\/users\/1"}],"replies":[{"embeddable":true,"href":"https:\/\/en.sgu.edu.vn\/vi\/wp-json\/wp\/v2\/comments?post=11864"}],"version-history":[{"count":2,"href":"https:\/\/en.sgu.edu.vn\/vi\/wp-json\/wp\/v2\/pages\/11864\/revisions"}],"predecessor-version":[{"id":18286,"href":"https:\/\/en.sgu.edu.vn\/vi\/wp-json\/wp\/v2\/pages\/11864\/revisions\/18286"}],"wp:attachment":[{"href":"https:\/\/en.sgu.edu.vn\/vi\/wp-json\/wp\/v2\/media?parent=11864"}],"curies":[{"name":"wp","href":"https:\/\/api.w.org\/{rel}","templated":true}]}}