{"id":11868,"date":"2016-09-30T07:38:29","date_gmt":"2016-09-30T00:38:29","guid":{"rendered":"http:\/\/edupath.co\/?page_id=11868"},"modified":"2020-09-30T15:57:01","modified_gmt":"2020-09-30T08:57:01","slug":"khoa-su-pham-khoa-hoc-tu-nhien","status":"publish","type":"page","link":"https:\/\/en.sgu.edu.vn\/vi\/khoa-su-pham-khoa-hoc-tu-nhien\/","title":{"rendered":"Khoa S\u01b0 Ph\u1ea1m Khoa H\u1ecdc T\u1ef1 Nhi\u00ean"},"content":{"rendered":"<p style=\"text-align: center;\"><span style=\"font-family: 'times new roman', times, serif; font-size: 24pt; color: #000080;\"><strong>KHOA S\u01af PH\u1ea0M KHOA H\u1eccC T\u1ef0 NHI\u00caN<\/strong><\/span><\/p>\n<p style=\"padding-left: 80px;\"><span style=\"font-family: 'times new roman', times, serif; font-size: 20px;\"><span style=\"color: #000080;\"><strong>\u0110i\u1ec7n tho\u1ea1i:<\/strong><\/span> <span style=\"color: #ff0000;\">(028)38.305.571<\/span><\/span><\/p>\n<p style=\"padding-left: 80px;\"><span style=\"font-family: 'times new roman', times, serif; font-size: 20px;\"><strong><span style=\"color: #000080;\">Email:<\/span> <\/strong><span style=\"color: #0000ff;\"><u><a style=\"color: #0000ff;\" href=\"mailto:k_supham_khtn@sgu.edu.vn\">k_supham_khtn@sgu.edu.vn<\/a><\/u><\/span><\/span><\/p>\n<p style=\"padding-left: 80px;\"><span style=\"font-family: 'times new roman', times, serif; font-size: 20px;\"><strong><span style=\"color: #000000;\">\u0110\u1ecba ch\u1ec9:<\/span> <\/strong>Ph\u00f2ng HB.203<strong>, <\/strong>273 An D\u01b0\u01a1ng V\u01b0\u01a1ng, Ph\u01b0\u1eddng 3, Qu\u1eadn 5, TP. H\u1ed3 Ch\u00ed Minh.<\/span><\/p>\n<p><span style=\"font-family: 'times new roman', times, serif; font-size: 24px; color: #000080;\"><strong>I. S\u01a1 l\u01b0\u1ee3c v\u1ec1 qu\u00e1 tr\u00ecnh h\u00ecnh th\u00e0nh v\u00e0 ph\u00e1t tri\u1ec3n<\/strong><\/span><\/p>\n<p style=\"text-align: justify;\"><span style=\"font-family: 'times new roman', times, serif; font-size: 20px; color: #000000;\">\u0110\u1ec3 \u0111\u00e1p \u1ee9ng y\u00eau c\u1ea7u ph\u00e1t tri\u1ec3n c\u1ee7a Nh\u00e0 tr\u01b0\u1eddng trong giai \u0111o\u1ea1n m\u1edbi, Khoa S\u01b0 ph\u1ea1m Khoa h\u1ecdc T\u1ef1 nhi\u00ean \u0111\u01b0\u1ee3c th\u00e0nh l\u1eadp t\u1eeb ng\u00e0y 01\/8\/2007, theo Quy\u1ebft \u0111\u1ecbnh s\u1ed1 180\/\u0110HSG-TC c\u1ee7a Hi\u1ec7u tr\u01b0\u1edfng tr\u01b0\u1eddng \u0110\u1ea1i h\u1ecdc S\u00e0i G\u00f2n k\u00fd ng\u00e0y 26\/7\/2007 v\u1edbi nhi\u1ec7m v\u1ee5 tham m\u01b0u v\u00e0 gi\u00fap Hi\u1ec7u tr\u01b0\u1edfng trong vi\u1ec7c qu\u1ea3n l\u00fd, t\u1ed5ng h\u1ee3p, \u0111\u1ec1 xu\u1ea5t \u00fd ki\u1ebfn, t\u1ed5 ch\u1ee9c th\u1ef1c hi\u1ec7n c\u00e1c c\u00f4ng vi\u1ec7c thu\u1ed9c l\u0129nh v\u1ef1c \u0111\u00e0o t\u1ea1o gi\u00e1o vi\u00ean c\u00e1c ng\u00e0nh S\u01b0 ph\u1ea1m To\u00e1n h\u1ecdc, S\u01b0 ph\u1ea1m V\u1eadt l\u00fd, S\u01b0 ph\u1ea1m H\u00f3a h\u1ecdc, S\u01b0 ph\u1ea1m Sinh h\u1ecdc; Qu\u1ea3n l\u00fd nh\u00e2n s\u1ef1 v\u00e0 c\u00e1c \u0111i\u1ec1u ki\u1ec7n \u0111\u1ed3ng b\u1ed9 theo qui \u0111\u1ecbnh. Sau n\u00e0y, ng\u00e0nh S\u01b0 ph\u1ea1m To\u00e1n h\u1ecdc t\u00e1ch th\u00e0nh khoa To\u00e1n &#8211; \u1ee8ng d\u1ee5ng, khoa S\u01b0 ph\u1ea1m Khoa h\u1ecdc T\u1ef1 nhi\u00ean c\u00f2n 03 ng\u00e0nh: S\u01b0 ph\u1ea1m V\u1eadt l\u00fd, S\u01b0 ph\u1ea1m H\u00f3a h\u1ecdc, S\u01b0 ph\u1ea1m Sinh h\u1ecdc. N\u0103m h\u1ecdc 2019 &#8211; 2020, Khoa \u0111\u01b0\u1ee3c \u0111\u00e0o t\u1ea1o th\u00eam 01 ng\u00e0nh: S\u01b0 ph\u1ea1m Khoa h\u1ecdc T\u1ef1 nhi\u00ean.<\/span><\/p>\n<p style=\"text-align: justify;\"><span style=\"font-family: 'times new roman', times, serif; font-size: 20px; color: #000000;\">Khoa ph\u1ee5 tr\u00e1ch \u0111\u00e0o t\u1ea1o h\u1ec7 \u0111\u1ea1i h\u1ecdc ch\u00ednh quy Gi\u00e1o vi\u00ean Trung h\u1ecdc Ph\u1ed5 th\u00f4ng v\u00e0 Gi\u00e1o vi\u00ean Trung h\u1ecdc C\u01a1 s\u1edf theo ba chuy\u00ean ng\u00e0nh S\u01b0 ph\u1ea1m V\u1eadt l\u00fd, S\u01b0 ph\u1ea1m H\u00f3a h\u1ecdc, S\u01b0 ph\u1ea1m Sinh h\u1ecdc v\u00e0 S\u01b0 ph\u1ea1m Khoa h\u1ecdc T\u1ef1 nhi\u00ean; h\u1ec7 li\u00ean th\u00f4ng h\u1ec7 cao \u0111\u1eb3ng l\u00ean \u0111\u1ea1i h\u1ecdc ng\u00e0nh S\u01b0 ph\u1ea1m V\u1eadt l\u00fd, S\u01b0 ph\u1ea1m H\u00f3a h\u1ecdc v\u00e0 S\u01b0 ph\u1ea1m Sinh h\u1ecdc.<\/span><\/p>\n<p><span style=\"font-family: 'times new roman', times, serif; font-size: 24px; color: #000080;\"><strong>II. T\u00ecnh h\u00ecnh \u0111\u1ed9i ng\u0169, c\u01a1 c\u1ea5u t\u1ed5 ch\u1ee9c<\/strong><\/span><\/p>\n<p><span style=\"font-family: 'times new roman', times, serif; font-size: 20px; color: #000000;\">Khoa S\u01b0 ph\u1ea1m Khoa h\u1ecdc T\u1ef1 nhi\u00ean c\u00f3 34 Gi\u1ea3ng vi\u00ean &#8211; Chuy\u00ean vi\u00ean v\u1edbi:<\/span><\/p>\n<table class=\"aligncenter\" style=\"width: 606px;\" border=\"1px\">\n<tbody>\n<tr>\n<td style=\"text-align: center;\" width=\"303\"><span style=\"color: #000000;\"><span style=\"font-size: 20px; font-family: 'times new roman', times, serif;\"><span style=\"background-color: #ffffff;\">H\u1eccC<\/span><\/span><span style=\"font-size: 20px; font-family: 'times new roman', times, serif;\"><span style=\"background-color: #ffffff;\"> H\u00c0M, H\u1eccC V\u1eca<\/span><\/span><\/span><\/td>\n<td style=\"text-align: center;\" width=\"303\"><span style=\"font-size: 20px; font-family: 'times new roman', times, serif; color: #000000;\"><span style=\"background-color: #ffffff;\">S\u1ed0 L\u01af\u1ee2NG<\/span><\/span><\/td>\n<\/tr>\n<tr>\n<td style=\"width: 303px;\"><span style=\"font-family: 'times new roman', times, serif; font-size: 20px; color: #000000;\">Ph\u00f3 Gi\u00e1o s\u01b0-Ti\u1ebfn s\u0129<\/span><\/td>\n<td style=\"width: 303px;\"><span style=\"font-family: 'times new roman', times, serif; font-size: 20px; color: #000000;\">04<\/span><\/td>\n<\/tr>\n<tr>\n<td style=\"width: 303px;\"><span style=\"font-family: 'times new roman', times, serif; font-size: 20px; color: #000000;\">Ti\u1ebfn s\u0129<\/span><\/td>\n<td style=\"width: 303px;\"><span style=\"font-family: 'times new roman', times, serif; font-size: 20px; color: #000000;\">17<\/span><\/td>\n<\/tr>\n<tr>\n<td style=\"width: 303px;\"><span style=\"font-family: 'times new roman', times, serif; font-size: 20px; color: #000000;\">Nghi\u00ean c\u1ee9u sinh<\/span><\/td>\n<td style=\"width: 303px;\"><span style=\"font-family: 'times new roman', times, serif; font-size: 20px; color: #000000;\">02<\/span><\/td>\n<\/tr>\n<tr>\n<td style=\"width: 303px;\"><span style=\"font-family: 'times new roman', times, serif; font-size: 20px; color: #000000;\">Th\u1ea1c s\u0129<\/span><\/td>\n<td style=\"width: 303px;\"><span style=\"font-family: 'times new roman', times, serif; font-size: 20px; color: #000000;\">11<\/span><\/td>\n<\/tr>\n<\/tbody>\n<\/table>\n<p>&nbsp;<\/p>\n<p><span style=\"color: #000000; font-family: 'times new roman', times, serif; font-size: 20px;\"><strong>1. Ban ch\u1ee7 nhi\u1ec7m khoa<\/strong><\/span><\/p>\n<table class=\" aligncenter\" border=\"1px\" width=\"400\">\n<tbody>\n<tr>\n<td style=\"background-color: #183f7a; width: 409px; text-align: center;\" width=\"409\"><span style=\"color: #ffffff; font-family: 'times new roman', times, serif; font-size: 20px;\"><strong>TR\u01af\u1edeNG KHOA<\/strong><\/span><\/td>\n<\/tr>\n<tr>\n<td style=\"text-align: center;\" width=\"409\"><span style=\"color: #ff0000; font-family: 'times new roman', times, serif; font-size: 20px;\"><strong>NGUY\u1ec4N THANH TU\u1ea4N<\/strong><\/span><\/p>\n<p><span style=\"font-family: 'times new roman', times, serif; font-size: 24px;\"><img decoding=\"async\" loading=\"lazy\" class=\"alignnone wp-image-20378 size-medium\" src=\"http:\/\/en.sgu.edu.vn\/wp-content\/uploads\/2020\/01\/khtn_122019-225x300.jpg\" alt=\"\" width=\"225\" height=\"300\" srcset=\"https:\/\/en.sgu.edu.vn\/wp-content\/uploads\/2020\/01\/khtn_122019-200x267.jpg 200w, https:\/\/en.sgu.edu.vn\/wp-content\/uploads\/2020\/01\/khtn_122019-225x300.jpg 225w, https:\/\/en.sgu.edu.vn\/wp-content\/uploads\/2020\/01\/khtn_122019.jpg 354w\" sizes=\"(max-width: 225px) 100vw, 225px\" \/><\/span><\/p>\n<p><span style=\"font-family: 'times new roman', times, serif; font-size: 24px; color: #000000;\"><strong><span style=\"font-size: 20px;\">Ti\u1ebfn s\u0129<\/span><br \/>\n<\/strong><span style=\"font-size: 20px;\">Chuy\u00ean ng\u00e0nh: \u0110\u1ed9ng v\u1eadt h\u1ecdc<\/span><\/span><\/td>\n<\/tr>\n<\/tbody>\n<\/table>\n<p>&nbsp;<\/p>\n<table class=\"aligncenter\" style=\"width: 818px;\" border=\"1px\">\n<tbody>\n<tr>\n<td style=\"background-color: #183f7a; width: 409px; text-align: center;\" width=\"409\"><span style=\"color: #ffffff; font-family: 'times new roman', times, serif; font-size: 20px;\"><strong>PH\u00d3 TR\u01af\u1edeNG KHOA<\/strong><\/span><\/td>\n<td style=\"background-color: #183f7a; width: 409px; text-align: center;\" width=\"409\"><span style=\"color: #ffffff; font-family: 'times new roman', times, serif; font-size: 20px;\"><strong> PH\u00d3 TR\u01af\u1edeNG KHOA<\/strong><\/span><\/td>\n<\/tr>\n<tr>\n<td style=\"text-align: center; vertical-align: middle;\"><span style=\"color: #ff0000; font-family: 'times new roman', times, serif; font-size: 20px;\"><strong>\u0110\u1eb6NG XU\u00c2N D\u1ef0<\/strong><\/span><\/p>\n<p><span style=\"font-family: 'times new roman', times, serif; font-size: 20px;\"><img decoding=\"async\" loading=\"lazy\" class=\"alignnone wp-image-20378 size-medium\" src=\"http:\/\/en.sgu.edu.vn\/wp-content\/uploads\/2020\/09\/KHTN_03.jpg\" alt=\"\" width=\"225\" height=\"300\" \/><\/span><\/p>\n<p><span style=\"font-family: 'times new roman', times, serif; font-size: 20px; color: #000000;\"><strong>Ti\u1ebfn s\u0129<br \/>\n<\/strong>Chuy\u00ean ng\u00e0nh: H\u00f3a l\u00fd thuy\u1ebft v\u00e0 H\u00f3a l\u00fd<\/span><\/td>\n<td style=\"text-align: center;\"><span style=\"color: #ff0000; font-family: 'times new roman', times, serif; font-size: 20px;\"><strong>PH\u1ea0M TH\u1eca TH\u1ee6Y<\/strong><\/span><\/p>\n<p><span style=\"font-family: 'times new roman', times, serif; font-size: 20px;\"><img decoding=\"async\" loading=\"lazy\" class=\"alignnone wp-image-20378 size-medium\" src=\"http:\/\/en.sgu.edu.vn\/wp-content\/uploads\/2020\/09\/KHTN_02.jpg\" alt=\"\" width=\"225\" height=\"300\" \/><\/span><\/p>\n<p><span style=\"font-family: 'times new roman', times, serif; font-size: 20px; color: #000000;\"><strong>Ti\u1ebfn s\u0129<br \/>\n<\/strong>Chuy\u00ean ng\u00e0nh: Khoa h\u1ecdc v\u1eadt li\u1ec7u<\/span><\/td>\n<\/tr>\n<\/tbody>\n<\/table>\n<p><span style=\"font-family: 'times new roman', times, serif; font-size: 20px; color: #000000;\"><strong>2. Tr\u01b0\u1edfng, ph\u00f3 c\u00e1c b\u1ed9 m\u00f4n<\/strong><\/span><\/p>\n<table class=\"aligncenter\" style=\"border-color: #000000; width: 650px;\" border=\"1\" width=\"660\">\n<tbody>\n<tr>\n<td style=\"background-color: #2155d9; text-align: center; width: 189px;\"><span style=\"font-family: 'times new roman', times, serif; font-size: 14pt; color: #ffffff;\"><strong>H\u1ecd v\u00e0 t\u00ean<\/strong><\/span><\/td>\n<td style=\"background-color: #2155d9; text-align: center; width: 199px;\"><span style=\"font-family: 'times new roman', times, serif; font-size: 14pt; color: #ffffff;\"><strong>H\u1ecdc h\u00e0m, h\u1ecdc v\u1ecb<\/strong><\/span><\/td>\n<td style=\"background-color: #2155d9; text-align: center; width: 262px;\"><span style=\"font-family: 'times new roman', times, serif; font-size: 14pt; color: #ffffff;\"><strong>Ch\u1ee9c v\u1ee5<\/strong><\/span><\/td>\n<\/tr>\n<tr>\n<td style=\"width: 189px;\"><span style=\"font-family: 'times new roman', times, serif; font-size: 20px; color: #000000;\">Ph\u1ea1m Th\u1ecb Th\u1ee7y<\/span><\/td>\n<td style=\"width: 199px;\"><span style=\"font-family: 'times new roman', times, serif; font-size: 20px; color: #000000;\">Ti\u1ebfn s\u0129<\/span><\/td>\n<td style=\"width: 262px;\"><span style=\"font-family: 'times new roman', times, serif; font-size: 20px; color: #000000;\">Tr\u01b0\u1edfng b\u1ed9 m\u00f4n V\u1eadt l\u00fd<\/span><\/td>\n<\/tr>\n<tr>\n<td style=\"width: 189px;\" width=\"189\"><span style=\"font-family: 'times new roman', times, serif; color: #000000; font-size: 20px;\">Nguy\u1ec5n H\u1eefu Th\u1ecd<\/span><\/td>\n<td style=\"width: 199px;\" width=\"198\"><span style=\"font-family: 'times new roman', times, serif; color: #000000; font-size: 20px;\">Ti\u1ebfn s\u0129, Gi\u1ea3ng vi\u00ean ch\u00ednh<\/span><\/td>\n<td style=\"width: 262px;\" width=\"262\"><span style=\"font-family: 'times new roman', times, serif; color: #000000; font-size: 20px;\">Tr\u01b0\u1edfng b\u1ed9 m\u00f4n H\u00f3a C\u01a1 b\u1ea3n<\/span><\/td>\n<\/tr>\n<tr>\n<td style=\"width: 189px;\" width=\"189\"><span style=\"font-family: 'times new roman', times, serif; color: #000000; font-size: 20px;\">Nguy\u1ec5n Th\u1ecb Lan H\u01b0\u01a1ng<\/span><\/td>\n<td style=\"width: 199px;\" width=\"198\"><span style=\"font-family: 'times new roman', times, serif; color: #000000; font-size: 20px;\">Ti\u1ebfn s\u0129<\/span><\/td>\n<td style=\"width: 262px;\" width=\"262\"><span style=\"font-family: 'times new roman', times, serif; color: #000000; font-size: 20px;\">Tr\u01b0\u1edfng b\u1ed9 m\u00f4n H\u00f3a N\u00e2ng cao<\/span><\/td>\n<\/tr>\n<tr>\n<td style=\"width: 189px;\" width=\"189\"><span style=\"font-family: 'times new roman', times, serif; color: #000000; font-size: 20px;\">Nguy\u1ec5n H\u1eefu Duy Khang<\/span><\/td>\n<td style=\"width: 199px;\" width=\"198\"><span style=\"font-family: 'times new roman', times, serif; color: #000000; font-size: 20px;\">Ti\u1ebfn s\u0129<\/span><\/td>\n<td style=\"width: 262px;\" width=\"262\"><span style=\"font-family: 'times new roman', times, serif; color: #000000; font-size: 20px;\">Ph\u00f3 Tr\u01b0\u1edfng b\u1ed9 m\u00f4n H\u00f3a N\u00e2ng cao<\/span><\/td>\n<\/tr>\n<tr>\n<td style=\"width: 189px;\" width=\"189\"><span style=\"font-family: 'times new roman', times, serif; color: #000000; font-size: 20px;\">Th\u00e1i K\u1ebf Qu\u00e2n<\/span><\/td>\n<td style=\"width: 199px;\" width=\"198\"><span style=\"font-family: 'times new roman', times, serif; color: #000000; font-size: 20px;\">Ti\u1ebfn s\u0129<\/span><\/td>\n<td style=\"width: 262px;\" width=\"262\"><span style=\"font-family: 'times new roman', times, serif; color: #000000; font-size: 20px;\">Tr\u01b0\u1edfng b\u1ed9 m\u00f4n Sinh h\u1ecdc<\/span><\/td>\n<\/tr>\n<tr>\n<td style=\"width: 189px;\" width=\"189\"><span style=\"font-family: 'times new roman', times, serif; color: #000000; font-size: 20px;\">Nguy\u1ec5n \u0110\u1ee9c H\u01b0ng<\/span><\/td>\n<td style=\"width: 199px;\" width=\"198\"><span style=\"font-family: 'times new roman', times, serif; color: #000000; font-size: 20px;\">Ti\u1ebfn s\u0129<\/span><\/td>\n<td style=\"width: 262px;\" width=\"262\"><span style=\"font-family: 'times new roman', times, serif; color: #000000; font-size: 20px;\">Ph\u00f3 Tr\u01b0\u1edfng b\u1ed9 m\u00f4n Sinh h\u1ecdc<\/span><\/td>\n<\/tr>\n<tr>\n<td style=\"width: 189px;\" width=\"189\"><span style=\"font-family: 'times new roman', times, serif; color: #000000; font-size: 20px;\">\u0110\u1eb7ng Th\u1ecb Ng\u1ecdc Thanh<\/span><\/td>\n<td style=\"width: 199px;\" width=\"198\"><span style=\"font-family: 'times new roman', times, serif; color: #000000; font-size: 20px;\">Ti\u1ebfn s\u0129<\/span><\/td>\n<td style=\"width: 262px;\" width=\"262\"><span style=\"font-family: 'times new roman', times, serif; color: #000000; font-size: 20px;\">Tr\u01b0\u1edfng b\u1ed9 m\u00f4n Khoa h\u1ecdc T\u1ef1 nhi\u00ean<\/span><\/td>\n<\/tr>\n<\/tbody>\n<\/table>\n<p style=\"text-align: justify;\"><span style=\"font-size: 20px; color: #000000; font-family: 'times new roman', times, serif;\">Khoa c\u00f3 01 Ph\u00f2ng b\u1ed9 m\u00f4n v\u00e0 04 Ph\u00f2ng th\u00ed nghi\u1ec7m V\u1eadt l\u00fd. Trang thi\u1ebft b\u1ecb ph\u00f2ng th\u00ed nghi\u1ec7m t\u1eebng b\u01b0\u1edbc \u0111\u01b0\u1ee3c n\u00e2ng c\u1ea5p ho\u00e0n thi\u1ec7n h\u01a1n. Ch\u00fa tr\u1ecdng h\u01b0\u1edbng ph\u1ee5c v\u1ee5 cho gi\u1ea3ng vi\u00ean v\u1ec1 nghi\u00ean c\u1ee9u khoa h\u1ecdc, cho sinh vi\u00ean v\u1ec1 th\u1ef1c h\u00e0nh v\u00e0 nghi\u00ean c\u1ee9u khoa h\u1ecdc.<\/span><\/p>\n<p><span style=\"font-family: 'times new roman', times, serif; font-size: 20px; color: #000080;\"><strong>III. Ch\u1ee9c n\u0103ng, nhi\u1ec7m v\u1ee5<\/strong><\/span><\/p>\n<p style=\"text-align: justify;\"><span style=\"font-family: 'times new roman', times, serif; color: #000000; font-size: 20px;\">Khoa S\u01b0 ph\u1ea1m Khoa h\u1ecdc T\u1ef1 nhi\u00ean l\u00e0 \u0111\u01a1n v\u1ecb chuy\u00ean m\u00f4n thu\u1ed9c Tr\u01b0\u1eddng \u0110\u1ea1i h\u1ecdc S\u00e0i G\u00f2n, c\u00f3 ch\u1ee9c n\u0103ng v\u00e0 nhi\u1ec7m v\u1ee5 sau \u0111\u00e2y:<\/span><br \/>\n<span style=\"font-family: 'times new roman', times, serif; color: #000000; font-size: 20px;\">&#8211; Qu\u1ea3n l\u00ed h\u00e0nh ch\u00ednh c\u1ea5p c\u01a1 s\u1edf theo quy \u0111\u1ecbnh c\u1ee7a \u0110i\u1ec1u l\u1ec7 tr\u01b0\u1eddng \u0111\u1ea1i h\u1ecdc v\u00e0 ph\u00e2n c\u1ea5p qu\u1ea3n l\u00ed c\u1ee7a Hi\u1ec7u tr\u01b0\u1edfng.<\/span><br \/>\n<span style=\"font-family: 'times new roman', times, serif; color: #000000; font-size: 20px;\">&#8211; Qu\u1ea3n l\u00ed c\u01a1 s\u1edf v\u1eadt ch\u1ea5t, trang thi\u1ebft b\u1ecb ph\u1ee5c v\u1ee5 \u0111\u00e0o t\u1ea1o theo th\u1ea9m quy\u1ec1n \u0111\u01b0\u1ee3c Hi\u1ec7u tr\u01b0\u1edfng giao.<\/span><br \/>\n<span style=\"font-family: 'times new roman', times, serif; color: #000000; font-size: 20px;\">&#8211; Qu\u1ea3n l\u00fd c\u00e1n b\u1ed9, gi\u1ea3ng vi\u00ean v\u00e0 sinh vi\u00ean c\u1ee7a khoa theo ph\u00e2n c\u1ea5p c\u1ee7a Hi\u1ec7u tr\u01b0\u1edfng.<\/span><br \/>\n<span style=\"font-family: 'times new roman', times, serif; color: #000000; font-size: 20px;\">&#8211; T\u1ed5 ch\u1ee9c qu\u1ea3n l\u00fd v\u00e0 th\u1ef1c hi\u1ec7n ch\u01b0\u01a1ng tr\u00ecnh \u0111\u00e0o t\u1ea1o:<\/span><br \/>\n<span style=\"font-family: 'times new roman', times, serif; color: #000000; font-size: 20px;\">+ Gi\u00e1o vi\u00ean Trung h\u1ecdc C\u01a1 s\u1edf tr\u00ecnh \u0111\u1ed9 \u0110\u1ea1i h\u1ecdc ng\u00e0nh V\u1eadt l\u00fd, H\u00f3a h\u1ecdc, Sinh h\u1ecdc, S\u01b0 ph\u1ea1m Khoa h\u1ecdc T\u1ef1 nhi\u00ean.<\/span><br \/>\n<span style=\"font-family: 'times new roman', times, serif; color: #000000; font-size: 20px;\">+ Gi\u00e1o vi\u00ean Trung h\u1ecdc Ph\u1ed5 th\u00f4ng tr\u00ecnh \u0111\u1ed9 \u0110\u1ea1i h\u1ecdc ng\u00e0nh V\u1eadt l\u00fd, H\u00f3a h\u1ecdc, Sinh h\u1ecdc.<\/span><br \/>\n<span style=\"font-family: 'times new roman', times, serif; color: #000000; font-size: 20px;\">+ Gi\u00e1o vi\u00ean h\u1ec7 li\u00ean th\u00f4ng tr\u00ecnh \u0111\u1ed9 \u0110\u1ea1i h\u1ecdc ng\u00e0nh V\u1eadt l\u00fd, H\u00f3a h\u1ecdc, Sinh h\u1ecdc.<\/span><br \/>\n<span style=\"font-family: 'times new roman', times, serif; color: #000000; font-size: 20px;\">+ Tham gia \u0111\u00e0o t\u1ea1o cao h\u1ecdc chuy\u00ean ng\u00e0nh H\u00f3a H\u1eefu c\u01a1, H\u00f3a l\u00fd thuy\u1ebft v\u00e0 H\u00f3a l\u00fd.<\/span><br \/>\n<span style=\"font-family: 'times new roman', times, serif; color: #000000; font-size: 20px;\">&#8211; T\u1ed5 ch\u1ee9c ph\u00e1t tri\u1ec3n ch\u01b0\u01a1ng tr\u00ecnh \u0111\u00e0o t\u1ea1o, x\u00e2y d\u1ef1ng c\u00e1c \u0111\u1ec1 \u00e1n, bi\u00ean so\u1ea1n t\u00e0i li\u1ec7u, gi\u00e1o tr\u00ecnh theo \u0111\u1ecbnh h\u01b0\u1edbng ph\u00e1t tri\u1ec3n c\u1ee7a nh\u00e0 tr\u01b0\u1eddng; t\u1ed5 ch\u1ee9c nghi\u00ean c\u1ee9u c\u1ea3i ti\u1ebfn ph\u01b0\u01a1ng ph\u00e1p gi\u1ea3ng d\u1ea1y, h\u1ecdc t\u1eadp; x\u00e2y d\u1ef1ng v\u00e0 th\u1ef1c hi\u1ec7n ph\u01b0\u01a1ng ph\u00e1p ki\u1ec3m tra, \u0111\u00e1nh gi\u00e1 k\u1ebft qu\u1ea3 h\u1ecdc t\u1eadp, r\u00e8n luy\u1ec7n c\u1ee7a sinh vi\u00ean, b\u1ea3o \u0111\u1ea3m chu\u1ea9n \u0111\u1ea7u ra c\u1ee7a sinh vi\u00ean theo cam k\u1ebft \u0111\u00e3 c\u00f4ng b\u1ed1, \u0111\u00e1p \u1ee9ng nhu c\u1ea7u s\u1eed d\u1ee5ng c\u1ee7a th\u1ecb tr\u01b0\u1eddng lao \u0111\u1ed9ng. Vi\u1ec7c ph\u00e1t tri\u1ec3n ch\u01b0\u01a1ng tr\u00ecnh \u0111\u00e0o t\u1ea1o, gi\u00e1o tr\u00ecnh, t\u00e0i li\u1ec7u gi\u1ea3ng d\u1ea1y th\u1ef1c hi\u1ec7n theo quy \u0111\u1ecbnh c\u1ee7a B\u1ed9 Gi\u00e1o d\u1ee5c v\u00e0 \u0110\u00e0o t\u1ea1o;<\/span><br \/>\n<span style=\"font-family: 'times new roman', times, serif; color: #000000; font-size: 20px;\">&#8211; L\u1eadp k\u1ebf ho\u1ea1ch v\u00e0 t\u1ed5 ch\u1ee9c th\u1ef1c hi\u1ec7n c\u00e1c ho\u1ea1t \u0111\u1ed9ng khoa h\u1ecdc v\u00e0 c\u00f4ng ngh\u1ec7, nghi\u00ean c\u1ee9u khoa h\u1ecdc.<\/span><br \/>\n<span style=\"font-family: 'times new roman', times, serif; color: #000000; font-size: 20px;\">&#8211; X\u00e2y d\u1ef1ng k\u1ebf ho\u1ea1ch ph\u00e1t tri\u1ec3n \u0111\u1ed9i ng\u0169 c\u00e1n b\u1ed9,gi\u1ea3ng vi\u00ean, ng\u00e0nh ngh\u1ec1 \u0111\u00e0o t\u1ea1o v\u00e0 c\u01a1 s\u1edf v\u1eadt ch\u1ea5t ph\u1ee5c v\u1ee5 cho \u0111\u00e0o t\u1ea1o v\u00e0 nghi\u00ean c\u1ee9u khoa h\u1ecdc, t\u0103ng c\u01b0\u1eddng \u0111i\u1ec1u ki\u1ec7n b\u1ea3o \u0111\u1ea3m ch\u1ea5t l\u01b0\u1ee3ng \u0111\u00e0o t\u1ea1o;<\/span><br \/>\n<span style=\"font-family: 'times new roman', times, serif; color: #000000; font-size: 20px;\">&#8211; X\u00e2y d\u1ef1ng k\u1ebf ho\u1ea1ch v\u00e0 t\u1ed5 ch\u1ee9c th\u1ef1c hi\u1ec7n c\u00f4ng t\u00e1c gi\u00e1o d\u1ee5c ch\u00ednh tr\u1ecb, t\u01b0 t\u01b0\u1edfng, \u0111\u1ea1o \u0111\u1ee9c, l\u1ed1i s\u1ed1ng cho c\u00e1n b\u1ed9, gi\u1ea3ng vi\u00ean, sinh vi\u00ean; c\u00f3 k\u1ebf ho\u1ea1ch \u0111\u00e0o t\u1ea1o, b\u1ed3i d\u01b0\u1ee1ng n\u00e2ng cao tr\u00ecnh \u0111\u1ed9 chuy\u00ean m\u00f4n, nghi\u1ec7p v\u1ee5 cho c\u00e1n b\u1ed9, gi\u1ea3ng vi\u00ean khoa;<\/span><br \/>\n<span style=\"font-family: 'times new roman', times, serif; color: #000000; font-size: 20px;\">&#8211; Ngo\u00e0i ra, Khoa c\u00f2n c\u00f3 nhi\u1ec7m v\u1ee5 ph\u1ed1i h\u1ee3p v\u1edbi c\u00e1c \u0111\u01a1n v\u1ecb trong Tr\u01b0\u1eddng \u0111\u1ec3 th\u1ef1c hi\u1ec7n c\u00e1c nhi\u1ec7m v\u1ee5 kh\u00e1c do Nh\u00e0 tr\u01b0\u1eddng ph\u00e2n c\u00f4ng.<\/span><\/p>\n","protected":false},"excerpt":{"rendered":"<p>KHOA S\u01af PH\u1ea0M KHOA H\u1eccC T\u1ef0 NHI\u00caN \u0110i\u1ec7n tho\u1ea1i: (028)38.305.571 Email: k_supham_khtn@sgu.edu.vn \u0110\u1ecba ch\u1ec9: Ph\u00f2ng HB.203, 273 An D\u01b0\u01a1ng V\u01b0\u01a1ng, Ph\u01b0\u1eddng 3, Qu\u1eadn 5, TP. H\u1ed3 Ch\u00ed Minh. I. S\u01a1 l\u01b0\u1ee3c v\u1ec1 qu\u00e1 tr\u00ecnh h\u00ecnh th\u00e0nh v\u00e0 ph\u00e1t tri\u1ec3n \u0110\u1ec3 \u0111\u00e1p \u1ee9ng y\u00eau c\u1ea7u ph\u00e1t tri\u1ec3n c\u1ee7a Nh\u00e0 tr\u01b0\u1eddng trong giai \u0111o\u1ea1n m\u1edbi, Khoa S\u01b0 ph\u1ea1m [&hellip;]<\/p>\n","protected":false},"author":1,"featured_media":0,"parent":0,"menu_order":0,"comment_status":"closed","ping_status":"closed","template":"","meta":[],"jetpack_sharing_enabled":true,"jetpack_shortlink":"https:\/\/wp.me\/PdgjhW-35q","_links":{"self":[{"href":"https:\/\/en.sgu.edu.vn\/vi\/wp-json\/wp\/v2\/pages\/11868"}],"collection":[{"href":"https:\/\/en.sgu.edu.vn\/vi\/wp-json\/wp\/v2\/pages"}],"about":[{"href":"https:\/\/en.sgu.edu.vn\/vi\/wp-json\/wp\/v2\/types\/page"}],"author":[{"embeddable":true,"href":"https:\/\/en.sgu.edu.vn\/vi\/wp-json\/wp\/v2\/users\/1"}],"replies":[{"embeddable":true,"href":"https:\/\/en.sgu.edu.vn\/vi\/wp-json\/wp\/v2\/comments?post=11868"}],"version-history":[{"count":20,"href":"https:\/\/en.sgu.edu.vn\/vi\/wp-json\/wp\/v2\/pages\/11868\/revisions"}],"predecessor-version":[{"id":21488,"href":"https:\/\/en.sgu.edu.vn\/vi\/wp-json\/wp\/v2\/pages\/11868\/revisions\/21488"}],"wp:attachment":[{"href":"https:\/\/en.sgu.edu.vn\/vi\/wp-json\/wp\/v2\/media?parent=11868"}],"curies":[{"name":"wp","href":"https:\/\/api.w.org\/{rel}","templated":true}]}}