{"id":11872,"date":"2016-09-30T07:39:10","date_gmt":"2016-09-30T00:39:10","guid":{"rendered":"http:\/\/edupath.co\/?page_id=11872"},"modified":"2016-12-23T17:20:26","modified_gmt":"2016-12-23T10:20:26","slug":"khoa-giao-duc-mam-non","status":"publish","type":"page","link":"https:\/\/en.sgu.edu.vn\/vi\/khoa-giao-duc-mam-non\/","title":{"rendered":"Khoa Gi\u00e1o D\u1ee5c M\u1ea7m Non"},"content":{"rendered":"<div class=\"fusion-fullwidth fullwidth-box nonhundred-percent-fullwidth non-hundred-percent-height-scrolling\"  style='background-color: #ffffff;background-position: left top;background-repeat: no-repeat;padding-top:20px;padding-right:0px;padding-bottom:20px;padding-left:0px;border-top-width:0px;border-bottom-width:0px;border-color:#eae9e9;border-top-style:solid;border-bottom-style:solid;'><div class=\"fusion-builder-row fusion-row \"><div  class=\"fusion-layout-column fusion_builder_column fusion_builder_column_1_1  fusion-one-full fusion-column-first fusion-column-last 1_1\"  style='margin-top:0px;margin-bottom:20px;'>\n\t\t\t\t\t<div class=\"fusion-column-wrapper\" style=\"background-position:left top;background-repeat:no-repeat;-webkit-background-size:cover;-moz-background-size:cover;-o-background-size:cover;background-size:cover;\"  data-bg-url=\"\">\n\t\t\t\t\t\t<div class=\"imageframe-align-center\"><span class=\"fusion-imageframe imageframe-none imageframe-1 hover-type-none\"><img decoding=\"async\" loading=\"lazy\" src=\"http:\/\/en.sgu.edu.vn\/wp-content\/uploads\/2016\/09\/image_page.jpg\" width=\"1280\" height=\"485\" alt=\"\" title=\"image_page\" class=\"img-responsive wp-image-14030\" srcset=\"https:\/\/en.sgu.edu.vn\/wp-content\/uploads\/2016\/09\/image_page-200x76.jpg 200w, https:\/\/en.sgu.edu.vn\/wp-content\/uploads\/2016\/09\/image_page-400x152.jpg 400w, https:\/\/en.sgu.edu.vn\/wp-content\/uploads\/2016\/09\/image_page-600x227.jpg 600w, https:\/\/en.sgu.edu.vn\/wp-content\/uploads\/2016\/09\/image_page-800x303.jpg 800w, https:\/\/en.sgu.edu.vn\/wp-content\/uploads\/2016\/09\/image_page-1200x455.jpg 1200w, https:\/\/en.sgu.edu.vn\/wp-content\/uploads\/2016\/09\/image_page.jpg 1280w\" sizes=\"(max-width: 800px) 100vw, 1200px\" \/><\/span><\/div><div class=\"fusion-sep-clear\"><\/div><div class=\"fusion-separator fusion-full-width-sep sep-none\" style=\"margin-left: auto;margin-right: auto;margin-top:10px;margin-bottom:10px;\"><\/div><div class=\"fusion-title title fusion-title-size-two blue-text\" style=\"margin-top:0px;margin-bottom:30px;\"><h2 class=\"title-heading-left\"><a href=\"http:\/\/en.sgu.edu.vn\/khoa-giao-duc-mam-non\/\"><span style=\"font-family: arial, helvetica, sans-serif;\">Gi\u1edbi thi\u1ec7u<\/span><\/a><\/h2><div class=\"title-sep-container\"><div class=\"title-sep sep-double\" style=\"border-color:#e0dede;\"><\/div><\/div><\/div><ul class=\"fusion-checklist fusion-checklist-1\" style=\"font-size:13px;line-height:22.1px;\"><li class=\"fusion-li-item\"><span style=\"background-color:#0003c9;font-size:11.44px;height:22.1px;width:22.1px;margin-right:9.1px;\" class=\"icon-wrapper circle-yes\"><i class=\"fusion-li-icon fa fa-chevron-right\" style=\"color:#ffffff;\"><\/i><\/span><div class=\"fusion-li-item-content\" style=\"margin-left:31.2px;\"><span style=\"font-family: helvetica, arial, sans-serif;\">\u0110i\u1ec7n tho\u1ea1i: <strong>(08) 3910 0305<\/strong><\/span><\/div><\/li><li class=\"fusion-li-item\"><span style=\"background-color:#0003c9;font-size:11.44px;height:22.1px;width:22.1px;margin-right:9.1px;\" class=\"icon-wrapper circle-yes\"><i class=\"fusion-li-icon fa fa-chevron-right\" style=\"color:#ffffff;\"><\/i><\/span><div class=\"fusion-li-item-content\" style=\"margin-left:31.2px;\">\u0110\u1ecba ch\u1ec9 Email: <u><\/u><u><a href=\"mailto:k_mamnon@sgu.edu.vn\">k_mamnon@sgu.edu.vn<\/a><\/u><\/div><\/li><li class=\"fusion-li-item\"><span style=\"background-color:#0003c9;font-size:11.44px;height:22.1px;width:22.1px;margin-right:9.1px;\" class=\"icon-wrapper circle-yes\"><i class=\"fusion-li-icon fa fa-chevron-right\" style=\"color:#ffffff;\"><\/i><\/span><div class=\"fusion-li-item-content\" style=\"margin-left:31.2px;\">\n<p style=\"text-align: left;\"><span style=\"font-family: helvetica, arial, sans-serif;\"><span style=\"font-size: large;\">C\u00e1c l\u0129nh v\u1ef1c \u0111\u00e0o t\u1ea1o, c\u00e1c h\u1ec7 \u0111\u00e0o t\u1ea1o: <\/span><\/span><\/p>\n<div style=\"text-align: left;\" align=\"center\">\n<div><span style=\"font-family: helvetica, arial, sans-serif;\">o C\u00e1c l\u0129nh v\u1ef1c \u0111\u00e0o t\u1ea1o:<\/span><\/div>\n<div><span style=\"font-family: helvetica, arial, sans-serif;\">  &#8211;  \u0110\u00e0o t\u1ea1o gi\u00e1o vi\u00ean m\u1ea7m non<\/span><\/div>\n<div><span style=\"font-family: helvetica, arial, sans-serif;\">  &#8211;  B\u1ed3i d\u01b0\u1ee1ng n\u00e2ng chu\u1ea9n cho c\u00e1c gi\u00e1o vi\u00ean m\u1ea7m non<\/span><\/div>\n<div><span style=\"font-family: helvetica, arial, sans-serif;\"> o      C\u00e1c h\u1ec7 \u0111\u00e0o t\u1ea1o ch\u00ednh qui:<\/span><\/div>\n<div><span style=\"font-family: helvetica, arial, sans-serif;\">  &#8211;   H\u1ec7 \u0110\u1ea1i h\u1ecdc ch\u00ednh qui : (t\u1ed1t nghi\u1ec7p l\u1edbp 12; h\u1ecdc 4 n\u0103m)<\/span><\/div>\n<div><span style=\"font-family: helvetica, arial, sans-serif;\">  &#8211;    H\u1ec7 Cao \u0111\u1eb3ng ch\u00ednh qui: (t\u1ed1t nghi\u1ec7p l\u1edbp 12; h\u1ecdc 3 n\u0103m)<\/span><\/div>\n<div><span style=\"font-family: helvetica, arial, sans-serif;\">  &#8211;    H\u1ec7 trung c\u1ea5p ch\u00ednh qui: (t\u1ed1t nghi\u1ec7p l\u1edbp 12; h\u1ecdc 2 n\u0103m) <\/span><\/div>\n<div><span style=\"font-family: helvetica, arial, sans-serif;\">o C\u00e1c h\u1ec7 \u0111\u00e0o t\u1ea1o ngo\u00e0i ch\u00ednh qui:<\/span><\/div>\n<div><span style=\"font-family: helvetica, arial, sans-serif;\">  &#8211;   Trung c\u1ea5p v\u1eeba h\u1ecdc v\u1eeba l\u00e0m s\u01b0 ph\u1ea1m m\u1ea7m non (t\u1ed1t nghi\u1ec7p l\u1edbp 12; h\u1ecdc 2,5 n\u0103m)<\/span><\/div>\n<div><span style=\"font-family: helvetica, arial, sans-serif;\">  &#8211;   Cao \u0111\u1eb3ng chuy\u00ean tu s\u01b0 ph\u1ea1m m\u1ea7m non (t\u1ed1t nghi\u1ec7p trung c\u1ea5p s\u01b0 ph\u1ea1m m\u1ea7m non; h\u1ecdc 1,5 n\u0103m).<\/span><\/div>\n<div><span style=\"font-family: helvetica, arial, sans-serif;\">  &#8211;    \u0110\u1ea1i h\u1ecdc s\u01b0 ph\u1ea1m m\u1ea7m non g\u1ed3m c\u00e1c h\u1ec7:<\/span><\/div>\n<div><span style=\"font-family: helvetica, arial, sans-serif;\">+  H\u1ec7 ho\u00e0n ch\u1ec9nh ki\u1ebfn th\u1ee9c (t\u1ed1t nghi\u1ec7p cao \u0111\u1eb3ng s\u01b0 ph\u1ea1m m\u1ea7m non; h\u1ecdc 2 n\u0103m)<\/span><\/div>\n<div><span style=\"font-family: helvetica, arial, sans-serif;\">+  H\u1ec7 chuy\u00ean tu (t\u1ed1t nghi\u1ec7p trung c\u1ea5p s\u01b0 ph\u1ea1m m\u1ea7m non; h\u1ecdc 3 n\u0103m)<\/span><\/div>\n<div><span style=\"font-family: helvetica, arial, sans-serif;\">+  H\u1ec7 t\u1ea1i ch\u1ee9c (t\u1ed1t nghi\u1ec7p l\u1edbp 12; h\u1ecdc 4 n\u0103m)<\/span><\/div>\n<div><span style=\"font-family: helvetica, arial, sans-serif;\">  &#8211;    B\u1ed3i d\u01b0\u1ee1ng ng\u1eafn h\u1ea1n c\u1ea5p ch\u1ee9ng ch\u1ec9: gi\u00e1o vi\u00ean nu\u00f4i d\u1ea1y tr\u1ebb, ch\u1ee7 tr\u01b0\u1eddng d\u00e2n l\u1eadp-t\u01b0 th\u1ee5c (h\u1ecdc 6 th\u00e1ng); c\u1ea5p d\u01b0\u1ee1ng (h\u1ecdc 3 th\u00e1ng).<\/span><\/div>\n<div>\n<p><span style=\"font-family: helvetica, arial, sans-serif;\"> <\/span><\/p>\n<table id=\"table3\" class=\"aligncenter\" border=\"1\" width=\"687\" cellspacing=\"5\" cellpadding=\"5\">\n<tbody>\n<tr>\n<td style=\"width: 323px;\" align=\"center\" bgcolor=\"#99ccff\"><b><span style=\"font-size: large;\">TR\u01af\u1edeNG KHOA<\/span><\/b><\/td>\n<td style=\"width: 323px;\" align=\"center\" bgcolor=\"#99ccff\"><b><span style=\"font-size: large;\">PH\u00d3 TR\u01af\u1edeNG KHOA<\/span><\/b><\/td>\n<\/tr>\n<tr>\n<td style=\"width: 323px;\" align=\"left\" valign=\"top\">\n<div align=\"center\"><b>TR\u1ea6N TH\u1eca PH\u01af\u01a0NG<\/b><\/div>\n<div align=\"center\"><\/div>\n<div align=\"center\"><img decoding=\"async\" loading=\"lazy\" src=\"http:\/\/www.sgu.edu.vn\/images\/hinhld\/phuong.jpg\" alt=\"\" width=\"150\" height=\"196\" border=\"0\" \/><\/div>\n<div style=\"text-align: center;\" align=\"center\">TI\u1ebeN S\u0128 S\u01af PH\u1ea0M T\u00c2M L\u00dd<\/div>\n<\/td>\n<td style=\"width: 323px;\" align=\"left\" valign=\"top\">\n<div align=\"center\"><b>NGUY\u1ec4N TH\u1eca B\u00cdCH NG\u1eccC<\/b><\/div>\n<div align=\"center\">TH\u1ea0C S\u0128 GI\u00c1O D\u1ee4C H\u1eccC<\/div>\n<\/td>\n<\/tr>\n<\/tbody>\n<\/table>\n<\/div>\n<\/div>\n<\/div><\/li><li class=\"fusion-li-item\"><span style=\"background-color:#0003c9;font-size:11.44px;height:22.1px;width:22.1px;margin-right:9.1px;\" class=\"icon-wrapper circle-yes\"><i class=\"fusion-li-icon fa fa-chevron-right\" style=\"color:#ffffff;\"><\/i><\/span><div class=\"fusion-li-item-content\" style=\"margin-left:31.2px;\"><span style=\"font-family: helvetica, arial, sans-serif;\"><b>C\u00e1c t\u1ed5 chuy\u00ean m\u00f4n:<\/b><\/span><\/p>\n<p><span style=\"font-family: helvetica, arial, sans-serif;\">T\u00ean t\u1ed5: T\u00e2m l\u00fd \u2013 Gi\u00e1o d\u1ee5c<\/span><br \/>\n<span style=\"font-family: helvetica, arial, sans-serif;\">       T\u1ed5 tr\u01b0\u1edfng: Ph\u1ea1m Th\u1ecb Loan.<\/span><\/p>\n<p><span style=\"font-family: helvetica, arial, sans-serif;\">T\u00ean t\u1ed5: T\u1ed5 ch\u1ee9c ho\u1ea1t \u0111\u1ed9ng t\u1ea1o h\u00ecnh<\/span><br \/>\n<span style=\"font-family: helvetica, arial, sans-serif;\">       T\u1ed5 tr\u01b0\u1edfng: Nguy\u1ec5n Th\u1ecb B\u00edch Ng\u1ecdc.<\/span><\/p>\n<p><span style=\"font-family: helvetica, arial, sans-serif;\">T\u00ean t\u1ed5: PPLQ v\u1edbi to\u00e1n, PPKP khoa h\u1ecdc &amp; MTXQ<\/span><br \/>\n<span style=\"font-family: helvetica, arial, sans-serif;\">       T\u1ed5 tr\u01b0\u1edfng: L\u00ea Th\u1ecb H\u00e0i.<\/span><\/p>\n<p><span style=\"font-family: helvetica, arial, sans-serif;\">T\u00ean t\u1ed5: PPLQ v\u0103n h\u1ecdc &amp; PPPT ng\u00f4n ng\u1eef<\/span><br \/>\n<span style=\"font-family: helvetica, arial, sans-serif;\">       T\u1ed5 tr\u01b0\u1edfng: Nguy\u1ec5n H\u1eefu H\u1ea1o.<\/span><\/p>\n<p><span style=\"font-family: helvetica, arial, sans-serif;\">T\u00ean t\u1ed5: VS \u2013 DD \u2013 BH &amp; GD h\u00f2a nh\u1eadp<\/span><br \/>\n<span style=\"font-family: helvetica, arial, sans-serif;\">       T\u1ed5 tr\u01b0\u1edfng: Tr\u1ea7n Th\u1ecb Ng\u1ecdc L\u1ed9c.<\/span><\/p>\n<p><span style=\"font-family: helvetica, arial, sans-serif;\">T\u00ean t\u1ed5: PPGD th\u1ec3 ch\u1ea5t &amp; T\u1ed5 ch\u1ee9c H\u0110 \u00e2m nh\u1ea1c<\/span><br \/>\n<span style=\"font-family: helvetica, arial, sans-serif;\">       T\u1ed5 tr\u01b0\u1edfng: Tr\u1ea7n Th\u1ecb Th\u00fay Nga.<\/span><\/div><\/li><li class=\"fusion-li-item\"><span style=\"background-color:#0003c9;font-size:11.44px;height:22.1px;width:22.1px;margin-right:9.1px;\" class=\"icon-wrapper circle-yes\"><i class=\"fusion-li-icon fa fa-chevron-right\" style=\"color:#ffffff;\"><\/i><\/span><div class=\"fusion-li-item-content\" style=\"margin-left:31.2px;\"><span style=\"font-family: helvetica, arial, sans-serif;\"><b>Th\u00e0nh t\u00edch:<\/b><\/span><\/p>\n<p><span style=\"font-family: helvetica, arial, sans-serif;\">Hu\u00e2n ch\u01b0\u01a1ng lao \u0111\u1ed9ng h\u1ea1ng 3 : n\u0103m 1987 v\u00e0 1991<\/span><\/p>\n<p><span style=\"font-family: helvetica, arial, sans-serif;\">Hu\u00e2n ch\u01b0\u01a1ng lao \u0111\u1ed9ng h\u1ea1ng 2 : n\u0103m 1995<\/span><\/p>\n<p><span style=\"font-family: helvetica, arial, sans-serif;\">C\u1edd thi \u0111ua xu\u1ea5t s\u1eafc c\u1ee7a :<\/span><\/p>\n<div><span style=\"font-family: helvetica, arial, sans-serif;\">&#8211;   B\u1ed9 Gi\u00e1o d\u1ee5c v\u00e0 \u0110\u00e0o t\u1ea1o<\/span><br \/>\n<span style=\"font-family: helvetica, arial, sans-serif;\">&#8211;   U\u1ef7 ban Nh\u00e2n d\u00e2n TP.H\u1ed3 Ch\u00ed Minh<\/span><br \/>\n<span style=\"font-family: helvetica, arial, sans-serif;\">&#8211;   C\u00f4ng \u0111o\u00e0n Gi\u00e1o d\u1ee5c Vi\u1ec7t Nam<\/span><br \/>\n<span style=\"font-family: helvetica, arial, sans-serif;\">&#8211;   Trung \u01b0\u01a1ng \u0110o\u00e0n Thanh ni\u00ean C\u1ed9ng s\u1ea3n H\u1ed3 Ch\u00ed Minh.<\/span><\/div>\n<\/div><\/li><li class=\"fusion-li-item\"><span style=\"background-color:#0003c9;font-size:11.44px;height:22.1px;width:22.1px;margin-right:9.1px;\" class=\"icon-wrapper circle-yes\"><i class=\"fusion-li-icon fa fa-chevron-right\" style=\"color:#ffffff;\"><\/i><\/span><div class=\"fusion-li-item-content\" style=\"margin-left:31.2px;\"><span style=\"font-family: helvetica, arial, sans-serif;\"><b>TT v\u1ec1 c\u00e1c ng\u00e0nh \u0111\u00e0o t\u1ea1o, m\u00f4n h\u1ecdc, th\u1eddi l\u01b0\u1ee3ng m\u00f4n h\u1ecdc t\u01b0\u01a1ng \u1ee9ng.<\/b><\/span><\/p>\n<div><span style=\"font-family: helvetica, arial, sans-serif;\">&#8211;   Ki\u1ebfn th\u1ee9c v\u00e0 k\u1ef9 n\u0103ng nu\u00f4i d\u1ea1y tr\u1ebb (t\u00e2m sinh l\u00fd, ph\u01b0\u01a1ng ph\u00e1p gi\u00e1o d\u1ee5c, dinh d\u01b0\u1ee1ng, v\u1ec7 sinh, b\u00eanh h\u1ecdc, r\u00e8n luy\u1ec7n th\u1ec3 ch\u1ea5t tr\u1ebb&#8230; ).<\/span><br \/>\n<span style=\"font-family: helvetica, arial, sans-serif;\">&#8211;   K\u1ef9 n\u0103ng h\u00e1t, m\u00faa, \u0111\u00e0n, v\u1ebd, trang tr\u00ed, \u0111\u1ecdc k\u1ec3 di\u1ec5n c\u1ea3m, l\u00e0m \u0111\u1ed3 ch\u01a1i &#8230;<\/span><br \/>\n<span style=\"font-family: helvetica, arial, sans-serif;\">&#8211;   1\/3 th\u1eddi gian \u0111\u00e0o t\u1ea1o d\u00e0nh cho vi\u1ec7c th\u1ef1c h\u00e0nh, th\u1ef1c t\u1eadp s\u01b0 ph\u1ea1m \u1edf c\u00e1c tr\u01b0\u1eddng m\u1ea7m non<\/span><\/div>\n<\/div><\/li><li class=\"fusion-li-item\"><span style=\"background-color:#0003c9;font-size:11.44px;height:22.1px;width:22.1px;margin-right:9.1px;\" class=\"icon-wrapper circle-yes\"><i class=\"fusion-li-icon fa fa-chevron-right\" style=\"color:#ffffff;\"><\/i><\/span><div class=\"fusion-li-item-content\" style=\"margin-left:31.2px;\"><a href=\"http:\/\/en.sgu.edu.vn\/danh-sach-can-bo-giang-vien-va-nhan-vien-khoa-giao-duc-mam-non\/\"><strong><u><span style=\"color: #0000ff;\">Danh s\u00e1ch c\u00e1n b\u1ed9, gi\u1ea3ng vi\u00ean, c\u00f4ng nh\u00e2n vi\u00ean: <\/span><\/u><\/strong><\/a><\/div><\/li><\/ul><div class=\"fusion-clearfix\"><\/div>\n\n\t\t\t\t\t<\/div>\n\t\t\t\t<\/div><\/div><\/div>\n","protected":false},"excerpt":{"rendered":"","protected":false},"author":1,"featured_media":0,"parent":0,"menu_order":0,"comment_status":"closed","ping_status":"closed","template":"side-navigation.php","meta":[],"jetpack_sharing_enabled":true,"jetpack_shortlink":"https:\/\/wp.me\/PdgjhW-35u","_links":{"self":[{"href":"https:\/\/en.sgu.edu.vn\/vi\/wp-json\/wp\/v2\/pages\/11872"}],"collection":[{"href":"https:\/\/en.sgu.edu.vn\/vi\/wp-json\/wp\/v2\/pages"}],"about":[{"href":"https:\/\/en.sgu.edu.vn\/vi\/wp-json\/wp\/v2\/types\/page"}],"author":[{"embeddable":true,"href":"https:\/\/en.sgu.edu.vn\/vi\/wp-json\/wp\/v2\/users\/1"}],"replies":[{"embeddable":true,"href":"https:\/\/en.sgu.edu.vn\/vi\/wp-json\/wp\/v2\/comments?post=11872"}],"version-history":[{"count":0,"href":"https:\/\/en.sgu.edu.vn\/vi\/wp-json\/wp\/v2\/pages\/11872\/revisions"}],"wp:attachment":[{"href":"https:\/\/en.sgu.edu.vn\/vi\/wp-json\/wp\/v2\/media?parent=11872"}],"curies":[{"name":"wp","href":"https:\/\/api.w.org\/{rel}","templated":true}]}}