{"id":11874,"date":"2016-09-30T07:39:37","date_gmt":"2016-09-30T00:39:37","guid":{"rendered":"http:\/\/edupath.co\/?page_id=11874"},"modified":"2019-04-11T16:04:45","modified_gmt":"2019-04-11T09:04:45","slug":"khoa-su-pham-ky-thuat","status":"publish","type":"page","link":"https:\/\/en.sgu.edu.vn\/vi\/khoa-su-pham-ky-thuat\/","title":{"rendered":"Khoa S\u01b0 Ph\u1ea1m K\u1ef9 Thu\u1eadt"},"content":{"rendered":"<div class=\"fusion-fullwidth fullwidth-box nonhundred-percent-fullwidth non-hundred-percent-height-scrolling\"  style='background-color: #ffffff;background-position: left top;background-repeat: no-repeat;padding-top:20px;padding-right:0px;padding-bottom:20px;padding-left:0px;border-top-width:0px;border-bottom-width:0px;border-color:#eae9e9;border-top-style:solid;border-bottom-style:solid;'><div class=\"fusion-builder-row fusion-row \"><div  class=\"fusion-layout-column fusion_builder_column fusion_builder_column_1_1  fusion-one-full fusion-column-first fusion-column-last 1_1\"  style='margin-top:0px;margin-bottom:20px;'>\n\t\t\t\t\t<div class=\"fusion-column-wrapper\" style=\"background-position:left top;background-repeat:no-repeat;-webkit-background-size:cover;-moz-background-size:cover;-o-background-size:cover;background-size:cover;\"  data-bg-url=\"\">\n\t\t\t\t\t\t<div class=\"imageframe-align-center\"><span class=\"fusion-imageframe imageframe-none imageframe-1 hover-type-none\"><img decoding=\"async\" loading=\"lazy\" src=\"http:\/\/en.sgu.edu.vn\/wp-content\/uploads\/2016\/09\/default_image.jpg\" width=\"522\" height=\"350\" alt=\"\" title=\"default_image\" class=\"img-responsive wp-image-13921\" srcset=\"https:\/\/en.sgu.edu.vn\/wp-content\/uploads\/2016\/09\/default_image-200x134.jpg 200w, https:\/\/en.sgu.edu.vn\/wp-content\/uploads\/2016\/09\/default_image-400x268.jpg 400w, https:\/\/en.sgu.edu.vn\/wp-content\/uploads\/2016\/09\/default_image.jpg 522w\" sizes=\"(max-width: 800px) 100vw, 522px\" \/><\/span><\/div><div class=\"fusion-sep-clear\"><\/div><div class=\"fusion-separator fusion-full-width-sep sep-none\" style=\"margin-left: auto;margin-right: auto;margin-top:10px;margin-bottom:10px;\"><\/div><div class=\"fusion-title title fusion-title-size-two\" style=\"margin-top:0px;margin-bottom:30px;\"><h2 class=\"title-heading-left\">Gi\u1edbi thi\u1ec7u<\/h2><div class=\"title-sep-container\"><div class=\"title-sep sep-double\" style=\"border-color:#e0dede;\"><\/div><\/div><\/div><ul class=\"fusion-checklist fusion-checklist-1\" style=\"font-size:13px;line-height:22.1px;\"><li class=\"fusion-li-item\"><span style=\"background-color:#0003c9;font-size:11.44px;height:22.1px;width:22.1px;margin-right:9.1px;\" class=\"icon-wrapper circle-yes\"><i class=\"fusion-li-icon fa fa-chevron-right\" style=\"color:#ffffff;\"><\/i><\/span><div class=\"fusion-li-item-content\" style=\"margin-left:31.2px;\"><span style=\"font-family: helvetica, arial, sans-serif;\">V\u0103n ph\u00f2ng Khoa: P.1A004, 1A005 C\u01a1 s\u1edf 1, s\u1ed1 105 \u0111\u01b0\u1eddng B\u00e0 Huy\u1ec7n Thanh Quan, ph\u01b0\u1eddng 7, qu\u1eadn 3, TP H\u1ed3 Ch\u00ed Minh<\/span><\/div><\/li><li class=\"fusion-li-item\"><span style=\"background-color:#0003c9;font-size:11.44px;height:22.1px;width:22.1px;margin-right:9.1px;\" class=\"icon-wrapper circle-yes\"><i class=\"fusion-li-icon fa fa-chevron-right\" style=\"color:#ffffff;\"><\/i><\/span><div class=\"fusion-li-item-content\" style=\"margin-left:31.2px;\"><span style=\"font-family: arial, helvetica, sans-serif;\">\u0110i\u1ec7n tho\u1ea1i: 39327405 &#8211; 39326391<\/span><\/div><\/li><li class=\"fusion-li-item\"><span style=\"background-color:#0003c9;font-size:11.44px;height:22.1px;width:22.1px;margin-right:9.1px;\" class=\"icon-wrapper circle-yes\"><i class=\"fusion-li-icon fa fa-chevron-right\" style=\"color:#ffffff;\"><\/i><\/span><div class=\"fusion-li-item-content\" style=\"margin-left:31.2px;\">\u0110\u1ecba ch\u1ec9 Email: <u><\/u><u><span style=\"color: #0000ff;\"><a href=\"mailto:k_spkt@sgu.edu.vn\">k_spkt@sgu.edu.vn<\/a><\/span><\/u><\/div><\/li><li class=\"fusion-li-item\"><span style=\"background-color:#0003c9;font-size:11.44px;height:22.1px;width:22.1px;margin-right:9.1px;\" class=\"icon-wrapper circle-yes\"><i class=\"fusion-li-icon fa fa-chevron-right\" style=\"color:#ffffff;\"><\/i><\/span><div class=\"fusion-li-item-content\" style=\"margin-left:31.2px;\">\n<p><span style=\"font-family: helvetica, arial, sans-serif;\"><strong>C\u00e1c l\u0129nh v\u1ef1c \u0111\u00e0o t\u1ea1o, c\u00e1c h\u1ec7 \u0111\u00e0o t\u1ea1o:<\/strong><\/span><\/p>\n<p>&#8211; C\u1eed nh\u00e2n Cao \u0111\u1eb3ng S\u01b0 ph\u1ea1m K\u1ef9 thu\u1eadt C\u00f4ng nghi\u1ec7p<\/p>\n<p>&#8211; C\u1eed nh\u00e2n Cao \u0111\u1eb3ng S\u01b0 ph\u1ea1m K\u1ef9 thu\u1eadt N\u00f4ng nghi\u1ec7p<\/p>\n<p>&#8211; C\u1eed nh\u00e2n Cao \u0111\u1eb3ng S\u01b0 ph\u1ea1m Kinh t\u1ebf Gia \u0111\u00ecnh<\/p>\n<table border=\"1\" width=\"638\">\n<tbody>\n<tr>\n<td width=\"319\">\n<p style=\"text-align: center;\"><strong>PH\u00d3 TR\u01af\u1edeNG KHOA\u00a0PH\u1ee4 TR\u00c1CH<\/strong><\/p>\n<\/td>\n<\/tr>\n<tr>\n<td width=\"319\">\n<p style=\"text-align: center;\"><strong>CH\u00c2U NG\u1eccC TH\u1ea0CH<\/strong><\/p>\n<p><img decoding=\"async\" loading=\"lazy\" class=\"size-full wp-image-12474 aligncenter\" src=\"http:\/\/en.sgu.edu.vn\/wp-content\/uploads\/2016\/09\/Thay-Thach-SPKT-002.jpg\" alt=\"thay-thach-spkt-002\" width=\"105\" height=\"146\" \/><\/p>\n<p style=\"text-align: center;\">Th\u1ea1c s\u0129, GVC<\/p>\n<p style=\"text-align: center;\"><a href=\"mailto:thach.cn@cb.sgu.edu.vn\">thach.cn@cb.sgu.edu.vn<\/a><\/p>\n<\/td>\n<\/tr>\n<\/tbody>\n<\/table>\n<\/div><\/li><li class=\"fusion-li-item\"><span style=\"background-color:#0003c9;font-size:11.44px;height:22.1px;width:22.1px;margin-right:9.1px;\" class=\"icon-wrapper circle-yes\"><i class=\"fusion-li-icon fa fa-chevron-right\" style=\"color:#ffffff;\"><\/i><\/span><div class=\"fusion-li-item-content\" style=\"margin-left:31.2px;\"><a href=\"http:\/\/en.sgu.edu.vn\/danh-sach-can-bo-giao-vien-khoa-su-pham-ky-thuat-nam-hoc-2010-2011\/\">Danh s\u00e1ch c\u00e1n b\u1ed9, gi\u1ea3ng vi\u00ean, nh\u00e2n vi\u00ean<\/a><\/div><\/li><li class=\"fusion-li-item\"><span style=\"background-color:#0003c9;font-size:11.44px;height:22.1px;width:22.1px;margin-right:9.1px;\" class=\"icon-wrapper circle-yes\"><i class=\"fusion-li-icon fa fa-chevron-right\" style=\"color:#ffffff;\"><\/i><\/span><div class=\"fusion-li-item-content\" style=\"margin-left:31.2px;\">\n<p><span style=\"font-family: helvetica, arial, sans-serif;\"><strong>C\u00e1c b\u1ed9 m\u00f4n<\/strong><\/span><\/p>\n<p><span style=\"font-family: helvetica, arial, sans-serif;\"><u>1.B\u1ed9 m\u00f4n K\u1ef9 thu\u1eadt C\u00f4ng nghi\u1ec7p<\/u><\/span><br \/>\n<span style=\"font-family: helvetica, arial, sans-serif;\"> Tr\u01b0\u1edfng b\u1ed9 m\u00f4n: ThS.GVC. Nguy\u1ec5n V\u0103n X\u00ea , <a href=\"mailto:vanxesgu@yahoo.com\">vanxesgu@yahoo.com<\/a><\/span><\/p>\n<p><span style=\"font-family: helvetica, arial, sans-serif;\"> Ph\u00f3 b\u1ed9 m\u00f4n: ThS.GVC. Tr\u1ea7n Ng\u1ecdc C\u1ea9n<\/span><\/p>\n<p><span style=\"font-family: helvetica, arial, sans-serif;\">2.<u>B\u1ed9 m\u00f4n K\u1ef9 thu\u1eadt N\u00f4ng nghi\u1ec7p<\/u><\/span><\/p>\n<p><span style=\"font-family: helvetica, arial, sans-serif;\"> Tr\u01b0\u1edfng b\u1ed9 m\u00f4n: ThS.GVC. \u0110\u1ed7 Thanh T\u00e2m , <a href=\"mailto:thanhtam1959@yahoo.com.vn\">thanhtam1959@yahoo.com.vn<\/a><\/span><\/p>\n<p><span style=\"font-family: helvetica, arial, sans-serif;\">Ph\u00f3 b\u1ed9 m\u00f4n: ThS.GVC. Tr\u1ea7n Ng\u1ecdc C\u1ea9n<\/span><\/p>\n<p><span style=\"font-family: helvetica, arial, sans-serif;\">3. <u>B\u1ed9 m\u00f4n Kinh t\u1ebf gia \u0111\u00ecnh<br \/>\n<\/u> Tr\u01b0\u1edfng b\u1ed9 m\u00f4n: TS.GVC. Nguy\u1ec5n Th\u1ecb Di\u1ec7u Th\u1ea3o , <a href=\"mailto:nguyendieuthao@gmail.com\">nguyendieuthao@gmail.com<\/a><\/span><\/p>\n<p><span style=\"font-family: helvetica, arial, sans-serif;\">Ph\u00f3 b\u1ed9 m\u00f4n: ThS.GVC. Tr\u1ea7n Ng\u1ecdc C\u1ea9n<\/span><\/p>\n<\/div><\/li><li class=\"fusion-li-item\"><span style=\"background-color:#0003c9;font-size:11.44px;height:22.1px;width:22.1px;margin-right:9.1px;\" class=\"icon-wrapper circle-yes\"><i class=\"fusion-li-icon fa fa-chevron-right\" style=\"color:#ffffff;\"><\/i><\/span><div class=\"fusion-li-item-content\" style=\"margin-left:31.2px;\"><strong>C\u00e1c h\u00ecnh \u1ea3nh v\u1ec1 ho\u1ea1t \u0111\u1ed9ng c\u1ee7a khoa<\/strong><\/p>\n<div align=\"left\">1. <span style=\"font-size: medium;\"><u><a href=\"http:\/\/www.sgu.edu.vn\/plugins\/editors\/fckeditor\/editor\/Khoa_SPKT\/Tham_du_ky_niem_thanh_lap_DH_HungKuang.htm\"><span style=\"color: #800000;\">C\u00e1c x\u01b0\u1edfng th\u1ef1c h\u00e0nh, ph\u00f2ng th\u00ed nghi\u1ec7m<\/span><\/a><br \/>\n<\/u>2. <\/span><u><span style=\"font-size: medium;\"><a href=\"http:\/\/www.sgu.edu.vn\/plugins\/editors\/fckeditor\/editor\/Khoa_SPKT\/Hop_mat_dau_nam.htm\"><span style=\"color: #800000;\">Sinh ho\u1ea1t c\u00f4ng \u0111o\u00e0n <\/span><\/a><\/span><\/u><\/div>\n<\/div><\/li><li class=\"fusion-li-item\"><span style=\"background-color:#0003c9;font-size:11.44px;height:22.1px;width:22.1px;margin-right:9.1px;\" class=\"icon-wrapper circle-yes\"><i class=\"fusion-li-icon fa fa-chevron-right\" style=\"color:#ffffff;\"><\/i><\/span><div class=\"fusion-li-item-content\" style=\"margin-left:31.2px;\"><span style=\"font-family: arial, helvetica, sans-serif;\"><strong>V\u0103n ph\u00f2ng khoa<\/strong><\/span><\/p>\n<div><span style=\"font-family: arial, helvetica, sans-serif;\"><em>1. Tr\u1ee3 l\u00fd \u0111\u00e0o t\u1ea1o: ThS. Tr\u1ea7n Ng\u1ecdc C\u1ea9n , <a href=\"mailto:tncansgu@gmail.com\">tncansgu@gmail.com<\/a><\/em><\/span><\/div>\n<div><span style=\"font-family: arial, helvetica, sans-serif;\"><em>2. CBVP khoa : C\u1eed nh\u00e2n L\u00ea Th\u1ecb H\u00f2a D\u1ecbu , <a href=\"mailto:lehoadiu@yahoo.com\">lehoadiu@yahoo.com<\/a><\/em><\/span><\/div>\n<\/div><\/li><\/ul><div class=\"fusion-clearfix\"><\/div>\n\n\t\t\t\t\t<\/div>\n\t\t\t\t<\/div><\/div><\/div>\n","protected":false},"excerpt":{"rendered":"","protected":false},"author":1,"featured_media":0,"parent":0,"menu_order":0,"comment_status":"closed","ping_status":"closed","template":"side-navigation.php","meta":[],"jetpack_sharing_enabled":true,"jetpack_shortlink":"https:\/\/wp.me\/PdgjhW-35w","_links":{"self":[{"href":"https:\/\/en.sgu.edu.vn\/vi\/wp-json\/wp\/v2\/pages\/11874"}],"collection":[{"href":"https:\/\/en.sgu.edu.vn\/vi\/wp-json\/wp\/v2\/pages"}],"about":[{"href":"https:\/\/en.sgu.edu.vn\/vi\/wp-json\/wp\/v2\/types\/page"}],"author":[{"embeddable":true,"href":"https:\/\/en.sgu.edu.vn\/vi\/wp-json\/wp\/v2\/users\/1"}],"replies":[{"embeddable":true,"href":"https:\/\/en.sgu.edu.vn\/vi\/wp-json\/wp\/v2\/comments?post=11874"}],"version-history":[{"count":2,"href":"https:\/\/en.sgu.edu.vn\/vi\/wp-json\/wp\/v2\/pages\/11874\/revisions"}],"predecessor-version":[{"id":19351,"href":"https:\/\/en.sgu.edu.vn\/vi\/wp-json\/wp\/v2\/pages\/11874\/revisions\/19351"}],"wp:attachment":[{"href":"https:\/\/en.sgu.edu.vn\/vi\/wp-json\/wp\/v2\/media?parent=11874"}],"curies":[{"name":"wp","href":"https:\/\/api.w.org\/{rel}","templated":true}]}}