{"id":11876,"date":"2016-09-30T07:39:59","date_gmt":"2016-09-30T00:39:59","guid":{"rendered":"http:\/\/edupath.co\/?page_id=11876"},"modified":"2018-03-27T10:44:23","modified_gmt":"2018-03-27T03:44:23","slug":"khoa-quan-tri-kinh-doanh","status":"publish","type":"page","link":"https:\/\/en.sgu.edu.vn\/vi\/khoa-quan-tri-kinh-doanh\/","title":{"rendered":"Khoa Qu\u1ea3n Tr\u1ecb Kinh Doanh"},"content":{"rendered":"<div class=\"fusion-fullwidth fullwidth-box nonhundred-percent-fullwidth non-hundred-percent-height-scrolling\"  style='background-color: #ffffff;background-position: left top;background-repeat: no-repeat;padding-top:20px;padding-right:0px;padding-bottom:20px;padding-left:0px;border-top-width:0px;border-bottom-width:0px;border-color:#eae9e9;border-top-style:solid;border-bottom-style:solid;'><div class=\"fusion-builder-row fusion-row \"><div  class=\"fusion-layout-column fusion_builder_column fusion_builder_column_1_1  fusion-one-full fusion-column-first fusion-column-last fusion-column-no-min-height 1_1\"  style='margin-top:0px;margin-bottom:0px;'>\n\t\t\t\t\t<div class=\"fusion-column-wrapper\" style=\"background-position:left top;background-repeat:no-repeat;-webkit-background-size:cover;-moz-background-size:cover;-o-background-size:cover;background-size:cover;\"  data-bg-url=\"\">\n\t\t\t\t\t\t<div class=\"imageframe-align-center\"><span class=\"fusion-imageframe imageframe-none imageframe-1 hover-type-none fusion-no-medium-visibility\"><img decoding=\"async\" loading=\"lazy\" src=\"http:\/\/en.sgu.edu.vn\/wp-content\/uploads\/2018\/03\/quan-tri-kinh-doanh-1-300x128.jpg\" width=\"\" height=\"\" alt=\"\" title=\"\" class=\"img-responsive\"\/><\/span><\/div><div class=\"fusion-clearfix\"><\/div>\n\n\t\t\t\t\t<\/div>\n\t\t\t\t<\/div><div  class=\"fusion-layout-column fusion_builder_column fusion_builder_column_1_1  fusion-one-full fusion-column-first fusion-column-last 1_1\"  style='margin-top:0px;margin-bottom:20px;'>\n\t\t\t\t\t<div class=\"fusion-column-wrapper\" style=\"background-position:left top;background-repeat:no-repeat;-webkit-background-size:cover;-moz-background-size:cover;-o-background-size:cover;background-size:cover;\"  data-bg-url=\"\">\n\t\t\t\t\t\t<div class=\"fusion-sep-clear\"><\/div><div class=\"fusion-separator fusion-full-width-sep sep-none\" style=\"margin-left: auto;margin-right: auto;margin-top:10px;margin-bottom:10px;\"><\/div><div class=\"fusion-title title fusion-title-size-two\" style=\"margin-top:0px;margin-bottom:30px;\"><h2 class=\"title-heading-left\"><a href=\"http:\/\/en.sgu.edu.vn\/khoa-quan-tri-kinh-doanh\/\">Gi\u1edbi thi\u1ec7u<\/a><\/h2><div class=\"title-sep-container\"><div class=\"title-sep sep-double\" style=\"border-color:#e0dede;\"><\/div><\/div><\/div><div class=\"fusion-text\"><p style=\"text-align: center;\"><span style=\"color: #000000; font-size: 14pt;\"><strong>CH\u00c0O M\u1eeaNG \u0110\u1ebeN V\u1edaI KHOA QU\u1ea2N TR\u1eca KINH DOANH \u0110\u1ea0I H\u1eccC S\u00c0I G\u00d2N<\/strong><\/span><\/p>\n<p style=\"text-align: left;\"><span style=\"font-family: arial, helvetica, sans-serif; color: #000000; font-size: 14pt;\"><strong>1.T\u1ed4NG QUAN<\/strong> <\/span><\/p>\n<p style=\"text-align: justify; padding-left: 30px;\"><span style=\"font-family: arial, helvetica, sans-serif; color: #000000; font-size: 14pt;\">Khoa Qu\u1ea3n Tr\u1ecb Kinh Doanh, tr\u01b0\u1eddng \u0110\u1ea1i h\u1ecdc S\u00e0i G\u00f2n \u0111\u01b0\u1ee3c th\u00e0nh l\u1eadp ng\u00e0y 10\/11\/2008. L\u00e0 m\u1ed9t trong nh\u1eefng khoa ph\u00e1t tri\u1ec3n m\u1ea1nh t\u1ea1i \u0110\u1ea1i h\u1ecdc S\u00e0i G\u00f2n. C\u00f9ng v\u1edbi s\u1ef1 ph\u00e1t tri\u1ec3n c\u1ee7a Tr\u01b0\u1eddng, Khoa ng\u00e0y c\u00e0ng kh\u1eb3ng \u0111\u1ecbnh v\u1ecb th\u1ebf c\u1ee7a m\u00ecnh.<\/span><\/p>\n<p><span style=\"font-family: arial, helvetica, sans-serif; color: #000000; font-size: 14pt;\"><strong>\u0110\u1ed9i ng\u0169 gi\u1ea3ng d\u1ea1y<\/strong><\/span><\/p>\n<p style=\"text-align: justify; padding-left: 30px;\"><span style=\"font-weight: 400; font-size: 14pt; font-family: arial, helvetica, sans-serif; color: #000000;\">T\u00ednh \u0111\u1ebfn th\u00e1ng 3 n\u0103m 2018, Khoa QTKD c\u00f3 s\u1ed1 l\u01b0\u1ee3ng 27 gi\u1ea3ng vi\u00ean c\u01a1 h\u1eefu, trong \u0111\u00f3 c\u00f3 01 Ph\u00f3 gi\u00e1o s\u01b0, ti\u1ebfn s\u0129; 5 ti\u1ebfn s\u0129; 6 th\u1ea1c s\u0129 \u0111ang theo h\u1ecdc nghi\u00ean c\u1ee9u sinh t\u1ea1i c\u00e1c tr\u01b0\u1eddng \u0111\u1ea1i h\u1ecdc trong n\u01b0\u1edbc v\u00e0 2 th\u1ea1c s\u0129 theo h\u1ecdc t\u1ea1i n\u01b0\u1edbc ngo\u00e0i; v\u00e0 13 th\u1ea1c s\u0129. H\u1ea7u h\u1ebft c\u00e1c gi\u1ea3ng vi\u00ean \u0111\u1ec1u t\u1ed1t nghi\u1ec7p sau \u0111\u1ea1i h\u1ecdc t\u1eeb c\u00e1c Tr\u01b0\u1eddng v\u00e0 Vi\u1ec7n \u0110\u1ea1i h\u1ecdc n\u01b0\u1edbc ngo\u00e0i, c\u00f3 kinh nghi\u1ec7m, t\u00e2m huy\u1ebft v\u1edbi ngh\u1ec1, \u0111\u1ed9i ng\u0169 gi\u1ea3ng d\u1ea1y l\u00e0 th\u1ebf m\u1ea1nh c\u1ee7a Khoa QTKD v\u1edbi c\u00e1c \u0111\u1eb7c \u0111i\u1ec3m ch\u00ednh l\u00e0 \u0111\u1ec1 cao nghi\u00ean c\u1ee9u khoa h\u1ecdc, h\u01b0\u1edbng \u0111\u1ebfn ch\u1ea5t l\u01b0\u1ee3ng v\u00e0 lu\u00f4n ch\u1ee7 \u0111\u1ed9ng \u0111\u1ed5i m\u1edbi \u0111\u1ec3 \u0111\u00e1p \u1ee9ng v\u1edbi nh\u1eefng nhu c\u1ea7u nh\u00e2n l\u1ef1c m\u1edbi c\u1ee7a x\u00e3 h\u1ed9i.<\/span><\/p>\n<p style=\"text-align: justify; padding-left: 30px;\"><span style=\"font-weight: 400; font-size: 14pt; font-family: arial, helvetica, sans-serif; color: #000000;\">V\u1edbi \u0111\u1ecbnh h\u01b0\u1edbng \u0111\u00e0o t\u1ea1o g\u1eafn li\u1ec1n v\u1edbi \u1ee9ng d\u1ee5ng th\u1ef1c ti\u1ec5n, nghi\u00ean c\u1ee9u khoa h\u1ecdc, l\u1ef1c l\u01b0\u1ee3ng Gi\u1ea3ng vi\u00ean Khoa kh\u00f4ng ng\u1eebng n\u00e2ng cao tr\u00ecnh \u0111\u1ed9 chuy\u00ean m\u00f4n nghi\u1ec7p v\u1ee5, k\u1ef9 n\u0103ng ngh\u1ec1 nghi\u1ec7p v\u00e0 li\u00ean t\u1ee5c t\u00ecm hi\u1ec3u, c\u1eadp nh\u1eadt c\u00e1c t\u00e0i li\u1ec7u v\u00e0 ch\u01b0\u01a1ng tr\u00ecnh \u0111\u00e0o t\u1ea1o c\u1ee7a c\u00e1c n\u01b0\u1edbc ti\u00ean ti\u1ebfn.<\/span><\/p>\n<p style=\"text-align: justify; padding-left: 30px;\"><span style=\"font-weight: 400; font-size: 14pt; font-family: arial, helvetica, sans-serif; color: #000000;\">Khoa c\u00f2n c\u00f3 \u0111\u1ed9i ng\u0169 03 chuy\u00ean vi\u00ean, tr\u00ecnh \u0111\u1ed9 th\u1ea1c s\u0129, h\u1ed7 tr\u1ee3 ph\u1ee5 tr\u00e1ch ho\u1ea1t \u0111\u1ed9ng \u0111\u00e0o t\u1ea1o, v\u0103n th\u1ec3 m\u1ef9, c\u00f4ng t\u00e1c v\u0103n ph\u00f2ng.<\/span><\/p>\n<p><span style=\"font-family: arial, helvetica, sans-serif; color: #000000; font-size: 14pt;\"><strong>Ch\u01b0\u01a1ng tr\u00ecnh \u0111\u00e0o t\u1ea1o<\/strong><\/span><\/p>\n<p style=\"text-align: justify; padding-left: 30px;\"><span style=\"font-weight: 400; font-family: arial, helvetica, sans-serif; font-size: 14pt; color: #000000;\">Khoa Qu\u1ea3n tr\u1ecb kinh doanh tri\u1ec3n khai Ch\u01b0\u01a1ng tr\u00ecnh \u0111\u00e0o t\u1ea1o \u1edf 02 c\u1ea5p: C\u1eed nh\u00e2n, Th\u1ea1c s\u0129.<\/span><\/p>\n<p style=\"text-align: justify; padding-left: 30px;\"><span style=\"font-family: arial, helvetica, sans-serif; font-size: 14pt; color: #000000;\"><span style=\"font-weight: 400;\">* <\/span><b>Th\u1ea1c s\u0129<\/b><\/span><\/p>\n<p style=\"text-align: justify; padding-left: 60px;\"><span style=\"font-family: arial, helvetica, sans-serif; font-size: 14pt; color: #000000;\"><span style=\"font-weight: 400;\">Th\u1eddi gian \u0111\u00e0o t\u1ea1o: <\/span><b>2 n\u0103m. <\/b><span style=\"font-weight: 400;\">Chuy\u00ean ng\u00e0nh Qu\u1ea3n tr\u1ecb Kinh doanh<\/span><\/span><\/p>\n<p style=\"text-align: justify; padding-left: 30px;\"><span style=\"font-family: arial, helvetica, sans-serif; font-size: 14pt; color: #000000;\"><span style=\"font-weight: 400;\">* <\/span><b>C\u1eed nh\u00e2n<\/b><\/span><\/p>\n<p style=\"text-align: justify; padding-left: 60px;\"><span style=\"font-family: arial, helvetica, sans-serif; font-size: 14pt; color: #000000;\"><span style=\"font-weight: 400;\">Th\u1eddi gian \u0111\u00e0o t\u1ea1o <\/span><b>4 n\u0103m<\/b><span style=\"font-weight: 400;\">. Chuy\u00ean ng\u00e0nh c\u1eed nh\u00e2n Qu\u1ea3n Tr\u1ecb Kinh Doanh<\/span><\/span><\/p>\n<p style=\"text-align: justify; padding-left: 30px;\"><span style=\"font-family: arial, helvetica, sans-serif; font-size: 14pt; color: #000000;\"><span style=\"font-weight: 400;\">* <\/span><b>C\u1eed nh\u00e2n ch\u1ea5t l\u01b0\u1ee3ng cao ng\u00e0nh Qu\u1ea3n tr\u1ecb Kinh doanh\u00a0<\/b><\/span><\/p>\n<p style=\"text-align: justify; padding-left: 60px;\"><span style=\"font-family: arial, helvetica, sans-serif; font-size: 14pt; color: #000000;\"><span style=\"font-weight: 400;\">Th\u1eddi gian \u0111\u00e0o t\u1ea1o <\/span><b>4 n\u0103m<\/b><span style=\"font-weight: 400;\">. Chuy\u00ean ng\u00e0nh Qu\u1ea3n tr\u1ecb Kinh doanh<\/span><\/span><\/p>\n<p style=\"text-align: justify; padding-left: 30px;\"><span style=\"font-family: arial, helvetica, sans-serif; font-size: 14pt; color: #000000;\"><b>* C\u1eed nh\u00e2n ng\u00e0nh Kinh doanh Qu\u1ed1c t\u1ebf\u00a0<\/b><\/span><\/p>\n<p style=\"text-align: justify; padding-left: 60px;\"><span style=\"font-family: arial, helvetica, sans-serif; font-size: 14pt; color: #000000;\"><span style=\"font-weight: 400;\">Th\u1eddi gian \u0111\u00e0o t\u1ea1o <\/span><b>4 n\u0103m<\/b><span style=\"font-weight: 400;\">. Chuy\u00ean ng\u00e0nh Kinh doanh Qu\u1ed1c t\u1ebf<\/span><\/span><\/p>\n<p style=\"text-align: justify; padding-left: 30px;\"><span style=\"font-weight: 400; font-family: arial, helvetica, sans-serif; font-size: 14pt; color: #000000;\">Ch\u01b0\u01a1ng tr\u00ecnh \u0111\u00e0o t\u1ea1o \u0111\u01b0\u1ee3c x\u00e2y d\u1ef1ng theo h\u1ec7 t\u00edn ch\u1ec9 v\u1edbi th\u1eddi l\u01b0\u1ee3ng 132 t\u00edn ch\u1ec9 b\u1eadc \u0111\u1ea1i h\u1ecdc, 60 t\u00edn ch\u1ec9 b\u1eadc cao h\u1ecdc, \u0111\u1ea3m b\u1ea3o t\u00ednh li\u00ean th\u00f4ng v\u1edbi ch\u01b0\u01a1ng tr\u00ecnh \u0111\u00e0o t\u1ea1o c\u1eed nh\u00e2n, cao h\u1ecdc \u1edf c\u00e1c c\u01a1 s\u1edf \u0111\u00e0o t\u1ea1o kh\u00e1c c\u1ee7a Vi\u1ec7t Nam v\u00e0 \u0111\u1ecbnh k\u1ef3 \u0111\u01b0\u1ee3c c\u1eadp nh\u1eadt, ti\u1ebfp c\u1eadn \u0111\u01b0\u1ee3c v\u1edbi n\u1ed9i dung \u0111\u00e0o t\u1ea1o chuy\u00ean ng\u00e0nh Qu\u1ea3n tr\u1ecb kinh doanh c\u1ee7a m\u1ed9t s\u1ed1 tr\u01b0\u1eddng \u0111\u1ea1i h\u1ecdc c\u00f3 uy t\u00edn tr\u00ean th\u1ebf gi\u1edbi. Do v\u1eady, ng\u01b0\u1eddi h\u1ecdc c\u00f3 th\u1ec3 ti\u1ebfp t\u1ee5c h\u1ecdc b\u1eadc h\u1ecdc cao h\u01a1n \u1edf c\u00e1c c\u01a1 s\u1edf \u0111\u00e0o t\u1ea1o kh\u00e1c trong v\u00e0 ngo\u00e0i n\u01b0\u1edbc.<\/span><\/p>\n<p><span style=\"font-family: arial, helvetica, sans-serif; color: #000000; font-size: 14pt;\"><strong>M\u1ee5c ti\u00eau chung <\/strong><\/span><\/p>\n<p style=\"padding-left: 30px; text-align: justify;\"><span style=\"font-weight: 400; font-family: arial, helvetica, sans-serif; font-size: 14pt; color: #000000;\">Ch\u01b0\u01a1ng tr\u00ecnh \u0111\u00e0o t\u1ea1o Th\u1ea1c s\u0129, C\u1eed nh\u00e2n ng\u00e0nh Qu\u1ea3n tr\u1ecb Kinh doanh, C\u1eed nh\u00e2n ng\u00e0nh Qu\u1ea3n tr\u1ecb Kinh doanh qu\u1ed1c t\u1ebf c\u1ee7a tr\u01b0\u1eddng \u0110\u1ea1i h\u1ecdc S\u00e0i G\u00f2n nh\u1eb1m h\u01b0\u1edbng \u0111\u1ebfn ng\u01b0\u1eddi h\u1ecdc, trau d\u1ed3i ph\u1ea9m ch\u1ea5t ch\u00ednh tr\u1ecb v\u00e0 \u0111\u1ea1o \u0111\u1ee9c kinh doanh; n\u1eafm v\u1eefng ki\u1ebfn th\u1ee9c c\u01a1 b\u1ea3n v\u00e0 chuy\u00ean s\u00e2u v\u1ec1 kinh t\u1ebf, x\u00e3 h\u1ed9i; v\u00e0 qu\u1ea3n tr\u1ecb ho\u1ea1t \u0111\u1ed9ng s\u1ea3n xu\u1ea5t kinh doanh c\u1ee7a m\u1ed9t t\u1ed5 ch\u1ee9c v\u1eadn h\u00e0nh theo c\u01a1 ch\u1ebf th\u1ecb tr\u01b0\u1eddng. Gi\u00fap ng\u01b0\u1eddi h\u1ecdc r\u00e8n luy\u1ec7n c\u00e1c ph\u1ea9m ch\u1ea5t c\u1ea7n c\u00f3 c\u1ee7a m\u1ed9t doanh nh\u00e2n, kh\u1ea3 n\u0103ng nh\u1eadn \u0111\u1ecbnh t\u00ecnh hu\u1ed1ng, kh\u1ea3 n\u0103ng x\u00e2y d\u1ef1ng v\u00e0 t\u1ed5 ch\u1ee9c th\u1ef1c hi\u1ec7n c\u00e1c k\u1ebf ho\u1ea1ch kinh doanh v\u00e0 kh\u1ea3 n\u0103ng ra quy\u1ebft \u0111\u1ecbnh \u0111\u1ec3 gi\u1ea3i quy\u1ebft c\u00e1c v\u1ea5n \u0111\u1ec1 ph\u00e1t sinh trong th\u1ef1c ti\u1ec5n kinh doanh; c\u00e1c k\u1ef9 n\u0103ng giao ti\u1ebfp, \u0111\u00e0m ph\u00e1n v\u00e0 quan h\u1ec7 v\u1edbi c\u00f4ng ch\u00fang.<\/span><\/p>\n<p style=\"padding-left: 30px; text-align: justify;\"><span style=\"font-weight: 400; font-family: arial, helvetica, sans-serif; font-size: 14pt; color: #000000;\">Sau khi t\u1ed1t nghi\u1ec7p sinh vi\u00ean c\u00f3 th\u1ec3 l\u00e0m vi\u1ec7c trong:<\/span><\/p>\n<p style=\"padding-left: 30px; text-align: justify;\"><span style=\"font-weight: 400; font-family: arial, helvetica, sans-serif; font-size: 14pt; color: #000000;\">\u2013 C\u00e1c t\u1ed5 ch\u1ee9c hay doanh nghi\u1ec7p n\u01b0\u1edbc ngo\u00e0i, nh\u00e0 n\u01b0\u1edbc, t\u01b0 nh\u00e2n<\/span><\/p>\n<p style=\"padding-left: 30px; text-align: justify;\"><span style=\"font-weight: 400; font-family: arial, helvetica, sans-serif; font-size: 14pt; color: #000000;\">\u2013 C\u00e1c doanh nghi\u1ec7p s\u1ea3n xu\u1ea5t, th\u01b0\u01a1ng m\u1ea1i d\u1ecbch v\u1ee5<\/span><\/p>\n<p style=\"padding-left: 30px; text-align: justify;\"><span style=\"font-weight: 400; font-family: arial, helvetica, sans-serif; font-size: 14pt; color: #000000;\">\u2013 C\u00f4ng t\u00e1c chuy\u00ean m\u00f4n li\u00ean quan \u0111\u1ebfn marketing, qu\u1ea3n tr\u1ecb ngu\u1ed3n nh\u00e2n l\u1ef1c, ho\u1ea1ch \u0111\u1ecbnh v\u00e0 tri\u1ec3n khai c\u00e1c ho\u1ea1t \u0111\u1ed9ng nh\u01b0 s\u1ea3n xu\u1ea5t, ch\u1ea5t l\u01b0\u1ee3ng<\/span><\/p>\n<p style=\"padding-left: 30px; text-align: justify;\"><span style=\"font-weight: 400; font-family: arial, helvetica, sans-serif; font-size: 14pt; color: #000000;\">\u2013 Qu\u1ea3n l\u00fd \u0111\u1ed9i nh\u00f3m, b\u1ed9 ph\u1eadn \u0111\u01a1n v\u1ecb<\/span><\/p>\n<p style=\"padding-left: 30px; text-align: justify;\"><span style=\"font-weight: 400; font-family: arial, helvetica, sans-serif; font-size: 14pt; color: #000000;\">\u2013 Gi\u1ea3ng d\u1ea1y, ti\u1ebfp t\u1ee5c nghi\u00ean c\u1ee9u, h\u1ecdc t\u1eadp ti\u1ebfp l\u00ean b\u1eadc cao h\u01a1n<\/span><\/p>\n<p style=\"padding-left: 30px; text-align: justify;\"><span style=\"font-weight: 400; font-family: arial, helvetica, sans-serif; font-size: 14pt; color: #000000;\">Khoa lu\u00f4n ph\u1ea5n \u0111\u1ea5u \u0111\u1ec3 x\u00e2y d\u1ef1ng m\u00f4i tr\u01b0\u1eddng \u0111\u00e0o t\u1ea1o, r\u00e8n luy\u1ec7n ch\u1ea5t l\u01b0\u1ee3ng v\u00e0 l\u00e0 s\u1ef1 l\u1ef1a ch\u1ecdn l\u00fd t\u01b0\u1edfng c\u1ee7a c\u00e1c b\u1ea1n sinh vi\u00ean hu v\u1ef1c mi\u1ec1n Nam n\u00f3i ri\u00eang v\u00e0 c\u1ea3 n\u01b0\u1edbc n\u00f3i chung.<\/span><\/p>\n<p><span style=\"font-family: arial, helvetica, sans-serif; color: #000000; font-size: 14pt;\"><strong>2.C\u01a0 C\u1ea4U T\u1ed4 CH\u1ee8C KHOA<\/strong><\/span><\/p>\n<ol>\n<li><span style=\"font-family: arial, helvetica, sans-serif; color: #000000; font-size: 14pt;\">Ban ch\u1ee7 nhi\u1ec7m khoa<\/span><\/li>\n<\/ol>\n<table border=\"1\" width=\"90%\">\n<tbody>\n<tr>\n<td width=\"312\">\n<p style=\"text-align: center;\"><span style=\"font-family: arial, helvetica, sans-serif; color: #000000; font-size: 14pt;\"><strong>H\u1ecd t\u00ean \u2013 Ch\u1ee9c v\u1ee5<\/strong><\/span><\/p>\n<\/td>\n<td width=\"288\">\n<p style=\"text-align: center;\"><span style=\"font-family: arial, helvetica, sans-serif; color: #000000; font-size: 14pt;\"><strong>L\u0129nh v\u1ef1c ph\u1ee5 tr\u00e1ch<\/strong><\/span><\/p>\n<\/td>\n<\/tr>\n<tr>\n<td width=\"312\">\n<p style=\"text-align: center;\"><span style=\"font-family: arial, helvetica, sans-serif; color: #000000; font-size: 14pt;\"><strong>TS. Nguy\u1ec5n Th\u1ecb Thanh B\u00ecnh<\/strong><\/span><\/p>\n<p style=\"text-align: center;\"><span style=\"font-family: arial, helvetica, sans-serif; color: #000000; font-size: 14pt;\"><strong>Ph\u00f3 Tr\u01b0\u1edfng Khoa Ph\u1ee5 tr\u00e1ch Khoa<\/strong><\/span><\/p>\n<\/td>\n<td width=\"288\">\n<p style=\"text-align: center;\"><span style=\"font-family: arial, helvetica, sans-serif; color: #000000; font-size: 14pt;\">Ph\u1ee5 tr\u00e1ch chung<\/span><\/p>\n<\/td>\n<\/tr>\n<\/tbody>\n<\/table>\n<ol start=\"2\">\n<li><span style=\"font-family: arial, helvetica, sans-serif; color: #000000; font-size: 14pt;\">Tr\u01b0\u1edfng c\u00e1c b\u1ed9 m\u00f4n<\/span><\/li>\n<\/ol>\n<table border=\"1\" width=\"90%\">\n<tbody>\n<tr>\n<td width=\"312\">\n<p style=\"text-align: center;\"><span style=\"font-family: arial, helvetica, sans-serif; color: #000000; font-size: 14pt;\"><strong>H\u1ecd t\u00ean \u2013 Ch\u1ee9c v\u1ee5<\/strong><\/span><\/p>\n<\/td>\n<td width=\"288\">\n<p style=\"text-align: center;\"><span style=\"font-family: arial, helvetica, sans-serif; color: #000000; font-size: 14pt;\"><strong>L\u0129nh v\u1ef1c ph\u1ee5 tr\u00e1ch<\/strong><\/span><\/p>\n<\/td>\n<\/tr>\n<tr>\n<td width=\"312\">\n<p style=\"text-align: center;\"><span style=\"font-family: arial, helvetica, sans-serif; color: #000000; font-size: 14pt;\"><strong>TS. L\u00ea Mai H\u1ea3i<\/strong><\/span><\/p>\n<p style=\"text-align: center;\"><span style=\"font-family: arial, helvetica, sans-serif; color: #000000; font-size: 14pt;\"><strong>Tr\u01b0\u1edfng b\u1ed9 m\u00f4n<\/strong><\/span><\/p>\n<\/td>\n<td width=\"288\">\n<p style=\"text-align: center;\"><span style=\"font-family: arial, helvetica, sans-serif; color: #000000; font-size: 14pt;\">Qu\u1ea3n tr\u1ecb v\u00e0 Kinh doanh qu\u1ed1c t\u1ebf<\/span><\/p>\n<\/td>\n<\/tr>\n<tr>\n<td width=\"312\">\n<p style=\"text-align: center;\"><span style=\"font-family: arial, helvetica, sans-serif; color: #000000; font-size: 14pt;\"><strong>ThS. Nguy\u1ec5n Th\u1ecb T\u00fay Lan<\/strong><\/span><\/p>\n<p style=\"text-align: center;\"><span style=\"font-family: arial, helvetica, sans-serif; color: #000000; font-size: 14pt;\"><strong>Tr\u01b0\u1edfng b\u1ed9 m\u00f4n<\/strong><\/span><\/p>\n<\/td>\n<td width=\"288\">\n<p style=\"text-align: center;\"><span style=\"font-family: arial, helvetica, sans-serif; color: #000000; font-size: 14pt;\">Marketing<\/span><\/p>\n<\/td>\n<\/tr>\n<tr>\n<td width=\"312\">\n<p style=\"text-align: center;\"><span style=\"font-family: arial, helvetica, sans-serif; color: #000000; font-size: 14pt;\"><strong>TS. Nguy\u1ec5n Phan Thu H\u1eb1ng<\/strong><\/span><\/p>\n<p style=\"text-align: center;\"><span style=\"font-family: arial, helvetica, sans-serif; color: #000000; font-size: 14pt;\"><strong>Tr\u01b0\u1edfng b\u1ed9 m\u00f4n<\/strong><\/span><\/p>\n<\/td>\n<td width=\"288\">\n<p style=\"text-align: center;\"><span style=\"font-family: arial, helvetica, sans-serif; color: #000000; font-size: 14pt;\">C\u01a1 b\u1ea3n<\/span><\/p>\n<\/td>\n<\/tr>\n<\/tbody>\n<\/table>\n<p><span style=\"font-family: arial, helvetica, sans-serif; color: #000000; font-size: 14pt;\">V\u0103n ph\u00f2ng Khoa Qu\u1ea3n Tr\u1ecb Kinh Doanh &#8211; Tr\u01b0\u1eddng \u0110\u1ea1i h\u1ecdc S\u00e0i G\u00f2n \u0111\u1eb7t t\u1ea1i \u0111\u1ecba ch\u1ec9:<\/span><\/p>\n<p><span style=\"font-family: arial, helvetica, sans-serif; color: #000000; font-size: 14pt;\">&#8211; S\u1ed1 105 B\u00e0 Huy\u1ec7n Thanh Quan, Ph\u01b0\u1eddng 7, Qu\u1eadn 3, Tp. H\u1ed3 Ch\u00ed Minh. <\/span><\/p>\n<p><span style=\"font-family: arial, helvetica, sans-serif; color: #000000; font-size: 14pt;\">&#8211; \u0110i\u1ec7n tho\u1ea1i li\u00ean h\u1ec7: <strong>028.39325148<\/strong><\/span><\/p>\n<p><span style=\"font-family: arial, helvetica, sans-serif; color: #000000; font-size: 14pt;\">&#8211; Email: <a style=\"color: #000000;\" href=\"mailto:k_qtkd@sgu.edu.vn\">k_qtkd@sgu.edu.vn<\/a><\/span><\/p>\n<\/div><div class=\"fusion-clearfix\"><\/div>\n\n\t\t\t\t\t<\/div>\n\t\t\t\t<\/div><\/div><\/div>\n","protected":false},"excerpt":{"rendered":"","protected":false},"author":1,"featured_media":0,"parent":0,"menu_order":0,"comment_status":"closed","ping_status":"closed","template":"side-navigation.php","meta":[],"jetpack_sharing_enabled":true,"jetpack_shortlink":"https:\/\/wp.me\/PdgjhW-35y","_links":{"self":[{"href":"https:\/\/en.sgu.edu.vn\/vi\/wp-json\/wp\/v2\/pages\/11876"}],"collection":[{"href":"https:\/\/en.sgu.edu.vn\/vi\/wp-json\/wp\/v2\/pages"}],"about":[{"href":"https:\/\/en.sgu.edu.vn\/vi\/wp-json\/wp\/v2\/types\/page"}],"author":[{"embeddable":true,"href":"https:\/\/en.sgu.edu.vn\/vi\/wp-json\/wp\/v2\/users\/1"}],"replies":[{"embeddable":true,"href":"https:\/\/en.sgu.edu.vn\/vi\/wp-json\/wp\/v2\/comments?post=11876"}],"version-history":[{"count":9,"href":"https:\/\/en.sgu.edu.vn\/vi\/wp-json\/wp\/v2\/pages\/11876\/revisions"}],"predecessor-version":[{"id":17691,"href":"https:\/\/en.sgu.edu.vn\/vi\/wp-json\/wp\/v2\/pages\/11876\/revisions\/17691"}],"wp:attachment":[{"href":"https:\/\/en.sgu.edu.vn\/vi\/wp-json\/wp\/v2\/media?parent=11876"}],"curies":[{"name":"wp","href":"https:\/\/api.w.org\/{rel}","templated":true}]}}