{"id":11884,"date":"2016-09-30T07:41:38","date_gmt":"2016-09-30T07:41:38","guid":{"rendered":"http:\/\/edupath.co\/?page_id=11884"},"modified":"2019-05-13T14:38:29","modified_gmt":"2019-05-13T07:38:29","slug":"trung-tam-ngoai-ngu","status":"publish","type":"page","link":"https:\/\/en.sgu.edu.vn\/vi\/trung-tam-ngoai-ngu\/","title":{"rendered":"Trung t\u00e2m Ngo\u1ea1i ng\u1eef"},"content":{"rendered":"<div class=\"fusion-fullwidth fullwidth-box nonhundred-percent-fullwidth non-hundred-percent-height-scrolling\"  style='background-color: #ffffff;background-position: left top;background-repeat: no-repeat;padding-top:20px;padding-right:0px;padding-bottom:20px;padding-left:0px;border-top-width:0px;border-bottom-width:0px;border-color:#eae9e9;border-top-style:solid;border-bottom-style:solid;'><div class=\"fusion-builder-row fusion-row \"><div  class=\"fusion-layout-column fusion_builder_column fusion_builder_column_1_1  fusion-one-full fusion-column-first fusion-column-last 1_1\"  style='margin-top:0px;margin-bottom:20px;'>\n\t\t\t\t\t<div class=\"fusion-column-wrapper\" style=\"background-position:left top;background-repeat:no-repeat;-webkit-background-size:cover;-moz-background-size:cover;-o-background-size:cover;background-size:cover;\"  data-bg-url=\"\">\n\t\t\t\t\t\t<div class=\"fusion-title title fusion-title-size-one\" style=\"margin-top:0px;margin-bottom:30px;\"><h1 class=\"title-heading-left\"><p align=\"center\"><span style=\"font-size: 18pt;\"><strong><span style=\"color: #0000ff;\">TRUNG T\u00c2M NGO\u1ea0I NG\u1eee<br \/>\n<\/span><\/strong><\/span><\/p>\n<div align=\"center\"><span style=\"color: #009900; font-size: 18pt;\"><b>SAIGON UNIVERSITY<\/b><\/span><\/div>\n<div align=\"center\"><span style=\"color: #009900; font-size: 18pt;\"><b>FOREIGN LANGUAGE CENTER<\/b><\/span><\/div><\/h1><div class=\"title-sep-container\"><div class=\"title-sep sep-double\" style=\"border-color:#e0dede;\"><\/div><\/div><\/div><ul class=\"fusion-checklist fusion-checklist-1\" style=\"font-size:13px;line-height:22.1px;\"><li class=\"fusion-li-item\"><span style=\"background-color:#a0ce4e;font-size:11.44px;height:22.1px;width:22.1px;margin-right:9.1px;\" class=\"icon-wrapper circle-yes\"><i class=\"fusion-li-icon fa fa-check\" style=\"color:#ffffff;\"><\/i><\/span><div class=\"fusion-li-item-content\" style=\"margin-left:31.2px;\"><span style=\"font-family: helvetica, arial, sans-serif;\">Tel:08.38384288<\/span><\/div><\/li><li class=\"fusion-li-item\"><span style=\"background-color:#a0ce4e;font-size:11.44px;height:22.1px;width:22.1px;margin-right:9.1px;\" class=\"icon-wrapper circle-yes\"><i class=\"fusion-li-icon fa fa-check\" style=\"color:#ffffff;\"><\/i><\/span><div class=\"fusion-li-item-content\" style=\"margin-left:31.2px;\"><span style=\"font-family: helvetica, arial, sans-serif;\"><b>Email:<\/b> <u><\/u><u><a href=\"mailto:tt_ngoaingu@sgu.edu.vn\">tt_ngoaingu@sgu.edu.vn<\/a><\/u><\/span><\/div><\/li><\/ul><div class=\"fusion-text\"><div id=\"load_content\">\n<div align=\"center\">\n<div>\n<ul>\n<li style=\"text-align: left;\"><strong><span style=\"font-family: helvetica, arial, sans-serif;\">Trung t\u00e2m Ngo\u1ea1i ng\u1eef \u0111\u01b0\u1ee3c th\u00e0nh l\u1eadp v\u00e0 ho\u1ea1t \u0111\u1ed9ng t\u1eeb ng\u00e0y 01\/08\/2007 theo quy\u1ebft \u0111\u1ecbnh s\u1ed1 175\/\u0110HSG \u2013 TC.<\/span><\/strong><\/li>\n<li style=\"text-align: left;\"><strong><span style=\"font-family: helvetica, arial, sans-serif;\">Trung t\u00e2m Ngo\u1ea1i ng\u1eef tr\u01b0\u1eddng \u0110H S\u00e0i G\u00f2n l\u00e0 \u0111\u01a1n v\u1ecb s\u1ef1 nghi\u1ec7p c\u00f3 thu, c\u00f3 t\u01b0 c\u00e1ch ph\u00e1p nh\u00e2n, c\u00f3 con d\u1ea5u v\u00e0 c\u00f3 t\u00e0i kho\u1ea3n t\u1ea1i c\u00e1c ng\u00e2n h\u00e0ng, kho b\u1ea1c nh\u00e0 n\u01b0\u1edbc.<\/span><\/strong><\/li>\n<li style=\"text-align: left;\"><strong><span style=\"font-family: helvetica, arial, sans-serif;\">Trung t\u00e2m Ngo\u1ea1i ng\u1eef \u0110\u1ea1i H\u1ecdc S\u00e0i G\u00f2n ho\u1ea1t \u0111\u1ed9ng theo quy ch\u1ebf t\u1ed5 ch\u1ee9c v\u00e0 ho\u1ea1t \u0111\u1ed9ng c\u00f9a Trung t\u00e2m Ngo\u1ea1i ng\u1eef &#8211; Tin H\u1ecdc, \u0111\u01b0\u1ee3c ban h\u00e0nh theo quy\u1ebft \u0111\u1ecbnh s\u1ed1 31\/2007\/Q\u0110 \u2013 BGD\u0110T ng\u00e0y 04\/06\/2007 c\u1ee7a B\u1ed9 tr\u01b0\u1edfng B\u1ed9 Gi\u00e1o d\u1ee5c v\u00e0 \u0110\u00e0o t\u1ea1o.<\/span><\/strong><\/li>\n<\/ul>\n<\/div>\n<\/div>\n<\/div>\n<\/div><ul class=\"fusion-checklist fusion-checklist-2\" style=\"font-size:13px;line-height:22.1px;\"><li class=\"fusion-li-item\"><span style=\"background-color:#a0ce4e;font-size:11.44px;height:22.1px;width:22.1px;margin-right:9.1px;\" class=\"icon-wrapper circle-yes\"><i class=\"fusion-li-icon fa fa-check\" style=\"color:#ffffff;\"><\/i><\/span><div class=\"fusion-li-item-content\" style=\"margin-left:31.2px;\">\n<div id=\"load_content\">\n<div align=\"center\">\n<div>\n<p style=\"text-align: left;\"><span style=\"font-family: helvetica, arial, sans-serif;\">Nhi\u1ec7m v\u1ee5<\/span><\/p>\n<\/div>\n<\/div>\n<\/div>\n<\/div><\/li><\/ul><div class=\"fusion-text\"><div id=\"load_content\">\n<div align=\"center\">\n<div>\n<blockquote>\n<ul type=\"circle\">\n<li>\n<p style=\"text-align: left;\"><span style=\"font-family: helvetica, arial, sans-serif;\">T\u1ed5 ch\u1ee9c s\u1eafp x\u1ebfp, gi\u1ea3ng d\u1ea1y v\u00e0 c\u1ea5p ch\u1ee9ng ch\u1ec9 ngo\u1ea1i ng\u1eef cho m\u1ecdi \u0111\u1ed1i t\u01b0\u1ee3ng, \u0111\u1eb7c bi\u1ec7t l\u00e0 sinh vi\u00ean c\u1ee7a tr\u01b0\u1eddng \u0110\u1ea1i H\u1ecdc S\u00e0i G\u00f2n v\u00e0 c\u00e1c gi\u00e1o vi\u00ean c\u00e1c tr\u01b0\u1eddng trong th\u00e0nh ph\u1ed1 c\u00f3 nhu c\u1ea7u n\u00e2ng cao kh\u1ea3 n\u0103ng ngo\u1ea1i ng\u1eef.<\/span><\/p>\n<\/li>\n<\/ul>\n<\/blockquote>\n<\/div>\n<div>\n<blockquote>\n<ul type=\"circle\">\n<li>\n<p style=\"text-align: left;\"><span style=\"font-family: helvetica, arial, sans-serif;\">Thi\u1ebft k\u1ebf ch\u01b0\u01a1ng tr\u00ecnh gi\u1ea3ng d\u1ea1y v\u00e0 tham m\u01b0u cho Ban Gi\u00e1m Hi\u1ec7u v\u1ec1 m\u1ecdi c\u00f4ng t\u00e1c, ho\u1ea1t \u0111\u1ed9ng li\u00ean quan \u0111\u1ebfn ngo\u1ea1i ng\u1eef.<\/span><\/p>\n<\/li>\n<\/ul>\n<\/blockquote>\n<\/div>\n<\/div>\n<\/div>\n<\/div><div class=\"fusion-text\"><p style=\"text-align: center;\"><span style=\"font-family: helvetica, arial, sans-serif; color: #0000ff;\">Gi\u00e1m \u0111\u1ed1c <\/span><\/p>\n<p style=\"text-align: center;\"><span style=\"font-family: helvetica, arial, sans-serif; color: #0000ff;\">H\u1ed2 V\u0102N B\u00ccNH<\/span><\/p>\n<p style=\"text-align: center;\"><span style=\"font-family: helvetica, arial, sans-serif;\"><img decoding=\"async\" loading=\"lazy\" class=\"alignnone wp-image-12379 size-full\" src=\"http:\/\/en.sgu.edu.vn\/wp-content\/uploads\/2016\/09\/Thay_Binh_TTNN.jpg\" alt=\"\" width=\"150\" height=\"190\" \/><\/span><\/p>\n<p style=\"text-align: center;\"><span style=\"font-family: helvetica, arial, sans-serif; color: #0000ff;\">TH\u1ea0C S\u0128 GI\u1ea2NG D\u1ea0Y TI\u1ebeNG ANH<\/span><\/p>\n<div id=\"load_content\">\n<div align=\"center\">\n<div align=\"center\"><span style=\"font-family: helvetica, arial, sans-serif;\">Email: <u><\/u><u><a href=\"mailto:vanbinh_ho@sgu.edu.vn\">vanbinh_ho@sgu.edu.vn<\/a><\/u><\/span><\/div>\n<\/div>\n<\/div>\n<\/div><div class=\"fusion-clearfix\"><\/div>\n\n\t\t\t\t\t<\/div>\n\t\t\t\t<\/div><\/div><\/div>\n","protected":false},"excerpt":{"rendered":"","protected":false},"author":1,"featured_media":0,"parent":0,"menu_order":0,"comment_status":"closed","ping_status":"closed","template":"","meta":[],"jetpack_sharing_enabled":true,"jetpack_shortlink":"https:\/\/wp.me\/PdgjhW-35G","_links":{"self":[{"href":"https:\/\/en.sgu.edu.vn\/vi\/wp-json\/wp\/v2\/pages\/11884"}],"collection":[{"href":"https:\/\/en.sgu.edu.vn\/vi\/wp-json\/wp\/v2\/pages"}],"about":[{"href":"https:\/\/en.sgu.edu.vn\/vi\/wp-json\/wp\/v2\/types\/page"}],"author":[{"embeddable":true,"href":"https:\/\/en.sgu.edu.vn\/vi\/wp-json\/wp\/v2\/users\/1"}],"replies":[{"embeddable":true,"href":"https:\/\/en.sgu.edu.vn\/vi\/wp-json\/wp\/v2\/comments?post=11884"}],"version-history":[{"count":2,"href":"https:\/\/en.sgu.edu.vn\/vi\/wp-json\/wp\/v2\/pages\/11884\/revisions"}],"predecessor-version":[{"id":19513,"href":"https:\/\/en.sgu.edu.vn\/vi\/wp-json\/wp\/v2\/pages\/11884\/revisions\/19513"}],"wp:attachment":[{"href":"https:\/\/en.sgu.edu.vn\/vi\/wp-json\/wp\/v2\/media?parent=11884"}],"curies":[{"name":"wp","href":"https:\/\/api.w.org\/{rel}","templated":true}]}}