{"id":11890,"date":"2016-09-30T07:44:09","date_gmt":"2016-09-30T00:44:09","guid":{"rendered":"http:\/\/edupath.co\/?page_id=11890"},"modified":"2016-12-23T17:20:23","modified_gmt":"2016-12-23T10:20:23","slug":"doan-thanh-nien","status":"publish","type":"page","link":"https:\/\/en.sgu.edu.vn\/vi\/doan-thanh-nien\/","title":{"rendered":"\u0110o\u00e0n Thanh Ni\u00ean"},"content":{"rendered":"<div class=\"fusion-fullwidth fullwidth-box nonhundred-percent-fullwidth non-hundred-percent-height-scrolling\"  style='background-color: #ffffff;background-position: left top;background-repeat: no-repeat;padding-top:20px;padding-right:0px;padding-bottom:20px;padding-left:0px;border-top-width:0px;border-bottom-width:0px;border-color:#eae9e9;border-top-style:solid;border-bottom-style:solid;'><div class=\"fusion-builder-row fusion-row \"><div  class=\"fusion-layout-column fusion_builder_column fusion_builder_column_1_1  fusion-one-full fusion-column-first fusion-column-last 1_1\"  style='margin-top:0px;margin-bottom:20px;'>\n\t\t\t\t\t<div class=\"fusion-column-wrapper\" style=\"background-position:left top;background-repeat:no-repeat;-webkit-background-size:cover;-moz-background-size:cover;-o-background-size:cover;background-size:cover;\"  data-bg-url=\"\">\n\t\t\t\t\t\t<div class=\"imageframe-align-center\"><span class=\"fusion-imageframe imageframe-none imageframe-1 hover-type-none\"><img decoding=\"async\" loading=\"lazy\" src=\"http:\/\/en.sgu.edu.vn\/wp-content\/uploads\/2016\/09\/13-1.jpg\" width=\"722\" height=\"122\" alt=\"\" title=\"13\" class=\"img-responsive wp-image-12465\" srcset=\"https:\/\/en.sgu.edu.vn\/wp-content\/uploads\/2016\/09\/13-1-200x34.jpg 200w, https:\/\/en.sgu.edu.vn\/wp-content\/uploads\/2016\/09\/13-1-400x68.jpg 400w, https:\/\/en.sgu.edu.vn\/wp-content\/uploads\/2016\/09\/13-1-600x101.jpg 600w, https:\/\/en.sgu.edu.vn\/wp-content\/uploads\/2016\/09\/13-1.jpg 722w\" sizes=\"(max-width: 800px) 100vw, 722px\" \/><\/span><\/div><div class=\"fusion-sep-clear\"><\/div><div class=\"fusion-separator fusion-full-width-sep sep-shadow\" style=\"background:radial-gradient(ellipse at 50% -50% , #0003c9 0px, rgba(255, 255, 255, 0) 80%) repeat scroll 0 0 rgba(0, 0, 0, 0);background:-webkit-radial-gradient(ellipse at 50% -50% , #0003c9 0px, rgba(255, 255, 255, 0) 80%) repeat scroll 0 0 rgba(0, 0, 0, 0);background:-moz-radial-gradient(ellipse at 50% -50% , #0003c9 0px, rgba(255, 255, 255, 0) 80%) repeat scroll 0 0 rgba(0, 0, 0, 0);background:-o-radial-gradient(ellipse at 50% -50% , #0003c9 0px, rgba(255, 255, 255, 0) 80%) repeat scroll 0 0 rgba(0, 0, 0, 0);margin-left: auto;margin-right: auto;margin-top:10px;margin-bottom:10px;\"><\/div><div class=\"fusion-title title fusion-title-size-two\" style=\"margin-top:0px;margin-bottom:30px;\"><h2 class=\"title-heading-left\"><span style=\"color: #000080;\"><strong><span style=\"font-family: arial, helvetica, sans-serif; font-size: 24pt;\">Gi\u1edbi thi\u1ec7u<\/span><\/strong><\/span><\/h2><div class=\"title-sep-container\"><div class=\"title-sep sep-double\" style=\"border-color:#eaeaea;\"><\/div><\/div><\/div><ul class=\"fusion-checklist fusion-checklist-1\" style=\"font-size:13px;line-height:22.1px;\"><li class=\"fusion-li-item\"><span style=\"background-color:#0003c9;font-size:11.44px;height:22.1px;width:22.1px;margin-right:9.1px;\" class=\"icon-wrapper circle-yes\"><i class=\"fusion-li-icon fa fa-check\" style=\"color:#ffffff;\"><\/i><\/span><div class=\"fusion-li-item-content\" style=\"margin-left:31.2px;\"><span style=\"font-family: arial, helvetica, sans-serif; font-size: 12pt; color: #000000;\"><strong><span style=\"color: #000080;\">\u0110i\u1ec7n tho\u1ea1i:<\/span> <\/strong><span style=\"color: #ff0000;\"><strong>(84-8) 3.8.381.861<\/strong><\/span><\/span><\/div><\/li><li class=\"fusion-li-item\"><span style=\"background-color:#0003c9;font-size:11.44px;height:22.1px;width:22.1px;margin-right:9.1px;\" class=\"icon-wrapper circle-yes\"><i class=\"fusion-li-icon fa fa-check\" style=\"color:#ffffff;\"><\/i><\/span><div class=\"fusion-li-item-content\" style=\"margin-left:31.2px;\"><span style=\"font-family: arial, helvetica, sans-serif; font-size: 12pt;\"><span style=\"color: #000080;\"><b>Fax:<\/b><\/span><b> <\/b><span style=\"color: #ff0000;\"><strong>(84-8) 3.8.305.568<\/strong><\/span><\/span><\/div><\/li><li class=\"fusion-li-item\"><span style=\"background-color:#0003c9;font-size:11.44px;height:22.1px;width:22.1px;margin-right:9.1px;\" class=\"icon-wrapper circle-yes\"><i class=\"fusion-li-icon fa fa-check\" style=\"color:#ffffff;\"><\/i><\/span><div class=\"fusion-li-item-content\" style=\"margin-left:31.2px;\"><span style=\"font-family: arial, helvetica, sans-serif; font-size: 12pt;\"><span style=\"color: #000080;\"><b>\u0110\u1ecba ch\u1ec9 Email:<\/b><\/span><b> <\/b><span style=\"color: #0000ff;\"><strong><a style=\"color: #0000ff;\" href=\"mailto:doantn@sgu.edu.vn\">doantn@sgu.edu.vn<\/a><\/strong><\/span><\/span><\/div><\/li><\/ul><div class=\"fusion-clearfix\"><\/div>\n\n\t\t\t\t\t<\/div>\n\t\t\t\t<\/div><div  class=\"fusion-layout-column fusion_builder_column fusion_builder_column_1_1  fusion-one-full fusion-column-first fusion-column-last 1_1\"  style='margin-top:0px;margin-bottom:20px;'>\n\t\t\t\t\t<div class=\"fusion-column-wrapper\" style=\"background-position:left top;background-repeat:no-repeat;-webkit-background-size:cover;-moz-background-size:cover;-o-background-size:cover;background-size:cover;\"  data-bg-url=\"\">\n\t\t\t\t\t\t<div class=\"fusion-text\"><p><span style=\"font-family: arial, helvetica, sans-serif; font-size: 14pt; color: #000080;\"><strong>I &#8211; Nhi\u1ec7m v\u1ee5<\/strong><strong>: <\/strong><\/span><\/p>\n<p><span style=\"font-family: arial, helvetica, sans-serif; font-size: 12pt; color: #000000;\">T\u1ed5 ch\u1ee9c \u0110o\u00e0n Thanh ni\u00ean &#8211; H\u1ed9i Sinh vi\u00ean \u0110\u1ea1i H\u1ecdc S\u00e0i G\u00f2n \u0111\u1eb7t d\u01b0\u1edbi s\u1ef1 l\u00e3nh \u0111\u1ea1o v\u00e0 ch\u1ec9 \u0111\u1ea1o tr\u1ef1c ti\u1ebfp c\u1ee7a \u0110\u1ea3ng \u1ee7y tr\u01b0\u1eddng \u0110\u1ea1i h\u1ecdc S\u00e0i G\u00f2n; BCH Th\u00e0nh \u0110o\u00e0n v\u00e0 Ban Th\u01b0 k\u00fd H\u1ed9i sinh vi\u00ean TP H\u1ed3 Ch\u00ed Minh; c\u00f3 nhi\u1ec7m v\u1ee5 ch\u0103m lo, b\u1ea3o v\u1ec7 c\u00e1c quy\u1ec1n l\u1ee3i ch\u00ednh \u0111\u00e1ng, h\u1ee3p ph\u00e1p c\u1ee7a \u0110o\u00e0n vi\u00ean, sinh vi\u00ean; t\u1ea1o m\u00f4i tr\u01b0\u1eddng ph\u1ea5n \u0111\u1ea5u trong h\u1ecdc t\u1eadp v\u00e0 r\u00e8n luy\u1ec7n cho \u0110o\u00e0n vi\u00ean, sinh vi\u00ean th\u00f4ng qua c\u00e1c c\u00f4ng t\u00e1c gi\u00e1o d\u1ee5c, c\u00e1c ho\u1ea1t \u0111\u1ed9ng phong tr\u00e0o v\u00e0 c\u00e1c ch\u01b0\u01a1ng tr\u00ecnh h\u00e0nh \u0111\u1ed9ng.<\/span><\/p>\n<p><span style=\"font-family: arial, helvetica, sans-serif; color: #000080; font-size: 14pt;\"><strong>II &#8211; Th\u00e0nh t\u00edch cao nh\u1ea5t:<\/strong><\/span><\/p>\n<p><span style=\"font-family: arial, helvetica, sans-serif; font-size: 12pt; color: #000000;\"> &#8211; L\u00e1 c\u1edd \u0111\u1ea7u phong tr\u00e0o \u0110o\u00e0n ng\u00e0nh gi\u00e1o d\u1ee5c Th\u00e0nh ph\u1ed1 H\u1ed3 Ch\u00ed Minh.<\/span><\/p>\n<p><span style=\"font-family: arial, helvetica, sans-serif; font-size: 12pt; color: #000000;\"> &#8211; B\u1eb1ng khen Trung \u01af\u01a1ng \u0110o\u00e0n v\u1ec1 c\u00f4ng t\u00e1c \u0110o\u00e0n.<\/span><\/p>\n<p><span style=\"font-family: arial, helvetica, sans-serif; font-size: 12pt; color: #000000;\"> &#8211; B\u1eb1ng khen c\u1ee7a UBND TP. H\u1ed3 Ch\u00ed Minh v\u1ec1 c\u00f4ng t\u00e1c \u0110o\u00e0n.<\/span><\/p>\n<p><span style=\"font-family: arial, helvetica, sans-serif; font-size: 12pt; color: #000000;\"> &#8211; B\u1eb1ng khen c\u1ee7a UBND T\u1ec9nh Tr\u00e0 Vinh v\u00e0 B\u1ebfn Tre v\u1ec1 chi\u1ebfn d\u1ecbch M\u00f9a H\u00e8 Xanh.<\/span><\/p>\n<p><span style=\"font-family: arial, helvetica, sans-serif; font-size: 12pt; color: #000000;\"> &#8211; \u0110\u01a1n v\u1ecb ho\u1ea1t \u0111\u1ed9ng \u0110o\u00e0n xu\u1ea5t s\u1eafc 2003-2004.<\/span><\/p>\n<table class=\"aligncenter\" style=\"width: 642px; border-color: #000000;\" border=\"1px\">\n<tbody>\n<tr>\n<td style=\"width: 216px;\"><span style=\"font-family: arial, helvetica, sans-serif; font-size: 12pt; color: #000000;\"><strong> H\u1ecd t\u00ean <\/strong><\/span><\/td>\n<td style=\"width: 197.526px;\"><span style=\"font-family: arial, helvetica, sans-serif; font-size: 12pt; color: #000000;\"><strong>Ch\u1ee9c v\u1ee5<\/strong><\/span><\/td>\n<td style=\"width: 233.474px;\"><span style=\"font-family: arial, helvetica, sans-serif; font-size: 12pt; color: #000000;\"><strong>Email<\/strong><\/span><\/td>\n<\/tr>\n<tr>\n<td style=\"width: 216px; text-align: left;\"><span style=\"font-family: arial, helvetica, sans-serif; font-size: 12pt; color: #000000;\"> Nguy\u1ec5n Th\u1ecb Minh Ch\u00e2u<\/span><\/td>\n<td style=\"width: 197.526px;\"><span style=\"font-family: arial, helvetica, sans-serif; font-size: 12pt; color: #000000;\"> B\u00ed th\u01b0 \u0110o\u00e0n Tr\u01b0\u1eddng<\/span><\/td>\n<td style=\"width: 233.474px; text-align: left;\"><span style=\"font-family: arial, helvetica, sans-serif; font-size: 12pt; color: #0000ff;\"> <a style=\"color: #0000ff;\" href=\"mailto:doantn@sgu.edu.vn\">doantn@sgu.edu.vn<\/a><\/span><\/td>\n<\/tr>\n<tr>\n<td style=\"width: 216px; text-align: left;\"><span style=\"font-family: arial, helvetica, sans-serif; font-size: 12pt; color: #000000;\"> La Thanh H\u00f9ng<\/span><\/td>\n<td style=\"width: 197.526px;\"><span style=\"font-family: arial, helvetica, sans-serif; font-size: 12pt; color: #000000;\"> Ch\u1ee7 t\u1ecbch H\u1ed9i sinh vi\u00ean<\/span><\/td>\n<td style=\"width: 233.474px; text-align: left;\"><span style=\"font-family: arial, helvetica, sans-serif; font-size: 12pt; color: #0000ff;\"> <a style=\"color: #0000ff;\" href=\"mailto:dhsaigon@hoisinhvien.vn\">dhsaigon@hoisinhvien.vn<\/a><\/span><\/td>\n<\/tr>\n<\/tbody>\n<\/table>\n<p><span style=\"font-family: arial, helvetica, sans-serif; font-size: 14pt; color: #000080;\"><strong>III &#8211; C\u00e1c ho\u1ea1t \u0111\u1ed9ng n\u1ed5i b\u1eadt<\/strong><strong>:<\/strong><\/span><\/p>\n<ol>\n<li><span style=\"font-family: arial, helvetica, sans-serif; font-size: 12pt; color: #000000;\"><strong><span style=\"color: #000080;\">C\u00f4ng t\u00e1c gi\u00e1o d\u1ee5c ch\u00ednh tr\u1ecb t\u01b0 t\u01b0\u1edfng<\/span><\/strong>, gi\u00e1o d\u1ee5c truy\u1ec1n th\u1ed1ng, l\u1ed1i s\u1ed1ng v\u00e0 gi\u00e1o d\u1ee5c \u00fd th\u1ee9c ph\u00e1p lu\u1eadt cho \u0110o\u00e0n vi\u00ean sinh vi\u00ean \u0111\u01b0\u1ee3c \u0110o\u00e0n &#8211; H\u1ed9i Thanh ni\u00ean quan t\u00e2m ch\u1ec9 \u0111\u1ea1o trong c\u00e1c ng\u00e0y l\u1ec5 l\u1edbn, c\u00e1c \u0111\u1ee3t sinh ho\u1ea1t ch\u00ednh tr\u1ecb, c\u00e1c phong tr\u00e0o thi \u0111ua \u0111\u1ec3 t\u1ed5 ch\u1ee9c ho\u1ea1t \u0111\u1ed9ng v\u1edbi nhi\u1ec1u h\u00ecnh th\u1ee9c phong ph\u00fa, s\u00e1ng t\u1ea1o, t\u1ea1o \u0111i\u1ec1u ki\u1ec7n thu\u1eadn l\u1ee3i \u0111\u1ec3 \u0110o\u00e0n vi\u00ean &#8211; sinh vi\u00ean r\u00e8n luy\u1ec7n, ph\u1ea5n \u0111\u1ea5u tr\u01b0\u1edfng th\u00e0nh: <em>Di\u1ec5n \u0111\u00e0n \u201cNghe TN n\u00f3i \u2013 n\u00f3i TN nghe\u201d, \u201c\u0110\u1ea3ng v\u00e0 t\u00f4i\u201d, \u201cN\u00f3i kh\u00f4ng v\u1edbi ti\u00eau c\u1ef1c trong thi c\u1eed v\u00e0 b\u1ec7nh th\u00e0nh t\u00edch trong gi\u00e1o d\u1ee5c\u201d, \u201c\u0110o\u00e0n \u2013 d\u1ea5u \u1ea5n \u0111\u1eb9p trong t\u00f4i\u201d, \u201cLu\u1eadt Thanh ni\u00ean \u2013 \u0111i\u1ec1u t\u00f4i t\u00e2m \u0111\u1eafc\u201d, \u201cNh\u1eadt k\u00fd l\u00e0m theo l\u1eddi B\u00e1c\u201d, \u201cH\u00e3y v\u1ec1 nh\u00e0 an to\u00e0n\u201d, \u201cH\u1ed9i thi sinh vi\u00ean l\u00e1i xe an to\u00e0n\u201d, <\/em>c\u00e1c tu\u1ea7n l\u1ec5 sinh ho\u1ea1t c\u00f4ng d\u00e2n \u0111\u1ea7u kho\u00e1 h\u1ecdc, c\u00e1c b\u00e0i l\u00ed lu\u1eadn ch\u00ednh tr\u1ecb cho \u0110o\u00e0n vi\u00ean\u2026<\/span><\/li>\n<li><strong><span style=\"font-family: arial, helvetica, sans-serif; font-size: 12pt; color: #000080;\"> C\u00e1c ho\u1ea1t \u0111\u1ed9ng phong tr\u00e0o: <\/span><\/strong>\n<div><span style=\"color: #000000;\"><span style=\"font-family: arial, helvetica, sans-serif; font-size: 12pt;\">2<\/span><span style=\"font-family: arial, helvetica, sans-serif; font-size: 12pt;\">.1.T\u1ed5 ch\u1ee9c th\u01b0\u1eddng xuy\u00ean c\u00e1c ho\u1ea1t \u0111\u1ed9ng khuy\u1ebfn h\u1ecdc, khuy\u1ebfn t\u00e0i, h\u1ed7 tr\u1ee3 h\u1ecdc t\u1eadp, nghi\u00ean c\u1ee9u khoa h\u1ecdc, \u0111\u1ecbnh h\u01b0\u1edbng ngh\u1ec1 nghi\u1ec7p cho \u0110o\u00e0n vi\u00ean sinh vi\u00ean, \u0111\u00e1p \u1ee9ng nhu c\u1ea7u, nguy\u1ec7n v\u1ecdng, g\u00f3p ph\u1ea7n gi\u00fap \u0110o\u00e0n vi\u00ean sinh vi\u00ean t\u0103ng c\u01b0\u1eddng b\u1ea3n l\u0129nh v\u00e0 x\u00e1c \u0111\u1ecbnh l\u00fd t\u01b0\u1edfng ngh\u1ec1 nghi\u1ec7p: <i>H\u1ed9i thi Nghi\u1ec7p v\u1ee5 S\u01b0 ph\u1ea1m, H\u1ed9i th\u1ea3o ph\u01b0\u01a1ng ph\u00e1p h\u1ecdc t\u1ed1t, kinh nghi\u1ec7m th\u1ef1c t\u1eadp S\u01b0 ph\u1ea1m, <\/i><i>t\u1ed5 ch\u1ee9c c\u00e1c ti\u1ebft gi\u1ea3ng m\u1eabu, CLB h\u1ecdc thu\u1eadt,<\/i>c\u00e1c di\u1ec5n \u0111\u00e0n \u0111\u1ecbnh h\u01b0\u1edbng v\u1ec1 l\u00f2ng y\u00eau ng\u00e0nh y\u00eau ngh\u1ec1 nh\u01b0:<i> <\/i><i>\u201cTr\u01b0\u1eddng Cao \u0110\u1eb3ng S\u01b0 Ph\u1ea1m c\u1ee7a t\u00f4i\u201d, \u201cNg\u01b0\u1eddi Ph\u1ee5 n\u1eef t\u00f4i y\u00eau\u201d, <\/i><i>b\u00ecnh ch\u1ecdn <\/i><i>\u201c30 g\u01b0\u01a1ng m\u1eb7t sinh vi\u00ean ti\u00eau bi\u1ec3u\u201d <\/i>nh\u00e2n k\u1ef7 ni\u1ec7m 30 n\u0103m th\u00e0nh l\u1eadp tr\u01b0\u1eddng<i>,<\/i> h\u1ecdc b\u1ed5ng cho<i> <\/i><i>\u201cC\u00e1n b\u1ed9 \u0110o\u00e0n h\u1ecdc t\u1eadp t\u1ed1t, c\u00f4ng t\u00e1c t\u1ed1t\u201d, <\/i>h\u1ecdc b\u1ed5ng cho<i> <\/i><i>\u201cSinh vi\u00ean v\u01b0\u1ee3t kh\u00f3 h\u1ecdc t\u1ed1t\u201d, <\/i><i>&#8220;T\u00ecm nh\u00e0 tr\u1ecd cho sinh vi\u00ean&#8221;<\/i>\u2026<\/span><\/span><\/div>\n<div><span style=\"font-family: arial, helvetica, sans-serif; font-size: 12pt; color: #000000;\"><br \/>\n2.2. T\u1ed5 ch\u1ee9c th\u01b0\u1eddng xuy\u00ean c\u00e1c ho\u1ea1t \u0111\u1ed9ng tham gia x\u00e2y d\u1ef1ng m\u1ed9i tr\u01b0\u1eddng gi\u00e1o d\u1ee5c l\u00e0nh m\u1ea1nh, ph\u00f2ng ch\u1ed1ng TNXH (sinh vi\u00ean cam k\u1ebft n\u00f3\u00ed kh\u00f4ng v\u1edbi ma tu\u00fd), cu\u1ed9c v\u1eadn \u0111\u1ed9ng \u201c<i>2 KH\u00d4NG<\/i>\u201d trong gi\u00e1o d\u1ee5c, thi c\u1eed \u2026 g\u00f3p ph\u1ea7n v\u00e0o vi\u1ec7c \u1ed5n \u0111\u1ecbnh t\u00ecnh h\u00ecnh ch\u00ednh tr\u1ecb v\u00e0 \u0111\u1ecbnh h\u01b0\u1edbng c\u00e1c gi\u00e1 tr\u1ecb th\u1ea9m m\u1ef9 trong \u0110o\u00e0n vi\u00ean sinh vi\u00ean, c\u00e1c ho\u1ea1t \u0111\u1ed9ng v\u0103n th\u1ec3 m\u1ef9 ch\u00e0o m\u1eebng c\u00e1c ng\u00e0y l\u1ec5 l\u1edbn, phong tr\u00e0o \u201c<i>Sinh vi\u00ean 3 t\u1ed1t<\/i>\u201d, gi\u1ea3i th\u01b0\u1edfng Sao Th\u00e1ng Gi\u00eang<i>\u2026<\/i><\/span><\/div>\n<div><span style=\"font-family: arial, helvetica, sans-serif; font-size: 12pt; color: #000000;\"><br \/>\n2.3. C\u00e1c ho\u1ea1t \u0111\u1ed9ng t\u00ecnh nguy\u1ec7n chung s\u1ee9c c\u00f9ng c\u1ed9ng \u0111\u1ed3ng, \u0111\u1ec1n \u01a1n \u0111\u00e1p ngh\u0129a, u\u1ed1ng n\u01b0\u1edbc nh\u1edb ngu\u1ed3n, hi\u1ebfn m\u00e1u nh\u00e2n \u0111\u1ea1o ti\u1ebfp t\u1ee5c \u0111\u01b0\u1ee3c \u0111\u1ea9y m\u1ea1nh thu h\u00fat \u0111\u00f4ng \u0111\u1ea3o \u0110o\u00e0n vi\u00ean sinh vi\u00ean tham gia: c\u00e1c phong tr\u00e0o \u201c<i>\u0110\u1ecba ch\u1ec9 m\u00f9a xu\u00e2n\u201d<\/i>,<i> \u201cVui trung thu v\u1edbi tr\u1ebb em ngh\u00e8o\u201d<\/i>, Ch\u01b0\u01a1ng tr\u00ecnh \u201c<i>Nh\u00e0 b\u00fap b\u00ea<\/i>\u201d, ph\u1ee5ng d\u01b0\u1ee1ng M\u1eb9 Vi\u1ec7t Nam anh h\u00f9ng, th\u0103m gia \u0111\u00ecnh ch\u00ednh s\u00e1ch, chi\u1ebfn d\u1ecbch t\u00ecnh nguy\u1ec7n M\u00f9a H\u00e8 Xanh, x\u00e2y d\u1ef1ng Nh\u00e0 t\u00ecnh th\u01b0\u01a1ng\u2026<\/span><\/div>\n<\/li>\n<li><span style=\"font-family: arial, helvetica, sans-serif; font-size: 12pt; color: #000000;\"><span style=\"color: #000080;\"><strong>C\u00f4ng t\u00e1c x\u00e2y d\u1ef1ng \u0110o\u00e0n, ph\u00e1t tri\u1ec3n H\u1ed9i Sinh vi\u00ean<\/strong><\/span>, \u0110o\u00e0n tham gia x\u00e2y d\u1ef1ng \u0110\u1ea3ng li\u00ean t\u1ee5c \u0111\u01b0\u1ee3c \u0111\u1ea9y m\u1ea1nh: 100% SV n\u0103m I gia nh\u1eadp t\u1ed5 ch\u1ee9c H\u1ed9i sinh vi\u00ean, 100% sinh vi\u00ean ra tr\u01b0\u1eddng l\u00e0 \u0110o\u00e0n vi\u00ean, t\u1ed5 ch\u1ee9c ho\u1eb7c tham gia H\u1ed9i thi C\u00e1n b\u1ed9 \u0110o\u00e0n Gi\u1ecfi c\u00e1c c\u1ea5p, Li\u00ean hoan C\u00e1n b\u1ed9 \u0110o\u00e0n, th\u00e0nh l\u1eadp T\u1ed5 tu d\u01b0\u1ee1ng l\u00e0 n\u01a1i sinh ho\u1ea1t v\u00e0 r\u00e8n luy\u1ec7n cho c\u00e1c b\u1ea1n \u0110o\u00e0n vi\u00ean thu\u1ed9c di\u1ec7n C\u1ea3m t\u00ecnh \u0110\u1ea3ng, gi\u1edbi thi\u1ec7u \u0110o\u00e0n vi\u00ean \u01b0u t\u00fa cho \u0110\u1ea3ng\u2026 <\/span><\/li>\n<\/ol>\n<\/div><div class=\"fusion-clearfix\"><\/div>\n\n\t\t\t\t\t<\/div>\n\t\t\t\t<\/div><div  class=\"fusion-layout-column fusion_builder_column fusion_builder_column_1_1  fusion-one-full fusion-column-first fusion-column-last 1_1\"  style='margin-top:0px;margin-bottom:20px;'>\n\t\t\t\t\t<div class=\"fusion-column-wrapper\" style=\"background-position:left top;background-repeat:no-repeat;-webkit-background-size:cover;-moz-background-size:cover;-o-background-size:cover;background-size:cover;\"  data-bg-url=\"\">\n\t\t\t\t\t\t<div class=\"fusion-text\"><div style=\"text-align: center;\"><span style=\"font-family: arial, helvetica, sans-serif; font-size: 12pt; color: #0000ff;\"><strong>M\u1ed9t s\u1ed1 h\u00ecnh \u1ea3nh ho\u1ea1t \u0111\u1ed9ng c\u1ee7a \u0110o\u00e0n &#8211; H\u1ed9i sinh vi\u00ean tr\u01b0\u1eddng \u0110\u1ea1i h\u1ecdc S\u00e0i G\u00f2n<\/strong><\/span><\/div>\n<\/div><div class=\"fusion-clearfix\"><\/div>\n\n\t\t\t\t\t<\/div>\n\t\t\t\t<\/div><div  class=\"fusion-layout-column fusion_builder_column fusion_builder_column_1_1  fusion-one-full fusion-column-first fusion-column-last 1_1\"  style='margin-top:0px;margin-bottom:20px;'>\n\t\t\t\t\t<div class=\"fusion-column-wrapper\" style=\"background-position:left top;background-repeat:no-repeat;-webkit-background-size:cover;-moz-background-size:cover;-o-background-size:cover;background-size:cover;\"  data-bg-url=\"\">\n\t\t\t\t\t\t<div class=\"fusion-text\"><p><span style=\"font-family: arial, helvetica, sans-serif; font-size: 12pt; color: #000000;\"><img decoding=\"async\" loading=\"lazy\" class=\"alignnone size-full wp-image-12456 aligncenter\" src=\"http:\/\/en.sgu.edu.vn\/wp-content\/uploads\/2016\/09\/a.jpg\" alt=\"a\" width=\"448\" height=\"336\" srcset=\"https:\/\/en.sgu.edu.vn\/wp-content\/uploads\/2016\/09\/a-200x150.jpg 200w, https:\/\/en.sgu.edu.vn\/wp-content\/uploads\/2016\/09\/a-300x225.jpg 300w, https:\/\/en.sgu.edu.vn\/wp-content\/uploads\/2016\/09\/a-400x300.jpg 400w, https:\/\/en.sgu.edu.vn\/wp-content\/uploads\/2016\/09\/a.jpg 448w\" sizes=\"(max-width: 448px) 100vw, 448px\" \/><\/span><\/p>\n<p style=\"text-align: center;\"><span style=\"font-family: arial, helvetica, sans-serif; font-size: 12pt; color: #000000;\"><strong>Tr\u1ea1i t\u1eadp hu\u1ea5n CB \u0110o\u00e0n &#8211; H\u1ed9i t\u1ea1i C\u1ea7n Gi\u1edd<\/strong><\/span><\/p>\n<p style=\"text-align: center;\"><span style=\"font-family: arial, helvetica, sans-serif; font-size: 12pt; color: #000000;\"><img decoding=\"async\" loading=\"lazy\" class=\"alignnone size-full wp-image-12457\" src=\"http:\/\/en.sgu.edu.vn\/wp-content\/uploads\/2016\/09\/c.jpg\" alt=\"c\" width=\"299\" height=\"448\" srcset=\"https:\/\/en.sgu.edu.vn\/wp-content\/uploads\/2016\/09\/c-200x300.jpg 200w, https:\/\/en.sgu.edu.vn\/wp-content\/uploads\/2016\/09\/c.jpg 299w\" sizes=\"(max-width: 299px) 100vw, 299px\" \/><\/span><\/p>\n<p style=\"text-align: center;\"><span style=\"font-family: arial, helvetica, sans-serif; font-size: 12pt; color: #000000;\"><strong>Hi\u1ebfn m\u00e1u nh\u00e2n \u0111\u1ea1o<\/strong><\/span><\/p>\n<p style=\"text-align: center;\"><span style=\"font-family: arial, helvetica, sans-serif; font-size: 12pt; color: #000000;\"><img decoding=\"async\" loading=\"lazy\" class=\"alignnone size-full wp-image-12458\" src=\"http:\/\/en.sgu.edu.vn\/wp-content\/uploads\/2016\/09\/d.jpg\" alt=\"d\" width=\"448\" height=\"336\" srcset=\"https:\/\/en.sgu.edu.vn\/wp-content\/uploads\/2016\/09\/d-200x150.jpg 200w, https:\/\/en.sgu.edu.vn\/wp-content\/uploads\/2016\/09\/d-300x225.jpg 300w, https:\/\/en.sgu.edu.vn\/wp-content\/uploads\/2016\/09\/d-400x300.jpg 400w, https:\/\/en.sgu.edu.vn\/wp-content\/uploads\/2016\/09\/d.jpg 448w\" sizes=\"(max-width: 448px) 100vw, 448px\" \/><\/span><\/p>\n<p style=\"text-align: center;\"><span style=\"font-family: arial, helvetica, sans-serif; font-size: 12pt; color: #000000;\"><strong>Sinh ho\u1ea1t chuy\u00ean \u0111\u1ec1 &#8221; T\u00ecnh y\u00eau h\u1ecdc \u0111\u01b0\u1eddng&#8221;<\/strong><\/span><\/p>\n<p style=\"text-align: center;\"><span style=\"font-family: arial, helvetica, sans-serif; font-size: 12pt; color: #000000;\"><img decoding=\"async\" loading=\"lazy\" class=\"alignnone size-full wp-image-12462\" src=\"http:\/\/en.sgu.edu.vn\/wp-content\/uploads\/2016\/09\/i.jpg\" alt=\"i\" width=\"448\" height=\"336\" srcset=\"https:\/\/en.sgu.edu.vn\/wp-content\/uploads\/2016\/09\/i-200x150.jpg 200w, https:\/\/en.sgu.edu.vn\/wp-content\/uploads\/2016\/09\/i-300x225.jpg 300w, https:\/\/en.sgu.edu.vn\/wp-content\/uploads\/2016\/09\/i-400x300.jpg 400w, https:\/\/en.sgu.edu.vn\/wp-content\/uploads\/2016\/09\/i.jpg 448w\" sizes=\"(max-width: 448px) 100vw, 448px\" \/><\/span><\/p>\n<p style=\"text-align: center;\"><span style=\"font-family: arial, helvetica, sans-serif; font-size: 12pt; color: #000000;\"><strong>L\u1ec5 ra qu\u00e2n M\u00f9a h\u00e8 xanh 2009 <\/strong> <\/span><\/p>\n<p style=\"text-align: center;\"><span style=\"font-family: arial, helvetica, sans-serif; font-size: 12pt; color: #000000;\"><img decoding=\"async\" loading=\"lazy\" class=\"alignnone size-full wp-image-12460\" src=\"http:\/\/en.sgu.edu.vn\/wp-content\/uploads\/2016\/09\/f1.jpg\" alt=\"f1\" width=\"448\" height=\"336\" srcset=\"https:\/\/en.sgu.edu.vn\/wp-content\/uploads\/2016\/09\/f1-200x150.jpg 200w, https:\/\/en.sgu.edu.vn\/wp-content\/uploads\/2016\/09\/f1-300x225.jpg 300w, https:\/\/en.sgu.edu.vn\/wp-content\/uploads\/2016\/09\/f1-400x300.jpg 400w, https:\/\/en.sgu.edu.vn\/wp-content\/uploads\/2016\/09\/f1.jpg 448w\" sizes=\"(max-width: 448px) 100vw, 448px\" \/><\/span><\/p>\n<p style=\"text-align: center;\"><span style=\"font-family: arial, helvetica, sans-serif; font-size: 12pt; color: #000000;\"><strong>H\u1ed9i tr\u1ea1i<\/strong><\/span><\/p>\n<p style=\"text-align: center;\"><span style=\"font-family: arial, helvetica, sans-serif; font-size: 12pt; color: #000000;\"><img decoding=\"async\" loading=\"lazy\" class=\"alignnone size-full wp-image-12453\" src=\"http:\/\/en.sgu.edu.vn\/wp-content\/uploads\/2016\/09\/12.jpg\" alt=\"12\" width=\"448\" height=\"336\" srcset=\"https:\/\/en.sgu.edu.vn\/wp-content\/uploads\/2016\/09\/12-200x150.jpg 200w, https:\/\/en.sgu.edu.vn\/wp-content\/uploads\/2016\/09\/12-300x225.jpg 300w, https:\/\/en.sgu.edu.vn\/wp-content\/uploads\/2016\/09\/12-400x300.jpg 400w, https:\/\/en.sgu.edu.vn\/wp-content\/uploads\/2016\/09\/12.jpg 448w\" sizes=\"(max-width: 448px) 100vw, 448px\" \/><\/span><\/p>\n<p style=\"text-align: center;\"><span style=\"font-family: arial, helvetica, sans-serif; font-size: 12pt; color: #000000;\"><strong>H\u1ed9i thi l\u00e1i xe an to\u00e0n<\/strong><\/span><\/p>\n<p style=\"text-align: center;\"><span style=\"font-family: arial, helvetica, sans-serif; font-size: 12pt; color: #000000;\"><img decoding=\"async\" loading=\"lazy\" class=\"alignnone size-full wp-image-12454\" src=\"http:\/\/en.sgu.edu.vn\/wp-content\/uploads\/2016\/09\/22.jpg\" alt=\"22\" width=\"448\" height=\"336\" srcset=\"https:\/\/en.sgu.edu.vn\/wp-content\/uploads\/2016\/09\/22-200x150.jpg 200w, https:\/\/en.sgu.edu.vn\/wp-content\/uploads\/2016\/09\/22-300x225.jpg 300w, https:\/\/en.sgu.edu.vn\/wp-content\/uploads\/2016\/09\/22-400x300.jpg 400w, https:\/\/en.sgu.edu.vn\/wp-content\/uploads\/2016\/09\/22.jpg 448w\" sizes=\"(max-width: 448px) 100vw, 448px\" \/><\/span><\/p>\n<p style=\"text-align: center;\"><span style=\"font-family: arial, helvetica, sans-serif; font-size: 12pt; color: #000000;\"><strong>Sinh ho\u1ea1t v\u0103n ngh\u1ec7<\/strong><\/span><\/p>\n<p style=\"text-align: center;\"><span style=\"font-family: arial, helvetica, sans-serif; font-size: 12pt; color: #000000;\"><img decoding=\"async\" loading=\"lazy\" class=\"alignnone size-full wp-image-12455\" src=\"http:\/\/en.sgu.edu.vn\/wp-content\/uploads\/2016\/09\/31.jpg\" alt=\"31\" width=\"448\" height=\"336\" srcset=\"https:\/\/en.sgu.edu.vn\/wp-content\/uploads\/2016\/09\/31-200x150.jpg 200w, https:\/\/en.sgu.edu.vn\/wp-content\/uploads\/2016\/09\/31-300x225.jpg 300w, https:\/\/en.sgu.edu.vn\/wp-content\/uploads\/2016\/09\/31-400x300.jpg 400w, https:\/\/en.sgu.edu.vn\/wp-content\/uploads\/2016\/09\/31.jpg 448w\" sizes=\"(max-width: 448px) 100vw, 448px\" \/><\/span><\/p>\n<div style=\"text-align: center;\"><span style=\"font-family: arial, helvetica, sans-serif; font-size: 12pt; color: #000000;\"><strong>Sinh ho\u1ea1t v\u1edbi thi\u1ebfu nhi n\u00f4ng th\u00f4n<\/strong><\/span><\/div>\n<div style=\"text-align: center;\"><\/div>\n<div style=\"text-align: right;\"><span style=\"font-family: arial, helvetica, sans-serif; font-size: 12pt; color: #0000ff;\"><u><strong>BAN CH\u1ea4P H\u00c0NH \u0110O\u00c0N TN &#8211; H\u1ed8I SV<\/strong><\/u><\/span><\/div>\n<\/div><div class=\"fusion-clearfix\"><\/div>\n\n\t\t\t\t\t<\/div>\n\t\t\t\t<\/div><\/div><\/div>\n","protected":false},"excerpt":{"rendered":"","protected":false},"author":1,"featured_media":0,"parent":0,"menu_order":0,"comment_status":"closed","ping_status":"closed","template":"side-navigation.php","meta":[],"jetpack_sharing_enabled":true,"jetpack_shortlink":"https:\/\/wp.me\/PdgjhW-35M","_links":{"self":[{"href":"https:\/\/en.sgu.edu.vn\/vi\/wp-json\/wp\/v2\/pages\/11890"}],"collection":[{"href":"https:\/\/en.sgu.edu.vn\/vi\/wp-json\/wp\/v2\/pages"}],"about":[{"href":"https:\/\/en.sgu.edu.vn\/vi\/wp-json\/wp\/v2\/types\/page"}],"author":[{"embeddable":true,"href":"https:\/\/en.sgu.edu.vn\/vi\/wp-json\/wp\/v2\/users\/1"}],"replies":[{"embeddable":true,"href":"https:\/\/en.sgu.edu.vn\/vi\/wp-json\/wp\/v2\/comments?post=11890"}],"version-history":[{"count":1,"href":"https:\/\/en.sgu.edu.vn\/vi\/wp-json\/wp\/v2\/pages\/11890\/revisions"}],"predecessor-version":[{"id":19098,"href":"https:\/\/en.sgu.edu.vn\/vi\/wp-json\/wp\/v2\/pages\/11890\/revisions\/19098"}],"wp:attachment":[{"href":"https:\/\/en.sgu.edu.vn\/vi\/wp-json\/wp\/v2\/media?parent=11890"}],"curies":[{"name":"wp","href":"https:\/\/api.w.org\/{rel}","templated":true}]}}