{"id":11894,"date":"2016-09-30T07:46:59","date_gmt":"2016-09-30T07:46:59","guid":{"rendered":"http:\/\/edupath.co\/?page_id=11894"},"modified":"2019-04-04T11:08:13","modified_gmt":"2019-04-04T04:08:13","slug":"tram-y-te","status":"publish","type":"page","link":"https:\/\/en.sgu.edu.vn\/vi\/tram-y-te\/","title":{"rendered":"Tr\u1ea1m y t\u1ebf"},"content":{"rendered":"<div class=\"fusion-fullwidth fullwidth-box nonhundred-percent-fullwidth non-hundred-percent-height-scrolling\"  style='background-color: #ffffff;background-position: left top;background-repeat: no-repeat;padding-top:20px;padding-right:0px;padding-bottom:20px;padding-left:0px;border-top-width:0px;border-bottom-width:0px;border-color:#eae9e9;border-top-style:solid;border-bottom-style:solid;'><div class=\"fusion-builder-row fusion-row \"><div  class=\"fusion-layout-column fusion_builder_column fusion_builder_column_1_1  fusion-one-full fusion-column-first fusion-column-last 1_1\"  style='margin-top:0px;margin-bottom:20px;'>\n\t\t\t\t\t<div class=\"fusion-column-wrapper\" style=\"background-position:left top;background-repeat:no-repeat;-webkit-background-size:cover;-moz-background-size:cover;-o-background-size:cover;background-size:cover;\"  data-bg-url=\"\">\n\t\t\t\t\t\t<div class=\"fusion-title title fusion-title-center fusion-title-size-two\" style=\"margin-top:0px;margin-bottom:30px;\"><div class=\"title-sep-container title-sep-container-left\"><div class=\"title-sep sep-double\" style=\"border-color:#cccccc;\"><\/div><\/div><h2 class=\"title-heading-center\"><p style=\"text-align: center;\"><span style=\"font-family: arial, helvetica, sans-serif; font-size: 24pt; color: #000080;\"><strong>Tr\u1ea1m Y T\u1ebf<\/strong><\/span><\/p><\/h2><div class=\"title-sep-container title-sep-container-right\"><div class=\"title-sep sep-double\" style=\"border-color:#cccccc;\"><\/div><\/div><\/div><ul class=\"fusion-checklist fusion-checklist-1\" style=\"font-size:13px;line-height:22.1px;\"><li class=\"fusion-li-item\"><span style=\"background-color:#0003c9;font-size:11.44px;height:22.1px;width:22.1px;margin-right:9.1px;\" class=\"icon-wrapper circle-yes\"><i class=\"fusion-li-icon fa fa-chevron-right\" style=\"color:#ffffff;\"><\/i><\/span><div class=\"fusion-li-item-content\" style=\"margin-left:31.2px;\"><span style=\"font-family: arial, helvetica, sans-serif; font-size: 12pt;\"><span style=\"color: #000080;\"><strong>\u0110i\u1ec7n tho\u1ea1i:<\/strong><\/span> <span style=\"color: #ff0000;\">9.231142<\/span><\/span><\/div><\/li><li class=\"fusion-li-item\"><span style=\"background-color:#0003c9;font-size:11.44px;height:22.1px;width:22.1px;margin-right:9.1px;\" class=\"icon-wrapper circle-yes\"><i class=\"fusion-li-icon fa fa-chevron-right\" style=\"color:#ffffff;\"><\/i><\/span><div class=\"fusion-li-item-content\" style=\"margin-left:31.2px;\"><span style=\"font-family: arial, helvetica, sans-serif; font-size: 12pt;\"><span style=\"color: #000080;\"><strong>Email:<\/strong><\/span> <span style=\"color: #0000ff;\"><a style=\"color: #0000ff;\" href=\"mailto:yte@sgu.edu.vn\">yte@sgu.edu.vn<\/a><\/span><\/span><\/div><\/li><li class=\"fusion-li-item\"><span style=\"background-color:#0003c9;font-size:11.44px;height:22.1px;width:22.1px;margin-right:9.1px;\" class=\"icon-wrapper circle-yes\"><i class=\"fusion-li-icon fa fa-check\" style=\"color:#ffffff;\"><\/i><\/span><div class=\"fusion-li-item-content\" style=\"margin-left:31.2px;\"><span style=\"font-family: arial, helvetica, sans-serif; font-size: 12pt; color: #000080;\"><b>Nhi\u1ec7m v\u1ee5:<\/b><\/span><\/div><\/li><\/ul><div class=\"fusion-text\"><ul>\n<li><span style=\"font-family: arial, helvetica, sans-serif; font-size: 12pt; color: #000000;\">Ch\u0103m s\u00f3c s\u1ee9c kh\u1ecfe ban \u0111\u1ea7u, s\u01a1 c\u1ea5p c\u1ee9u, chuy\u1ec3n tuy\u1ebfn k\u1ef9 thu\u1eadt cho CB, GV, CNV v\u00e0 SV, HS thu\u1ed9c tr\u01b0\u1eddng \u0110H S\u00e0i G\u00f2n.<\/span><\/li>\n<li><span style=\"font-family: arial, helvetica, sans-serif; font-size: 12pt; color: #000000;\">T\u1ed5 ch\u1ee9c kh\u00e1m s\u1ee9c kh\u1ecfe \u0111\u1ecbnh k\u1ef3 h\u00e0ng n\u0103m \u0111\u1ed1i v\u1edbi CB, GV, CNV \u0111\u1ec3 theo d\u00f5i v\u00e0 c\u00f3 c\u00e1c \u0111\u1ec1 xu\u1ea5t k\u1ecbp th\u1eddi.<\/span><\/li>\n<li><span style=\"font-family: arial, helvetica, sans-serif; font-size: 12pt; color: #000000;\">T\u1ed5 ch\u1ee9c kh\u00e1m s\u1ee9c kh\u1ecfe cho SV m\u1edbi nh\u1eadp h\u1ecdc v\u00e0 SV chu\u1ea9n b\u1ecb ra tr\u01b0\u1eddng<\/span><\/li>\n<li><span style=\"font-family: arial, helvetica, sans-serif; font-size: 12pt; color: #000000;\">C\u00f9ng ph\u1ed1i h\u1ee3p v\u1edbi c\u00e1c Ban, Ph\u00f2ng ch\u1ee9c n\u0103ng v\u00e0 \u0111\u1ecba ph\u01b0\u01a1ng trong c\u00f4ng t\u00e1c v\u1ec7 sinh ngo\u1ea1i c\u1ea3nh, v\u1ec7 sinh ph\u00f2ng d\u1ecbch t\u1ea1i tr\u01b0\u1eddng v\u00e0 c\u00e1c \u0111\u01a1n v\u1ecb thu\u1ed9c tr\u01b0\u1eddng.<\/span><\/li>\n<\/ul>\n<\/div><ul class=\"fusion-checklist fusion-checklist-2\" style=\"font-size:13px;line-height:22.1px;\"><li class=\"fusion-li-item\"><span style=\"background-color:#0003c9;font-size:11.44px;height:22.1px;width:22.1px;margin-right:9.1px;\" class=\"icon-wrapper circle-yes\"><i class=\"fusion-li-icon fa fa-check\" style=\"color:#ffffff;\"><\/i><\/span><div class=\"fusion-li-item-content\" style=\"margin-left:31.2px;\"><span style=\"font-family: arial, helvetica, sans-serif; font-size: 12pt; color: #000080;\"><b>Nh\u1eefng th\u00e0nh t\u00edch \u0111\u00e3 \u0111\u1ea1t:<\/b><\/span><\/div><\/li><\/ul><div class=\"fusion-text\"><ul style=\"list-style-type: disc;\" type=\"circle\">\n<li><span style=\"font-family: arial, helvetica, sans-serif; font-size: 12pt; color: #000000;\">\u0110\u01a1n v\u1ecb \u0111\u1ea1t danh hi\u1ec7u lao \u0111\u1ed9ng ti\u00ean ti\u1ebfn c\u1ea5p tr\u01b0\u1eddng nhi\u1ec1u n\u0103m li\u1ec1n.<\/span><\/li>\n<\/ul>\n<\/div><ul class=\"fusion-checklist fusion-checklist-3\" style=\"font-size:13px;line-height:22.1px;\"><li class=\"fusion-li-item\"><span style=\"background-color:#0003c9;font-size:11.44px;height:22.1px;width:22.1px;margin-right:9.1px;\" class=\"icon-wrapper circle-yes\"><i class=\"fusion-li-icon fa fa-check\" style=\"color:#ffffff;\"><\/i><\/span><div class=\"fusion-li-item-content\" style=\"margin-left:31.2px;\"><span style=\"font-family: arial, helvetica, sans-serif; font-size: 12pt; color: #000080;\"><b>Danh s\u00e1ch c\u00e1n b\u1ed9, vi\u00ean ch\u1ee9c tr\u1ea1m Y t\u1ebf:<\/b><\/span><\/div><\/li><\/ul><div class=\"fusion-text\"><table id=\"table1\" border=\"1\" width=\"90%\" cellpadding=\"2\">\n<tbody>\n<tr style=\"height: 24px;\">\n<td style=\"background-color: #0003c9; width: 69px; height: 24px;\" align=\"center\"><span style=\"font-family: 'times new roman', times, serif; font-size: 12pt; color: #ffffff;\"><b>STT<\/b><\/span><\/td>\n<td style=\"background-color: #0003c9; width: 217px; height: 24px;\" align=\"center\"><span style=\"font-family: 'times new roman', times, serif; font-size: 12pt; color: #ffffff;\"><b>H\u1ecd v\u00e0 t\u00ean<\/b><\/span><\/td>\n<td style=\"background-color: #0003c9; width: 198px; height: 24px;\" align=\"center\"><span style=\"font-family: 'times new roman', times, serif; font-size: 12pt; color: #ffffff;\"><b>Tr\u00ecnh \u0111\u1ed9 chuy\u00ean m\u00f4n<\/b><\/span><\/td>\n<td style=\"background-color: #0003c9; width: 154px; height: 24px;\" align=\"center\"><span style=\"font-family: 'times new roman', times, serif; font-size: 12pt; color: #ffffff;\"><b>Ch\u1ee9c v\u1ee5<\/b><\/span><\/td>\n<td style=\"background-color: #0003c9; width: 149px; height: 24px;\" align=\"center\"><span style=\"font-family: 'times new roman', times, serif; font-size: 12pt; color: #ffffff;\"><b>N\u01a1i c\u00f4ng t\u00e1c<\/b><\/span><\/td>\n<\/tr>\n<tr style=\"height: 56px;\">\n<td style=\"width: 69px; height: 56px;\" align=\"center\"><span style=\"color: #000000; font-family: arial, helvetica, sans-serif; font-size: 12pt;\">1<\/span><\/td>\n<td style=\"width: 217px; height: 56px;\" align=\"center\"><span style=\"color: #000000; font-family: arial, helvetica, sans-serif; font-size: 12pt;\">Nguy\u1ec5n Th\u1ecb Ho\u00e0ng Oanh<\/span><\/td>\n<td style=\"width: 198px; height: 56px; text-align: center;\"><span style=\"color: #000000; font-size: 12pt; font-family: arial, helvetica, sans-serif;\">BS CKI<\/span><\/td>\n<td style=\"width: 154px; height: 56px;\" align=\"center\"><span style=\"color: #000000; font-family: arial, helvetica, sans-serif; font-size: 12pt;\">Tr\u01b0\u1edfng Tr\u1ea1m y t\u1ebf<\/span><\/td>\n<td style=\"width: 149px; height: 56px;\" align=\"center\"><span style=\"color: #000000; font-size: 12pt; font-family: arial, helvetica, sans-serif;\">C\u01a1 s\u1edf ch\u00ednh<\/span><\/td>\n<\/tr>\n<tr style=\"height: 24px;\">\n<td style=\"width: 69px; height: 24px;\" align=\"center\"><span style=\"color: #000000; font-size: 12pt; font-family: arial, helvetica, sans-serif;\">2<\/span><\/td>\n<td style=\"width: 217px; height: 24px;\" align=\"center\"><span style=\"font-size: 12pt; color: #000000; font-family: arial, helvetica, sans-serif;\">Nguy\u1ec5n Th\u1ebf D\u0169ng<\/span><\/td>\n<td style=\"width: 198px; text-align: center; height: 24px;\"><span style=\"font-family: arial, helvetica, sans-serif; font-size: 12pt;\">\u00a0Y t\u00e1<\/span><\/td>\n<td style=\"width: 154px; height: 24px;\" align=\"center\"><span style=\"font-size: 12pt; font-family: arial, helvetica, sans-serif;\">Nh\u00e2n vi\u00ean<\/span><\/td>\n<td style=\"width: 149px; height: 24px;\" align=\"center\"><span style=\"font-size: 12pt; font-family: arial, helvetica, sans-serif;\">C\u01a1 s\u1edf ch\u00ednh<\/span><\/td>\n<\/tr>\n<tr style=\"height: 24px;\">\n<td style=\"width: 69px; height: 24px;\" align=\"center\"><span style=\"color: #000000; font-size: 12pt; font-family: arial, helvetica, sans-serif;\">3<\/span><\/td>\n<td style=\"width: 217px; height: 24px;\" align=\"center\"><span style=\"color: #000000; font-size: 12pt; font-family: arial, helvetica, sans-serif;\">Tr\u1ea7n Th\u1ecb Ph\u01b0\u1ee3ng<\/span><\/td>\n<td style=\"width: 198px; height: 24px; text-align: center;\"><span style=\"font-family: arial, helvetica, sans-serif; font-size: 12pt;\">\u00a0D\u01b0\u1ee3c s\u0129 trung c\u1ea5p<\/span><\/td>\n<td style=\"width: 154px; height: 24px;\" align=\"center\"><span style=\"font-size: 12pt; font-family: arial, helvetica, sans-serif;\">Nh\u00e2n vi\u00ean<\/span><\/td>\n<td style=\"width: 149px; height: 24px;\" align=\"center\"><span style=\"font-size: 12pt; font-family: arial, helvetica, sans-serif;\">C\u01a1 s\u1edf ch\u00ednh<\/span><\/td>\n<\/tr>\n<tr style=\"height: 24px;\">\n<td style=\"width: 69px; height: 24px;\" align=\"center\"><span style=\"font-size: 12pt; color: #000000; font-family: arial, helvetica, sans-serif;\">4<\/span><\/td>\n<td style=\"width: 217px; height: 24px;\" align=\"center\"><span style=\"font-size: 12pt; color: #000000; font-family: arial, helvetica, sans-serif;\">Nguy\u1ec5n L\u00ea D\u1ea1 Ph\u01b0\u01a1ng<\/span><\/td>\n<td style=\"width: 198px; height: 24px; text-align: center;\"><span style=\"font-family: arial, helvetica, sans-serif; font-size: 12pt;\">\u00a0Y s\u0129<\/span><\/td>\n<td style=\"width: 154px; height: 24px;\" align=\"center\"><span style=\"font-size: 12pt; font-family: arial, helvetica, sans-serif;\">Nh\u00e2n vi\u00ean<\/span><\/td>\n<td style=\"width: 149px; height: 24px;\" align=\"center\"><span style=\"color: #000000; font-size: 12pt; font-family: arial, helvetica, sans-serif;\">C\u01a1 s\u1edf 1<\/span><\/td>\n<\/tr>\n<tr style=\"height: 24px;\">\n<td style=\"width: 69px; height: 24px;\" align=\"center\"><span style=\"color: #000000; font-size: 12pt; font-family: arial, helvetica, sans-serif;\">5<\/span><\/td>\n<td style=\"width: 217px; height: 24px;\" align=\"center\"><span style=\"font-size: 12pt; color: #000000; font-family: arial, helvetica, sans-serif;\">L\u00ea Th\u1ecb H\u1ea1nh<\/span><\/td>\n<td style=\"width: 198px; height: 24px; text-align: center;\"><span style=\"font-size: 12pt; font-family: arial, helvetica, sans-serif;\">\u00a0Y s\u0129<\/span><\/td>\n<td style=\"width: 154px; height: 24px;\" align=\"center\"><span style=\"font-size: 12pt; font-family: arial, helvetica, sans-serif;\">Nh\u00e2n vi\u00ean<\/span><\/td>\n<td style=\"width: 149px; height: 24px;\" align=\"center\"><span style=\"font-size: 12pt; font-family: arial, helvetica, sans-serif;\">C\u01a1 s\u1edf 3<\/span><\/td>\n<\/tr>\n<\/tbody>\n<\/table>\n<\/div><div class=\"fusion-clearfix\"><\/div>\n\n\t\t\t\t\t<\/div>\n\t\t\t\t<\/div><\/div><\/div>\n","protected":false},"excerpt":{"rendered":"","protected":false},"author":1,"featured_media":0,"parent":0,"menu_order":0,"comment_status":"closed","ping_status":"closed","template":"","meta":[],"jetpack_sharing_enabled":true,"jetpack_shortlink":"https:\/\/wp.me\/PdgjhW-35Q","_links":{"self":[{"href":"https:\/\/en.sgu.edu.vn\/vi\/wp-json\/wp\/v2\/pages\/11894"}],"collection":[{"href":"https:\/\/en.sgu.edu.vn\/vi\/wp-json\/wp\/v2\/pages"}],"about":[{"href":"https:\/\/en.sgu.edu.vn\/vi\/wp-json\/wp\/v2\/types\/page"}],"author":[{"embeddable":true,"href":"https:\/\/en.sgu.edu.vn\/vi\/wp-json\/wp\/v2\/users\/1"}],"replies":[{"embeddable":true,"href":"https:\/\/en.sgu.edu.vn\/vi\/wp-json\/wp\/v2\/comments?post=11894"}],"version-history":[{"count":3,"href":"https:\/\/en.sgu.edu.vn\/vi\/wp-json\/wp\/v2\/pages\/11894\/revisions"}],"predecessor-version":[{"id":19301,"href":"https:\/\/en.sgu.edu.vn\/vi\/wp-json\/wp\/v2\/pages\/11894\/revisions\/19301"}],"wp:attachment":[{"href":"https:\/\/en.sgu.edu.vn\/vi\/wp-json\/wp\/v2\/media?parent=11894"}],"curies":[{"name":"wp","href":"https:\/\/api.w.org\/{rel}","templated":true}]}}