{"id":12480,"date":"2016-10-02T08:10:39","date_gmt":"2016-10-02T08:10:39","guid":{"rendered":"http:\/\/edupath.co\/?page_id=12480"},"modified":"2016-12-23T17:20:21","modified_gmt":"2016-12-23T10:20:21","slug":"danh-sach-can-bo-giao-vien-khoa-su-pham-ky-thuat-nam-hoc-2010-2011","status":"publish","type":"page","link":"https:\/\/en.sgu.edu.vn\/vi\/danh-sach-can-bo-giao-vien-khoa-su-pham-ky-thuat-nam-hoc-2010-2011\/","title":{"rendered":"Danh s\u00e1ch c\u00e1n b\u1ed9 gi\u00e1o vi\u00ean khoa s\u01b0 ph\u1ea1m k\u1ef9 thu\u1eadt n\u0103m h\u1ecdc 2010 &#8211; 2011"},"content":{"rendered":"<div class=\"fusion-fullwidth fullwidth-box nonhundred-percent-fullwidth non-hundred-percent-height-scrolling\"  style='background-color: #ffffff;background-position: left top;background-repeat: no-repeat;padding-top:20px;padding-right:0px;padding-bottom:20px;padding-left:0px;border-top-width:0px;border-bottom-width:0px;border-color:#eae9e9;border-top-style:solid;border-bottom-style:solid;'><div class=\"fusion-builder-row fusion-row \"><div  class=\"fusion-layout-column fusion_builder_column fusion_builder_column_1_1  fusion-one-full fusion-column-first fusion-column-last 1_1\"  style='margin-top:0px;margin-bottom:20px;'>\n\t\t\t\t\t<div class=\"fusion-column-wrapper\" style=\"background-position:left top;background-repeat:no-repeat;-webkit-background-size:cover;-moz-background-size:cover;-o-background-size:cover;background-size:cover;\"  data-bg-url=\"\">\n\t\t\t\t\t\t<div class=\"fusion-text\"><table class=\"aligncenter\" border=\"1\" width=\"683\" cellspacing=\"0\" cellpadding=\"0\">\n<tbody>\n<tr>\n<td valign=\"top\" width=\"59\">\n<div align=\"center\"><span style=\"font-family: helvetica, arial, sans-serif;\"><b><span style=\"font-size: large;\">STT<\/span><\/b><\/span><\/div>\n<\/td>\n<td valign=\"top\" width=\"236\">\n<div align=\"center\"><span style=\"font-family: helvetica, arial, sans-serif;\"><b><span style=\"font-size: large;\">H\u1ecc T\u00caN CB-GV<\/span><\/b><\/span><\/div>\n<\/td>\n<td valign=\"top\" width=\"78\">\n<div align=\"center\"><span style=\"font-family: helvetica, arial, sans-serif;\"><b><span style=\"font-size: large;\">M\u00c3 CBCC<\/span><\/b><\/span><\/div>\n<\/td>\n<td valign=\"top\" width=\"78\">\n<div align=\"center\"><span style=\"font-family: helvetica, arial, sans-serif;\"><b><span style=\"font-size: large;\">H\u1eccC V\u1eca<\/span><\/b><\/span><\/div>\n<\/td>\n<td valign=\"top\" width=\"79\">\n<div align=\"center\"><span style=\"font-family: helvetica, arial, sans-serif;\"><b><span style=\"font-size: large;\">NG\u1ea0CH<\/span><\/b><\/span><\/div>\n<\/td>\n<td valign=\"top\" width=\"180\">\n<div align=\"center\"><span style=\"font-family: helvetica, arial, sans-serif;\"><b><span style=\"font-size: large;\"> GHI CH\u00da  <\/span><\/b><\/span><\/div>\n<\/td>\n<\/tr>\n<tr>\n<td colspan=\"6\" valign=\"top\" width=\"683\">\n<div><span style=\"font-family: helvetica, arial, sans-serif;\"><b><i>B\u1ed9 m\u00f4n K\u1ef8 THU\u1eacT C\u00d4NG NGHI\u1ec6P<\/i><\/b><\/span><\/div>\n<\/td>\n<\/tr>\n<tr>\n<td valign=\"top\" width=\"59\">\n<div><span style=\"font-size: large; font-family: helvetica, arial, sans-serif;\">01<\/span><\/div>\n<\/td>\n<td valign=\"top\" width=\"236\">\n<div><span style=\"font-size: large; font-family: helvetica, arial, sans-serif;\">V\u00f5 Duy L\u00e2n<\/span><\/div>\n<\/td>\n<td valign=\"top\" width=\"78\">\n<div><span style=\"font-size: large; font-family: helvetica, arial, sans-serif;\">10194<\/span><\/div>\n<\/td>\n<td valign=\"top\" width=\"78\">\n<div><span style=\"font-size: large; font-family: helvetica, arial, sans-serif;\">Th\u1ea1c s\u0129<\/span><\/div>\n<\/td>\n<td valign=\"top\" width=\"79\">\n<div><span style=\"font-size: large; font-family: helvetica, arial, sans-serif;\">GV<\/span><\/div>\n<\/td>\n<td valign=\"top\" width=\"155\">\n<div><span style=\"font-size: large; font-family: helvetica, arial, sans-serif;\">1956- Tr\u01b0\u1edfng khoa<\/span><\/div>\n<\/td>\n<\/tr>\n<tr>\n<td valign=\"top\" width=\"59\">\n<div><span style=\"font-size: large; font-family: helvetica, arial, sans-serif;\">02<\/span><\/div>\n<\/td>\n<td valign=\"top\" width=\"236\">\n<div><span style=\"font-size: large; font-family: helvetica, arial, sans-serif;\">Ch\u00e2u Ng\u1ecdc Th\u1ea1ch<\/span><\/div>\n<\/td>\n<td valign=\"top\" width=\"78\">\n<div><span style=\"font-size: large; font-family: helvetica, arial, sans-serif;\">10195<\/span><\/div>\n<\/td>\n<td valign=\"top\" width=\"78\">\n<div><span style=\"font-size: large; font-family: helvetica, arial, sans-serif;\">Th\u1ea1c s\u0129<\/span><\/div>\n<\/td>\n<td valign=\"top\" width=\"79\">\n<div><span style=\"font-size: large; font-family: helvetica, arial, sans-serif;\">GVC<\/span><\/div>\n<\/td>\n<td valign=\"top\" width=\"155\">\n<div><span style=\"font-size: large; font-family: helvetica, arial, sans-serif;\">1960- Ph\u00f3 khoa<\/span><\/div>\n<\/td>\n<\/tr>\n<tr>\n<td valign=\"top\" width=\"59\">\n<div><span style=\"font-size: large; font-family: helvetica, arial, sans-serif;\">03<\/span><\/div>\n<\/td>\n<td valign=\"top\" width=\"236\">\n<div><span style=\"font-size: large; font-family: helvetica, arial, sans-serif;\">Nguy\u1ec5n V\u0103n X\u00ea<\/span><\/div>\n<\/td>\n<td valign=\"top\" width=\"78\">\n<div><span style=\"font-size: large; font-family: helvetica, arial, sans-serif;\">10199<\/span><\/div>\n<\/td>\n<td valign=\"top\" width=\"78\">\n<div><span style=\"font-size: large; font-family: helvetica, arial, sans-serif;\">Th\u1ea1c s\u0129<\/span><\/div>\n<\/td>\n<td valign=\"top\" width=\"79\">\n<div><span style=\"font-size: large; font-family: helvetica, arial, sans-serif;\">GVC<\/span><\/div>\n<\/td>\n<td valign=\"top\" width=\"155\">\n<div><span style=\"font-size: large; font-family: helvetica, arial, sans-serif;\">1955- Tr\u01b0\u1edfng BM<\/span><\/div>\n<\/td>\n<\/tr>\n<tr>\n<td valign=\"top\" width=\"59\">\n<div><span style=\"font-size: large; font-family: helvetica, arial, sans-serif;\">04<\/span><\/div>\n<\/td>\n<td valign=\"top\" width=\"236\">\n<div><span style=\"font-size: large; font-family: helvetica, arial, sans-serif;\">Tr\u1ea7n Trung Anh D\u0169ng<\/span><\/div>\n<\/td>\n<td valign=\"top\" width=\"78\">\n<div><span style=\"font-size: large; font-family: helvetica, arial, sans-serif;\">10202<\/span><\/div>\n<\/td>\n<td valign=\"top\" width=\"78\">\n<div><span style=\"font-size: large; font-family: helvetica, arial, sans-serif;\">Th\u1ea1c s\u0129<\/span><\/div>\n<\/td>\n<td valign=\"top\" width=\"79\">\n<div><span style=\"font-size: large; font-family: helvetica, arial, sans-serif;\">GVC<\/span><\/div>\n<\/td>\n<td valign=\"top\" width=\"155\">\n<div><span style=\"font-size: large; font-family: helvetica, arial, sans-serif;\">1964<\/span><\/div>\n<\/td>\n<\/tr>\n<tr>\n<td valign=\"top\" width=\"59\">\n<div><span style=\"font-size: large; font-family: helvetica, arial, sans-serif;\">05<\/span><\/div>\n<\/td>\n<td valign=\"top\" width=\"236\">\n<div><span style=\"font-size: large; font-family: helvetica, arial, sans-serif;\">Nguy\u1ec5n Th\u1ecb Thu Nga<\/span><\/div>\n<\/td>\n<td valign=\"top\" width=\"78\">\n<div><span style=\"font-size: large; font-family: helvetica, arial, sans-serif;\">10209<\/span><\/div>\n<\/td>\n<td valign=\"top\" width=\"78\">\n<div><span style=\"font-size: large; font-family: helvetica, arial, sans-serif;\">Th\u1ea1c s\u0129<\/span><\/div>\n<\/td>\n<td valign=\"top\" width=\"79\">\n<div><span style=\"font-size: large; font-family: helvetica, arial, sans-serif;\">GV<\/span><\/div>\n<\/td>\n<td valign=\"top\" width=\"155\">\n<div><span style=\"font-size: large; font-family: helvetica, arial, sans-serif;\">1961- CVHT<\/span><\/div>\n<\/td>\n<\/tr>\n<tr>\n<td valign=\"top\" width=\"59\">\n<div><span style=\"font-size: large; font-family: helvetica, arial, sans-serif;\">06<\/span><\/div>\n<\/td>\n<td valign=\"top\" width=\"236\">\n<div><span style=\"font-size: large; font-family: helvetica, arial, sans-serif;\">H\u00e0n V\u00e2n Phong<\/span><\/div>\n<\/td>\n<td valign=\"top\" width=\"78\">\n<div><span style=\"font-size: large; font-family: helvetica, arial, sans-serif;\">10210<\/span><\/div>\n<\/td>\n<td valign=\"top\" width=\"78\">\n<div><span style=\"font-size: large; font-family: helvetica, arial, sans-serif;\">K\u1ef9 s\u01b0<\/span><\/div>\n<\/td>\n<td valign=\"top\" width=\"79\">\n<div><span style=\"font-size: large; font-family: helvetica, arial, sans-serif;\">GV<\/span><\/div>\n<\/td>\n<td valign=\"top\" width=\"155\">\n<div><span style=\"font-size: large; font-family: helvetica, arial, sans-serif;\">1951<\/span><\/div>\n<\/td>\n<\/tr>\n<tr>\n<td valign=\"top\" width=\"59\">\n<div><span style=\"font-size: large; font-family: helvetica, arial, sans-serif;\">07<\/span><\/div>\n<\/td>\n<td valign=\"top\" width=\"236\">\n<div><span style=\"font-size: large; font-family: helvetica, arial, sans-serif;\">Tr\u1ea7n V\u0103n B\u1ea3y<\/span><\/div>\n<\/td>\n<td valign=\"top\" width=\"78\">\n<div><span style=\"font-size: large; font-family: helvetica, arial, sans-serif;\">10200<\/span><\/div>\n<\/td>\n<td valign=\"top\" width=\"78\">\n<div><span style=\"font-size: large; font-family: helvetica, arial, sans-serif;\">K\u1ef9 s\u01b0<\/span><\/div>\n<\/td>\n<td valign=\"top\" width=\"79\">\n<div><span style=\"font-size: large; font-family: helvetica, arial, sans-serif;\">GV<\/span><\/div>\n<\/td>\n<td valign=\"top\" width=\"155\">\n<div><span style=\"font-size: large; font-family: helvetica, arial, sans-serif;\">1962 &#8211; CVHT<\/span><\/div>\n<\/td>\n<\/tr>\n<tr>\n<td valign=\"top\" width=\"59\">\n<div><span style=\"font-size: large; font-family: helvetica, arial, sans-serif;\">08<\/span><\/div>\n<\/td>\n<td valign=\"top\" width=\"236\">\n<div><span style=\"font-size: large; font-family: helvetica, arial, sans-serif;\">\u0110\u1ed7 Ph\u00fac<\/span><\/div>\n<\/td>\n<td valign=\"top\" width=\"78\">\n<div><span style=\"font-size: large; font-family: helvetica, arial, sans-serif;\">10211<\/span><\/div>\n<\/td>\n<td valign=\"top\" width=\"78\">\n<div><span style=\"font-size: large; font-family: helvetica, arial, sans-serif;\">K.S GD<\/span><\/div>\n<\/td>\n<td valign=\"top\" width=\"79\">\n<div><span style=\"font-size: large; font-family: helvetica, arial, sans-serif;\">GV<\/span><\/div>\n<\/td>\n<td valign=\"top\" width=\"155\">\n<div><span style=\"font-size: large; font-family: helvetica, arial, sans-serif;\">1955- Tr\u1ee3 l\u00fd VTM- CVHT<\/span><\/div>\n<\/td>\n<\/tr>\n<tr>\n<td valign=\"top\" width=\"59\">\n<div><span style=\"font-size: large; font-family: helvetica, arial, sans-serif;\">09<\/span><\/div>\n<\/td>\n<td valign=\"top\" width=\"236\">\n<div><span style=\"font-size: large; font-family: helvetica, arial, sans-serif;\">V\u0169 Th\u1ecb T\u01b0\u1eddng V\u00e2n<\/span><\/div>\n<\/td>\n<td valign=\"top\" width=\"78\">\n<div><span style=\"font-size: large; font-family: helvetica, arial, sans-serif;\">10216<\/span><\/div>\n<\/td>\n<td valign=\"top\" width=\"78\">\n<div><span style=\"font-size: large; font-family: helvetica, arial, sans-serif;\">Th\u1ea1c s\u0129<\/span><\/div>\n<\/td>\n<td valign=\"top\" width=\"79\">\n<div><span style=\"font-size: large; font-family: helvetica, arial, sans-serif;\">GVC<\/span><\/div>\n<\/td>\n<td valign=\"top\" width=\"155\">\n<div><span style=\"font-size: large; font-family: helvetica, arial, sans-serif;\">1959- Ph\u00f3 BM<\/span><\/div>\n<\/td>\n<\/tr>\n<tr>\n<td valign=\"top\" width=\"59\">\n<div><span style=\"font-size: large; font-family: helvetica, arial, sans-serif;\">10<\/span><\/div>\n<\/td>\n<td valign=\"top\" width=\"236\">\n<div><span style=\"font-size: large; font-family: helvetica, arial, sans-serif;\">Ch\u00e2u Th\u1ecb Kim Y\u1ebfn<\/span><\/div>\n<\/td>\n<td valign=\"top\" width=\"78\">\n<div><span style=\"font-size: large; font-family: helvetica, arial, sans-serif;\">10217<\/span><\/div>\n<\/td>\n<td valign=\"top\" width=\"78\">\n<div><span style=\"font-size: large; font-family: helvetica, arial, sans-serif;\">KS GD<\/span><\/div>\n<\/td>\n<td valign=\"top\" width=\"79\">\n<div><span style=\"font-size: large; font-family: helvetica, arial, sans-serif;\">GV<\/span><\/div>\n<\/td>\n<td valign=\"top\" width=\"155\">\n<div><span style=\"font-size: large; font-family: helvetica, arial, sans-serif;\">1959<\/span><\/div>\n<\/td>\n<\/tr>\n<tr>\n<td valign=\"top\" width=\"59\">\n<div><span style=\"font-size: large; font-family: helvetica, arial, sans-serif;\">11<\/span><\/div>\n<\/td>\n<td valign=\"top\" width=\"236\">\n<div><span style=\"font-size: large; font-family: helvetica, arial, sans-serif;\">Tr\u1ea7n Ng\u1ecdc C\u1ea9n<\/span><\/div>\n<\/td>\n<td valign=\"top\" width=\"78\">\n<div><span style=\"font-size: large; font-family: helvetica, arial, sans-serif;\">10201<\/span><\/div>\n<\/td>\n<td valign=\"top\" width=\"78\">\n<div><span style=\"font-size: large; font-family: helvetica, arial, sans-serif;\">Cao h\u1ecdc<\/span><\/div>\n<\/td>\n<td valign=\"top\" width=\"79\">\n<div><span style=\"font-size: large; font-family: helvetica, arial, sans-serif;\">GV<\/span><\/div>\n<\/td>\n<td valign=\"top\" width=\"155\">\n<div><span style=\"font-size: large; font-family: helvetica, arial, sans-serif;\">1965- Tr\u1ee3 l\u00fd \u0110T- CT C\u00f4ng \u0111o\u00e0n<\/span><\/div>\n<\/td>\n<\/tr>\n<tr>\n<td colspan=\"6\" valign=\"top\" width=\"683\">\n<div><span style=\"font-family: helvetica, arial, sans-serif;\"><b><i>B\u1ed9 m\u00f4n K\u1ef8 THU\u1eacT N\u00d4NG NGHI\u1ec6P<\/i><\/b><\/span><\/div>\n<\/td>\n<\/tr>\n<tr>\n<td valign=\"top\" width=\"59\">\n<div><span style=\"font-size: large; font-family: helvetica, arial, sans-serif;\">12<\/span><\/div>\n<\/td>\n<td valign=\"top\" width=\"236\">\n<div><span style=\"font-size: large; font-family: helvetica, arial, sans-serif;\">\u0110\u1ed7 Thanh T\u00e2m<\/span><\/div>\n<\/td>\n<td valign=\"top\" width=\"78\">\n<div><span style=\"font-size: large; font-family: helvetica, arial, sans-serif;\">10196<\/span><\/div>\n<\/td>\n<td valign=\"top\" width=\"78\">\n<div><span style=\"font-size: large; font-family: helvetica, arial, sans-serif;\">Th\u1ea1c s\u0129<\/span><\/div>\n<\/td>\n<td valign=\"top\" width=\"79\">\n<div><span style=\"font-size: large; font-family: helvetica, arial, sans-serif;\">GVC<\/span><\/div>\n<\/td>\n<td valign=\"top\" width=\"155\">\n<div><span style=\"font-size: large; font-family: helvetica, arial, sans-serif;\">1959- Tr\u01b0\u1edfng BM<\/span><\/div>\n<\/td>\n<\/tr>\n<tr>\n<td valign=\"top\" width=\"59\">\n<div><span style=\"font-size: large; font-family: helvetica, arial, sans-serif;\">13<\/span><\/div>\n<\/td>\n<td valign=\"top\" width=\"236\">\n<div><span style=\"font-size: large; font-family: helvetica, arial, sans-serif;\">\u0110\u00e0o Th\u1ecb Xu\u00e2n H\u01b0\u01a1ng<\/span><\/div>\n<\/td>\n<td valign=\"top\" width=\"78\">\n<div><span style=\"font-size: large; font-family: helvetica, arial, sans-serif;\">10205<\/span><\/div>\n<\/td>\n<td valign=\"top\" width=\"78\">\n<div><span style=\"font-size: large; font-family: helvetica, arial, sans-serif;\">Th\u1ea1c s\u0129<\/span><\/div>\n<\/td>\n<td valign=\"top\" width=\"79\">\n<div><span style=\"font-size: large; font-family: helvetica, arial, sans-serif;\">GVC<\/span><\/div>\n<\/td>\n<td valign=\"top\" width=\"155\">\n<div><span style=\"font-size: large; font-family: helvetica, arial, sans-serif;\">1961<\/span><\/div>\n<\/td>\n<\/tr>\n<tr>\n<td valign=\"top\" width=\"59\">\n<div><span style=\"font-size: large; font-family: helvetica, arial, sans-serif;\">14<\/span><\/div>\n<\/td>\n<td valign=\"top\" width=\"236\">\n<div><span style=\"font-size: large; font-family: helvetica, arial, sans-serif;\">L\u01b0u V\u0103n H\u1ed3ng<\/span><\/div>\n<\/td>\n<td valign=\"top\" width=\"78\">\n<div><span style=\"font-size: large; font-family: helvetica, arial, sans-serif;\">10203<\/span><\/div>\n<\/td>\n<td valign=\"top\" width=\"78\">\n<div><span style=\"font-size: large; font-family: helvetica, arial, sans-serif;\">K\u1ef9 s\u01b0<\/span><\/div>\n<\/td>\n<td valign=\"top\" width=\"79\">\n<div><span style=\"font-family: helvetica, arial, sans-serif;\"> <\/span><\/div>\n<\/td>\n<td valign=\"top\" width=\"155\">\n<div><span style=\"font-size: large; font-family: helvetica, arial, sans-serif;\">1958<\/span><\/div>\n<\/td>\n<\/tr>\n<tr>\n<td valign=\"top\" width=\"59\">\n<div><span style=\"font-size: large; font-family: helvetica, arial, sans-serif;\">15<\/span><\/div>\n<\/td>\n<td valign=\"top\" width=\"236\">\n<div><span style=\"font-size: large; font-family: helvetica, arial, sans-serif;\">Ph\u1ea1m Th\u1ecb \u00c1nh M\u1eabn<\/span><\/div>\n<\/td>\n<td valign=\"top\" width=\"78\">\n<div><span style=\"font-size: large; font-family: helvetica, arial, sans-serif;\">10207<\/span><\/div>\n<\/td>\n<td valign=\"top\" width=\"78\">\n<div><span style=\"font-size: large; font-family: helvetica, arial, sans-serif;\">Th\u1ea1c s\u0129<\/span><\/div>\n<\/td>\n<td valign=\"top\" width=\"79\">\n<div><span style=\"font-size: large; font-family: helvetica, arial, sans-serif;\">GVC<\/span><\/div>\n<\/td>\n<td valign=\"top\" width=\"155\">\n<div><span style=\"font-size: large; font-family: helvetica, arial, sans-serif;\">1960<\/span><\/div>\n<\/td>\n<\/tr>\n<tr>\n<td valign=\"top\" width=\"59\">\n<div><span style=\"font-size: large; font-family: helvetica, arial, sans-serif;\">16<\/span><\/div>\n<\/td>\n<td valign=\"top\" width=\"236\">\n<div><span style=\"font-size: large; font-family: helvetica, arial, sans-serif;\">Nguy\u1ec5n Thanh V\u00e2n<\/span><\/div>\n<\/td>\n<td valign=\"top\" width=\"78\">\n<div><span style=\"font-size: large; font-family: helvetica, arial, sans-serif;\">10214<\/span><\/div>\n<\/td>\n<td valign=\"top\" width=\"78\">\n<div><span style=\"font-size: large; font-family: helvetica, arial, sans-serif;\">Th\u1ea1c s\u0129<\/span><\/div>\n<\/td>\n<td valign=\"top\" width=\"79\">\n<div><span style=\"font-size: large; font-family: helvetica, arial, sans-serif;\">GVC<\/span><\/div>\n<\/td>\n<td valign=\"top\" width=\"155\">\n<div><span style=\"font-size: large; font-family: helvetica, arial, sans-serif;\">1963- CVHT<\/span><\/div>\n<\/td>\n<\/tr>\n<tr>\n<td valign=\"top\" width=\"59\">\n<div><span style=\"font-size: large; font-family: helvetica, arial, sans-serif;\">17<\/span><\/div>\n<\/td>\n<td valign=\"top\" width=\"236\">\n<div><span style=\"font-size: large; font-family: helvetica, arial, sans-serif;\">L\u00e2m Th\u1ecb Thu V\u00e2n<\/span><\/div>\n<\/td>\n<td valign=\"top\" width=\"78\">\n<div><span style=\"font-size: large; font-family: helvetica, arial, sans-serif;\">10213<\/span><\/div>\n<\/td>\n<td valign=\"top\" width=\"78\">\n<div><span style=\"font-size: large; font-family: helvetica, arial, sans-serif;\">Th\u1ea1c s\u0129<\/span><\/div>\n<\/td>\n<td valign=\"top\" width=\"79\">\n<div><span style=\"font-size: large; font-family: helvetica, arial, sans-serif;\">GV<\/span><\/div>\n<\/td>\n<td valign=\"top\" width=\"155\">\n<div><span style=\"font-size: large; font-family: helvetica, arial, sans-serif;\">1960<\/span><\/div>\n<\/td>\n<\/tr>\n<tr>\n<td colspan=\"6\" valign=\"top\" width=\"683\">\n<div><span style=\"font-family: helvetica, arial, sans-serif;\"><b><i>B\u1ed9 m\u00f4n KINH T\u1ebe GIA \u0110\u00ccNH<\/i><\/b><\/span><\/div>\n<\/td>\n<\/tr>\n<tr>\n<td valign=\"top\" width=\"59\">\n<div><span style=\"font-size: large; font-family: helvetica, arial, sans-serif;\">18<\/span><\/div>\n<\/td>\n<td valign=\"top\" width=\"236\">\n<div><span style=\"font-size: large; font-family: helvetica, arial, sans-serif;\">Nguy\u1ec5n Th\u1ecb Di\u1ec7u Th\u1ea3o<\/span><\/div>\n<\/td>\n<td valign=\"top\" width=\"78\">\n<div><span style=\"font-size: large; font-family: helvetica, arial, sans-serif;\">10212<\/span><\/div>\n<\/td>\n<td valign=\"top\" width=\"78\">\n<div><span style=\"font-size: large; font-family: helvetica, arial, sans-serif;\">Ti\u1ebfn s\u0129<\/span><\/div>\n<\/td>\n<td valign=\"top\" width=\"79\">\n<div><span style=\"font-size: large; font-family: helvetica, arial, sans-serif;\">GVC<\/span><\/div>\n<\/td>\n<td valign=\"top\" width=\"155\">\n<div><span style=\"font-size: large; font-family: helvetica, arial, sans-serif;\">1961- Tr\u01b0\u1edfng BM<\/span><\/div>\n<div><span style=\"font-size: large; font-family: helvetica, arial, sans-serif;\">Tr\u1ee3 l\u00fd NCKH<\/span><\/div>\n<\/td>\n<\/tr>\n<tr>\n<td valign=\"top\" width=\"59\">\n<div><span style=\"font-size: large; font-family: helvetica, arial, sans-serif;\">19<\/span><\/div>\n<\/td>\n<td valign=\"top\" width=\"236\">\n<div><span style=\"font-size: large; font-family: helvetica, arial, sans-serif;\">Nguy\u1ec5n Th\u1ecb C\u1ea9m V\u00e2n<\/span><\/div>\n<\/td>\n<td valign=\"top\" width=\"78\">\n<div><span style=\"font-size: large; font-family: helvetica, arial, sans-serif;\">10215<\/span><\/div>\n<\/td>\n<td valign=\"top\" width=\"78\">\n<div><span style=\"font-size: large; font-family: helvetica, arial, sans-serif;\">Th\u1ea1c s\u0129<\/span><\/div>\n<\/td>\n<td valign=\"top\" width=\"79\">\n<div><span style=\"font-size: large; font-family: helvetica, arial, sans-serif;\">GVC<\/span><\/div>\n<\/td>\n<td valign=\"top\" width=\"155\">\n<div><span style=\"font-size: large; font-family: helvetica, arial, sans-serif;\">1964<\/span><\/div>\n<\/td>\n<\/tr>\n<tr>\n<td valign=\"top\" width=\"59\">\n<div><span style=\"font-size: large; font-family: helvetica, arial, sans-serif;\">20<\/span><\/div>\n<\/td>\n<td valign=\"top\" width=\"236\">\n<div><span style=\"font-size: large; font-family: helvetica, arial, sans-serif;\">Phan Th\u1ecb Kh\u00e1nh An<\/span><\/div>\n<\/td>\n<td valign=\"top\" width=\"78\">\n<div><span style=\"font-size: large; font-family: helvetica, arial, sans-serif;\">10197<\/span><\/div>\n<\/td>\n<td valign=\"top\" width=\"78\">\n<div><span style=\"font-size: large; font-family: helvetica, arial, sans-serif;\">Th\u1ea1c s\u0129<\/span><\/div>\n<\/td>\n<td valign=\"top\" width=\"79\">\n<div><span style=\"font-size: large; font-family: helvetica, arial, sans-serif;\">GV<\/span><\/div>\n<\/td>\n<td valign=\"top\" width=\"155\">\n<div><span style=\"font-size: large; font-family: helvetica, arial, sans-serif;\">1963- CVHT<\/span><\/div>\n<\/td>\n<\/tr>\n<tr>\n<td valign=\"top\" width=\"59\">\n<div><span style=\"font-size: large; font-family: helvetica, arial, sans-serif;\">21<\/span><\/div>\n<\/td>\n<td valign=\"top\" width=\"236\">\n<div><span style=\"font-size: large; font-family: helvetica, arial, sans-serif;\">Phan Th\u1ecb Ng\u1ecdc Tuy\u1ebft<\/span><\/div>\n<\/td>\n<td valign=\"top\" width=\"78\">\n<div><span style=\"font-size: large; font-family: helvetica, arial, sans-serif;\">10198<\/span><\/div>\n<\/td>\n<td valign=\"top\" width=\"78\">\n<div><span style=\"font-size: large; font-family: helvetica, arial, sans-serif;\">Th\u1ea1c s\u0129<\/span><\/div>\n<\/td>\n<td valign=\"top\" width=\"79\">\n<div><span style=\"font-size: large; font-family: helvetica, arial, sans-serif;\">GV<\/span><\/div>\n<\/td>\n<td valign=\"top\" width=\"155\">\n<div><span style=\"font-size: large; font-family: helvetica, arial, sans-serif;\">1960- CVHT<\/span><\/div>\n<\/td>\n<\/tr>\n<tr>\n<td valign=\"top\" width=\"59\">\n<div><span style=\"font-size: large; font-family: helvetica, arial, sans-serif;\">22<\/span><\/div>\n<\/td>\n<td valign=\"top\" width=\"236\">\n<div><span style=\"font-size: large; font-family: helvetica, arial, sans-serif;\">\u0110\u1ed7 Th\u1ecb Nga<\/span><\/div>\n<\/td>\n<td valign=\"top\" width=\"78\">\n<div><span style=\"font-size: large; font-family: helvetica, arial, sans-serif;\">10208<\/span><\/div>\n<\/td>\n<td valign=\"top\" width=\"78\">\n<div><span style=\"font-size: large; font-family: helvetica, arial, sans-serif;\">K\u1ef9 s\u01b0<\/span><\/div>\n<\/td>\n<td valign=\"top\" width=\"79\">\n<div><span style=\"font-size: large; font-family: helvetica, arial, sans-serif;\">GV<\/span><\/div>\n<\/td>\n<td valign=\"top\" width=\"155\">\n<div><span style=\"font-size: large; font-family: helvetica, arial, sans-serif;\">1956<\/span><\/div>\n<\/td>\n<\/tr>\n<tr>\n<td valign=\"top\" width=\"59\">\n<div><span style=\"font-size: large; font-family: helvetica, arial, sans-serif;\">23<\/span><\/div>\n<\/td>\n<td valign=\"top\" width=\"236\">\n<div><span style=\"font-size: large; font-family: helvetica, arial, sans-serif;\">Nguy\u1ec5n Th\u1ecb H\u01b0\u01a1ng Lan<\/span><\/div>\n<\/td>\n<td valign=\"top\" width=\"78\">\n<div><span style=\"font-size: large; font-family: helvetica, arial, sans-serif;\">10206<\/span><\/div>\n<\/td>\n<td valign=\"top\" width=\"78\">\n<div><span style=\"font-size: large; font-family: helvetica, arial, sans-serif;\">Th\u1ea1c s\u0129<\/span><\/div>\n<\/td>\n<td valign=\"top\" width=\"79\">\n<div><span style=\"font-size: large; font-family: helvetica, arial, sans-serif;\">GV<\/span><\/div>\n<\/td>\n<td valign=\"top\" width=\"155\">\n<div><span style=\"font-size: large; font-family: helvetica, arial, sans-serif;\">1958- CVHT<\/span><\/div>\n<\/td>\n<\/tr>\n<tr>\n<td valign=\"top\" width=\"59\">\n<div><span style=\"font-size: large; font-family: helvetica, arial, sans-serif;\">24<\/span><\/div>\n<\/td>\n<td valign=\"top\" width=\"236\">\n<div><span style=\"font-size: large; font-family: helvetica, arial, sans-serif;\">L\u00ea Th\u1ecb Ho\u00e0 D\u1ecbu<\/span><\/div>\n<\/td>\n<td valign=\"top\" width=\"78\">\n<div><span style=\"font-size: large; font-family: helvetica, arial, sans-serif;\">Nh\u00e2n vi\u00ean H\u0110<\/span><\/div>\n<\/td>\n<td valign=\"top\" width=\"78\">\n<div><span style=\"font-size: large; font-family: helvetica, arial, sans-serif;\">C\u1eed nh\u00e2n cao \u0111\u1eb3ng<\/span><\/div>\n<\/td>\n<td valign=\"top\" width=\"79\">\n<div><span style=\"font-size: large; font-family: helvetica, arial, sans-serif;\">C\u00e1n b\u1ed9 VP Khoa<\/span><\/div>\n<\/td>\n<td valign=\"top\" width=\"155\">\n<div><span style=\"font-size: large; font-family: helvetica, arial, sans-serif;\">1989<\/span><\/div>\n<\/td>\n<\/tr>\n<\/tbody>\n<\/table>\n<div style=\"text-align: center;\"><span style=\"font-family: helvetica, arial, sans-serif;\"> <\/span><\/div>\n<div style=\"text-align: left;\"><span style=\"font-family: helvetica, arial, sans-serif;\"><b><span style=\"font-size: large;\">T\u1ed5ng c\u1ed9ng c\u00f3 24 CB-GV (14 n\u1eef);<\/span><\/b><\/span><\/div>\n<div><span style=\"font-family: helvetica, arial, sans-serif;\"><b><span style=\"font-size: large;\">H\u1ecdc v\u1ecb: 01 TS, 15ThS, 01 cao h\u1ecdc, 07 KS\/CN<\/span><\/b><\/span><\/div>\n<div style=\"text-align: left;\"><span style=\"font-family: helvetica, arial, sans-serif;\"><b><span style=\"font-size: large;\">Ng\u1ea1ch: 10 GVC, 13 GV, 01 GV Tr.H<\/span><\/b><\/span><\/div>\n<\/div><div class=\"fusion-clearfix\"><\/div>\n\n\t\t\t\t\t<\/div>\n\t\t\t\t<\/div><\/div><\/div>\n","protected":false},"excerpt":{"rendered":"","protected":false},"author":1,"featured_media":0,"parent":0,"menu_order":0,"comment_status":"closed","ping_status":"closed","template":"","meta":[],"jetpack_sharing_enabled":true,"jetpack_shortlink":"https:\/\/wp.me\/PdgjhW-3fi","_links":{"self":[{"href":"https:\/\/en.sgu.edu.vn\/vi\/wp-json\/wp\/v2\/pages\/12480"}],"collection":[{"href":"https:\/\/en.sgu.edu.vn\/vi\/wp-json\/wp\/v2\/pages"}],"about":[{"href":"https:\/\/en.sgu.edu.vn\/vi\/wp-json\/wp\/v2\/types\/page"}],"author":[{"embeddable":true,"href":"https:\/\/en.sgu.edu.vn\/vi\/wp-json\/wp\/v2\/users\/1"}],"replies":[{"embeddable":true,"href":"https:\/\/en.sgu.edu.vn\/vi\/wp-json\/wp\/v2\/comments?post=12480"}],"version-history":[{"count":0,"href":"https:\/\/en.sgu.edu.vn\/vi\/wp-json\/wp\/v2\/pages\/12480\/revisions"}],"wp:attachment":[{"href":"https:\/\/en.sgu.edu.vn\/vi\/wp-json\/wp\/v2\/media?parent=12480"}],"curies":[{"name":"wp","href":"https:\/\/api.w.org\/{rel}","templated":true}]}}