{"id":12494,"date":"2016-10-02T08:22:17","date_gmt":"2016-10-02T08:22:17","guid":{"rendered":"http:\/\/edupath.co\/?page_id=12494"},"modified":"2016-12-23T17:20:21","modified_gmt":"2016-12-23T10:20:21","slug":"danh-sach-can-bo-giang-vien-va-nhan-vien-khoa-giao-duc-mam-non","status":"publish","type":"page","link":"https:\/\/en.sgu.edu.vn\/vi\/danh-sach-can-bo-giang-vien-va-nhan-vien-khoa-giao-duc-mam-non\/","title":{"rendered":"Danh s\u00e1ch c\u00e1n b\u1ed9 , gi\u1ea3ng vi\u00ean v\u00e0 nh\u00e2n vi\u00ean khoa gi\u00e1o d\u1ee5c m\u1ea7m non"},"content":{"rendered":"<div class=\"fusion-fullwidth fullwidth-box nonhundred-percent-fullwidth non-hundred-percent-height-scrolling\"  style='background-color: #ffffff;background-position: left top;background-repeat: no-repeat;padding-top:20px;padding-right:0px;padding-bottom:20px;padding-left:0px;border-top-width:0px;border-bottom-width:0px;border-color:#eae9e9;border-top-style:solid;border-bottom-style:solid;'><div class=\"fusion-builder-row fusion-row \"><div  class=\"fusion-layout-column fusion_builder_column fusion_builder_column_1_1  fusion-one-full fusion-column-first fusion-column-last 1_1\"  style='margin-top:0px;margin-bottom:20px;'>\n\t\t\t\t\t<div class=\"fusion-column-wrapper\" style=\"background-position:left top;background-repeat:no-repeat;-webkit-background-size:cover;-moz-background-size:cover;-o-background-size:cover;background-size:cover;\"  data-bg-url=\"\">\n\t\t\t\t\t\t<div class=\"fusion-text\"><table class=\"aligncenter\" style=\"width: 685px;\" border=\"1\">\n<tbody>\n<tr>\n<td style=\"width: 40px;\"><strong>STT<\/strong><\/td>\n<td style=\"width: 248px;\"><strong>H\u1ecd v\u00e0 t\u00ean<\/strong><\/td>\n<td style=\"width: 109px;\"><strong>Ch\u1ee9c v\u1ee5<\/strong><\/td>\n<td style=\"width: 106px;\"><strong>Chuy\u00ean m\u00f4n<\/strong><\/td>\n<td style=\"width: 150px;\"><strong>Chuy\u00ean ng\u00e0nh<\/strong><\/td>\n<\/tr>\n<tr>\n<td style=\"width: 40px;\">1<\/td>\n<td style=\"width: 248px;\">\u0110\u00c0O THANH B\u00ccNH<\/td>\n<td style=\"width: 109px;\">C\u00e1n b\u1ed9 VP Khoa<\/td>\n<td style=\"width: 106px;\">\u0110\u1ea1i h\u1ecdc<\/td>\n<td style=\"width: 150px;\">T\u00e2m l\u00fd-Gi\u00e1o d\u1ee5c<\/td>\n<\/tr>\n<tr>\n<td style=\"width: 40px;\">2<\/td>\n<td style=\"width: 248px;\">NGUY\u1ec4N TH\u1eca H\u1ea2I B\u00ccNH<\/td>\n<td style=\"width: 109px;\">Gi\u1ea3ng vi\u00ean<\/td>\n<td style=\"width: 106px;\">Th\u1ea1c s\u0129<\/td>\n<td style=\"width: 150px;\">Gi\u00e1o d\u1ee5c h\u1ecdc<\/td>\n<\/tr>\n<tr>\n<td style=\"width: 40px;\">3<\/td>\n<td style=\"width: 248px;\">PH\u1ea0M TH\u1eca C\u00c1CH<\/td>\n<td style=\"width: 109px;\">Gi\u1ea3ng vi\u00ean<\/td>\n<td style=\"width: 106px;\">\u0110\u1ea1i h\u1ecdc<\/td>\n<td style=\"width: 150px;\">T\u00e2m l\u00fd-Gi\u00e1o d\u1ee5c<\/td>\n<\/tr>\n<tr>\n<td style=\"width: 40px;\">4<\/td>\n<td style=\"width: 248px;\">PHAN TH\u1eca Y\u1ebeN CH\u00c2U<\/td>\n<td style=\"width: 109px;\">Gi\u1ea3ng vi\u00ean<\/td>\n<td style=\"width: 106px;\">Th\u1ea1c s\u0129<\/td>\n<td style=\"width: 150px;\">Gi\u00e1o d\u1ee5c h\u1ecdc<\/td>\n<\/tr>\n<tr>\n<td style=\"width: 40px;\">5<\/td>\n<td style=\"width: 248px;\">\u00d4NG TH\u1eca C\u00d4NG<\/td>\n<td style=\"width: 109px;\">Gi\u1ea3ng vi\u00ean<\/td>\n<td style=\"width: 106px;\">\u0110\u1ea1i h\u1ecdc<\/td>\n<td style=\"width: 150px;\">Ng\u1eef V\u0103n<\/td>\n<\/tr>\n<tr>\n<td style=\"width: 40px;\">6<\/td>\n<td style=\"width: 248px;\">\u0110\u00c0O VI\u1ec6T C\u01af\u1edcNG<\/td>\n<td style=\"width: 109px;\">Gi\u1ea3ng vi\u00ean<\/td>\n<td style=\"width: 106px;\">Cao h\u1ecdc<br \/>\n(T.9\/2004)<\/td>\n<td style=\"width: 150px;\">T\u00e2m l\u00fd h\u1ecdc<\/td>\n<\/tr>\n<tr>\n<td style=\"width: 40px;\">7<\/td>\n<td style=\"width: 248px;\">NGUY\u1ec4N TH\u1eca KIM D\u01af\u01a0NG<\/td>\n<td style=\"width: 109px;\">Gi\u1ea3ng vi\u00ean<\/td>\n<td style=\"width: 106px;\">Th\u1ea1c s\u0129<\/td>\n<td style=\"width: 150px;\">Gi\u00e1o d\u1ee5c h\u1ecdc<\/td>\n<\/tr>\n<tr>\n<td style=\"width: 40px;\">8<\/td>\n<td style=\"width: 248px;\">NG\u00d4 TH\u1eca QU\u1ef2NH GIAO<\/td>\n<td style=\"width: 109px;\">C\u00e1n b\u1ed9 VP Khoa<\/td>\n<td style=\"width: 106px;\">\u0110\u1ea1i h\u1ecdc<\/td>\n<td style=\"width: 150px;\">T\u00e2m l\u00fd-Gi\u00e1o d\u1ee5c<\/td>\n<\/tr>\n<tr>\n<td style=\"width: 40px;\">9<\/td>\n<td style=\"width: 248px;\">L\u00ca TH\u1eca H\u00c0I<\/td>\n<td style=\"width: 109px;\">Gi\u1ea3ng vi\u00ean<\/td>\n<td style=\"width: 106px;\">Th\u1ea1c s\u0129<\/td>\n<td style=\"width: 150px;\">Gi\u00e1o d\u1ee5c h\u1ecdc<\/td>\n<\/tr>\n<tr>\n<td style=\"width: 40px;\">10<\/td>\n<td style=\"width: 248px;\">NGUY\u1ec4N H\u1eeeU H\u1ea0O<\/td>\n<td style=\"width: 109px;\">Tr\u01b0\u1edfng b\u1ed9 m\u00f4n<\/td>\n<td style=\"width: 106px;\">\u0110\u1ea1i h\u1ecdc<\/td>\n<td style=\"width: 150px;\">Ng\u1eef V\u0103n<\/td>\n<\/tr>\n<tr>\n<td style=\"width: 40px;\">11<\/td>\n<td style=\"width: 248px;\">NGUY\u1ec4N KIM H\u1ed2NG<\/td>\n<td style=\"width: 109px;\">Gi\u1ea3ng vi\u00ean<\/td>\n<td style=\"width: 106px;\">\u0110\u1ea1i h\u1ecdc<\/td>\n<td style=\"width: 150px;\">T\u00e2m l\u00fd-Gi\u00e1o d\u1ee5c<\/td>\n<\/tr>\n<tr>\n<td style=\"width: 40px;\">12<\/td>\n<td style=\"width: 248px;\">V\u00d5 PHAN THU H\u01af\u01a0NG<\/td>\n<td style=\"width: 109px;\">Gi\u1ea3ng vi\u00ean<\/td>\n<td style=\"width: 106px;\">NCS<br \/>\n(2003-2006)<\/td>\n<td style=\"width: 150px;\">Gi\u00e1o d\u1ee5c h\u1ecdc<\/td>\n<\/tr>\n<tr>\n<td style=\"width: 40px;\">13<\/td>\n<td style=\"width: 248px;\">L\u00c2M TH\u1eca LI\u00caNG<\/td>\n<td style=\"width: 109px;\">Gi\u1ea3ng vi\u00ean<\/td>\n<td style=\"width: 106px;\">\u0110\u1ea1i h\u1ecdc<\/td>\n<td style=\"width: 150px;\">K\u1ef9 thu\u1eadt<\/td>\n<\/tr>\n<tr>\n<td style=\"width: 40px;\">14<\/td>\n<td style=\"width: 248px;\">PH\u1ea0M TH\u1eca LOAN<\/td>\n<td style=\"width: 109px;\">Tr\u01b0\u1edfng b\u1ed9 m\u00f4n<\/td>\n<td style=\"width: 106px;\">Th\u1ea1c s\u0129<\/td>\n<td style=\"width: 150px;\">Gi\u00e1o d\u1ee5c h\u1ecdc<\/td>\n<\/tr>\n<tr>\n<td style=\"width: 40px;\">15<\/td>\n<td style=\"width: 248px;\">L\u00ca V\u0102N L\u1ed8C<\/td>\n<td style=\"width: 109px;\">Gi\u1ea3ng vi\u00ean<\/td>\n<td style=\"width: 106px;\">\u0110\u1ea1i h\u1ecdc<\/td>\n<td style=\"width: 150px;\">S\u1eed-\u0110\u1ecba<\/td>\n<\/tr>\n<tr>\n<td style=\"width: 40px;\">16<\/td>\n<td style=\"width: 248px;\">TR\u1ea6N TH\u1eca NG\u1eccC L\u1ed8C<\/td>\n<td style=\"width: 109px;\">Gi\u1ea3ng vi\u00ean<\/td>\n<td style=\"width: 106px;\">\u0110\u1ea1i h\u1ecdc<\/td>\n<td style=\"width: 150px;\">T\u00e2m l\u00fd-Gi\u00e1o d\u1ee5c<\/td>\n<\/tr>\n<tr>\n<td style=\"width: 40px;\">17<\/td>\n<td style=\"width: 248px;\">HU\u1ef2NH PH\u01af\u01a0NG MAI<\/td>\n<td style=\"width: 109px;\">Gi\u1ea3ng vi\u00ean<\/td>\n<td style=\"width: 106px;\">Th\u1ea1c s\u0129<\/td>\n<td style=\"width: 150px;\">Gi\u00e1o d\u1ee5c h\u1ecdc<\/td>\n<\/tr>\n<tr>\n<td style=\"width: 40px;\">18<\/td>\n<td style=\"width: 248px;\">L\u00c2M TH\u1eca NG\u1eccC MAI<\/td>\n<td style=\"width: 109px;\">C\u00e1n b\u1ed9 VP Khoa<\/td>\n<td style=\"width: 106px;\">\u0110\u1ea1i h\u1ecdc<\/td>\n<td style=\"width: 150px;\">T\u00e2m l\u00fd-Gi\u00e1o d\u1ee5c<\/td>\n<\/tr>\n<tr>\n<td style=\"width: 40px;\">19<\/td>\n<td style=\"width: 248px;\">NGUY\u1ec4N TH\u1eca M\u01af\u1edcI<\/td>\n<td style=\"width: 109px;\">Gi\u1ea3ng vi\u00ean<\/td>\n<td style=\"width: 106px;\">Th\u1ea1c s\u0129<\/td>\n<td style=\"width: 150px;\">Ng\u1eef V\u0103n<\/td>\n<\/tr>\n<tr>\n<td style=\"width: 40px;\">20<\/td>\n<td style=\"width: 248px;\">L\u00ca TH\u1eca NGA<\/td>\n<td style=\"width: 109px;\">Gi\u1ea3ng vi\u00ean<\/td>\n<td style=\"width: 106px;\">\u0110\u1ea1i h\u1ecdc<\/td>\n<td style=\"width: 150px;\">Gi\u00e1o d\u1ee5c h\u1ecdc MN<\/td>\n<\/tr>\n<tr>\n<td style=\"width: 40px;\">21<\/td>\n<td style=\"width: 248px;\">TR\u1ea6N TH\u1eca NG\u1eccC NGA<\/td>\n<td style=\"width: 109px;\">Gi\u1ea3ng vi\u00ean<\/td>\n<td style=\"width: 106px;\">\u0110\u1ea1i h\u1ecdc<\/td>\n<td style=\"width: 150px;\">T\u00e2m l\u00fd-Gi\u00e1o d\u1ee5c<\/td>\n<\/tr>\n<tr>\n<td style=\"width: 40px;\">22<\/td>\n<td style=\"width: 248px;\">TR\u1ea6N TH\u1eca TH\u00daY NGA<\/td>\n<td style=\"width: 109px;\">Tr\u01b0\u1edfng b\u1ed9 m\u00f4n<\/td>\n<td style=\"width: 106px;\">Th\u1ea1c s\u0129<\/td>\n<td style=\"width: 150px;\">Gi\u00e1o d\u1ee5c h\u1ecdc<\/td>\n<\/tr>\n<tr>\n<td style=\"width: 40px;\">23<\/td>\n<td style=\"width: 248px;\">NGUY\u1ec4N TH\u1eca B\u00cdCH NG\u1eccC<\/td>\n<td style=\"width: 109px;\">Ph\u00f3 Tr\u01b0\u1edfng khoa<\/td>\n<td style=\"width: 106px;\">Th\u1ea1c s\u0129<\/td>\n<td style=\"width: 150px;\">Gi\u00e1o d\u1ee5c h\u1ecdc<\/td>\n<\/tr>\n<tr>\n<td style=\"width: 40px;\">24<\/td>\n<td style=\"width: 248px;\">NGUY\u1ec4N NG\u1eccC OANH<\/td>\n<td style=\"width: 109px;\">C\u00e1n b\u1ed9 VP Khoa<\/td>\n<td style=\"width: 106px;\">\u0110\u1ea1i h\u1ecdc<\/td>\n<td style=\"width: 150px;\">T\u00e2m l\u00fd-Gi\u00e1o d\u1ee5c<\/td>\n<\/tr>\n<tr>\n<td style=\"width: 40px;\">25<\/td>\n<td style=\"width: 248px;\">TR\u1ea6N TH\u1eca PH\u01af\u01a0NG<\/td>\n<td style=\"width: 109px;\">Tr\u01b0\u1edfng Khoa<\/td>\n<td style=\"width: 106px;\">Ti\u1ebfn s\u0129<\/td>\n<td style=\"width: 150px;\">T\u00e2m l\u00fd h\u1ecdc<\/td>\n<\/tr>\n<tr>\n<td style=\"width: 40px;\">26<\/td>\n<td style=\"width: 248px;\">NGUY\u1ec4N TH\u1eca H\u1ed2NG PH\u01af\u1ee2NG<\/td>\n<td style=\"width: 109px;\">Gi\u1ea3ng vi\u00ean<\/td>\n<td style=\"width: 106px;\">Ti\u1ebfn s\u0129<\/td>\n<td style=\"width: 150px;\">Gi\u00e1o d\u1ee5c h\u1ecdc<\/td>\n<\/tr>\n<tr>\n<td style=\"width: 40px;\">27<\/td>\n<td style=\"width: 248px;\">TR\u1ea6N TH\u1eca HO\u00c0NG PH\u01af\u1ee2NG<\/td>\n<td style=\"width: 109px;\">Gi\u1ea3ng vi\u00ean<\/td>\n<td style=\"width: 106px;\">\u0110\u1ea1i h\u1ecdc<\/td>\n<td style=\"width: 150px;\">Gi\u00e1o d\u1ee5c h\u1ecdc<\/td>\n<\/tr>\n<tr>\n<td style=\"width: 40px;\">28<\/td>\n<td style=\"width: 248px;\">PHAN KIM QU\u00cd<\/td>\n<td style=\"width: 109px;\">Gi\u1ea3ng vi\u00ean<\/td>\n<td style=\"width: 106px;\">Th\u1ea1c s\u0129<\/td>\n<td style=\"width: 150px;\">Gi\u00e1o d\u1ee5c h\u1ecdc<\/td>\n<\/tr>\n<tr>\n<td style=\"width: 40px;\">29<\/td>\n<td style=\"width: 248px;\">T\u00d4N N\u1eee C\u1ea8M TH\u00c0NH<\/td>\n<td style=\"width: 109px;\">Gi\u1ea3ng vi\u00ean<\/td>\n<td style=\"width: 106px;\">\u0110\u1ea1i h\u1ecdc<\/td>\n<td style=\"width: 150px;\">T\u00e2m l\u00fd-Gi\u00e1o d\u1ee5c<\/td>\n<\/tr>\n<tr>\n<td style=\"width: 40px;\">30<\/td>\n<td style=\"width: 248px;\">V\u0168 V\u0102N TH\u00d4NG<\/td>\n<td style=\"width: 109px;\">Gi\u1ea3ng vi\u00ean<\/td>\n<td style=\"width: 106px;\">\u0110\u1ea1i h\u1ecdc<\/td>\n<td style=\"width: 150px;\">Ng\u1eef V\u0103n<\/td>\n<\/tr>\n<tr>\n<td style=\"width: 40px;\">31<\/td>\n<td style=\"width: 248px;\">TR\u1ea6N TH\u1eca THU<\/td>\n<td style=\"width: 109px;\">Gi\u1ea3ng vi\u00ean<\/td>\n<td style=\"width: 106px;\">Cao h\u1ecdc<br \/>\n(1998-2001)<\/td>\n<td style=\"width: 150px;\">T\u00e2m l\u00fd-Gi\u00e1o d\u1ee5c<\/td>\n<\/tr>\n<tr>\n<td style=\"width: 40px;\">32<\/td>\n<td style=\"width: 248px;\">TR\u1ea6N TH\u1eca VI\u1ec6T TH\u1ee6Y<\/td>\n<td style=\"width: 109px;\">Gi\u1ea3ng vi\u00ean<\/td>\n<td style=\"width: 106px;\">\u0110\u1ea1i h\u1ecdc<\/td>\n<td style=\"width: 150px;\">T\u00e2m l\u00fd-Gi\u00e1o d\u1ee5c<\/td>\n<\/tr>\n<tr>\n<td style=\"width: 40px;\">33<\/td>\n<td style=\"width: 248px;\">CHU THANH T\u0128NH<\/td>\n<td style=\"width: 109px;\">Gi\u1ea3ng vi\u00ean<\/td>\n<td style=\"width: 106px;\">\u0110\u1ea1i h\u1ecdc<\/td>\n<td style=\"width: 150px;\">M\u00faa<\/td>\n<\/tr>\n<tr>\n<td style=\"width: 40px;\">34<\/td>\n<td style=\"width: 248px;\">B\u00d9I HUY\u1ec0N TR\u00c2N<\/td>\n<td style=\"width: 109px;\">Gi\u1ea3ng vi\u00ean<\/td>\n<td style=\"width: 106px;\">Th\u1ea1c s\u0129<\/td>\n<td style=\"width: 150px;\">Gi\u00e1o d\u1ee5c h\u1ecdc<\/td>\n<\/tr>\n<tr>\n<td style=\"width: 40px;\">35<\/td>\n<td style=\"width: 248px;\">H\u1ed2 TH\u1eca NG\u1eccC TR\u00c2N<\/td>\n<td style=\"width: 109px;\">Gi\u1ea3ng vi\u00ean<\/td>\n<td style=\"width: 106px;\">Th\u1ea1c s\u0129<\/td>\n<td style=\"width: 150px;\">T\u00e2m l\u00fd h\u1ecdc<\/td>\n<\/tr>\n<tr>\n<td style=\"width: 40px;\">36<\/td>\n<td style=\"width: 248px;\">NGUY\u1ec4N TH\u1eca XU\u00c2N TRINH<\/td>\n<td style=\"width: 109px;\">Gi\u1ea3ng vi\u00ean<\/td>\n<td style=\"width: 106px;\">Th\u1ea1c s\u0129<\/td>\n<td style=\"width: 150px;\">Gi\u00e1o d\u1ee5c h\u1ecdc<\/td>\n<\/tr>\n<tr>\n<td style=\"width: 40px;\">37<\/td>\n<td style=\"width: 248px;\">M\u00c3 TH\u1eca KH\u00c1NH T\u00da<\/td>\n<td style=\"width: 109px;\">Gi\u1ea3ng vi\u00ean<\/td>\n<td style=\"width: 106px;\">Th\u1ea1c s\u0129<\/td>\n<td style=\"width: 150px;\">Gi\u00e1o d\u1ee5c h\u1ecdc<\/td>\n<\/tr>\n<tr>\n<td style=\"width: 40px;\">38<\/td>\n<td style=\"width: 248px;\">NGUY\u1ec4N TH\u1eca XU\u00c2N<\/td>\n<td style=\"width: 109px;\">Gi\u1ea3ng vi\u00ean<\/td>\n<td style=\"width: 106px;\">\u0110\u1ea1i h\u1ecdc<\/td>\n<td style=\"width: 150px;\">V\u0103n<\/td>\n<\/tr>\n<tr>\n<td style=\"width: 40px;\">39<\/td>\n<td style=\"width: 248px;\">B\u00d9I TH\u1eca GI\u00c1NG H\u01af\u01a0NG<\/td>\n<td style=\"width: 109px;\">C\u00e1n b\u1ed9 VP Khoa<\/td>\n<td style=\"width: 106px;\">\u0110\u1ea1i h\u1ecdc<\/td>\n<td style=\"width: 150px;\">GD M\u1ea7m Non<\/td>\n<\/tr>\n<tr>\n<td style=\"width: 40px;\">40<\/td>\n<td style=\"width: 248px;\">NGUY\u1ec4N TH\u1eca THANH DUNG<\/td>\n<td style=\"width: 109px;\">Gi\u1ea3ng vi\u00ean<\/td>\n<td style=\"width: 106px;\">Cao \u0110\u1eb3ng<\/td>\n<td style=\"width: 150px;\">M\u1ea7m non<\/td>\n<\/tr>\n<tr>\n<td style=\"width: 40px;\">41<\/td>\n<td style=\"width: 248px;\">B\u00d9I TH\u1eca XU\u00c2N L\u1ee4A<\/td>\n<td style=\"width: 109px;\">Chuy\u00ean  vi\u00ean<\/td>\n<td style=\"width: 106px;\">\u0110\u1ea1i h\u1ecdc<\/td>\n<td style=\"width: 150px;\">GD M\u1ea7m Non<\/td>\n<\/tr>\n<tr>\n<td style=\"width: 40px;\">42<\/td>\n<td style=\"width: 248px;\">NGUY\u1ec4N PH\u01af\u01a0NG TH\u1ea2O<\/td>\n<td style=\"width: 109px;\">Chuy\u00ean  vi\u00ean<\/td>\n<td style=\"width: 106px;\">\u0110\u1ea1i h\u1ecdc<\/td>\n<td style=\"width: 150px;\">\u00c2m nh\u1ea1c<\/td>\n<\/tr>\n<\/tbody>\n<\/table>\n<\/div><div class=\"fusion-clearfix\"><\/div>\n\n\t\t\t\t\t<\/div>\n\t\t\t\t<\/div><\/div><\/div>\n","protected":false},"excerpt":{"rendered":"","protected":false},"author":1,"featured_media":0,"parent":0,"menu_order":0,"comment_status":"closed","ping_status":"closed","template":"","meta":[],"jetpack_sharing_enabled":true,"jetpack_shortlink":"https:\/\/wp.me\/PdgjhW-3fw","_links":{"self":[{"href":"https:\/\/en.sgu.edu.vn\/vi\/wp-json\/wp\/v2\/pages\/12494"}],"collection":[{"href":"https:\/\/en.sgu.edu.vn\/vi\/wp-json\/wp\/v2\/pages"}],"about":[{"href":"https:\/\/en.sgu.edu.vn\/vi\/wp-json\/wp\/v2\/types\/page"}],"author":[{"embeddable":true,"href":"https:\/\/en.sgu.edu.vn\/vi\/wp-json\/wp\/v2\/users\/1"}],"replies":[{"embeddable":true,"href":"https:\/\/en.sgu.edu.vn\/vi\/wp-json\/wp\/v2\/comments?post=12494"}],"version-history":[{"count":0,"href":"https:\/\/en.sgu.edu.vn\/vi\/wp-json\/wp\/v2\/pages\/12494\/revisions"}],"wp:attachment":[{"href":"https:\/\/en.sgu.edu.vn\/vi\/wp-json\/wp\/v2\/media?parent=12494"}],"curies":[{"name":"wp","href":"https:\/\/api.w.org\/{rel}","templated":true}]}}