{"id":12849,"date":"2016-10-02T16:54:12","date_gmt":"2016-10-02T16:54:12","guid":{"rendered":"http:\/\/edupath.co\/?page_id=12849"},"modified":"2016-12-23T17:20:18","modified_gmt":"2016-12-23T10:20:18","slug":"khoa-a-z","status":"publish","type":"page","link":"https:\/\/en.sgu.edu.vn\/vi\/khoa-a-z\/","title":{"rendered":"Khoa A &#8211; Z"},"content":{"rendered":"<div class=\"fusion-fullwidth fullwidth-box nonhundred-percent-fullwidth non-hundred-percent-height-scrolling\"  style='background-color: #ffffff;background-position: left top;background-repeat: no-repeat;padding-top:20px;padding-right:0px;padding-bottom:20px;padding-left:0px;border-top-width:0px;border-bottom-width:0px;border-color:#eae9e9;border-top-style:solid;border-bottom-style:solid;'><div class=\"fusion-builder-row fusion-row \"><div  class=\"fusion-layout-column fusion_builder_column fusion_builder_column_1_1  fusion-one-full fusion-column-first fusion-column-last 1_1\"  style='margin-top:0px;margin-bottom:20px;'>\n\t\t\t\t\t<div class=\"fusion-column-wrapper\" style=\"background-position:left top;background-repeat:no-repeat;-webkit-background-size:cover;-moz-background-size:cover;-o-background-size:cover;background-size:cover;\"  data-bg-url=\"\">\n\t\t\t\t\t\t<div class=\"fusion-title title fusion-title-center fusion-title-size-one blue-text\" style=\"margin-top:0px;margin-bottom:30px;\"><div class=\"title-sep-container title-sep-container-left\"><div class=\"title-sep sep-double\" style=\"border-color:#000000;\"><\/div><\/div><h1 class=\"title-heading-center\"><strong><span style=\"font-family: arial, helvetica, sans-serif; font-size: 24pt;\">KHOA &#8211; B\u1ed8 M\u00d4N<\/span><\/strong><\/h1><div class=\"title-sep-container title-sep-container-right\"><div class=\"title-sep sep-double\" style=\"border-color:#000000;\"><\/div><\/div><\/div><div class=\"fusion-clearfix\"><\/div>\n\n\t\t\t\t\t<\/div>\n\t\t\t\t<\/div><div  class=\"fusion-layout-column fusion_builder_column fusion_builder_column_1_2  fusion-one-half fusion-column-first 1_2\"  style='margin-top:0px;margin-bottom:20px;width:48%; margin-right: 4%;'>\n\t\t\t\t\t<div class=\"fusion-column-wrapper\" style=\"background-position:left top;background-repeat:no-repeat;-webkit-background-size:cover;-moz-background-size:cover;-o-background-size:cover;background-size:cover;\"  data-bg-url=\"\">\n\t\t\t\t\t\t<ul class=\"fusion-checklist fusion-checklist-1 blue-text\" style=\"font-size:13px;line-height:22.1px;\"><li class=\"fusion-li-item\"><span style=\"background-color:#0003c9;font-size:11.44px;height:22.1px;width:22.1px;margin-right:9.1px;\" class=\"icon-wrapper circle-yes\"><i class=\"fusion-li-icon fa fa-user\" style=\"color:#ffffff;\"><\/i><\/span><div class=\"fusion-li-item-content\" style=\"margin-left:31.2px;\"><a href=\"http:\/\/en.sgu.edu.vn\/khoa-su-pham-khoa-hoc-tu-nhien\/\"><strong><span style=\"font-family: arial, helvetica, sans-serif; font-size: 18pt;\">Khoa S\u01b0 Ph\u1ea1m Khoa H\u1ecdc T\u1ef1 nhi\u00ean<\/span><\/strong><\/a><\/div><\/li><li class=\"fusion-li-item\"><span style=\"background-color:#0003c9;font-size:11.44px;height:22.1px;width:22.1px;margin-right:9.1px;\" class=\"icon-wrapper circle-yes\"><i class=\"fusion-li-icon fa fa-user\" style=\"color:#ffffff;\"><\/i><\/span><div class=\"fusion-li-item-content\" style=\"margin-left:31.2px;\"><a href=\"http:\/\/fma.sgu.edu.vn\/\"><strong><span style=\"font-family: arial, helvetica, sans-serif; font-size: 18pt;\">Khoa To\u00e1n &#8211; \u1ee8ng D\u1ee5ng<\/span><\/strong><\/a><\/div><\/li><li class=\"fusion-li-item\"><span style=\"background-color:#0003c9;font-size:11.44px;height:22.1px;width:22.1px;margin-right:9.1px;\" class=\"icon-wrapper circle-yes\"><i class=\"fusion-li-icon fa fa-user\" style=\"color:#ffffff;\"><\/i><\/span><div class=\"fusion-li-item-content\" style=\"margin-left:31.2px;\"><a href=\"http:\/\/ssf.sgu.edu.vn\/\"><strong><span style=\"font-family: arial, helvetica, sans-serif; font-size: 18pt;\">Khoa S\u01b0 Ph\u1ea1m Khoa H\u1ecdc X\u00e3 h\u1ed9i<\/span><\/strong><\/a><\/div><\/li><li class=\"fusion-li-item\"><span style=\"background-color:#0003c9;font-size:11.44px;height:22.1px;width:22.1px;margin-right:9.1px;\" class=\"icon-wrapper circle-yes\"><i class=\"fusion-li-icon fa fa-user\" style=\"color:#ffffff;\"><\/i><\/span><div class=\"fusion-li-item-content\" style=\"margin-left:31.2px;\"><a href=\"http:\/\/en.sgu.edu.vn\/khoa-giao-duc-tieu-hoc\/\"><strong><span style=\"font-family: arial, helvetica, sans-serif; font-size: 18pt;\">Khoa Gi\u00e1o D\u1ee5c Ti\u1ec3u H\u1ecdc<\/span><\/strong><\/a><\/div><\/li><li class=\"fusion-li-item\"><span style=\"background-color:#0003c9;font-size:11.44px;height:22.1px;width:22.1px;margin-right:9.1px;\" class=\"icon-wrapper circle-yes\"><i class=\"fusion-li-icon fa fa-user\" style=\"color:#ffffff;\"><\/i><\/span><div class=\"fusion-li-item-content\" style=\"margin-left:31.2px;\"><a href=\"http:\/\/en.sgu.edu.vn\/khoa-giao-duc-mam-non\/\"><strong><span style=\"font-family: arial, helvetica, sans-serif; font-size: 18pt;\">Khoa Gi\u00e1o D\u1ee5c M\u1ea7m Non<\/span><\/strong><\/a><\/div><\/li><li class=\"fusion-li-item\"><span style=\"background-color:#0003c9;font-size:11.44px;height:22.1px;width:22.1px;margin-right:9.1px;\" class=\"icon-wrapper circle-yes\"><i class=\"fusion-li-icon fa fa-user\" style=\"color:#ffffff;\"><\/i><\/span><div class=\"fusion-li-item-content\" style=\"margin-left:31.2px;\"><a href=\"http:\/\/en.sgu.edu.vn\/khoa-su-pham-ky-thuat\/\"><strong><span style=\"font-family: arial, helvetica, sans-serif; font-size: 18pt;\">Khoa S\u01b0 Ph\u1ea1m K\u1ef9 Thu\u1eadt<\/span><\/strong><\/a><\/div><\/li><li class=\"fusion-li-item\"><span style=\"background-color:#0003c9;font-size:11.44px;height:22.1px;width:22.1px;margin-right:9.1px;\" class=\"icon-wrapper circle-yes\"><i class=\"fusion-li-icon fa fa-user\" style=\"color:#ffffff;\"><\/i><\/span><div class=\"fusion-li-item-content\" style=\"margin-left:31.2px;\"><a href=\"http:\/\/dfl.sgu.edu.vn\/\"><strong><span style=\"font-family: arial, helvetica, sans-serif; font-size: 18pt;\">Khoa Ngo\u1ea1i Ng\u1eef<\/span><\/strong><\/a><\/div><\/li><li class=\"fusion-li-item\"><span style=\"background-color:#0003c9;font-size:11.44px;height:22.1px;width:22.1px;margin-right:9.1px;\" class=\"icon-wrapper circle-yes\"><i class=\"fusion-li-icon fa fa-user\" style=\"color:#ffffff;\"><\/i><\/span><div class=\"fusion-li-item-content\" style=\"margin-left:31.2px;\"><a href=\"http:\/\/mythuat.sgu.edu.vn\/\"><strong><span style=\"font-family: arial, helvetica, sans-serif; font-size: 18pt;\">Khoa M\u1ef9 Thu\u1eadt<\/span><\/strong><\/a><\/div><\/li><li class=\"fusion-li-item\"><span style=\"background-color:#0003c9;font-size:11.44px;height:22.1px;width:22.1px;margin-right:9.1px;\" class=\"icon-wrapper circle-yes\"><i class=\"fusion-li-icon fa fa-user\" style=\"color:#ffffff;\"><\/i><\/span><div class=\"fusion-li-item-content\" style=\"margin-left:31.2px;\"><a href=\"http:\/\/nghethuat.sgu.edu.vn\/\"><strong><span style=\"font-family: arial, helvetica, sans-serif; font-size: 18pt;\">Khoa Ngh\u1ec7 Thu\u1eadt<\/span><\/strong><\/a><\/div><\/li><li class=\"fusion-li-item\"><span style=\"background-color:#0003c9;font-size:11.44px;height:22.1px;width:22.1px;margin-right:9.1px;\" class=\"icon-wrapper circle-yes\"><i class=\"fusion-li-icon fa fa-user\" style=\"color:#ffffff;\"><\/i><\/span><div class=\"fusion-li-item-content\" style=\"margin-left:31.2px;\"><a href=\"http:\/\/fit.sgu.edu.vn\/drupal\/\"><strong><span style=\"font-family: arial, helvetica, sans-serif; font-size: 18pt;\">Khoa C\u00f4ng Ngh\u1ec7 Th\u00f4ng Tin<\/span><\/strong><\/a><\/div><\/li><\/ul><div class=\"fusion-clearfix\"><\/div>\n\n\t\t\t\t\t<\/div>\n\t\t\t\t<\/div><div  class=\"fusion-layout-column fusion_builder_column fusion_builder_column_1_2  fusion-one-half fusion-column-last 1_2\"  style='margin-top:0px;margin-bottom:20px;width:48%'>\n\t\t\t\t\t<div class=\"fusion-column-wrapper\" style=\"background-position:left top;background-repeat:no-repeat;-webkit-background-size:cover;-moz-background-size:cover;-o-background-size:cover;background-size:cover;\"  data-bg-url=\"\">\n\t\t\t\t\t\t<ul class=\"fusion-checklist fusion-checklist-2 blue-text\" style=\"font-size:13px;line-height:22.1px;\"><li class=\"fusion-li-item\"><span style=\"background-color:#0003c9;font-size:11.44px;height:22.1px;width:22.1px;margin-right:9.1px;\" class=\"icon-wrapper circle-yes\"><i class=\"fusion-li-icon fa fa-user\" style=\"color:#ffffff;\"><\/i><\/span><div class=\"fusion-li-item-content\" style=\"margin-left:31.2px;\"><a href=\"http:\/\/en.sgu.edu.vn\/khoa-quan-tri-kinh-doanh\/\"><strong><span style=\"font-family: arial, helvetica, sans-serif; font-size: 18pt;\">Khoa Qu\u1ea3n Tr\u1ecb Kinh Doanh<\/span><\/strong><\/a><\/div><\/li><li class=\"fusion-li-item\"><span style=\"background-color:#0003c9;font-size:11.44px;height:22.1px;width:22.1px;margin-right:9.1px;\" class=\"icon-wrapper circle-yes\"><i class=\"fusion-li-icon fa fa-user\" style=\"color:#ffffff;\"><\/i><\/span><div class=\"fusion-li-item-content\" style=\"margin-left:31.2px;\"><a href=\"http:\/\/tvvp.sgu.edu.vn\/\"><strong><span style=\"font-family: arial, helvetica, sans-serif; font-size: 18pt;\">Khoa Th\u01b0 Vi\u1ec7n V\u0103n Ph\u00f2ng<\/span><\/strong><\/a><\/div><\/li><li class=\"fusion-li-item\"><span style=\"background-color:#0003c9;font-size:11.44px;height:22.1px;width:22.1px;margin-right:9.1px;\" class=\"icon-wrapper circle-yes\"><i class=\"fusion-li-icon fa fa-user\" style=\"color:#ffffff;\"><\/i><\/span><div class=\"fusion-li-item-content\" style=\"margin-left:31.2px;\"><a href=\"http:\/\/vhdl.sgu.edu.vn\/\"><strong><span style=\"font-family: arial, helvetica, sans-serif; font-size: 18pt;\">Khoa Quan H\u1ec7 Qu\u1ed1c T\u1ebf<\/span><\/strong><\/a><\/div><\/li><li class=\"fusion-li-item\"><span style=\"background-color:#0003c9;font-size:11.44px;height:22.1px;width:22.1px;margin-right:9.1px;\" class=\"icon-wrapper circle-yes\"><i class=\"fusion-li-icon fa fa-user\" style=\"color:#ffffff;\"><\/i><\/span><div class=\"fusion-li-item-content\" style=\"margin-left:31.2px;\"><a href=\"http:\/\/en.sgu.edu.vn\/trang-dang-xay-dung\/\"><strong><span style=\"font-family: arial, helvetica, sans-serif; font-size: 18pt;\">Khoa T\u00e0i Ch\u00ednh &#8211; K\u1ebf To\u00e1n<\/span><\/strong><\/a><\/div><\/li><li class=\"fusion-li-item\"><span style=\"background-color:#0003c9;font-size:11.44px;height:22.1px;width:22.1px;margin-right:9.1px;\" class=\"icon-wrapper circle-yes\"><i class=\"fusion-li-icon fa fa-user\" style=\"color:#ffffff;\"><\/i><\/span><div class=\"fusion-li-item-content\" style=\"margin-left:31.2px;\"><a href=\"http:\/\/en.sgu.edu.vn\/trang-dang-xay-dung\/\"><strong><span style=\"font-family: arial, helvetica, sans-serif; font-size: 18pt;\">Khoa Khoa H\u1ecdc M\u00f4i Tr\u01b0\u1eddng<\/span><\/strong><\/a><\/div><\/li><li class=\"fusion-li-item\"><span style=\"background-color:#0003c9;font-size:11.44px;height:22.1px;width:22.1px;margin-right:9.1px;\" class=\"icon-wrapper circle-yes\"><i class=\"fusion-li-icon fa fa-user\" style=\"color:#ffffff;\"><\/i><\/span><div class=\"fusion-li-item-content\" style=\"margin-left:31.2px;\"><a href=\"http:\/\/qlgd.sgu.edu.vn\/\"><strong><span style=\"font-family: arial, helvetica, sans-serif; font-size: 18pt;\">Khoa Gi\u00e1o D\u1ee5c<\/span><\/strong><\/a><\/div><\/li><li class=\"fusion-li-item\"><span style=\"background-color:#0003c9;font-size:11.44px;height:22.1px;width:22.1px;margin-right:9.1px;\" class=\"icon-wrapper circle-yes\"><i class=\"fusion-li-icon fa fa-user\" style=\"color:#ffffff;\"><\/i><\/span><div class=\"fusion-li-item-content\" style=\"margin-left:31.2px;\"><a href=\"http:\/\/en.sgu.edu.vn\/khoa-dien-tu-vien-thong\/\"><strong><span style=\"font-family: arial, helvetica, sans-serif; font-size: 18pt;\">Khoa \u0110i\u1ec7n T\u1eed Vi\u1ec5n Th\u00f4ng<\/span><\/strong><\/a><\/div><\/li><li class=\"fusion-li-item\"><span style=\"background-color:#0003c9;font-size:11.44px;height:22.1px;width:22.1px;margin-right:9.1px;\" class=\"icon-wrapper circle-yes\"><i class=\"fusion-li-icon fa fa-user\" style=\"color:#ffffff;\"><\/i><\/span><div class=\"fusion-li-item-content\" style=\"margin-left:31.2px;\"><a href=\"http:\/\/gdct.sgu.edu.vn\/\"><strong><span style=\"font-family: arial, helvetica, sans-serif; font-size: 18pt;\">Khoa Gi\u00e1o D\u1ee5c Ch\u00ednh Tr\u1ecb<\/span><\/strong><\/a><\/div><\/li><li class=\"fusion-li-item\"><span style=\"background-color:#0003c9;font-size:11.44px;height:22.1px;width:22.1px;margin-right:9.1px;\" class=\"icon-wrapper circle-yes\"><i class=\"fusion-li-icon fa fa-user\" style=\"color:#ffffff;\"><\/i><\/span><div class=\"fusion-li-item-content\" style=\"margin-left:31.2px;\"><a href=\"http:\/\/en.sgu.edu.vn\/khoa-luat\/\"><strong><span style=\"font-family: arial, helvetica, sans-serif; font-size: 18pt;\">Khoa Lu\u1eadt<\/span><\/strong><\/a><\/div><\/li><li class=\"fusion-li-item\"><span style=\"background-color:#0003c9;font-size:11.44px;height:22.1px;width:22.1px;margin-right:9.1px;\" class=\"icon-wrapper circle-yes\"><i class=\"fusion-li-icon fa fa-user\" style=\"color:#ffffff;\"><\/i><\/span><div class=\"fusion-li-item-content\" style=\"margin-left:31.2px;\"><a href=\"http:\/\/en.sgu.edu.vn\/giao-duc-quoc-phong-an-ninh-va-giao-duc-the-chat\/\"><strong><span style=\"font-family: arial, helvetica, sans-serif; font-size: 18pt;\">Khoa\u00a0Gi\u00e1o D\u1ee5c Qu\u1ed1c Ph\u00f2ng &#8211; An Ninh v\u00e0 Gi\u00e1o D\u1ee5c Th\u1ec3 Ch\u1ea5t<\/span><\/strong><\/a><\/div><\/li><\/ul><div class=\"fusion-clearfix\"><\/div>\n\n\t\t\t\t\t<\/div>\n\t\t\t\t<\/div><div  class=\"fusion-layout-column fusion_builder_column fusion_builder_column_1_1  fusion-one-full fusion-column-first fusion-column-last 1_1\"  style='margin-top:0px;margin-bottom:20px;'>\n\t\t\t\t\t<div class=\"fusion-column-wrapper\" style=\"background-position:left top;background-repeat:no-repeat;-webkit-background-size:cover;-moz-background-size:cover;-o-background-size:cover;background-size:cover;\"  data-bg-url=\"\">\n\t\t\t\t\t\t<div class=\"fusion-clearfix\"><\/div>\n\n\t\t\t\t\t<\/div>\n\t\t\t\t<\/div><\/div><\/div>\n","protected":false},"excerpt":{"rendered":"","protected":false},"author":1,"featured_media":0,"parent":0,"menu_order":0,"comment_status":"closed","ping_status":"closed","template":"","meta":[],"jetpack_sharing_enabled":true,"jetpack_shortlink":"https:\/\/wp.me\/PdgjhW-3lf","_links":{"self":[{"href":"https:\/\/en.sgu.edu.vn\/vi\/wp-json\/wp\/v2\/pages\/12849"}],"collection":[{"href":"https:\/\/en.sgu.edu.vn\/vi\/wp-json\/wp\/v2\/pages"}],"about":[{"href":"https:\/\/en.sgu.edu.vn\/vi\/wp-json\/wp\/v2\/types\/page"}],"author":[{"embeddable":true,"href":"https:\/\/en.sgu.edu.vn\/vi\/wp-json\/wp\/v2\/users\/1"}],"replies":[{"embeddable":true,"href":"https:\/\/en.sgu.edu.vn\/vi\/wp-json\/wp\/v2\/comments?post=12849"}],"version-history":[{"count":0,"href":"https:\/\/en.sgu.edu.vn\/vi\/wp-json\/wp\/v2\/pages\/12849\/revisions"}],"wp:attachment":[{"href":"https:\/\/en.sgu.edu.vn\/vi\/wp-json\/wp\/v2\/media?parent=12849"}],"curies":[{"name":"wp","href":"https:\/\/api.w.org\/{rel}","templated":true}]}}