{"id":12857,"date":"2016-10-02T17:13:28","date_gmt":"2016-10-02T17:13:28","guid":{"rendered":"http:\/\/edupath.co\/?page_id=12857"},"modified":"2016-12-23T17:20:18","modified_gmt":"2016-12-23T10:20:18","slug":"thong-bao","status":"publish","type":"page","link":"https:\/\/en.sgu.edu.vn\/vi\/thong-bao\/","title":{"rendered":"Th\u00f4ng b\u00e1o"},"content":{"rendered":"<div class=\"fusion-fullwidth fullwidth-box nonhundred-percent-fullwidth non-hundred-percent-height-scrolling\"  style='background-color: #ffffff;background-position: left top;background-repeat: no-repeat;padding-top:20px;padding-right:0px;padding-bottom:20px;padding-left:0px;border-top-width:0px;border-bottom-width:0px;border-color:#eae9e9;border-top-style:solid;border-bottom-style:solid;'><div class=\"fusion-builder-row fusion-row \"><div  class=\"fusion-layout-column fusion_builder_column fusion_builder_column_1_1  fusion-one-full fusion-column-first fusion-column-last 1_1\"  style='margin-top:0px;margin-bottom:20px;'>\n\t\t\t\t\t<div class=\"fusion-column-wrapper\" style=\"background-position:left top;background-repeat:no-repeat;-webkit-background-size:cover;-moz-background-size:cover;-o-background-size:cover;background-size:cover;\"  data-bg-url=\"\">\n\t\t\t\t\t\t<div class=\"fusion-recent-posts avada-container layout-default layout-columns-1\"><section class=\"fusion-columns columns fusion-columns-1 columns-1\"><div class=\"fusion-column column col col-lg-12 col-md-12 col-sm-12\"><div class=\"recent-posts-content\">\n\t\t\t\n\t\t\t\t\t\t\t<span class=\"vcard\" style=\"display: none;\">\n\t\t\t\t\t<span class=\"fn\">\n\t\t\t\t\t\t<a href=\"https:\/\/en.sgu.edu.vn\/vi\/author\/thi\/\" title=\"\u0110\u0103ng b\u1edfi Thi Vo\" rel=\"author\">Thi Vo<\/a>\t\t\t\t\t<\/span>\n\t\t\t\t<\/span>\n\t\t\t\n\t\t\t\t\t\t\t<span class=\"updated\" style=\"display:none;\">\n\t\t\t\t\t2021-11-03T00:04:00+07:00\t\t\t\t<\/span>\n\t\t\t\n\t\t<h4 class=\"entry-title\"><a href=\"https:\/\/en.sgu.edu.vn\/vi\/thong-bao-ve-viec-to-chuc-thi-va-cap-chung-chi-tieng-anh-theo-khung-nang-luc-ngoai-ngu-6-bac-dung-cho-viet-nam-ngay-thi-27-va-28-thang-11-nam-2021\/\">Th\u00f4ng b\u00e1o v\u1ec1 vi\u1ec7c t\u1ed5 ch\u1ee9c thi v\u00e0 c\u1ea5p ch\u1ee9ng ch\u1ec9 ti\u1ebfng Anh  theo Khung n\u0103ng l\u1ef1c ngo\u1ea1i ng\u1eef 6 b\u1eadc d\u00f9ng cho Vi\u1ec7t Nam  Ng\u00e0y thi 27 v\u00e0 28 th\u00e1ng 11 n\u0103m 2021<\/a><\/h4><p class=\"meta\">\n\t\t\t\n\t\t\t\t\t\t\t<span class=\"vcard\" style=\"display: none;\">\n\t\t\t\t\t<span class=\"fn\">\n\t\t\t\t\t\t<a href=\"https:\/\/en.sgu.edu.vn\/vi\/author\/thi\/\" title=\"\u0110\u0103ng b\u1edfi Thi Vo\" rel=\"author\">Thi Vo<\/a>\t\t\t\t\t<\/span>\n\t\t\t\t<\/span>\n\t\t\t\n\t\t\t\n\t\t\n\t\t\t\n\t\t\t\n\t\t\t\t\t\t\t<span class=\"updated\" style=\"display:none;\">\n\t\t\t\t\t2021-11-03T00:04:00+07:00\t\t\t\t<\/span>\n\t\t\t\n\t\t<span>2\/11\/2021<\/span><span class=\"fusion-inline-sep\">|<\/span><span class=\"fusion-comments\"><a href=\"https:\/\/en.sgu.edu.vn\/vi\/thong-bao-ve-viec-to-chuc-thi-va-cap-chung-chi-tieng-anh-theo-khung-nang-luc-ngoai-ngu-6-bac-dung-cho-viet-nam-ngay-thi-27-va-28-thang-11-nam-2021\/#respond\">0 Comments<\/a><\/span><\/p><p>Th\u00f4ng b\u00e1o v\u1ec1 vi\u1ec7c t\u1ed5 ch\u1ee9c thi v\u00e0 c\u1ea5p ch\u1ee9ng ch\u1ec9 ti\u1ebfng Anh theo Khung n\u0103ng l\u1ef1c ngo\u1ea1i ng\u1eef 6 [...]<\/p><\/div><\/div><div class=\"fusion-clearfix\"><\/div><div class=\"fusion-column column col col-lg-12 col-md-12 col-sm-12\"><div class=\"recent-posts-content\">\n\t\t\t\n\t\t\t\t\t\t\t<span class=\"vcard\" style=\"display: none;\">\n\t\t\t\t\t<span class=\"fn\">\n\t\t\t\t\t\t<a href=\"https:\/\/en.sgu.edu.vn\/vi\/author\/thi\/\" title=\"\u0110\u0103ng b\u1edfi Thi Vo\" rel=\"author\">Thi Vo<\/a>\t\t\t\t\t<\/span>\n\t\t\t\t<\/span>\n\t\t\t\n\t\t\t\t\t\t\t<span class=\"updated\" style=\"display:none;\">\n\t\t\t\t\t2021-09-28T19:54:59+07:00\t\t\t\t<\/span>\n\t\t\t\n\t\t<h4 class=\"entry-title\"><a href=\"https:\/\/en.sgu.edu.vn\/vi\/thong-bao-tuyen-sinh-dao-tao-trinh-do-tien-si-khoa-21-2-nam-2021\/\">Th\u00f4ng b\u00e1o tuy\u1ec3n sinh \u0111\u00e0o t\u1ea1o tr\u00ecnh \u0111\u1ed9 ti\u1ebfn s\u0129 kh\u00f3a 21.2 n\u0103m 2021<\/a><\/h4><p class=\"meta\">\n\t\t\t\n\t\t\t\t\t\t\t<span class=\"vcard\" style=\"display: none;\">\n\t\t\t\t\t<span class=\"fn\">\n\t\t\t\t\t\t<a href=\"https:\/\/en.sgu.edu.vn\/vi\/author\/thi\/\" title=\"\u0110\u0103ng b\u1edfi Thi Vo\" rel=\"author\">Thi Vo<\/a>\t\t\t\t\t<\/span>\n\t\t\t\t<\/span>\n\t\t\t\n\t\t\t\n\t\t\n\t\t\t\n\t\t\t\n\t\t\t\t\t\t\t<span class=\"updated\" style=\"display:none;\">\n\t\t\t\t\t2021-09-28T19:54:59+07:00\t\t\t\t<\/span>\n\t\t\t\n\t\t<span>28\/09\/2021<\/span><span class=\"fusion-inline-sep\">|<\/span><span class=\"fusion-comments\"><a href=\"https:\/\/en.sgu.edu.vn\/vi\/thong-bao-tuyen-sinh-dao-tao-trinh-do-tien-si-khoa-21-2-nam-2021\/#respond\">0 Comments<\/a><\/span><\/p><p>\ufeff\ufeff<\/p><\/div><\/div><div class=\"fusion-clearfix\"><\/div><div class=\"fusion-column column col col-lg-12 col-md-12 col-sm-12\"><div class=\"recent-posts-content\">\n\t\t\t\n\t\t\t\t\t\t\t<span class=\"vcard\" style=\"display: none;\">\n\t\t\t\t\t<span class=\"fn\">\n\t\t\t\t\t\t<a href=\"https:\/\/en.sgu.edu.vn\/vi\/author\/tien_ttm\/\" title=\"\u0110\u0103ng b\u1edfi Tran Tien\" rel=\"author\">Tran Tien<\/a>\t\t\t\t\t<\/span>\n\t\t\t\t<\/span>\n\t\t\t\n\t\t\t\t\t\t\t<span class=\"updated\" style=\"display:none;\">\n\t\t\t\t\t2021-08-02T17:20:58+07:00\t\t\t\t<\/span>\n\t\t\t\n\t\t<h4 class=\"entry-title\"><a href=\"https:\/\/en.sgu.edu.vn\/vi\/cong-tac-xet-cong-nhan-dat-tieu-chuan-chuc-danh-gs-pgs\/\">C\u00f4ng t\u00e1c x\u00e9t c\u00f4ng nh\u1eadn \u0111\u1ea1t ti\u00eau chu\u1ea9n ch\u1ee9c danh GS, PGS<\/a><\/h4><p class=\"meta\">\n\t\t\t\n\t\t\t\t\t\t\t<span class=\"vcard\" style=\"display: none;\">\n\t\t\t\t\t<span class=\"fn\">\n\t\t\t\t\t\t<a href=\"https:\/\/en.sgu.edu.vn\/vi\/author\/tien_ttm\/\" title=\"\u0110\u0103ng b\u1edfi Tran Tien\" rel=\"author\">Tran Tien<\/a>\t\t\t\t\t<\/span>\n\t\t\t\t<\/span>\n\t\t\t\n\t\t\t\n\t\t\n\t\t\t\n\t\t\t\n\t\t\t\t\t\t\t<span class=\"updated\" style=\"display:none;\">\n\t\t\t\t\t2021-08-02T17:20:58+07:00\t\t\t\t<\/span>\n\t\t\t\n\t\t<span>2\/08\/2021<\/span><span class=\"fusion-inline-sep\">|<\/span><span class=\"fusion-comments\"><a href=\"https:\/\/en.sgu.edu.vn\/vi\/cong-tac-xet-cong-nhan-dat-tieu-chuan-chuc-danh-gs-pgs\/#respond\">0 Comments<\/a><\/span><\/p><p>C\u00d4NG T\u00c1C X\u00c9T C\u00d4NG NH\u1eacN \u0110\u1ea0T TI\u00caU CHU\u1ea8N CH\u1ee8C DANH GS, PGS 1. Th\u00f4ng b\u00e1o\u00a0\u00a0\u00a0\u00a0 - \u0110i\u1ec1u ch\u1ec9nh L\u1ecbch x\u00e9t [...]<\/p><\/div><\/div><div class=\"fusion-clearfix\"><\/div><div class=\"fusion-column column col col-lg-12 col-md-12 col-sm-12\"><div class=\"recent-posts-content\">\n\t\t\t\n\t\t\t\t\t\t\t<span class=\"vcard\" style=\"display: none;\">\n\t\t\t\t\t<span class=\"fn\">\n\t\t\t\t\t\t<a href=\"https:\/\/en.sgu.edu.vn\/vi\/author\/thi\/\" title=\"\u0110\u0103ng b\u1edfi Thi Vo\" rel=\"author\">Thi Vo<\/a>\t\t\t\t\t<\/span>\n\t\t\t\t<\/span>\n\t\t\t\n\t\t\t\t\t\t\t<span class=\"updated\" style=\"display:none;\">\n\t\t\t\t\t2021-09-14T17:12:29+07:00\t\t\t\t<\/span>\n\t\t\t\n\t\t<h4 class=\"entry-title\"><a href=\"https:\/\/en.sgu.edu.vn\/vi\/thong-bao-tuyen-sinh-lop-boi-duong-nghiep-vu-su-pham-cho-giang-vien-dai-hoc-cao-dang-khoa-74\/\">Th\u00f4ng b\u00e1o tuy\u1ec3n sinh l\u1edbp B\u1ed3i d\u01b0\u1ee1ng Nghi\u1ec7p v\u1ee5 s\u01b0 ph\u1ea1m cho Gi\u1ea3ng vi\u00ean \u0110\u1ea1i h\u1ecdc, Cao \u0111\u1eb3ng Kho\u00e1 74<\/a><\/h4><p class=\"meta\">\n\t\t\t\n\t\t\t\t\t\t\t<span class=\"vcard\" style=\"display: none;\">\n\t\t\t\t\t<span class=\"fn\">\n\t\t\t\t\t\t<a href=\"https:\/\/en.sgu.edu.vn\/vi\/author\/thi\/\" title=\"\u0110\u0103ng b\u1edfi Thi Vo\" rel=\"author\">Thi Vo<\/a>\t\t\t\t\t<\/span>\n\t\t\t\t<\/span>\n\t\t\t\n\t\t\t\n\t\t\n\t\t\t\n\t\t\t\n\t\t\t\t\t\t\t<span class=\"updated\" style=\"display:none;\">\n\t\t\t\t\t2021-09-14T17:12:29+07:00\t\t\t\t<\/span>\n\t\t\t\n\t\t<span>2\/08\/2021<\/span><span class=\"fusion-inline-sep\">|<\/span><span class=\"fusion-comments\"><a href=\"https:\/\/en.sgu.edu.vn\/vi\/thong-bao-tuyen-sinh-lop-boi-duong-nghiep-vu-su-pham-cho-giang-vien-dai-hoc-cao-dang-khoa-74\/#respond\">0 Comments<\/a><\/span><\/p><p>Th\u00f4ng b\u00e1o tuy\u1ec3n sinh l\u1edbp B\u1ed3i d\u01b0\u1ee1ng Nghi\u1ec7p v\u1ee5 s\u01b0 ph\u1ea1m cho Gi\u1ea3ng vi\u00ean \u0110\u1ea1i h\u1ecdc, Cao \u0111\u1eb3ng Kh\u00f3a 74 [...]<\/p><\/div><\/div><div class=\"fusion-clearfix\"><\/div><div class=\"fusion-column column col col-lg-12 col-md-12 col-sm-12\"><div class=\"recent-posts-content\">\n\t\t\t\n\t\t\t\t\t\t\t<span class=\"vcard\" style=\"display: none;\">\n\t\t\t\t\t<span class=\"fn\">\n\t\t\t\t\t\t<a href=\"https:\/\/en.sgu.edu.vn\/vi\/author\/thi\/\" title=\"\u0110\u0103ng b\u1edfi Thi Vo\" rel=\"author\">Thi Vo<\/a>\t\t\t\t\t<\/span>\n\t\t\t\t<\/span>\n\t\t\t\n\t\t\t\t\t\t\t<span class=\"updated\" style=\"display:none;\">\n\t\t\t\t\t2021-09-14T17:20:09+07:00\t\t\t\t<\/span>\n\t\t\t\n\t\t<h4 class=\"entry-title\"><a href=\"https:\/\/en.sgu.edu.vn\/vi\/thong-bao-tuyen-sinh-lop-boi-duong-nghiep-vu-su-pham-danh-cho-nguoi-co-nguyen-vong-tro-thanh-giao-vien-tieu-hoc-thcs-thpt-khoa-01-nam-2021\/\">Th\u00f4ng b\u00e1o tuy\u1ec3n sinh l\u1edbp B\u1ed3i d\u01b0\u1ee1ng nghi\u1ec7p v\u1ee5 S\u01b0 ph\u1ea1m d\u00e0nh cho ng\u01b0\u1eddi c\u00f3 nguy\u1ec7n v\u1ecdng tr\u1edf th\u00e0nh gi\u00e1o vi\u00ean ti\u1ec3u h\u1ecdc, THCS, THPT kho\u00e1 01 n\u0103m 2021<\/a><\/h4><p class=\"meta\">\n\t\t\t\n\t\t\t\t\t\t\t<span class=\"vcard\" style=\"display: none;\">\n\t\t\t\t\t<span class=\"fn\">\n\t\t\t\t\t\t<a href=\"https:\/\/en.sgu.edu.vn\/vi\/author\/thi\/\" title=\"\u0110\u0103ng b\u1edfi Thi Vo\" rel=\"author\">Thi Vo<\/a>\t\t\t\t\t<\/span>\n\t\t\t\t<\/span>\n\t\t\t\n\t\t\t\n\t\t\n\t\t\t\n\t\t\t\n\t\t\t\t\t\t\t<span class=\"updated\" style=\"display:none;\">\n\t\t\t\t\t2021-09-14T17:20:09+07:00\t\t\t\t<\/span>\n\t\t\t\n\t\t<span>6\/07\/2021<\/span><span class=\"fusion-inline-sep\">|<\/span><span class=\"fusion-comments\"><a href=\"https:\/\/en.sgu.edu.vn\/vi\/thong-bao-tuyen-sinh-lop-boi-duong-nghiep-vu-su-pham-danh-cho-nguoi-co-nguyen-vong-tro-thanh-giao-vien-tieu-hoc-thcs-thpt-khoa-01-nam-2021\/#respond\">0 Comments<\/a><\/span><\/p><p>Th\u00f4ng b\u00e1o tuy\u1ec3n sinh l\u1edbp B\u1ed3i d\u01b0\u1ee1ng nghi\u1ec7p v\u1ee5 S\u01b0 ph\u1ea1m d\u00e0nh cho ng\u01b0\u1eddi c\u00f3 nguy\u1ec7n v\u1ecdng tr\u1edf th\u00e0nh gi\u00e1o [...]<\/p><\/div><\/div><div class=\"fusion-clearfix\"><\/div><div class=\"fusion-column column col col-lg-12 col-md-12 col-sm-12\"><div class=\"recent-posts-content\">\n\t\t\t\n\t\t\t\t\t\t\t<span class=\"vcard\" style=\"display: none;\">\n\t\t\t\t\t<span class=\"fn\">\n\t\t\t\t\t\t<a href=\"https:\/\/en.sgu.edu.vn\/vi\/author\/thi\/\" title=\"\u0110\u0103ng b\u1edfi Thi Vo\" rel=\"author\">Thi Vo<\/a>\t\t\t\t\t<\/span>\n\t\t\t\t<\/span>\n\t\t\t\n\t\t\t\t\t\t\t<span class=\"updated\" style=\"display:none;\">\n\t\t\t\t\t2021-06-17T11:05:04+07:00\t\t\t\t<\/span>\n\t\t\t\n\t\t<h4 class=\"entry-title\"><a href=\"https:\/\/en.sgu.edu.vn\/vi\/tuyen-sinh-vao-lop-mot-nam-hoc-2021-2022\/\">Tuy\u1ec3n sinh v\u00e0o l\u1edbp M\u1ed9t Tr\u01b0\u1eddng Ti\u1ec3u h\u1ecdc Th\u1ef1c h\u00e0nh n\u0103m h\u1ecdc 2021-2022<\/a><\/h4><p class=\"meta\">\n\t\t\t\n\t\t\t\t\t\t\t<span class=\"vcard\" style=\"display: none;\">\n\t\t\t\t\t<span class=\"fn\">\n\t\t\t\t\t\t<a href=\"https:\/\/en.sgu.edu.vn\/vi\/author\/thi\/\" title=\"\u0110\u0103ng b\u1edfi Thi Vo\" rel=\"author\">Thi Vo<\/a>\t\t\t\t\t<\/span>\n\t\t\t\t<\/span>\n\t\t\t\n\t\t\t\n\t\t\n\t\t\t\n\t\t\t\n\t\t\t\t\t\t\t<span class=\"updated\" style=\"display:none;\">\n\t\t\t\t\t2021-06-17T11:05:04+07:00\t\t\t\t<\/span>\n\t\t\t\n\t\t<span>15\/06\/2021<\/span><span class=\"fusion-inline-sep\">|<\/span><span class=\"fusion-comments\"><a href=\"https:\/\/en.sgu.edu.vn\/vi\/tuyen-sinh-vao-lop-mot-nam-hoc-2021-2022\/#respond\">0 Comments<\/a><\/span><\/p><p>&nbsp; T\u1ea3i th\u00f4ng b\u00e1o t\u1ea1i \u0111\u00e2y: TB TUY\u1ec2N SINH 2021-2022 T\u1ea3i link \u0111\u0103ng k\u00fd t\u1ea1i \u0111\u00e2y: https:\/\/forms.gle\/qTWqQ7zJGcrardYc8 T\u1ea3i m\u1eabu \u0111\u01a1n [...]<\/p><\/div><\/div><div class=\"fusion-clearfix\"><\/div><div class=\"fusion-column column col col-lg-12 col-md-12 col-sm-12\"><div class=\"recent-posts-content\">\n\t\t\t\n\t\t\t\t\t\t\t<span class=\"vcard\" style=\"display: none;\">\n\t\t\t\t\t<span class=\"fn\">\n\t\t\t\t\t\t<a href=\"https:\/\/en.sgu.edu.vn\/vi\/author\/thi\/\" title=\"\u0110\u0103ng b\u1edfi Thi Vo\" rel=\"author\">Thi Vo<\/a>\t\t\t\t\t<\/span>\n\t\t\t\t<\/span>\n\t\t\t\n\t\t\t\t\t\t\t<span class=\"updated\" style=\"display:none;\">\n\t\t\t\t\t2021-09-14T17:30:22+07:00\t\t\t\t<\/span>\n\t\t\t\n\t\t<h4 class=\"entry-title\"><a href=\"https:\/\/en.sgu.edu.vn\/vi\/thong-bao-ve-viec-tuyen-sinh-dai-hoc-hinh-thuc-vua-lam-vua-hoc-nam-2021\/\">Th\u00f4ng b\u00e1o v\u1ec1 vi\u1ec7c tuy\u1ec3n sinh \u0110\u1ea1i h\u1ecdc h\u00ecnh th\u1ee9c v\u1eeba l\u00e0m v\u1eeba h\u1ecdc n\u0103m 2021<\/a><\/h4><p class=\"meta\">\n\t\t\t\n\t\t\t\t\t\t\t<span class=\"vcard\" style=\"display: none;\">\n\t\t\t\t\t<span class=\"fn\">\n\t\t\t\t\t\t<a href=\"https:\/\/en.sgu.edu.vn\/vi\/author\/thi\/\" title=\"\u0110\u0103ng b\u1edfi Thi Vo\" rel=\"author\">Thi Vo<\/a>\t\t\t\t\t<\/span>\n\t\t\t\t<\/span>\n\t\t\t\n\t\t\t\n\t\t\n\t\t\t\n\t\t\t\n\t\t\t\t\t\t\t<span class=\"updated\" style=\"display:none;\">\n\t\t\t\t\t2021-09-14T17:30:22+07:00\t\t\t\t<\/span>\n\t\t\t\n\t\t<span>3\/06\/2021<\/span><span class=\"fusion-inline-sep\">|<\/span><span class=\"fusion-comments\"><a href=\"https:\/\/en.sgu.edu.vn\/vi\/thong-bao-ve-viec-tuyen-sinh-dai-hoc-hinh-thuc-vua-lam-vua-hoc-nam-2021\/#respond\">0 Comments<\/a><\/span><\/p><p>Th\u00f4ng b\u00e1o v\u1ec1 vi\u1ec7c tuy\u1ec3n sinh \u0110\u1ea1i h\u1ecdc h\u00ecnh th\u1ee9c v\u1eeba l\u00e0m v\u1eeba h\u1ecdc n\u0103m 2021 Phi\u1ebfu tuy\u1ec3n sinh Phi\u1ebfu [...]<\/p><\/div><\/div><div class=\"fusion-clearfix\"><\/div><div class=\"fusion-column column col col-lg-12 col-md-12 col-sm-12\"><div class=\"recent-posts-content\">\n\t\t\t\n\t\t\t\t\t\t\t<span class=\"vcard\" style=\"display: none;\">\n\t\t\t\t\t<span class=\"fn\">\n\t\t\t\t\t\t<a href=\"https:\/\/en.sgu.edu.vn\/vi\/author\/thi\/\" title=\"\u0110\u0103ng b\u1edfi Thi Vo\" rel=\"author\">Thi Vo<\/a>\t\t\t\t\t<\/span>\n\t\t\t\t<\/span>\n\t\t\t\n\t\t\t\t\t\t\t<span class=\"updated\" style=\"display:none;\">\n\t\t\t\t\t2021-05-28T08:54:23+07:00\t\t\t\t<\/span>\n\t\t\t\n\t\t<h4 class=\"entry-title\"><a href=\"https:\/\/en.sgu.edu.vn\/vi\/thong-bao-ve-viec-to-chuc-thi-ket-thuc-hoc-phan-hoc-ki-ii-nam-hoc-2020-2021\/\">Th\u00f4ng b\u00e1o v\u1ec1 vi\u1ec7c t\u1ed5 ch\u1ee9c thi k\u1ebft th\u00fac h\u1ecdc ph\u1ea7n H\u1ecdc k\u00ec II n\u0103m h\u1ecdc 2020 &#8211; 2021<\/a><\/h4><p class=\"meta\">\n\t\t\t\n\t\t\t\t\t\t\t<span class=\"vcard\" style=\"display: none;\">\n\t\t\t\t\t<span class=\"fn\">\n\t\t\t\t\t\t<a href=\"https:\/\/en.sgu.edu.vn\/vi\/author\/thi\/\" title=\"\u0110\u0103ng b\u1edfi Thi Vo\" rel=\"author\">Thi Vo<\/a>\t\t\t\t\t<\/span>\n\t\t\t\t<\/span>\n\t\t\t\n\t\t\t\n\t\t\n\t\t\t\n\t\t\t\n\t\t\t\t\t\t\t<span class=\"updated\" style=\"display:none;\">\n\t\t\t\t\t2021-05-28T08:54:23+07:00\t\t\t\t<\/span>\n\t\t\t\n\t\t<span>28\/05\/2021<\/span><span class=\"fusion-inline-sep\">|<\/span><span class=\"fusion-comments\"><a href=\"https:\/\/en.sgu.edu.vn\/vi\/thong-bao-ve-viec-to-chuc-thi-ket-thuc-hoc-phan-hoc-ki-ii-nam-hoc-2020-2021\/#respond\">0 Comments<\/a><\/span><\/p><p><\/p><\/div><\/div><div class=\"fusion-clearfix\"><\/div><div class=\"fusion-column column col col-lg-12 col-md-12 col-sm-12\"><div class=\"recent-posts-content\">\n\t\t\t\n\t\t\t\t\t\t\t<span class=\"vcard\" style=\"display: none;\">\n\t\t\t\t\t<span class=\"fn\">\n\t\t\t\t\t\t<a href=\"https:\/\/en.sgu.edu.vn\/vi\/author\/thi\/\" title=\"\u0110\u0103ng b\u1edfi Thi Vo\" rel=\"author\">Thi Vo<\/a>\t\t\t\t\t<\/span>\n\t\t\t\t<\/span>\n\t\t\t\n\t\t\t\t\t\t\t<span class=\"updated\" style=\"display:none;\">\n\t\t\t\t\t2021-05-19T23:29:52+07:00\t\t\t\t<\/span>\n\t\t\t\n\t\t<h4 class=\"entry-title\"><a href=\"https:\/\/en.sgu.edu.vn\/vi\/thong-bao-ve-viec-to-chuc-thi-va-cap-chung-chi-tieng-anh-theo-khung-nang-luc-ngoai-ngu-6-bac-dung-cho-viet-nam-ngay-thi-26-va-27-thang-6-nam-2021\/\">Th\u00f4ng b\u00e1o v\u1ec1 vi\u1ec7c t\u1ed5 ch\u1ee9c thi v\u00e0 c\u1ea5p ch\u1ee9ng ch\u1ec9 ti\u1ebfng Anh theo Khung n\u0103ng l\u1ef1c ngo\u1ea1i ng\u1eef 6 b\u1eadc d\u00f9ng cho Vi\u1ec7t Nam \u2013 Ng\u00e0y thi 26 v\u00e0 27 th\u00e1ng 6 n\u0103m 2021<\/a><\/h4><p class=\"meta\">\n\t\t\t\n\t\t\t\t\t\t\t<span class=\"vcard\" style=\"display: none;\">\n\t\t\t\t\t<span class=\"fn\">\n\t\t\t\t\t\t<a href=\"https:\/\/en.sgu.edu.vn\/vi\/author\/thi\/\" title=\"\u0110\u0103ng b\u1edfi Thi Vo\" rel=\"author\">Thi Vo<\/a>\t\t\t\t\t<\/span>\n\t\t\t\t<\/span>\n\t\t\t\n\t\t\t\n\t\t\n\t\t\t\n\t\t\t\n\t\t\t\t\t\t\t<span class=\"updated\" style=\"display:none;\">\n\t\t\t\t\t2021-05-19T23:29:52+07:00\t\t\t\t<\/span>\n\t\t\t\n\t\t<span>19\/05\/2021<\/span><span class=\"fusion-inline-sep\">|<\/span><span class=\"fusion-comments\"><a href=\"https:\/\/en.sgu.edu.vn\/vi\/thong-bao-ve-viec-to-chuc-thi-va-cap-chung-chi-tieng-anh-theo-khung-nang-luc-ngoai-ngu-6-bac-dung-cho-viet-nam-ngay-thi-26-va-27-thang-6-nam-2021\/#respond\">0 Comments<\/a><\/span><\/p><p>Th\u00f4ng b\u00e1o v\u1ec1 vi\u1ec7c t\u1ed5 ch\u1ee9c thi v\u00e0 c\u1ea5p ch\u1ee9ng ch\u1ec9 ti\u1ebfng Anh theo Khung n\u0103ng l\u1ef1c ngo\u1ea1i ng\u1eef 6 [...]<\/p><\/div><\/div><div class=\"fusion-clearfix\"><\/div><div class=\"fusion-column column col col-lg-12 col-md-12 col-sm-12\"><div class=\"recent-posts-content\">\n\t\t\t\n\t\t\t\t\t\t\t<span class=\"vcard\" style=\"display: none;\">\n\t\t\t\t\t<span class=\"fn\">\n\t\t\t\t\t\t<a href=\"https:\/\/en.sgu.edu.vn\/vi\/author\/thi\/\" title=\"\u0110\u0103ng b\u1edfi Thi Vo\" rel=\"author\">Thi Vo<\/a>\t\t\t\t\t<\/span>\n\t\t\t\t<\/span>\n\t\t\t\n\t\t\t\t\t\t\t<span class=\"updated\" style=\"display:none;\">\n\t\t\t\t\t2021-05-11T16:18:50+07:00\t\t\t\t<\/span>\n\t\t\t\n\t\t<h4 class=\"entry-title\"><a href=\"https:\/\/en.sgu.edu.vn\/vi\/thong-bao-ve-viec-tam-ngung-cac-hoat-dong-day-hoc-truc-tiep-va-trien-khai-day-hoc-truc-tuyen\/\">Th\u00f4ng b\u00e1o v\u1ec1 vi\u1ec7c t\u1ea1m ng\u01b0ng c\u00e1c ho\u1ea1t \u0111\u1ed9ng d\u1ea1y \u2013 h\u1ecdc tr\u1ef1c ti\u1ebfp v\u00e0 tri\u1ec3n khai d\u1ea1y \u2013 h\u1ecdc tr\u1ef1c tuy\u1ebfn<\/a><\/h4><p class=\"meta\">\n\t\t\t\n\t\t\t\t\t\t\t<span class=\"vcard\" style=\"display: none;\">\n\t\t\t\t\t<span class=\"fn\">\n\t\t\t\t\t\t<a href=\"https:\/\/en.sgu.edu.vn\/vi\/author\/thi\/\" title=\"\u0110\u0103ng b\u1edfi Thi Vo\" rel=\"author\">Thi Vo<\/a>\t\t\t\t\t<\/span>\n\t\t\t\t<\/span>\n\t\t\t\n\t\t\t\n\t\t\n\t\t\t\n\t\t\t\n\t\t\t\t\t\t\t<span class=\"updated\" style=\"display:none;\">\n\t\t\t\t\t2021-05-11T16:18:50+07:00\t\t\t\t<\/span>\n\t\t\t\n\t\t<span>11\/05\/2021<\/span><span class=\"fusion-inline-sep\">|<\/span><span class=\"fusion-comments\"><a href=\"https:\/\/en.sgu.edu.vn\/vi\/thong-bao-ve-viec-tam-ngung-cac-hoat-dong-day-hoc-truc-tiep-va-trien-khai-day-hoc-truc-tuyen\/#respond\">0 Comments<\/a><\/span><\/p><p><\/p><\/div><\/div><div class=\"fusion-clearfix\"><\/div><\/section><\/div><div class=\"fusion-clearfix\"><\/div>\n\n\t\t\t\t\t<\/div>\n\t\t\t\t<\/div><\/div><\/div>\n","protected":false},"excerpt":{"rendered":"","protected":false},"author":1,"featured_media":0,"parent":0,"menu_order":0,"comment_status":"closed","ping_status":"closed","template":"","meta":[],"jetpack_sharing_enabled":true,"jetpack_shortlink":"https:\/\/wp.me\/PdgjhW-3ln","_links":{"self":[{"href":"https:\/\/en.sgu.edu.vn\/vi\/wp-json\/wp\/v2\/pages\/12857"}],"collection":[{"href":"https:\/\/en.sgu.edu.vn\/vi\/wp-json\/wp\/v2\/pages"}],"about":[{"href":"https:\/\/en.sgu.edu.vn\/vi\/wp-json\/wp\/v2\/types\/page"}],"author":[{"embeddable":true,"href":"https:\/\/en.sgu.edu.vn\/vi\/wp-json\/wp\/v2\/users\/1"}],"replies":[{"embeddable":true,"href":"https:\/\/en.sgu.edu.vn\/vi\/wp-json\/wp\/v2\/comments?post=12857"}],"version-history":[{"count":0,"href":"https:\/\/en.sgu.edu.vn\/vi\/wp-json\/wp\/v2\/pages\/12857\/revisions"}],"wp:attachment":[{"href":"https:\/\/en.sgu.edu.vn\/vi\/wp-json\/wp\/v2\/media?parent=12857"}],"curies":[{"name":"wp","href":"https:\/\/api.w.org\/{rel}","templated":true}]}}