{"id":12858,"date":"2016-10-02T17:18:43","date_gmt":"2016-10-02T17:18:43","guid":{"rendered":"http:\/\/edupath.co\/?page_id=12858"},"modified":"2016-12-23T17:20:18","modified_gmt":"2016-12-23T10:20:18","slug":"tin-tuc-su-kien","status":"publish","type":"page","link":"https:\/\/en.sgu.edu.vn\/vi\/tin-tuc-su-kien\/","title":{"rendered":"Tin t\u1ee9c &#8211; s\u1ef1 ki\u1ec7n"},"content":{"rendered":"<div class=\"fusion-fullwidth fullwidth-box nonhundred-percent-fullwidth non-hundred-percent-height-scrolling\"  style='background-color: #ffffff;background-position: left top;background-repeat: no-repeat;padding-top:20px;padding-right:0px;padding-bottom:20px;padding-left:0px;border-top-width:0px;border-bottom-width:0px;border-color:#eae9e9;border-top-style:solid;border-bottom-style:solid;'><div class=\"fusion-builder-row fusion-row \"><div  class=\"fusion-layout-column fusion_builder_column fusion_builder_column_1_1  fusion-one-full fusion-column-first fusion-column-last 1_1\"  style='margin-top:0px;margin-bottom:20px;'>\n\t\t\t\t\t<div class=\"fusion-column-wrapper\" style=\"background-position:left top;background-repeat:no-repeat;-webkit-background-size:cover;-moz-background-size:cover;-o-background-size:cover;background-size:cover;\"  data-bg-url=\"\">\n\t\t\t\t\t\t<div class=\"fusion-recent-posts avada-container layout-default layout-columns-4\"><section class=\"fusion-columns columns fusion-columns-4 columns-4\"><div class=\"fusion-column column col col-lg-3 col-md-3 col-sm-3\"><div class=\"fusion-flexslider flexslider flexslider-hover-type-none\"><ul class=\"slides\"><li><a href=\"https:\/\/en.sgu.edu.vn\/vi\/le-cong-bo-quyet-dinh-vien-chuc-quan-ly-nhiem-ky-2020-2025-ngay-20-10-2021\/\" class=\"hover-type-none\" aria-label=\"L\u1ec5 c\u00f4ng b\u1ed1 quy\u1ebft \u0111\u1ecbnh vi\u00ean ch\u1ee9c qu\u1ea3n l\u00fd nhi\u1ec7m k\u1ef3 2020 &#8211; 2025 ng\u00e0y 20\/10\/2021\"><img src=\"https:\/\/en.sgu.edu.vn\/wp-content\/uploads\/2021\/10\/LeBoNhiem201021-079-min-1-700x441.jpg\" alt=\"\" \/><\/a><\/li><\/ul><\/div><div class=\"recent-posts-content\">\n\t\t\t\n\t\t\t\t\t\t\t<span class=\"vcard\" style=\"display: none;\">\n\t\t\t\t\t<span class=\"fn\">\n\t\t\t\t\t\t<a href=\"https:\/\/en.sgu.edu.vn\/vi\/author\/thi\/\" title=\"\u0110\u0103ng b\u1edfi Thi Vo\" rel=\"author\">Thi Vo<\/a>\t\t\t\t\t<\/span>\n\t\t\t\t<\/span>\n\t\t\t\n\t\t\t\t\t\t\t<span class=\"updated\" style=\"display:none;\">\n\t\t\t\t\t2021-10-20T12:11:33+07:00\t\t\t\t<\/span>\n\t\t\t\n\t\t<h4 class=\"entry-title\"><a href=\"https:\/\/en.sgu.edu.vn\/vi\/le-cong-bo-quyet-dinh-vien-chuc-quan-ly-nhiem-ky-2020-2025-ngay-20-10-2021\/\">L\u1ec5 c\u00f4ng b\u1ed1 quy\u1ebft \u0111\u1ecbnh vi\u00ean ch\u1ee9c qu\u1ea3n l\u00fd nhi\u1ec7m k\u1ef3 2020 &#8211; 2025 ng\u00e0y 20\/10\/2021<\/a><\/h4><p class=\"meta\">\n\t\t\t\n\t\t\t\t\t\t\t<span class=\"vcard\" style=\"display: none;\">\n\t\t\t\t\t<span class=\"fn\">\n\t\t\t\t\t\t<a href=\"https:\/\/en.sgu.edu.vn\/vi\/author\/thi\/\" title=\"\u0110\u0103ng b\u1edfi Thi Vo\" rel=\"author\">Thi Vo<\/a>\t\t\t\t\t<\/span>\n\t\t\t\t<\/span>\n\t\t\t\n\t\t\t\n\t\t\n\t\t\t\n\t\t\t\n\t\t\t\t\t\t\t<span class=\"updated\" style=\"display:none;\">\n\t\t\t\t\t2021-10-20T12:11:33+07:00\t\t\t\t<\/span>\n\t\t\t\n\t\t<span>20\/10\/2021<\/span><span class=\"fusion-inline-sep\">|<\/span><span class=\"fusion-comments\"><a href=\"https:\/\/en.sgu.edu.vn\/vi\/le-cong-bo-quyet-dinh-vien-chuc-quan-ly-nhiem-ky-2020-2025-ngay-20-10-2021\/#respond\">0 Comments<\/a><\/span><\/p><p>L\u1ec5 c\u00f4ng b\u1ed1 quy\u1ebft \u0111\u1ecbnh vi\u00ean ch\u1ee9c qu\u1ea3n l\u00fd nhi\u1ec7m [...]<\/p><\/div><\/div><div class=\"fusion-column column col col-lg-3 col-md-3 col-sm-3\"><div class=\"fusion-flexslider flexslider flexslider-hover-type-none\"><ul class=\"slides\"><li><a href=\"https:\/\/en.sgu.edu.vn\/vi\/le-cong-bo-quyet-dinh-vien-chuc-quan-ly-nhiem-ky-2020-2025-ngay-06-10-2021\/\" class=\"hover-type-none\" aria-label=\"L\u1ec5 c\u00f4ng b\u1ed1 quy\u1ebft \u0111\u1ecbnh vi\u00ean ch\u1ee9c qu\u1ea3n l\u00fd nhi\u1ec7m k\u1ef3 2020 &#8211; 2025 ng\u00e0y 06\/10\/2021\"><img src=\"https:\/\/en.sgu.edu.vn\/wp-content\/uploads\/2021\/10\/LeBoNhiemPart2-061021-119-min-700x441.jpg\" alt=\"\" \/><\/a><\/li><\/ul><\/div><div class=\"recent-posts-content\">\n\t\t\t\n\t\t\t\t\t\t\t<span class=\"vcard\" style=\"display: none;\">\n\t\t\t\t\t<span class=\"fn\">\n\t\t\t\t\t\t<a href=\"https:\/\/en.sgu.edu.vn\/vi\/author\/thi\/\" title=\"\u0110\u0103ng b\u1edfi Thi Vo\" rel=\"author\">Thi Vo<\/a>\t\t\t\t\t<\/span>\n\t\t\t\t<\/span>\n\t\t\t\n\t\t\t\t\t\t\t<span class=\"updated\" style=\"display:none;\">\n\t\t\t\t\t2021-10-08T00:43:42+07:00\t\t\t\t<\/span>\n\t\t\t\n\t\t<h4 class=\"entry-title\"><a href=\"https:\/\/en.sgu.edu.vn\/vi\/le-cong-bo-quyet-dinh-vien-chuc-quan-ly-nhiem-ky-2020-2025-ngay-06-10-2021\/\">L\u1ec5 c\u00f4ng b\u1ed1 quy\u1ebft \u0111\u1ecbnh vi\u00ean ch\u1ee9c qu\u1ea3n l\u00fd nhi\u1ec7m k\u1ef3 2020 &#8211; 2025 ng\u00e0y 06\/10\/2021<\/a><\/h4><p class=\"meta\">\n\t\t\t\n\t\t\t\t\t\t\t<span class=\"vcard\" style=\"display: none;\">\n\t\t\t\t\t<span class=\"fn\">\n\t\t\t\t\t\t<a href=\"https:\/\/en.sgu.edu.vn\/vi\/author\/thi\/\" title=\"\u0110\u0103ng b\u1edfi Thi Vo\" rel=\"author\">Thi Vo<\/a>\t\t\t\t\t<\/span>\n\t\t\t\t<\/span>\n\t\t\t\n\t\t\t\n\t\t\n\t\t\t\n\t\t\t\n\t\t\t\t\t\t\t<span class=\"updated\" style=\"display:none;\">\n\t\t\t\t\t2021-10-08T00:43:42+07:00\t\t\t\t<\/span>\n\t\t\t\n\t\t<span>6\/10\/2021<\/span><span class=\"fusion-inline-sep\">|<\/span><span class=\"fusion-comments\"><a href=\"https:\/\/en.sgu.edu.vn\/vi\/le-cong-bo-quyet-dinh-vien-chuc-quan-ly-nhiem-ky-2020-2025-ngay-06-10-2021\/#respond\">0 Comments<\/a><\/span><\/p><p>L\u1ec5 c\u00f4ng b\u1ed1 quy\u1ebft \u0111\u1ecbnh vi\u00ean ch\u1ee9c qu\u1ea3n l\u00fd nhi\u1ec7m [...]<\/p><\/div><\/div><div class=\"fusion-column column col col-lg-3 col-md-3 col-sm-3\"><div class=\"fusion-flexslider flexslider flexslider-hover-type-none\"><ul class=\"slides\"><li><a href=\"https:\/\/en.sgu.edu.vn\/vi\/le-cong-bo-quyet-dinh-vien-chuc-quan-ly-nhiem-ky-2020-2025\/\" class=\"hover-type-none\" aria-label=\"L\u1ec5 c\u00f4ng b\u1ed1 quy\u1ebft \u0111\u1ecbnh vi\u00ean ch\u1ee9c qu\u1ea3n l\u00fd nhi\u1ec7m k\u1ef3 2020 &#8211; 2025 ng\u00e0y 04\/10\/2021\"><img src=\"https:\/\/en.sgu.edu.vn\/wp-content\/uploads\/2021\/10\/LeBoNhiem041021-030-min-700x441.jpg\" alt=\"\" \/><\/a><\/li><\/ul><\/div><div class=\"recent-posts-content\">\n\t\t\t\n\t\t\t\t\t\t\t<span class=\"vcard\" style=\"display: none;\">\n\t\t\t\t\t<span class=\"fn\">\n\t\t\t\t\t\t<a href=\"https:\/\/en.sgu.edu.vn\/vi\/author\/thi\/\" title=\"\u0110\u0103ng b\u1edfi Thi Vo\" rel=\"author\">Thi Vo<\/a>\t\t\t\t\t<\/span>\n\t\t\t\t<\/span>\n\t\t\t\n\t\t\t\t\t\t\t<span class=\"updated\" style=\"display:none;\">\n\t\t\t\t\t2021-10-06T14:21:30+07:00\t\t\t\t<\/span>\n\t\t\t\n\t\t<h4 class=\"entry-title\"><a href=\"https:\/\/en.sgu.edu.vn\/vi\/le-cong-bo-quyet-dinh-vien-chuc-quan-ly-nhiem-ky-2020-2025\/\">L\u1ec5 c\u00f4ng b\u1ed1 quy\u1ebft \u0111\u1ecbnh vi\u00ean ch\u1ee9c qu\u1ea3n l\u00fd nhi\u1ec7m k\u1ef3 2020 &#8211; 2025 ng\u00e0y 04\/10\/2021<\/a><\/h4><p class=\"meta\">\n\t\t\t\n\t\t\t\t\t\t\t<span class=\"vcard\" style=\"display: none;\">\n\t\t\t\t\t<span class=\"fn\">\n\t\t\t\t\t\t<a href=\"https:\/\/en.sgu.edu.vn\/vi\/author\/thi\/\" title=\"\u0110\u0103ng b\u1edfi Thi Vo\" rel=\"author\">Thi Vo<\/a>\t\t\t\t\t<\/span>\n\t\t\t\t<\/span>\n\t\t\t\n\t\t\t\n\t\t\n\t\t\t\n\t\t\t\n\t\t\t\t\t\t\t<span class=\"updated\" style=\"display:none;\">\n\t\t\t\t\t2021-10-06T14:21:30+07:00\t\t\t\t<\/span>\n\t\t\t\n\t\t<span>4\/10\/2021<\/span><span class=\"fusion-inline-sep\">|<\/span><span class=\"fusion-comments\"><a href=\"https:\/\/en.sgu.edu.vn\/vi\/le-cong-bo-quyet-dinh-vien-chuc-quan-ly-nhiem-ky-2020-2025\/#respond\">0 Comments<\/a><\/span><\/p><p>L\u1ec5 c\u00f4ng b\u1ed1 quy\u1ebft \u0111\u1ecbnh vi\u00ean ch\u1ee9c qu\u1ea3n l\u00fd nhi\u1ec7m [...]<\/p><\/div><\/div><div class=\"fusion-column column col col-lg-3 col-md-3 col-sm-3\"><div class=\"fusion-flexslider flexslider flexslider-hover-type-none\"><ul class=\"slides\"><li><a href=\"https:\/\/en.sgu.edu.vn\/vi\/pho-chu-tich-ubnd-tp-hcm-duong-anh-duc-trao-quyet-dinh-cong-nhan-hieu-truong-truong-dai-hoc-sai-gon-doi-voi-ong-pham-hoang-quan-nhiem-ky-2020-2025\/\" class=\"hover-type-none\" aria-label=\"Ph\u00f3 Ch\u1ee7 t\u1ecbch UBND TP.HCM D\u01b0\u01a1ng Anh \u0110\u1ee9c trao quy\u1ebft \u0111\u1ecbnh c\u00f4ng nh\u1eadn Hi\u1ec7u tr\u01b0\u1edfng Tr\u01b0\u1eddng \u0110\u1ea1i h\u1ecdc S\u00e0i G\u00f2n \u0111\u1ed1i v\u1edbi \u00f4ng Ph\u1ea1m Ho\u00e0ng Qu\u00e2n nhi\u1ec7m k\u1ef3 2020-2025\"><img src=\"https:\/\/en.sgu.edu.vn\/wp-content\/uploads\/2021\/08\/CA19A234-ADAF-4B25-95C7-C289BC7B97F7-700x441.jpeg\" alt=\"\" \/><\/a><\/li><\/ul><\/div><div class=\"recent-posts-content\">\n\t\t\t\n\t\t\t\t\t\t\t<span class=\"vcard\" style=\"display: none;\">\n\t\t\t\t\t<span class=\"fn\">\n\t\t\t\t\t\t<a href=\"https:\/\/en.sgu.edu.vn\/vi\/author\/thi\/\" title=\"\u0110\u0103ng b\u1edfi Thi Vo\" rel=\"author\">Thi Vo<\/a>\t\t\t\t\t<\/span>\n\t\t\t\t<\/span>\n\t\t\t\n\t\t\t\t\t\t\t<span class=\"updated\" style=\"display:none;\">\n\t\t\t\t\t2021-08-20T11:33:01+07:00\t\t\t\t<\/span>\n\t\t\t\n\t\t<h4 class=\"entry-title\"><a href=\"https:\/\/en.sgu.edu.vn\/vi\/pho-chu-tich-ubnd-tp-hcm-duong-anh-duc-trao-quyet-dinh-cong-nhan-hieu-truong-truong-dai-hoc-sai-gon-doi-voi-ong-pham-hoang-quan-nhiem-ky-2020-2025\/\">Ph\u00f3 Ch\u1ee7 t\u1ecbch UBND TP.HCM D\u01b0\u01a1ng Anh \u0110\u1ee9c trao quy\u1ebft \u0111\u1ecbnh c\u00f4ng nh\u1eadn Hi\u1ec7u tr\u01b0\u1edfng Tr\u01b0\u1eddng \u0110\u1ea1i h\u1ecdc S\u00e0i G\u00f2n \u0111\u1ed1i v\u1edbi \u00f4ng Ph\u1ea1m Ho\u00e0ng Qu\u00e2n nhi\u1ec7m k\u1ef3 2020-2025<\/a><\/h4><p class=\"meta\">\n\t\t\t\n\t\t\t\t\t\t\t<span class=\"vcard\" style=\"display: none;\">\n\t\t\t\t\t<span class=\"fn\">\n\t\t\t\t\t\t<a href=\"https:\/\/en.sgu.edu.vn\/vi\/author\/thi\/\" title=\"\u0110\u0103ng b\u1edfi Thi Vo\" rel=\"author\">Thi Vo<\/a>\t\t\t\t\t<\/span>\n\t\t\t\t<\/span>\n\t\t\t\n\t\t\t\n\t\t\n\t\t\t\n\t\t\t\n\t\t\t\t\t\t\t<span class=\"updated\" style=\"display:none;\">\n\t\t\t\t\t2021-08-20T11:33:01+07:00\t\t\t\t<\/span>\n\t\t\t\n\t\t<span>20\/08\/2021<\/span><span class=\"fusion-inline-sep\">|<\/span><span class=\"fusion-comments\"><a href=\"https:\/\/en.sgu.edu.vn\/vi\/pho-chu-tich-ubnd-tp-hcm-duong-anh-duc-trao-quyet-dinh-cong-nhan-hieu-truong-truong-dai-hoc-sai-gon-doi-voi-ong-pham-hoang-quan-nhiem-ky-2020-2025\/#respond\">0 Comments<\/a><\/span><\/p><p>Ph\u00f3 Ch\u1ee7 t\u1ecbch UBND TP.HCM D\u01b0\u01a1ng Anh \u0110\u1ee9c trao quy\u1ebft [...]<\/p><\/div><\/div><div class=\"fusion-clearfix\"><\/div><div class=\"fusion-column column col col-lg-3 col-md-3 col-sm-3\"><div class=\"fusion-flexslider flexslider flexslider-hover-type-none\"><ul class=\"slides\"><li><a href=\"https:\/\/en.sgu.edu.vn\/vi\/hoi-thao-truyen-thong-cong-doan-nam-hoc-2020-2021\/\" class=\"hover-type-none\" aria-label=\"H\u1ed9i thao truy\u1ec1n th\u1ed1ng C\u00f4ng \u0111o\u00e0n n\u0103m h\u1ecdc 2020-2021\"><img src=\"https:\/\/en.sgu.edu.vn\/wp-content\/uploads\/2021\/04\/HTCD4521_11-700x441.jpg\" alt=\"\" \/><\/a><\/li><\/ul><\/div><div class=\"recent-posts-content\">\n\t\t\t\n\t\t\t\t\t\t\t<span class=\"vcard\" style=\"display: none;\">\n\t\t\t\t\t<span class=\"fn\">\n\t\t\t\t\t\t<a href=\"https:\/\/en.sgu.edu.vn\/vi\/author\/thi\/\" title=\"\u0110\u0103ng b\u1edfi Thi Vo\" rel=\"author\">Thi Vo<\/a>\t\t\t\t\t<\/span>\n\t\t\t\t<\/span>\n\t\t\t\n\t\t\t\t\t\t\t<span class=\"updated\" style=\"display:none;\">\n\t\t\t\t\t2021-04-29T15:31:23+07:00\t\t\t\t<\/span>\n\t\t\t\n\t\t<h4 class=\"entry-title\"><a href=\"https:\/\/en.sgu.edu.vn\/vi\/hoi-thao-truyen-thong-cong-doan-nam-hoc-2020-2021\/\">H\u1ed9i thao truy\u1ec1n th\u1ed1ng C\u00f4ng \u0111o\u00e0n n\u0103m h\u1ecdc 2020-2021<\/a><\/h4><p class=\"meta\">\n\t\t\t\n\t\t\t\t\t\t\t<span class=\"vcard\" style=\"display: none;\">\n\t\t\t\t\t<span class=\"fn\">\n\t\t\t\t\t\t<a href=\"https:\/\/en.sgu.edu.vn\/vi\/author\/thi\/\" title=\"\u0110\u0103ng b\u1edfi Thi Vo\" rel=\"author\">Thi Vo<\/a>\t\t\t\t\t<\/span>\n\t\t\t\t<\/span>\n\t\t\t\n\t\t\t\n\t\t\n\t\t\t\n\t\t\t\n\t\t\t\t\t\t\t<span class=\"updated\" style=\"display:none;\">\n\t\t\t\t\t2021-04-29T15:31:23+07:00\t\t\t\t<\/span>\n\t\t\t\n\t\t<span>29\/04\/2021<\/span><span class=\"fusion-inline-sep\">|<\/span><span class=\"fusion-comments\"><a href=\"https:\/\/en.sgu.edu.vn\/vi\/hoi-thao-truyen-thong-cong-doan-nam-hoc-2020-2021\/#respond\">0 Comments<\/a><\/span><\/p><p>H\u1ed9i thao truy\u1ec1n th\u1ed1ng C\u00f4ng \u0111o\u00e0n n\u0103m h\u1ecdc 2020-2021 \u00a0\u00a0\u00a0\u00a0\u00a0\u00a0\u00a0\u00a0\u00a0 [...]<\/p><\/div><\/div><div class=\"fusion-column column col col-lg-3 col-md-3 col-sm-3\"><div class=\"fusion-flexslider flexslider flexslider-hover-type-none\"><ul class=\"slides\"><li><a href=\"https:\/\/en.sgu.edu.vn\/vi\/doi-tuyen-truong-dai-hoc-sai-gon-tai-cuoc-thi-olympic-vat-ly-sinh-vien-toan-quoc-lan-thu-xxiii\/\" class=\"hover-type-none\" aria-label=\"\u0110\u1ed9i tuy\u1ec3n tr\u01b0\u1eddng \u0110\u1ea1i h\u1ecdc S\u00e0i G\u00f2n t\u1ea1i Cu\u1ed9c thi Olympic V\u1eadt l\u00fd sinh vi\u00ean to\u00e0n qu\u1ed1c l\u1ea7n th\u1ee9 XXIII\"><img src=\"https:\/\/en.sgu.edu.vn\/wp-content\/uploads\/2021\/04\/OVL2021_01-700x441.jpg\" alt=\"\" \/><\/a><\/li><\/ul><\/div><div class=\"recent-posts-content\">\n\t\t\t\n\t\t\t\t\t\t\t<span class=\"vcard\" style=\"display: none;\">\n\t\t\t\t\t<span class=\"fn\">\n\t\t\t\t\t\t<a href=\"https:\/\/en.sgu.edu.vn\/vi\/author\/thi\/\" title=\"\u0110\u0103ng b\u1edfi Thi Vo\" rel=\"author\">Thi Vo<\/a>\t\t\t\t\t<\/span>\n\t\t\t\t<\/span>\n\t\t\t\n\t\t\t\t\t\t\t<span class=\"updated\" style=\"display:none;\">\n\t\t\t\t\t2021-04-26T11:40:34+07:00\t\t\t\t<\/span>\n\t\t\t\n\t\t<h4 class=\"entry-title\"><a href=\"https:\/\/en.sgu.edu.vn\/vi\/doi-tuyen-truong-dai-hoc-sai-gon-tai-cuoc-thi-olympic-vat-ly-sinh-vien-toan-quoc-lan-thu-xxiii\/\">\u0110\u1ed9i tuy\u1ec3n tr\u01b0\u1eddng \u0110\u1ea1i h\u1ecdc S\u00e0i G\u00f2n t\u1ea1i Cu\u1ed9c thi Olympic V\u1eadt l\u00fd sinh vi\u00ean to\u00e0n qu\u1ed1c l\u1ea7n th\u1ee9 XXIII<\/a><\/h4><p class=\"meta\">\n\t\t\t\n\t\t\t\t\t\t\t<span class=\"vcard\" style=\"display: none;\">\n\t\t\t\t\t<span class=\"fn\">\n\t\t\t\t\t\t<a href=\"https:\/\/en.sgu.edu.vn\/vi\/author\/thi\/\" title=\"\u0110\u0103ng b\u1edfi Thi Vo\" rel=\"author\">Thi Vo<\/a>\t\t\t\t\t<\/span>\n\t\t\t\t<\/span>\n\t\t\t\n\t\t\t\n\t\t\n\t\t\t\n\t\t\t\n\t\t\t\t\t\t\t<span class=\"updated\" style=\"display:none;\">\n\t\t\t\t\t2021-04-26T11:40:34+07:00\t\t\t\t<\/span>\n\t\t\t\n\t\t<span>26\/04\/2021<\/span><span class=\"fusion-inline-sep\">|<\/span><span class=\"fusion-comments\"><a href=\"https:\/\/en.sgu.edu.vn\/vi\/doi-tuyen-truong-dai-hoc-sai-gon-tai-cuoc-thi-olympic-vat-ly-sinh-vien-toan-quoc-lan-thu-xxiii\/#respond\">0 Comments<\/a><\/span><\/p><p>\u0110\u1ed9i tuy\u1ec3n tr\u01b0\u1eddng \u0110\u1ea1i h\u1ecdc S\u00e0i G\u00f2n t\u1ea1i Cu\u1ed9c thi [...]<\/p><\/div><\/div><div class=\"fusion-column column col col-lg-3 col-md-3 col-sm-3\"><div class=\"fusion-flexslider flexslider flexslider-hover-type-none\"><ul class=\"slides\"><li><a href=\"https:\/\/en.sgu.edu.vn\/vi\/tap-huan-tong-quan-ve-danh-gia-chat-luong-giao-duc-cap-co-so-giao-duc-dai-hoc-theo-tieu-chuan-cua-bgddt-tai-truong-dai-hoc-sai-gon\/\" class=\"hover-type-none\" aria-label=\"T\u1eadp hu\u1ea5n \u201cT\u1ed5ng quan v\u1ec1 \u0111\u00e1nh gi\u00e1 ch\u1ea5t l\u01b0\u1ee3ng gi\u00e1o d\u1ee5c c\u1ea5p c\u01a1 s\u1edf gi\u00e1o d\u1ee5c \u0111\u1ea1i h\u1ecdc\u201d theo ti\u00eau chu\u1ea9n c\u1ee7a BGD&#038;\u0110T t\u1ea1i Tr\u01b0\u1eddng \u0110\u1ea1i h\u1ecdc S\u00e0i G\u00f2n\"><img src=\"https:\/\/en.sgu.edu.vn\/wp-content\/uploads\/2021\/04\/BDCLGD2021-1-700x441.jpg\" alt=\"\" \/><\/a><\/li><\/ul><\/div><div class=\"recent-posts-content\">\n\t\t\t\n\t\t\t\t\t\t\t<span class=\"vcard\" style=\"display: none;\">\n\t\t\t\t\t<span class=\"fn\">\n\t\t\t\t\t\t<a href=\"https:\/\/en.sgu.edu.vn\/vi\/author\/thi\/\" title=\"\u0110\u0103ng b\u1edfi Thi Vo\" rel=\"author\">Thi Vo<\/a>\t\t\t\t\t<\/span>\n\t\t\t\t<\/span>\n\t\t\t\n\t\t\t\t\t\t\t<span class=\"updated\" style=\"display:none;\">\n\t\t\t\t\t2021-04-07T10:00:41+07:00\t\t\t\t<\/span>\n\t\t\t\n\t\t<h4 class=\"entry-title\"><a href=\"https:\/\/en.sgu.edu.vn\/vi\/tap-huan-tong-quan-ve-danh-gia-chat-luong-giao-duc-cap-co-so-giao-duc-dai-hoc-theo-tieu-chuan-cua-bgddt-tai-truong-dai-hoc-sai-gon\/\">T\u1eadp hu\u1ea5n \u201cT\u1ed5ng quan v\u1ec1 \u0111\u00e1nh gi\u00e1 ch\u1ea5t l\u01b0\u1ee3ng gi\u00e1o d\u1ee5c c\u1ea5p c\u01a1 s\u1edf gi\u00e1o d\u1ee5c \u0111\u1ea1i h\u1ecdc\u201d theo ti\u00eau chu\u1ea9n c\u1ee7a BGD&#038;\u0110T t\u1ea1i Tr\u01b0\u1eddng \u0110\u1ea1i h\u1ecdc S\u00e0i G\u00f2n<\/a><\/h4><p class=\"meta\">\n\t\t\t\n\t\t\t\t\t\t\t<span class=\"vcard\" style=\"display: none;\">\n\t\t\t\t\t<span class=\"fn\">\n\t\t\t\t\t\t<a href=\"https:\/\/en.sgu.edu.vn\/vi\/author\/thi\/\" title=\"\u0110\u0103ng b\u1edfi Thi Vo\" rel=\"author\">Thi Vo<\/a>\t\t\t\t\t<\/span>\n\t\t\t\t<\/span>\n\t\t\t\n\t\t\t\n\t\t\n\t\t\t\n\t\t\t\n\t\t\t\t\t\t\t<span class=\"updated\" style=\"display:none;\">\n\t\t\t\t\t2021-04-07T10:00:41+07:00\t\t\t\t<\/span>\n\t\t\t\n\t\t<span>7\/04\/2021<\/span><span class=\"fusion-inline-sep\">|<\/span><span class=\"fusion-comments\"><a href=\"https:\/\/en.sgu.edu.vn\/vi\/tap-huan-tong-quan-ve-danh-gia-chat-luong-giao-duc-cap-co-so-giao-duc-dai-hoc-theo-tieu-chuan-cua-bgddt-tai-truong-dai-hoc-sai-gon\/#respond\">0 Comments<\/a><\/span><\/p><p>T\u1eadp hu\u1ea5n \u201cT\u1ed5ng quan v\u1ec1 \u0111\u00e1nh gi\u00e1 ch\u1ea5t l\u01b0\u1ee3ng gi\u00e1o [...]<\/p><\/div><\/div><div class=\"fusion-column column col col-lg-3 col-md-3 col-sm-3\"><div class=\"fusion-flexslider flexslider flexslider-hover-type-none\"><ul class=\"slides\"><li><a href=\"https:\/\/en.sgu.edu.vn\/vi\/khai-mac-hoi-thao-sinh-vien-dai-hoc-sai-gon-nam-hoc-2020-2021\/\" class=\"hover-type-none\" aria-label=\"Khai m\u1ea1c H\u1ed9i thao Sinh vi\u00ean \u0110\u1ea1i h\u1ecdc S\u00e0i G\u00f2n n\u0103m h\u1ecdc 2020 \u2013 2021\"><img src=\"https:\/\/en.sgu.edu.vn\/wp-content\/uploads\/2021\/04\/HTSV_2021_08-700x441.jpg\" alt=\"\" \/><\/a><\/li><\/ul><\/div><div class=\"recent-posts-content\">\n\t\t\t\n\t\t\t\t\t\t\t<span class=\"vcard\" style=\"display: none;\">\n\t\t\t\t\t<span class=\"fn\">\n\t\t\t\t\t\t<a href=\"https:\/\/en.sgu.edu.vn\/vi\/author\/thi\/\" title=\"\u0110\u0103ng b\u1edfi Thi Vo\" rel=\"author\">Thi Vo<\/a>\t\t\t\t\t<\/span>\n\t\t\t\t<\/span>\n\t\t\t\n\t\t\t\t\t\t\t<span class=\"updated\" style=\"display:none;\">\n\t\t\t\t\t2021-04-06T11:22:08+07:00\t\t\t\t<\/span>\n\t\t\t\n\t\t<h4 class=\"entry-title\"><a href=\"https:\/\/en.sgu.edu.vn\/vi\/khai-mac-hoi-thao-sinh-vien-dai-hoc-sai-gon-nam-hoc-2020-2021\/\">Khai m\u1ea1c H\u1ed9i thao Sinh vi\u00ean \u0110\u1ea1i h\u1ecdc S\u00e0i G\u00f2n n\u0103m h\u1ecdc 2020 \u2013 2021<\/a><\/h4><p class=\"meta\">\n\t\t\t\n\t\t\t\t\t\t\t<span class=\"vcard\" style=\"display: none;\">\n\t\t\t\t\t<span class=\"fn\">\n\t\t\t\t\t\t<a href=\"https:\/\/en.sgu.edu.vn\/vi\/author\/thi\/\" title=\"\u0110\u0103ng b\u1edfi Thi Vo\" rel=\"author\">Thi Vo<\/a>\t\t\t\t\t<\/span>\n\t\t\t\t<\/span>\n\t\t\t\n\t\t\t\n\t\t\n\t\t\t\n\t\t\t\n\t\t\t\t\t\t\t<span class=\"updated\" style=\"display:none;\">\n\t\t\t\t\t2021-04-06T11:22:08+07:00\t\t\t\t<\/span>\n\t\t\t\n\t\t<span>6\/04\/2021<\/span><span class=\"fusion-inline-sep\">|<\/span><span class=\"fusion-comments\"><a href=\"https:\/\/en.sgu.edu.vn\/vi\/khai-mac-hoi-thao-sinh-vien-dai-hoc-sai-gon-nam-hoc-2020-2021\/#respond\">0 Comments<\/a><\/span><\/p><p>Khai m\u1ea1c H\u1ed9i thao Sinh vi\u00ean \u0110\u1ea1i h\u1ecdc S\u00e0i G\u00f2n [...]<\/p><\/div><\/div><div class=\"fusion-clearfix\"><\/div><div class=\"fusion-column column col col-lg-3 col-md-3 col-sm-3\"><div class=\"fusion-flexslider flexslider flexslider-hover-type-none\"><ul class=\"slides\"><li><a href=\"https:\/\/en.sgu.edu.vn\/vi\/dai-hoc-sai-gon-phat-trien-dang-vien-doan-vien-moi-va-tuyen-duong-can-bo-doan-doan-vien-tieu-bieu-ky-niem-90-nam-ngay-thanh-lap-doan-tncs-ho-chi-minh-26-3-1931-26-3-2021\/\" class=\"hover-type-none\" aria-label=\"\u0110\u1ea1i h\u1ecdc S\u00e0i G\u00f2n ph\u00e1t tri\u1ec3n \u0110\u1ea3ng vi\u00ean, \u0110o\u00e0n vi\u00ean m\u1edbi v\u00e0 tuy\u00ean d\u01b0\u01a1ng C\u00e1n b\u1ed9 \u0110o\u00e0n, \u0110o\u00e0n vi\u00ean ti\u00eau bi\u1ec3u k\u1ef7 ni\u1ec7m 90 n\u0103m Ng\u00e0y th\u00e0nh l\u1eadp \u0110o\u00e0n TNCS H\u1ed3 Ch\u00ed Minh (26\/3\/1931 \u2013 26\/3\/2021)\"><img src=\"https:\/\/en.sgu.edu.vn\/wp-content\/uploads\/2021\/03\/DTNKN90_09-700x441.jpg\" alt=\"\" \/><\/a><\/li><\/ul><\/div><div class=\"recent-posts-content\">\n\t\t\t\n\t\t\t\t\t\t\t<span class=\"vcard\" style=\"display: none;\">\n\t\t\t\t\t<span class=\"fn\">\n\t\t\t\t\t\t<a href=\"https:\/\/en.sgu.edu.vn\/vi\/author\/thi\/\" title=\"\u0110\u0103ng b\u1edfi Thi Vo\" rel=\"author\">Thi Vo<\/a>\t\t\t\t\t<\/span>\n\t\t\t\t<\/span>\n\t\t\t\n\t\t\t\t\t\t\t<span class=\"updated\" style=\"display:none;\">\n\t\t\t\t\t2021-03-30T21:21:23+07:00\t\t\t\t<\/span>\n\t\t\t\n\t\t<h4 class=\"entry-title\"><a href=\"https:\/\/en.sgu.edu.vn\/vi\/dai-hoc-sai-gon-phat-trien-dang-vien-doan-vien-moi-va-tuyen-duong-can-bo-doan-doan-vien-tieu-bieu-ky-niem-90-nam-ngay-thanh-lap-doan-tncs-ho-chi-minh-26-3-1931-26-3-2021\/\">\u0110\u1ea1i h\u1ecdc S\u00e0i G\u00f2n ph\u00e1t tri\u1ec3n \u0110\u1ea3ng vi\u00ean, \u0110o\u00e0n vi\u00ean m\u1edbi v\u00e0 tuy\u00ean d\u01b0\u01a1ng C\u00e1n b\u1ed9 \u0110o\u00e0n, \u0110o\u00e0n vi\u00ean ti\u00eau bi\u1ec3u k\u1ef7 ni\u1ec7m 90 n\u0103m Ng\u00e0y th\u00e0nh l\u1eadp \u0110o\u00e0n TNCS H\u1ed3 Ch\u00ed Minh (26\/3\/1931 \u2013 26\/3\/2021)<\/a><\/h4><p class=\"meta\">\n\t\t\t\n\t\t\t\t\t\t\t<span class=\"vcard\" style=\"display: none;\">\n\t\t\t\t\t<span class=\"fn\">\n\t\t\t\t\t\t<a href=\"https:\/\/en.sgu.edu.vn\/vi\/author\/thi\/\" title=\"\u0110\u0103ng b\u1edfi Thi Vo\" rel=\"author\">Thi Vo<\/a>\t\t\t\t\t<\/span>\n\t\t\t\t<\/span>\n\t\t\t\n\t\t\t\n\t\t\n\t\t\t\n\t\t\t\n\t\t\t\t\t\t\t<span class=\"updated\" style=\"display:none;\">\n\t\t\t\t\t2021-03-30T21:21:23+07:00\t\t\t\t<\/span>\n\t\t\t\n\t\t<span>30\/03\/2021<\/span><span class=\"fusion-inline-sep\">|<\/span><span class=\"fusion-comments\"><a href=\"https:\/\/en.sgu.edu.vn\/vi\/dai-hoc-sai-gon-phat-trien-dang-vien-doan-vien-moi-va-tuyen-duong-can-bo-doan-doan-vien-tieu-bieu-ky-niem-90-nam-ngay-thanh-lap-doan-tncs-ho-chi-minh-26-3-1931-26-3-2021\/#respond\">0 Comments<\/a><\/span><\/p><p>\u0110\u1ea1i h\u1ecdc S\u00e0i G\u00f2n ph\u00e1t tri\u1ec3n \u0110\u1ea3ng vi\u00ean, \u0110o\u00e0n vi\u00ean [...]<\/p><\/div><\/div><div class=\"fusion-column column col col-lg-3 col-md-3 col-sm-3\"><div class=\"fusion-flexslider flexslider flexslider-hover-type-none\"><ul class=\"slides\"><li><a href=\"https:\/\/en.sgu.edu.vn\/vi\/cong-doan-truong-dai-hoc-sai-gon-to-chuc-hoi-nghi-tuyen-truyen-bau-cu-dai-bieu-quoc-hoi-khoa-xv-va-dai-bieu-hoi-dong-nhan-dan-cac-cap-nhiem-ky-2021-2026\/\" class=\"hover-type-none\" aria-label=\"C\u00f4ng \u0111o\u00e0n Tr\u01b0\u1eddng \u0110\u1ea1i h\u1ecdc S\u00e0i G\u00f2n t\u1ed5 ch\u1ee9c H\u1ed9i ngh\u1ecb tuy\u00ean truy\u1ec1n b\u1ea7u c\u1eed \u0111\u1ea1i bi\u1ec3u Qu\u1ed1c h\u1ed9i kh\u00f3a XV v\u00e0 \u0111\u1ea1i bi\u1ec3u H\u1ed9i \u0111\u1ed3ng Nh\u00e2n d\u00e2n c\u00e1c c\u1ea5p nhi\u1ec7m k\u1ef3 2021 &#8211; 2026\"><img src=\"https:\/\/en.sgu.edu.vn\/wp-content\/uploads\/2021\/03\/CDTTBC-1-700x441.jpg\" alt=\"\" \/><\/a><\/li><\/ul><\/div><div class=\"recent-posts-content\">\n\t\t\t\n\t\t\t\t\t\t\t<span class=\"vcard\" style=\"display: none;\">\n\t\t\t\t\t<span class=\"fn\">\n\t\t\t\t\t\t<a href=\"https:\/\/en.sgu.edu.vn\/vi\/author\/thi\/\" title=\"\u0110\u0103ng b\u1edfi Thi Vo\" rel=\"author\">Thi Vo<\/a>\t\t\t\t\t<\/span>\n\t\t\t\t<\/span>\n\t\t\t\n\t\t\t\t\t\t\t<span class=\"updated\" style=\"display:none;\">\n\t\t\t\t\t2021-03-29T15:54:42+07:00\t\t\t\t<\/span>\n\t\t\t\n\t\t<h4 class=\"entry-title\"><a href=\"https:\/\/en.sgu.edu.vn\/vi\/cong-doan-truong-dai-hoc-sai-gon-to-chuc-hoi-nghi-tuyen-truyen-bau-cu-dai-bieu-quoc-hoi-khoa-xv-va-dai-bieu-hoi-dong-nhan-dan-cac-cap-nhiem-ky-2021-2026\/\">C\u00f4ng \u0111o\u00e0n Tr\u01b0\u1eddng \u0110\u1ea1i h\u1ecdc S\u00e0i G\u00f2n t\u1ed5 ch\u1ee9c H\u1ed9i ngh\u1ecb tuy\u00ean truy\u1ec1n b\u1ea7u c\u1eed \u0111\u1ea1i bi\u1ec3u Qu\u1ed1c h\u1ed9i kh\u00f3a XV v\u00e0 \u0111\u1ea1i bi\u1ec3u H\u1ed9i \u0111\u1ed3ng Nh\u00e2n d\u00e2n c\u00e1c c\u1ea5p nhi\u1ec7m k\u1ef3 2021 &#8211; 2026<\/a><\/h4><p class=\"meta\">\n\t\t\t\n\t\t\t\t\t\t\t<span class=\"vcard\" style=\"display: none;\">\n\t\t\t\t\t<span class=\"fn\">\n\t\t\t\t\t\t<a href=\"https:\/\/en.sgu.edu.vn\/vi\/author\/thi\/\" title=\"\u0110\u0103ng b\u1edfi Thi Vo\" rel=\"author\">Thi Vo<\/a>\t\t\t\t\t<\/span>\n\t\t\t\t<\/span>\n\t\t\t\n\t\t\t\n\t\t\n\t\t\t\n\t\t\t\n\t\t\t\t\t\t\t<span class=\"updated\" style=\"display:none;\">\n\t\t\t\t\t2021-03-29T15:54:42+07:00\t\t\t\t<\/span>\n\t\t\t\n\t\t<span>29\/03\/2021<\/span><span class=\"fusion-inline-sep\">|<\/span><span class=\"fusion-comments\"><a href=\"https:\/\/en.sgu.edu.vn\/vi\/cong-doan-truong-dai-hoc-sai-gon-to-chuc-hoi-nghi-tuyen-truyen-bau-cu-dai-bieu-quoc-hoi-khoa-xv-va-dai-bieu-hoi-dong-nhan-dan-cac-cap-nhiem-ky-2021-2026\/#respond\">0 Comments<\/a><\/span><\/p><p>C\u00f4ng \u0111o\u00e0n Tr\u01b0\u1eddng \u0110\u1ea1i h\u1ecdc S\u00e0i G\u00f2n t\u1ed5 ch\u1ee9c H\u1ed9i [...]<\/p><\/div><\/div><\/section><\/div><div class=\"fusion-clearfix\"><\/div>\n\n\t\t\t\t\t<\/div>\n\t\t\t\t<\/div><\/div><\/div>\n","protected":false},"excerpt":{"rendered":"","protected":false},"author":1,"featured_media":0,"parent":0,"menu_order":0,"comment_status":"closed","ping_status":"closed","template":"","meta":[],"jetpack_sharing_enabled":true,"jetpack_shortlink":"https:\/\/wp.me\/PdgjhW-3lo","_links":{"self":[{"href":"https:\/\/en.sgu.edu.vn\/vi\/wp-json\/wp\/v2\/pages\/12858"}],"collection":[{"href":"https:\/\/en.sgu.edu.vn\/vi\/wp-json\/wp\/v2\/pages"}],"about":[{"href":"https:\/\/en.sgu.edu.vn\/vi\/wp-json\/wp\/v2\/types\/page"}],"author":[{"embeddable":true,"href":"https:\/\/en.sgu.edu.vn\/vi\/wp-json\/wp\/v2\/users\/1"}],"replies":[{"embeddable":true,"href":"https:\/\/en.sgu.edu.vn\/vi\/wp-json\/wp\/v2\/comments?post=12858"}],"version-history":[{"count":0,"href":"https:\/\/en.sgu.edu.vn\/vi\/wp-json\/wp\/v2\/pages\/12858\/revisions"}],"wp:attachment":[{"href":"https:\/\/en.sgu.edu.vn\/vi\/wp-json\/wp\/v2\/media?parent=12858"}],"curies":[{"name":"wp","href":"https:\/\/api.w.org\/{rel}","templated":true}]}}