{"id":12890,"date":"2016-10-02T17:32:39","date_gmt":"2016-10-02T17:32:39","guid":{"rendered":"http:\/\/edupath.co\/?page_id=12890"},"modified":"2016-12-23T17:20:16","modified_gmt":"2016-12-23T10:20:16","slug":"dao-tao-quoc-te","status":"publish","type":"page","link":"https:\/\/en.sgu.edu.vn\/vi\/dao-tao-quoc-te\/","title":{"rendered":"\u0110\u00e0o t\u1ea1o qu\u1ed1c t\u1ebf"},"content":{"rendered":"<div class=\"fusion-fullwidth fullwidth-box nonhundred-percent-fullwidth non-hundred-percent-height-scrolling\"  style='background-color: #ffffff;background-position: left top;background-repeat: no-repeat;padding-top:20px;padding-right:0px;padding-bottom:20px;padding-left:0px;border-top-width:0px;border-bottom-width:0px;border-color:#eae9e9;border-top-style:solid;border-bottom-style:solid;'><div class=\"fusion-builder-row fusion-row \"><div  class=\"fusion-layout-column fusion_builder_column fusion_builder_column_1_1  fusion-one-full fusion-column-first fusion-column-last 1_1\"  style='margin-top:0px;margin-bottom:20px;'>\n\t\t\t\t\t<div class=\"fusion-column-wrapper\" style=\"background-position:left top;background-repeat:no-repeat;-webkit-background-size:cover;-moz-background-size:cover;-o-background-size:cover;background-size:cover;\"  data-bg-url=\"\">\n\t\t\t\t\t\t<div class=\"fusion-recent-posts avada-container layout-default layout-columns-1\"><section class=\"fusion-columns columns fusion-columns-1 columns-1\"><div class=\"fusion-column column col col-lg-12 col-md-12 col-sm-12\"><div class=\"recent-posts-content\">\n\t\t\t\n\t\t\t\t\t\t\t<span class=\"vcard\" style=\"display: none;\">\n\t\t\t\t\t<span class=\"fn\">\n\t\t\t\t\t\t<a href=\"https:\/\/en.sgu.edu.vn\/vi\/author\/thi\/\" title=\"\u0110\u0103ng b\u1edfi Thi Vo\" rel=\"author\">Thi Vo<\/a>\t\t\t\t\t<\/span>\n\t\t\t\t<\/span>\n\t\t\t\n\t\t\t\t\t\t\t<span class=\"updated\" style=\"display:none;\">\n\t\t\t\t\t2021-11-03T00:04:00+07:00\t\t\t\t<\/span>\n\t\t\t\n\t\t<h4 class=\"entry-title\"><a href=\"https:\/\/en.sgu.edu.vn\/vi\/thong-bao-ve-viec-to-chuc-thi-va-cap-chung-chi-tieng-anh-theo-khung-nang-luc-ngoai-ngu-6-bac-dung-cho-viet-nam-ngay-thi-27-va-28-thang-11-nam-2021\/\">Th\u00f4ng b\u00e1o v\u1ec1 vi\u1ec7c t\u1ed5 ch\u1ee9c thi v\u00e0 c\u1ea5p ch\u1ee9ng ch\u1ec9 ti\u1ebfng Anh  theo Khung n\u0103ng l\u1ef1c ngo\u1ea1i ng\u1eef 6 b\u1eadc d\u00f9ng cho Vi\u1ec7t Nam  Ng\u00e0y thi 27 v\u00e0 28 th\u00e1ng 11 n\u0103m 2021<\/a><\/h4><p class=\"meta\">\n\t\t\t\n\t\t\t\t\t\t\t<span class=\"vcard\" style=\"display: none;\">\n\t\t\t\t\t<span class=\"fn\">\n\t\t\t\t\t\t<a href=\"https:\/\/en.sgu.edu.vn\/vi\/author\/thi\/\" title=\"\u0110\u0103ng b\u1edfi Thi Vo\" rel=\"author\">Thi Vo<\/a>\t\t\t\t\t<\/span>\n\t\t\t\t<\/span>\n\t\t\t\n\t\t\t\n\t\t\n\t\t\t\n\t\t\t\n\t\t\t\t\t\t\t<span class=\"updated\" style=\"display:none;\">\n\t\t\t\t\t2021-11-03T00:04:00+07:00\t\t\t\t<\/span>\n\t\t\t\n\t\t<span>2\/11\/2021<\/span><span class=\"fusion-inline-sep\">|<\/span><span class=\"fusion-comments\"><a href=\"https:\/\/en.sgu.edu.vn\/vi\/thong-bao-ve-viec-to-chuc-thi-va-cap-chung-chi-tieng-anh-theo-khung-nang-luc-ngoai-ngu-6-bac-dung-cho-viet-nam-ngay-thi-27-va-28-thang-11-nam-2021\/#respond\">0 Comments<\/a><\/span><\/p><p>Th\u00f4ng b\u00e1o v\u1ec1 vi\u1ec7c t\u1ed5 ch\u1ee9c thi v\u00e0 c\u1ea5p ch\u1ee9ng ch\u1ec9 ti\u1ebfng Anh theo Khung n\u0103ng l\u1ef1c ngo\u1ea1i ng\u1eef 6 [...]<\/p><\/div><\/div><div class=\"fusion-clearfix\"><\/div><div class=\"fusion-column column col col-lg-12 col-md-12 col-sm-12\"><div class=\"recent-posts-content\">\n\t\t\t\n\t\t\t\t\t\t\t<span class=\"vcard\" style=\"display: none;\">\n\t\t\t\t\t<span class=\"fn\">\n\t\t\t\t\t\t<a href=\"https:\/\/en.sgu.edu.vn\/vi\/author\/datha\/\" title=\"\u0110\u0103ng b\u1edfi Dat Ha\" rel=\"author\">Dat Ha<\/a>\t\t\t\t\t<\/span>\n\t\t\t\t<\/span>\n\t\t\t\n\t\t\t\t\t\t\t<span class=\"updated\" style=\"display:none;\">\n\t\t\t\t\t2021-10-30T09:48:36+07:00\t\t\t\t<\/span>\n\t\t\t\n\t\t<h4 class=\"entry-title\"><a href=\"https:\/\/en.sgu.edu.vn\/vi\/lich-cong-tac-tu-ngay-30-10-2021-den-ngay-07-11-2021\/\">L\u1ecbch c\u00f4ng t\u00e1c t\u1eeb ng\u00e0y 30\/10\/2021 \u0111\u1ebfn ng\u00e0y 07\/11\/2021<\/a><\/h4><p class=\"meta\">\n\t\t\t\n\t\t\t\t\t\t\t<span class=\"vcard\" style=\"display: none;\">\n\t\t\t\t\t<span class=\"fn\">\n\t\t\t\t\t\t<a href=\"https:\/\/en.sgu.edu.vn\/vi\/author\/datha\/\" title=\"\u0110\u0103ng b\u1edfi Dat Ha\" rel=\"author\">Dat Ha<\/a>\t\t\t\t\t<\/span>\n\t\t\t\t<\/span>\n\t\t\t\n\t\t\t\n\t\t\n\t\t\t\n\t\t\t\n\t\t\t\t\t\t\t<span class=\"updated\" style=\"display:none;\">\n\t\t\t\t\t2021-10-30T09:48:36+07:00\t\t\t\t<\/span>\n\t\t\t\n\t\t<span>30\/10\/2021<\/span><span class=\"fusion-inline-sep\">|<\/span><span class=\"fusion-comments\"><a href=\"https:\/\/en.sgu.edu.vn\/vi\/lich-cong-tac-tu-ngay-30-10-2021-den-ngay-07-11-2021\/#respond\">0 Comments<\/a><\/span><\/p><p> <\/p><\/div><\/div><div class=\"fusion-clearfix\"><\/div><div class=\"fusion-column column col col-lg-12 col-md-12 col-sm-12\"><div class=\"recent-posts-content\">\n\t\t\t\n\t\t\t\t\t\t\t<span class=\"vcard\" style=\"display: none;\">\n\t\t\t\t\t<span class=\"fn\">\n\t\t\t\t\t\t<a href=\"https:\/\/en.sgu.edu.vn\/vi\/author\/datha\/\" title=\"\u0110\u0103ng b\u1edfi Dat Ha\" rel=\"author\">Dat Ha<\/a>\t\t\t\t\t<\/span>\n\t\t\t\t<\/span>\n\t\t\t\n\t\t\t\t\t\t\t<span class=\"updated\" style=\"display:none;\">\n\t\t\t\t\t2021-10-23T10:09:12+07:00\t\t\t\t<\/span>\n\t\t\t\n\t\t<h4 class=\"entry-title\"><a href=\"https:\/\/en.sgu.edu.vn\/vi\/lich-cong-tac-tu-ngay-23-10-2021-den-ngay-31-10-2021\/\">L\u1ecbch c\u00f4ng t\u00e1c t\u1eeb ng\u00e0y 23\/10\/2021 \u0111\u1ebfn ng\u00e0y 31\/10\/2021<\/a><\/h4><p class=\"meta\">\n\t\t\t\n\t\t\t\t\t\t\t<span class=\"vcard\" style=\"display: none;\">\n\t\t\t\t\t<span class=\"fn\">\n\t\t\t\t\t\t<a href=\"https:\/\/en.sgu.edu.vn\/vi\/author\/datha\/\" title=\"\u0110\u0103ng b\u1edfi Dat Ha\" rel=\"author\">Dat Ha<\/a>\t\t\t\t\t<\/span>\n\t\t\t\t<\/span>\n\t\t\t\n\t\t\t\n\t\t\n\t\t\t\n\t\t\t\n\t\t\t\t\t\t\t<span class=\"updated\" style=\"display:none;\">\n\t\t\t\t\t2021-10-23T10:09:12+07:00\t\t\t\t<\/span>\n\t\t\t\n\t\t<span>23\/10\/2021<\/span><span class=\"fusion-inline-sep\">|<\/span><span class=\"fusion-comments\"><a href=\"https:\/\/en.sgu.edu.vn\/vi\/lich-cong-tac-tu-ngay-23-10-2021-den-ngay-31-10-2021\/#respond\">0 Comments<\/a><\/span><\/p><p> <\/p><\/div><\/div><div class=\"fusion-clearfix\"><\/div><div class=\"fusion-column column col col-lg-12 col-md-12 col-sm-12\"><div class=\"fusion-flexslider flexslider flexslider-hover-type-none\"><ul class=\"slides\"><li><a href=\"https:\/\/en.sgu.edu.vn\/vi\/le-cong-bo-quyet-dinh-vien-chuc-quan-ly-nhiem-ky-2020-2025-ngay-20-10-2021\/\" class=\"hover-type-none\" aria-label=\"L\u1ec5 c\u00f4ng b\u1ed1 quy\u1ebft \u0111\u1ecbnh vi\u00ean ch\u1ee9c qu\u1ea3n l\u00fd nhi\u1ec7m k\u1ef3 2020 &#8211; 2025 ng\u00e0y 20\/10\/2021\"><img src=\"https:\/\/en.sgu.edu.vn\/wp-content\/uploads\/2021\/10\/LeBoNhiem201021-079-min-1-700x441.jpg\" alt=\"\" \/><\/a><\/li><\/ul><\/div><div class=\"recent-posts-content\">\n\t\t\t\n\t\t\t\t\t\t\t<span class=\"vcard\" style=\"display: none;\">\n\t\t\t\t\t<span class=\"fn\">\n\t\t\t\t\t\t<a href=\"https:\/\/en.sgu.edu.vn\/vi\/author\/thi\/\" title=\"\u0110\u0103ng b\u1edfi Thi Vo\" rel=\"author\">Thi Vo<\/a>\t\t\t\t\t<\/span>\n\t\t\t\t<\/span>\n\t\t\t\n\t\t\t\t\t\t\t<span class=\"updated\" style=\"display:none;\">\n\t\t\t\t\t2021-10-20T12:11:33+07:00\t\t\t\t<\/span>\n\t\t\t\n\t\t<h4 class=\"entry-title\"><a href=\"https:\/\/en.sgu.edu.vn\/vi\/le-cong-bo-quyet-dinh-vien-chuc-quan-ly-nhiem-ky-2020-2025-ngay-20-10-2021\/\">L\u1ec5 c\u00f4ng b\u1ed1 quy\u1ebft \u0111\u1ecbnh vi\u00ean ch\u1ee9c qu\u1ea3n l\u00fd nhi\u1ec7m k\u1ef3 2020 &#8211; 2025 ng\u00e0y 20\/10\/2021<\/a><\/h4><p class=\"meta\">\n\t\t\t\n\t\t\t\t\t\t\t<span class=\"vcard\" style=\"display: none;\">\n\t\t\t\t\t<span class=\"fn\">\n\t\t\t\t\t\t<a href=\"https:\/\/en.sgu.edu.vn\/vi\/author\/thi\/\" title=\"\u0110\u0103ng b\u1edfi Thi Vo\" rel=\"author\">Thi Vo<\/a>\t\t\t\t\t<\/span>\n\t\t\t\t<\/span>\n\t\t\t\n\t\t\t\n\t\t\n\t\t\t\n\t\t\t\n\t\t\t\t\t\t\t<span class=\"updated\" style=\"display:none;\">\n\t\t\t\t\t2021-10-20T12:11:33+07:00\t\t\t\t<\/span>\n\t\t\t\n\t\t<span>20\/10\/2021<\/span><span class=\"fusion-inline-sep\">|<\/span><span class=\"fusion-comments\"><a href=\"https:\/\/en.sgu.edu.vn\/vi\/le-cong-bo-quyet-dinh-vien-chuc-quan-ly-nhiem-ky-2020-2025-ngay-20-10-2021\/#respond\">0 Comments<\/a><\/span><\/p><p>L\u1ec5 c\u00f4ng b\u1ed1 quy\u1ebft \u0111\u1ecbnh vi\u00ean ch\u1ee9c qu\u1ea3n l\u00fd nhi\u1ec7m k\u1ef3 2020 - 2025 (\u0111\u1ee3t 3) S\u00e1ng ng\u00e0y 20\/10\/2021, t\u1ea1i [...]<\/p><\/div><\/div><div class=\"fusion-clearfix\"><\/div><div class=\"fusion-column column col col-lg-12 col-md-12 col-sm-12\"><div class=\"recent-posts-content\">\n\t\t\t\n\t\t\t\t\t\t\t<span class=\"vcard\" style=\"display: none;\">\n\t\t\t\t\t<span class=\"fn\">\n\t\t\t\t\t\t<a href=\"https:\/\/en.sgu.edu.vn\/vi\/author\/datha\/\" title=\"\u0110\u0103ng b\u1edfi Dat Ha\" rel=\"author\">Dat Ha<\/a>\t\t\t\t\t<\/span>\n\t\t\t\t<\/span>\n\t\t\t\n\t\t\t\t\t\t\t<span class=\"updated\" style=\"display:none;\">\n\t\t\t\t\t2021-10-16T14:15:04+07:00\t\t\t\t<\/span>\n\t\t\t\n\t\t<h4 class=\"entry-title\"><a href=\"https:\/\/en.sgu.edu.vn\/vi\/lich-cong-tac-tu-ngay-16-10-2021-den-ngay-24-10-2021\/\">L\u1ecbch c\u00f4ng t\u00e1c t\u1eeb ng\u00e0y 16\/10\/2021 \u0111\u1ebfn ng\u00e0y 24\/10\/2021<\/a><\/h4><p class=\"meta\">\n\t\t\t\n\t\t\t\t\t\t\t<span class=\"vcard\" style=\"display: none;\">\n\t\t\t\t\t<span class=\"fn\">\n\t\t\t\t\t\t<a href=\"https:\/\/en.sgu.edu.vn\/vi\/author\/datha\/\" title=\"\u0110\u0103ng b\u1edfi Dat Ha\" rel=\"author\">Dat Ha<\/a>\t\t\t\t\t<\/span>\n\t\t\t\t<\/span>\n\t\t\t\n\t\t\t\n\t\t\n\t\t\t\n\t\t\t\n\t\t\t\t\t\t\t<span class=\"updated\" style=\"display:none;\">\n\t\t\t\t\t2021-10-16T14:15:04+07:00\t\t\t\t<\/span>\n\t\t\t\n\t\t<span>16\/10\/2021<\/span><span class=\"fusion-inline-sep\">|<\/span><span class=\"fusion-comments\"><a href=\"https:\/\/en.sgu.edu.vn\/vi\/lich-cong-tac-tu-ngay-16-10-2021-den-ngay-24-10-2021\/#respond\">0 Comments<\/a><\/span><\/p><p> <\/p><\/div><\/div><div class=\"fusion-clearfix\"><\/div><div class=\"fusion-column column col col-lg-12 col-md-12 col-sm-12\"><div class=\"recent-posts-content\">\n\t\t\t\n\t\t\t\t\t\t\t<span class=\"vcard\" style=\"display: none;\">\n\t\t\t\t\t<span class=\"fn\">\n\t\t\t\t\t\t<a href=\"https:\/\/en.sgu.edu.vn\/vi\/author\/datha\/\" title=\"\u0110\u0103ng b\u1edfi Dat Ha\" rel=\"author\">Dat Ha<\/a>\t\t\t\t\t<\/span>\n\t\t\t\t<\/span>\n\t\t\t\n\t\t\t\t\t\t\t<span class=\"updated\" style=\"display:none;\">\n\t\t\t\t\t2021-10-10T10:35:29+07:00\t\t\t\t<\/span>\n\t\t\t\n\t\t<h4 class=\"entry-title\"><a href=\"https:\/\/en.sgu.edu.vn\/vi\/lich-cong-tac-tu-ngay-09-10-2021-den-ngay-17-10-2021\/\">L\u1ecbch c\u00f4ng t\u00e1c t\u1eeb ng\u00e0y 09\/10\/2021 \u0111\u1ebfn ng\u00e0y 17\/10\/2021<\/a><\/h4><p class=\"meta\">\n\t\t\t\n\t\t\t\t\t\t\t<span class=\"vcard\" style=\"display: none;\">\n\t\t\t\t\t<span class=\"fn\">\n\t\t\t\t\t\t<a href=\"https:\/\/en.sgu.edu.vn\/vi\/author\/datha\/\" title=\"\u0110\u0103ng b\u1edfi Dat Ha\" rel=\"author\">Dat Ha<\/a>\t\t\t\t\t<\/span>\n\t\t\t\t<\/span>\n\t\t\t\n\t\t\t\n\t\t\n\t\t\t\n\t\t\t\n\t\t\t\t\t\t\t<span class=\"updated\" style=\"display:none;\">\n\t\t\t\t\t2021-10-10T10:35:29+07:00\t\t\t\t<\/span>\n\t\t\t\n\t\t<span>10\/10\/2021<\/span><span class=\"fusion-inline-sep\">|<\/span><span class=\"fusion-comments\"><a href=\"https:\/\/en.sgu.edu.vn\/vi\/lich-cong-tac-tu-ngay-09-10-2021-den-ngay-17-10-2021\/#respond\">0 Comments<\/a><\/span><\/p><p> <\/p><\/div><\/div><div class=\"fusion-clearfix\"><\/div><div class=\"fusion-column column col col-lg-12 col-md-12 col-sm-12\"><div class=\"fusion-flexslider flexslider flexslider-hover-type-none\"><ul class=\"slides\"><li><a href=\"https:\/\/en.sgu.edu.vn\/vi\/le-cong-bo-quyet-dinh-vien-chuc-quan-ly-nhiem-ky-2020-2025-ngay-06-10-2021\/\" class=\"hover-type-none\" aria-label=\"L\u1ec5 c\u00f4ng b\u1ed1 quy\u1ebft \u0111\u1ecbnh vi\u00ean ch\u1ee9c qu\u1ea3n l\u00fd nhi\u1ec7m k\u1ef3 2020 &#8211; 2025 ng\u00e0y 06\/10\/2021\"><img src=\"https:\/\/en.sgu.edu.vn\/wp-content\/uploads\/2021\/10\/LeBoNhiemPart2-061021-119-min-700x441.jpg\" alt=\"\" \/><\/a><\/li><\/ul><\/div><div class=\"recent-posts-content\">\n\t\t\t\n\t\t\t\t\t\t\t<span class=\"vcard\" style=\"display: none;\">\n\t\t\t\t\t<span class=\"fn\">\n\t\t\t\t\t\t<a href=\"https:\/\/en.sgu.edu.vn\/vi\/author\/thi\/\" title=\"\u0110\u0103ng b\u1edfi Thi Vo\" rel=\"author\">Thi Vo<\/a>\t\t\t\t\t<\/span>\n\t\t\t\t<\/span>\n\t\t\t\n\t\t\t\t\t\t\t<span class=\"updated\" style=\"display:none;\">\n\t\t\t\t\t2021-10-08T00:43:42+07:00\t\t\t\t<\/span>\n\t\t\t\n\t\t<h4 class=\"entry-title\"><a href=\"https:\/\/en.sgu.edu.vn\/vi\/le-cong-bo-quyet-dinh-vien-chuc-quan-ly-nhiem-ky-2020-2025-ngay-06-10-2021\/\">L\u1ec5 c\u00f4ng b\u1ed1 quy\u1ebft \u0111\u1ecbnh vi\u00ean ch\u1ee9c qu\u1ea3n l\u00fd nhi\u1ec7m k\u1ef3 2020 &#8211; 2025 ng\u00e0y 06\/10\/2021<\/a><\/h4><p class=\"meta\">\n\t\t\t\n\t\t\t\t\t\t\t<span class=\"vcard\" style=\"display: none;\">\n\t\t\t\t\t<span class=\"fn\">\n\t\t\t\t\t\t<a href=\"https:\/\/en.sgu.edu.vn\/vi\/author\/thi\/\" title=\"\u0110\u0103ng b\u1edfi Thi Vo\" rel=\"author\">Thi Vo<\/a>\t\t\t\t\t<\/span>\n\t\t\t\t<\/span>\n\t\t\t\n\t\t\t\n\t\t\n\t\t\t\n\t\t\t\n\t\t\t\t\t\t\t<span class=\"updated\" style=\"display:none;\">\n\t\t\t\t\t2021-10-08T00:43:42+07:00\t\t\t\t<\/span>\n\t\t\t\n\t\t<span>6\/10\/2021<\/span><span class=\"fusion-inline-sep\">|<\/span><span class=\"fusion-comments\"><a href=\"https:\/\/en.sgu.edu.vn\/vi\/le-cong-bo-quyet-dinh-vien-chuc-quan-ly-nhiem-ky-2020-2025-ngay-06-10-2021\/#respond\">0 Comments<\/a><\/span><\/p><p>L\u1ec5 c\u00f4ng b\u1ed1 quy\u1ebft \u0111\u1ecbnh vi\u00ean ch\u1ee9c qu\u1ea3n l\u00fd nhi\u1ec7m k\u1ef3 2020 - 2025 (\u0111\u1ee3t 2) S\u00e1ng ng\u00e0y 06\/10\/2021, t\u1ea1i [...]<\/p><\/div><\/div><div class=\"fusion-clearfix\"><\/div><div class=\"fusion-column column col col-lg-12 col-md-12 col-sm-12\"><div class=\"fusion-flexslider flexslider flexslider-hover-type-none\"><ul class=\"slides\"><li><a href=\"https:\/\/en.sgu.edu.vn\/vi\/le-cong-bo-quyet-dinh-vien-chuc-quan-ly-nhiem-ky-2020-2025\/\" class=\"hover-type-none\" aria-label=\"L\u1ec5 c\u00f4ng b\u1ed1 quy\u1ebft \u0111\u1ecbnh vi\u00ean ch\u1ee9c qu\u1ea3n l\u00fd nhi\u1ec7m k\u1ef3 2020 &#8211; 2025 ng\u00e0y 04\/10\/2021\"><img src=\"https:\/\/en.sgu.edu.vn\/wp-content\/uploads\/2021\/10\/LeBoNhiem041021-030-min-700x441.jpg\" alt=\"\" \/><\/a><\/li><\/ul><\/div><div class=\"recent-posts-content\">\n\t\t\t\n\t\t\t\t\t\t\t<span class=\"vcard\" style=\"display: none;\">\n\t\t\t\t\t<span class=\"fn\">\n\t\t\t\t\t\t<a href=\"https:\/\/en.sgu.edu.vn\/vi\/author\/thi\/\" title=\"\u0110\u0103ng b\u1edfi Thi Vo\" rel=\"author\">Thi Vo<\/a>\t\t\t\t\t<\/span>\n\t\t\t\t<\/span>\n\t\t\t\n\t\t\t\t\t\t\t<span class=\"updated\" style=\"display:none;\">\n\t\t\t\t\t2021-10-06T14:21:30+07:00\t\t\t\t<\/span>\n\t\t\t\n\t\t<h4 class=\"entry-title\"><a href=\"https:\/\/en.sgu.edu.vn\/vi\/le-cong-bo-quyet-dinh-vien-chuc-quan-ly-nhiem-ky-2020-2025\/\">L\u1ec5 c\u00f4ng b\u1ed1 quy\u1ebft \u0111\u1ecbnh vi\u00ean ch\u1ee9c qu\u1ea3n l\u00fd nhi\u1ec7m k\u1ef3 2020 &#8211; 2025 ng\u00e0y 04\/10\/2021<\/a><\/h4><p class=\"meta\">\n\t\t\t\n\t\t\t\t\t\t\t<span class=\"vcard\" style=\"display: none;\">\n\t\t\t\t\t<span class=\"fn\">\n\t\t\t\t\t\t<a href=\"https:\/\/en.sgu.edu.vn\/vi\/author\/thi\/\" title=\"\u0110\u0103ng b\u1edfi Thi Vo\" rel=\"author\">Thi Vo<\/a>\t\t\t\t\t<\/span>\n\t\t\t\t<\/span>\n\t\t\t\n\t\t\t\n\t\t\n\t\t\t\n\t\t\t\n\t\t\t\t\t\t\t<span class=\"updated\" style=\"display:none;\">\n\t\t\t\t\t2021-10-06T14:21:30+07:00\t\t\t\t<\/span>\n\t\t\t\n\t\t<span>4\/10\/2021<\/span><span class=\"fusion-inline-sep\">|<\/span><span class=\"fusion-comments\"><a href=\"https:\/\/en.sgu.edu.vn\/vi\/le-cong-bo-quyet-dinh-vien-chuc-quan-ly-nhiem-ky-2020-2025\/#respond\">0 Comments<\/a><\/span><\/p><p>L\u1ec5 c\u00f4ng b\u1ed1 quy\u1ebft \u0111\u1ecbnh vi\u00ean ch\u1ee9c qu\u1ea3n l\u00fd nhi\u1ec7m k\u1ef3 2020 - 2025 S\u00e1ng ng\u00e0y 04\/10\/2021, t\u1ea1i ph\u00f2ng B.101 [...]<\/p><\/div><\/div><div class=\"fusion-clearfix\"><\/div><div class=\"fusion-column column col col-lg-12 col-md-12 col-sm-12\"><div class=\"recent-posts-content\">\n\t\t\t\n\t\t\t\t\t\t\t<span class=\"vcard\" style=\"display: none;\">\n\t\t\t\t\t<span class=\"fn\">\n\t\t\t\t\t\t<a href=\"https:\/\/en.sgu.edu.vn\/vi\/author\/datha\/\" title=\"\u0110\u0103ng b\u1edfi Dat Ha\" rel=\"author\">Dat Ha<\/a>\t\t\t\t\t<\/span>\n\t\t\t\t<\/span>\n\t\t\t\n\t\t\t\t\t\t\t<span class=\"updated\" style=\"display:none;\">\n\t\t\t\t\t2021-10-05T14:35:40+07:00\t\t\t\t<\/span>\n\t\t\t\n\t\t<h4 class=\"entry-title\"><a href=\"https:\/\/en.sgu.edu.vn\/vi\/lich-cong-tac-tu-ngay-02-10-2021-den-ngay-10-10-2021\/\">L\u1ecbch c\u00f4ng t\u00e1c t\u1eeb ng\u00e0y 02\/10\/2021 \u0111\u1ebfn ng\u00e0y 10\/10\/2021<\/a><\/h4><p class=\"meta\">\n\t\t\t\n\t\t\t\t\t\t\t<span class=\"vcard\" style=\"display: none;\">\n\t\t\t\t\t<span class=\"fn\">\n\t\t\t\t\t\t<a href=\"https:\/\/en.sgu.edu.vn\/vi\/author\/datha\/\" title=\"\u0110\u0103ng b\u1edfi Dat Ha\" rel=\"author\">Dat Ha<\/a>\t\t\t\t\t<\/span>\n\t\t\t\t<\/span>\n\t\t\t\n\t\t\t\n\t\t\n\t\t\t\n\t\t\t\n\t\t\t\t\t\t\t<span class=\"updated\" style=\"display:none;\">\n\t\t\t\t\t2021-10-05T14:35:40+07:00\t\t\t\t<\/span>\n\t\t\t\n\t\t<span>3\/10\/2021<\/span><span class=\"fusion-inline-sep\">|<\/span><span class=\"fusion-comments\"><a href=\"https:\/\/en.sgu.edu.vn\/vi\/lich-cong-tac-tu-ngay-02-10-2021-den-ngay-10-10-2021\/#respond\">0 Comments<\/a><\/span><\/p><p> <\/p><\/div><\/div><div class=\"fusion-clearfix\"><\/div><div class=\"fusion-column column col col-lg-12 col-md-12 col-sm-12\"><div class=\"recent-posts-content\">\n\t\t\t\n\t\t\t\t\t\t\t<span class=\"vcard\" style=\"display: none;\">\n\t\t\t\t\t<span class=\"fn\">\n\t\t\t\t\t\t<a href=\"https:\/\/en.sgu.edu.vn\/vi\/author\/thi\/\" title=\"\u0110\u0103ng b\u1edfi Thi Vo\" rel=\"author\">Thi Vo<\/a>\t\t\t\t\t<\/span>\n\t\t\t\t<\/span>\n\t\t\t\n\t\t\t\t\t\t\t<span class=\"updated\" style=\"display:none;\">\n\t\t\t\t\t2021-09-28T19:54:59+07:00\t\t\t\t<\/span>\n\t\t\t\n\t\t<h4 class=\"entry-title\"><a href=\"https:\/\/en.sgu.edu.vn\/vi\/thong-bao-tuyen-sinh-dao-tao-trinh-do-tien-si-khoa-21-2-nam-2021\/\">Th\u00f4ng b\u00e1o tuy\u1ec3n sinh \u0111\u00e0o t\u1ea1o tr\u00ecnh \u0111\u1ed9 ti\u1ebfn s\u0129 kh\u00f3a 21.2 n\u0103m 2021<\/a><\/h4><p class=\"meta\">\n\t\t\t\n\t\t\t\t\t\t\t<span class=\"vcard\" style=\"display: none;\">\n\t\t\t\t\t<span class=\"fn\">\n\t\t\t\t\t\t<a href=\"https:\/\/en.sgu.edu.vn\/vi\/author\/thi\/\" title=\"\u0110\u0103ng b\u1edfi Thi Vo\" rel=\"author\">Thi Vo<\/a>\t\t\t\t\t<\/span>\n\t\t\t\t<\/span>\n\t\t\t\n\t\t\t\n\t\t\n\t\t\t\n\t\t\t\n\t\t\t\t\t\t\t<span class=\"updated\" style=\"display:none;\">\n\t\t\t\t\t2021-09-28T19:54:59+07:00\t\t\t\t<\/span>\n\t\t\t\n\t\t<span>28\/09\/2021<\/span><span class=\"fusion-inline-sep\">|<\/span><span class=\"fusion-comments\"><a href=\"https:\/\/en.sgu.edu.vn\/vi\/thong-bao-tuyen-sinh-dao-tao-trinh-do-tien-si-khoa-21-2-nam-2021\/#respond\">0 Comments<\/a><\/span><\/p><p>\ufeff\ufeff<\/p><\/div><\/div><div class=\"fusion-clearfix\"><\/div><\/section><\/div><div class=\"fusion-clearfix\"><\/div>\n\n\t\t\t\t\t<\/div>\n\t\t\t\t<\/div><\/div><\/div>\n","protected":false},"excerpt":{"rendered":"","protected":false},"author":1,"featured_media":0,"parent":0,"menu_order":0,"comment_status":"closed","ping_status":"closed","template":"","meta":[],"jetpack_sharing_enabled":true,"jetpack_shortlink":"https:\/\/wp.me\/PdgjhW-3lU","_links":{"self":[{"href":"https:\/\/en.sgu.edu.vn\/vi\/wp-json\/wp\/v2\/pages\/12890"}],"collection":[{"href":"https:\/\/en.sgu.edu.vn\/vi\/wp-json\/wp\/v2\/pages"}],"about":[{"href":"https:\/\/en.sgu.edu.vn\/vi\/wp-json\/wp\/v2\/types\/page"}],"author":[{"embeddable":true,"href":"https:\/\/en.sgu.edu.vn\/vi\/wp-json\/wp\/v2\/users\/1"}],"replies":[{"embeddable":true,"href":"https:\/\/en.sgu.edu.vn\/vi\/wp-json\/wp\/v2\/comments?post=12890"}],"version-history":[{"count":0,"href":"https:\/\/en.sgu.edu.vn\/vi\/wp-json\/wp\/v2\/pages\/12890\/revisions"}],"wp:attachment":[{"href":"https:\/\/en.sgu.edu.vn\/vi\/wp-json\/wp\/v2\/media?parent=12890"}],"curies":[{"name":"wp","href":"https:\/\/api.w.org\/{rel}","templated":true}]}}