{"id":13771,"date":"2016-10-12T05:10:19","date_gmt":"2016-10-12T05:10:19","guid":{"rendered":"http:\/\/edupath.co\/?page_id=13771"},"modified":"2016-12-23T17:20:05","modified_gmt":"2016-12-23T10:20:05","slug":"giang-vien","status":"publish","type":"page","link":"https:\/\/en.sgu.edu.vn\/vi\/khoa-giao-duc-tieu-hoc\/giang-vien\/","title":{"rendered":"Gi\u1ea3ng Vi\u00ean"},"content":{"rendered":"<p><div class=\"fusion-fullwidth fullwidth-box nonhundred-percent-fullwidth non-hundred-percent-height-scrolling\"  style='background-color: #ffffff;background-position: left top;background-repeat: no-repeat;padding-top:20px;padding-right:0px;padding-bottom:20px;padding-left:0px;border-top-width:0px;border-bottom-width:0px;border-color:#eae9e9;border-top-style:solid;border-bottom-style:solid;'><div class=\"fusion-builder-row fusion-row \"><div  class=\"fusion-layout-column fusion_builder_column fusion_builder_column_3_5  fusion-three-fifth fusion-column-first 3_5\"  style='margin-top:0px;margin-bottom:20px;width:58.4%; margin-right: 4%;'>\n\t\t\t\t\t<div class=\"fusion-column-wrapper\" style=\"background-position:left top;background-repeat:no-repeat;-webkit-background-size:cover;-moz-background-size:cover;-o-background-size:cover;background-size:cover;\"  data-bg-url=\"\">\n\t\t\t\t\t\t<div class=\"fusion-title title fusion-title-size-two blue-text\" style=\"margin-top:0px;margin-bottom:30px;\"><h2 class=\"title-heading-left\"><a href=\"http:\/\/en.sgu.edu.vn\/category\/khoa-giao-duc-tieu-hoc\/thong-bao-giang-vien-gdth\/\"><strong>TH\u00d4NG B\u00c1O<\/strong><\/a><\/h2><div class=\"title-sep-container\"><div class=\"title-sep sep-double\" style=\"border-color:#0003c9;\"><\/div><\/div><\/div><div class=\"fusion-recent-posts avada-container layout-default layout-columns-1 meta-recent-post\"><section class=\"fusion-columns columns fusion-columns-1 columns-1\"><div class=\"fusion-column column col col-lg-12 col-md-12 col-sm-12\"><div class=\"recent-posts-content\">\n\t\t\t\n\t\t\t\t\t\t\t<span class=\"vcard\" style=\"display: none;\">\n\t\t\t\t\t<span class=\"fn\">\n\t\t\t\t\t\t<a href=\"https:\/\/en.sgu.edu.vn\/vi\/author\/editor\/\" title=\"\u0110\u0103ng b\u1edfi editor\" rel=\"author\">editor<\/a>\t\t\t\t\t<\/span>\n\t\t\t\t<\/span>\n\t\t\t\n\t\t\t\t\t\t\t<span class=\"updated\" style=\"display:none;\">\n\t\t\t\t\t2017-02-28T09:37:02+07:00\t\t\t\t<\/span>\n\t\t\t\n\t\t<h4 class=\"entry-title\"><a href=\"https:\/\/en.sgu.edu.vn\/vi\/2482016-thong-bao-ve-viec-dang-ky-hoc-lop-boi-duong-nghiep-vu-su-pham\/\">24\/8\/2016: Th\u00f4ng b\u00e1o v\u1ec1 vi\u1ec7c \u0111\u0103ng k\u00fd h\u1ecdc l\u1edbp B\u1ed3i d\u01b0\u1ee1ng nghi\u1ec7p v\u1ee5 s\u01b0 ph\u1ea1m<\/a><\/h4><p class=\"meta\">\n\t\t\t\n\t\t\t\t\t\t\t<span class=\"vcard\" style=\"display: none;\">\n\t\t\t\t\t<span class=\"fn\">\n\t\t\t\t\t\t<a href=\"https:\/\/en.sgu.edu.vn\/vi\/author\/editor\/\" title=\"\u0110\u0103ng b\u1edfi editor\" rel=\"author\">editor<\/a>\t\t\t\t\t<\/span>\n\t\t\t\t<\/span>\n\t\t\t\n\t\t\t\n\t\t\n\t\t\t\n\t\t\t\n\t\t\t\t\t\t\t<span class=\"updated\" style=\"display:none;\">\n\t\t\t\t\t2017-02-28T09:37:02+07:00\t\t\t\t<\/span>\n\t\t\t\n\t\t<span>11\/10\/2016<\/span><span class=\"fusion-inline-sep\">|<\/span><span class=\"fusion-comments\"><a href=\"https:\/\/en.sgu.edu.vn\/vi\/2482016-thong-bao-ve-viec-dang-ky-hoc-lop-boi-duong-nghiep-vu-su-pham\/#respond\">0 Comments<\/a><\/span><\/p><\/div><\/div><div class=\"fusion-clearfix\"><\/div><div class=\"fusion-column column col col-lg-12 col-md-12 col-sm-12\"><div class=\"recent-posts-content\">\n\t\t\t\n\t\t\t\t\t\t\t<span class=\"vcard\" style=\"display: none;\">\n\t\t\t\t\t<span class=\"fn\">\n\t\t\t\t\t\t<a href=\"https:\/\/en.sgu.edu.vn\/vi\/author\/editor\/\" title=\"\u0110\u0103ng b\u1edfi editor\" rel=\"author\">editor<\/a>\t\t\t\t\t<\/span>\n\t\t\t\t<\/span>\n\t\t\t\n\t\t\t\t\t\t\t<span class=\"updated\" style=\"display:none;\">\n\t\t\t\t\t2016-10-11T12:30:13+07:00\t\t\t\t<\/span>\n\t\t\t\n\t\t<h4 class=\"entry-title\"><a href=\"https:\/\/en.sgu.edu.vn\/vi\/03102016-thong-bao-ve-viec-to-chuc-le-khai-giang-nam-hoc-2016-2017\/\">(03\/10\/2016: Th\u00f4ng b\u00e1o v\u1ec1 vi\u1ec7c t\u1ed5 ch\u1ee9c L\u1ec5 khai gi\u1ea3ng n\u0103m h\u1ecdc 2016 -2017)<\/a><\/h4><p class=\"meta\">\n\t\t\t\n\t\t\t\t\t\t\t<span class=\"vcard\" style=\"display: none;\">\n\t\t\t\t\t<span class=\"fn\">\n\t\t\t\t\t\t<a href=\"https:\/\/en.sgu.edu.vn\/vi\/author\/editor\/\" title=\"\u0110\u0103ng b\u1edfi editor\" rel=\"author\">editor<\/a>\t\t\t\t\t<\/span>\n\t\t\t\t<\/span>\n\t\t\t\n\t\t\t\n\t\t\n\t\t\t\n\t\t\t\n\t\t\t\t\t\t\t<span class=\"updated\" style=\"display:none;\">\n\t\t\t\t\t2016-10-11T12:30:13+07:00\t\t\t\t<\/span>\n\t\t\t\n\t\t<span>11\/10\/2016<\/span><span class=\"fusion-inline-sep\">|<\/span><span class=\"fusion-comments\"><a href=\"https:\/\/en.sgu.edu.vn\/vi\/03102016-thong-bao-ve-viec-to-chuc-le-khai-giang-nam-hoc-2016-2017\/#respond\">0 Comments<\/a><\/span><\/p><\/div><\/div><div class=\"fusion-clearfix\"><\/div><\/section><\/div><div class=\"fusion-clearfix\"><\/div>\n\n\t\t\t\t\t<\/div>\n\t\t\t\t<\/div><div  class=\"fusion-layout-column fusion_builder_column fusion_builder_column_2_5  fusion-two-fifth fusion-column-last 2_5\"  style='margin-top:0px;margin-bottom:20px;width:37.6%'>\n\t\t\t\t\t<div class=\"fusion-column-wrapper\" style=\"background-position:left top;background-repeat:no-repeat;-webkit-background-size:cover;-moz-background-size:cover;-o-background-size:cover;background-size:cover;\"  data-bg-url=\"\">\n\t\t\t\t\t\t<div class=\"fusion-title title fusion-title-size-two blue-text\" style=\"margin-top:0px;margin-bottom:30px;\"><h2 class=\"title-heading-left\"><a href=\"http:\/\/en.sgu.edu.vn\/category\/khoa-giao-duc-tieu-hoc\/lich-cong-tac-gdth\/\"><strong>L\u1ecaCH C\u00d4NG T\u00c1C<\/strong><\/a><\/h2><div class=\"title-sep-container\"><div class=\"title-sep sep-double\" style=\"border-color:#0003c9;\"><\/div><\/div><\/div><div class=\"fusion-recent-posts avada-container layout-default layout-columns-1\"><section class=\"fusion-columns columns fusion-columns-1 columns-1\"><div class=\"fusion-column column col col-lg-12 col-md-12 col-sm-12\"><div class=\"recent-posts-content\">\n\t\t\t\n\t\t\t\t\t\t\t<span class=\"vcard\" style=\"display: none;\">\n\t\t\t\t\t<span class=\"fn\">\n\t\t\t\t\t\t<a href=\"https:\/\/en.sgu.edu.vn\/vi\/author\/editor\/\" title=\"\u0110\u0103ng b\u1edfi editor\" rel=\"author\">editor<\/a>\t\t\t\t\t<\/span>\n\t\t\t\t<\/span>\n\t\t\t\n\t\t\t\t\t\t\t<span class=\"updated\" style=\"display:none;\">\n\t\t\t\t\t2016-12-23T17:20:47+07:00\t\t\t\t<\/span>\n\t\t\t\n\t\t<h4 class=\"entry-title\"><a href=\"https:\/\/en.sgu.edu.vn\/vi\/lich-cong-tac-tuan-tu-ngay-10102016-den-16102016\/\">L\u1ecbch c\u00f4ng t\u00e1c tu\u1ea7n t\u1eeb ng\u00e0y 10\/10\/2016 \u0111\u1ebfn 16\/10\/2016<\/a><\/h4><\/div><\/div><div class=\"fusion-clearfix\"><\/div><div class=\"fusion-column column col col-lg-12 col-md-12 col-sm-12\"><div class=\"recent-posts-content\">\n\t\t\t\n\t\t\t\t\t\t\t<span class=\"vcard\" style=\"display: none;\">\n\t\t\t\t\t<span class=\"fn\">\n\t\t\t\t\t\t<a href=\"https:\/\/en.sgu.edu.vn\/vi\/author\/editor\/\" title=\"\u0110\u0103ng b\u1edfi editor\" rel=\"author\">editor<\/a>\t\t\t\t\t<\/span>\n\t\t\t\t<\/span>\n\t\t\t\n\t\t\t\t\t\t\t<span class=\"updated\" style=\"display:none;\">\n\t\t\t\t\t2016-12-23T17:20:48+07:00\t\t\t\t<\/span>\n\t\t\t\n\t\t<h4 class=\"entry-title\"><a href=\"https:\/\/en.sgu.edu.vn\/vi\/tuan-5-thang-9-2609-0210-gdth\/\">Tu\u1ea7n 5 th\u00e1ng 9 (26\/09 \u2013 02\/10) &#8211; GDTH<\/a><\/h4><\/div><\/div><div class=\"fusion-clearfix\"><\/div><div class=\"fusion-column column col col-lg-12 col-md-12 col-sm-12\"><div class=\"recent-posts-content\">\n\t\t\t\n\t\t\t\t\t\t\t<span class=\"vcard\" style=\"display: none;\">\n\t\t\t\t\t<span class=\"fn\">\n\t\t\t\t\t\t<a href=\"https:\/\/en.sgu.edu.vn\/vi\/author\/editor\/\" title=\"\u0110\u0103ng b\u1edfi editor\" rel=\"author\">editor<\/a>\t\t\t\t\t<\/span>\n\t\t\t\t<\/span>\n\t\t\t\n\t\t\t\t\t\t\t<span class=\"updated\" style=\"display:none;\">\n\t\t\t\t\t2016-12-23T17:20:48+07:00\t\t\t\t<\/span>\n\t\t\t\n\t\t<h4 class=\"entry-title\"><a href=\"https:\/\/en.sgu.edu.vn\/vi\/tuan-4-thang-9-1909-2509-gdth\/\">Tu\u1ea7n 4 th\u00e1ng 9 (19\/09 \u2013 25\/09) &#8211; GDTH<\/a><\/h4><\/div><\/div><div class=\"fusion-clearfix\"><\/div><\/section><\/div><div class=\"fusion-clearfix\"><\/div>\n\n\t\t\t\t\t<\/div>\n\t\t\t\t<\/div><\/div><\/div><div class=\"fusion-fullwidth fullwidth-box nonhundred-percent-fullwidth non-hundred-percent-height-scrolling\"  style='background-color: #ffffff;background-position: left top;background-repeat: no-repeat;padding-top:20px;padding-right:0px;padding-bottom:20px;padding-left:0px;border-top-width:0px;border-bottom-width:0px;border-color:#eae9e9;border-top-style:solid;border-bottom-style:solid;'><div class=\"fusion-builder-row fusion-row \"><div  class=\"fusion-layout-column fusion_builder_column fusion_builder_column_1_2  fusion-one-half fusion-column-first 1_2\"  style='margin-top:0px;margin-bottom:20px;width:48%; margin-right: 4%;'>\n\t\t\t\t\t<div class=\"fusion-column-wrapper\" style=\"background-position:left top;background-repeat:no-repeat;-webkit-background-size:cover;-moz-background-size:cover;-o-background-size:cover;background-size:cover;\"  data-bg-url=\"\">\n\t\t\t\t\t\t<div class=\"fusion-title title fusion-title-size-two blue-text\" style=\"margin-top:0px;margin-bottom:30px;\"><h2 class=\"title-heading-left\"><a href=\"http:\/\/en.sgu.edu.vn\/category\/khoa-giao-duc-tieu-hoc\/nghien-cuu-khoa-hoc-gdth\/\"><strong>NGHI\u00caN C\u1ee8U KHOA H\u1eccC<\/strong><\/a><\/h2><div class=\"title-sep-container\"><div class=\"title-sep sep-double\" style=\"border-color:#0003c9;\"><\/div><\/div><\/div><div class=\"fusion-recent-posts avada-container layout-default layout-columns-1 meta-recent-post\"><section class=\"fusion-columns columns fusion-columns-1 columns-1\"><div class=\"fusion-column column col col-lg-12 col-md-12 col-sm-12\"><div class=\"recent-posts-content\">\n\t\t\t\n\t\t\t\t\t\t\t<span class=\"vcard\" style=\"display: none;\">\n\t\t\t\t\t<span class=\"fn\">\n\t\t\t\t\t\t<a href=\"https:\/\/en.sgu.edu.vn\/vi\/author\/editor\/\" title=\"\u0110\u0103ng b\u1edfi editor\" rel=\"author\">editor<\/a>\t\t\t\t\t<\/span>\n\t\t\t\t<\/span>\n\t\t\t\n\t\t\t\t\t\t\t<span class=\"updated\" style=\"display:none;\">\n\t\t\t\t\t2016-12-23T17:20:47+07:00\t\t\t\t<\/span>\n\t\t\t\n\t\t<h4 class=\"entry-title\"><a href=\"https:\/\/en.sgu.edu.vn\/vi\/tom-tat-noi-dung-quy-dinh-hd-khoa-hoc-cong-nghe-2011-2012\/\">T\u00d3M T\u1eaeT N\u1ed8I DUNG QUY \u0110\u1ecaNH H\u0110 KHOA H\u1eccC C\u00d4NG NGH\u1ec6 2011 &#8211; 2012<\/a><\/h4><p class=\"meta\">\n\t\t\t\n\t\t\t\t\t\t\t<span class=\"vcard\" style=\"display: none;\">\n\t\t\t\t\t<span class=\"fn\">\n\t\t\t\t\t\t<a href=\"https:\/\/en.sgu.edu.vn\/vi\/author\/editor\/\" title=\"\u0110\u0103ng b\u1edfi editor\" rel=\"author\">editor<\/a>\t\t\t\t\t<\/span>\n\t\t\t\t<\/span>\n\t\t\t\n\t\t\t\n\t\t\n\t\t\t\n\t\t\t\n\t\t\t\t\t\t\t<span class=\"updated\" style=\"display:none;\">\n\t\t\t\t\t2016-12-23T17:20:47+07:00\t\t\t\t<\/span>\n\t\t\t\n\t\t<span>11\/10\/2016<\/span><span class=\"fusion-inline-sep\">|<\/span><span class=\"fusion-comments\"><a href=\"https:\/\/en.sgu.edu.vn\/vi\/tom-tat-noi-dung-quy-dinh-hd-khoa-hoc-cong-nghe-2011-2012\/#respond\">0 Comments<\/a><\/span><\/p><\/div><\/div><div class=\"fusion-clearfix\"><\/div><\/section><\/div><div class=\"fusion-clearfix\"><\/div>\n\n\t\t\t\t\t<\/div>\n\t\t\t\t<\/div><div  class=\"fusion-layout-column fusion_builder_column fusion_builder_column_1_2  fusion-one-half fusion-column-last 1_2\"  style='margin-top:0px;margin-bottom:20px;width:48%'>\n\t\t\t\t\t<div class=\"fusion-column-wrapper\" style=\"background-position:left top;background-repeat:no-repeat;-webkit-background-size:cover;-moz-background-size:cover;-o-background-size:cover;background-size:cover;\"  data-bg-url=\"\">\n\t\t\t\t\t\t<div class=\"fusion-title title fusion-title-size-two blue-text\" style=\"margin-top:0px;margin-bottom:30px;\"><h2 class=\"title-heading-left\"><a href=\"http:\/\/en.sgu.edu.vn\/category\/khoa-giao-duc-tieu-hoc\/co-van-hoc-tap-gdth\/\"><strong>C\u1ed0 V\u1ea4N H\u1eccC T\u1eacP<\/strong><\/a><\/h2><div class=\"title-sep-container\"><div class=\"title-sep sep-double\" style=\"border-color:#0003c9;\"><\/div><\/div><\/div><div class=\"fusion-recent-posts avada-container layout-default layout-columns-1 meta-recent-post\"><section class=\"fusion-columns columns fusion-columns-1 columns-1\"><div class=\"fusion-column column col col-lg-12 col-md-12 col-sm-12\"><div class=\"recent-posts-content\">\n\t\t\t\n\t\t\t\t\t\t\t<span class=\"vcard\" style=\"display: none;\">\n\t\t\t\t\t<span class=\"fn\">\n\t\t\t\t\t\t<a href=\"https:\/\/en.sgu.edu.vn\/vi\/author\/editor\/\" title=\"\u0110\u0103ng b\u1edfi editor\" rel=\"author\">editor<\/a>\t\t\t\t\t<\/span>\n\t\t\t\t<\/span>\n\t\t\t\n\t\t\t\t\t\t\t<span class=\"updated\" style=\"display:none;\">\n\t\t\t\t\t2016-12-23T17:20:47+07:00\t\t\t\t<\/span>\n\t\t\t\n\t\t<h4 class=\"entry-title\"><a href=\"https:\/\/en.sgu.edu.vn\/vi\/danh-sach-co-van-hoc-tap-nam-hoc-2015-2016\/\">Danh s\u00e1ch c\u1ed1 v\u1ea5n h\u1ecdc t\u1eadp n\u0103m h\u1ecdc 2015 &#8211; 2016<\/a><\/h4><p class=\"meta\">\n\t\t\t\n\t\t\t\t\t\t\t<span class=\"vcard\" style=\"display: none;\">\n\t\t\t\t\t<span class=\"fn\">\n\t\t\t\t\t\t<a href=\"https:\/\/en.sgu.edu.vn\/vi\/author\/editor\/\" title=\"\u0110\u0103ng b\u1edfi editor\" rel=\"author\">editor<\/a>\t\t\t\t\t<\/span>\n\t\t\t\t<\/span>\n\t\t\t\n\t\t\t\n\t\t\n\t\t\t\n\t\t\t\n\t\t\t\t\t\t\t<span class=\"updated\" style=\"display:none;\">\n\t\t\t\t\t2016-12-23T17:20:47+07:00\t\t\t\t<\/span>\n\t\t\t\n\t\t<span>11\/10\/2016<\/span><span class=\"fusion-inline-sep\">|<\/span><span class=\"fusion-comments\"><a href=\"https:\/\/en.sgu.edu.vn\/vi\/danh-sach-co-van-hoc-tap-nam-hoc-2015-2016\/#respond\">0 Comments<\/a><\/span><\/p><\/div><\/div><div class=\"fusion-clearfix\"><\/div><\/section><\/div><div class=\"fusion-clearfix\"><\/div>\n\n\t\t\t\t\t<\/div>\n\t\t\t\t<\/div><\/div><\/div><div class=\"fusion-fullwidth fullwidth-box nonhundred-percent-fullwidth non-hundred-percent-height-scrolling\"  style='background-color: #ffffff;background-position: left top;background-repeat: no-repeat;padding-top:20px;padding-right:0px;padding-bottom:20px;padding-left:0px;border-top-width:0px;border-bottom-width:0px;border-color:#eae9e9;border-top-style:solid;border-bottom-style:solid;'><div class=\"fusion-builder-row fusion-row \"><div  class=\"fusion-layout-column fusion_builder_column fusion_builder_column_1_1  fusion-one-full fusion-column-first fusion-column-last fusion-column-no-min-height 1_1\"  style='margin-top:0px;margin-bottom:0px;width:100%'>\n\t\t\t\t\t<div class=\"fusion-column-wrapper\" style=\"background-position:left top;background-repeat:no-repeat;-webkit-background-size:cover;-moz-background-size:cover;-o-background-size:cover;background-size:cover;\"  data-bg-url=\"\">\n\t\t\t\t\t\t<div class=\"fusion-title title fusion-title-center fusion-title-size-two blue-text\" style=\"margin-top:0px;margin-bottom:30px;\"><div class=\"title-sep-container title-sep-container-left\"><div class=\"title-sep sep-double\" style=\"border-color:#0003c9;\"><\/div><\/div><h2 class=\"title-heading-center\"><a href=\"http:\/\/en.sgu.edu.vn\/category\/khoa-giao-duc-tieu-hoc\/ban-tin-cong-doan-gdth\/\"><strong>B\u1ea2N TIN C\u00d4NG \u0110O\u00c0N<\/strong><\/a><\/h2><div class=\"title-sep-container title-sep-container-right\"><div class=\"title-sep sep-double\" style=\"border-color:#0003c9;\"><\/div><\/div><\/div><div class=\"fusion-clearfix\"><\/div>\n\n\t\t\t\t\t<\/div>\n\t\t\t\t<\/div><div  class=\"fusion-layout-column fusion_builder_column fusion_builder_column_1_1  fusion-one-full fusion-column-first fusion-column-last fusion-column-no-min-height 1_1\"  style='margin-top:0px;margin-bottom:0px;width:100%'>\n\t\t\t\t\t<div class=\"fusion-column-wrapper\" style=\"background-position:left top;background-repeat:no-repeat;-webkit-background-size:cover;-moz-background-size:cover;-o-background-size:cover;background-size:cover;\"  data-bg-url=\"\">\n\t\t\t\t\t\t<div class=\"fusion-blog-shortcode fusion-blog-shortcode-1 fusion-blog-archive fusion-blog-layout-medium-alternate fusion-blog-no fusion-blog-no-images\"><div class=\"fusion-posts-container fusion-posts-container-no fusion-no-meta-info\" data-pages=\"1\"><article id=\"post-13731\" class=\"fusion-post-medium-alternate post-13731 post type-post status-publish format-standard hentry category-ban-tin-cong-doan-gdth\">\n<div class=\"fusion-date-and-formats\"><div class=\"fusion-date-box updated\"><span class=\"fusion-date\">12<\/span><span class=\"fusion-month-year\">10, 2016<\/span><\/div><div class=\"fusion-format-box\"><i class=\"fusion-icon-pen\"><\/i><\/div><\/div><div class=\"fusion-post-content post-content\"><h2 class=\"blog-shortcode-post-title entry-title\"><a href=\"https:\/\/en.sgu.edu.vn\/vi\/kinh-moi-quy-thay-co-dang-ki-di-nghi-he-cung-khoa\/\">K\u00ednh m\u1eddi qu\u00fd th\u1ea7y c\u00f4 \u0111\u0103ng k\u00ed \u0111i ngh\u1ec9 h\u00e8 c\u00f9ng khoa<\/a><\/h2><div class=\"fusion-post-content-container\"><p>TR\u01af\u1edcNG \u0110\u1ea0I H\u1eccC S\u00c0I G\u00d2N KHOA GI\u00c1O D\u1ee4C TI\u1ec2U H\u1eccC DANH S\u00c1CH \u0110\u0102NG K\u00cd \u0110I L\u1ed8C AN- B\u00c0 R\u1ecaA V\u0168NG T\u00c0U 2 NG\u00c0Y 1 \u0110\u00caM ( 24\/6-25-6) Ph\u01b0\u01a1ng ti\u1ec7n: xe tr\u01b0\u1eddng Kinh ph\u00ed: ti\u1ec1n b\u1ed3i d\u01b0\u1ee1ng h\u00e8 do tr\u01b0\u1eddng c\u1ea5p c\u00f3 th\u1ec3 c\u00f3 ph\u00e1t sinh th\u00eam 1 \u00edt s\u1ebd t\u00ednh sau, th\u00e2n nh\u00e2n tr\u00ean 10 tu\u1ed5i \u0111i th\u00eam \u0111\u00f3ng th\u00eam 1 su\u1ea5t. STT H\u1ecc V\u00c0 T\u00caN S\u1ed0 SU\u1ea4T \u0110I K\u00c8M Qu\u00fd th\u1ea7y c\u00f4 c\u00f3 th\u1ec3 g\u1ecdi \u0111i\u1ec7n tho\u1ea1i \u0111\u0103ng k\u00ed cho C\u00f4 Qu\u1ef3nh Trang, Th\u1ea7y Hi\u1ec7p, Thanh H\u00e0<\/p><\/div><\/div><div class=\"fusion-clearfix\"><\/div><\/article>\n<\/div><\/div><div class=\"fusion-clearfix\"><\/div>\n\n\t\t\t\t\t<\/div>\n\t\t\t\t<\/div><\/div><\/div><\/p>\n","protected":false},"excerpt":{"rendered":"","protected":false},"author":5,"featured_media":0,"parent":11870,"menu_order":0,"comment_status":"closed","ping_status":"closed","template":"side-navigation.php","meta":[],"jetpack_sharing_enabled":true,"jetpack_shortlink":"https:\/\/wp.me\/PdgjhW-3A7","_links":{"self":[{"href":"https:\/\/en.sgu.edu.vn\/vi\/wp-json\/wp\/v2\/pages\/13771"}],"collection":[{"href":"https:\/\/en.sgu.edu.vn\/vi\/wp-json\/wp\/v2\/pages"}],"about":[{"href":"https:\/\/en.sgu.edu.vn\/vi\/wp-json\/wp\/v2\/types\/page"}],"author":[{"embeddable":true,"href":"https:\/\/en.sgu.edu.vn\/vi\/wp-json\/wp\/v2\/users\/5"}],"replies":[{"embeddable":true,"href":"https:\/\/en.sgu.edu.vn\/vi\/wp-json\/wp\/v2\/comments?post=13771"}],"version-history":[{"count":0,"href":"https:\/\/en.sgu.edu.vn\/vi\/wp-json\/wp\/v2\/pages\/13771\/revisions"}],"up":[{"embeddable":true,"href":"https:\/\/en.sgu.edu.vn\/vi\/wp-json\/wp\/v2\/pages\/11870"}],"wp:attachment":[{"href":"https:\/\/en.sgu.edu.vn\/vi\/wp-json\/wp\/v2\/media?parent=13771"}],"curies":[{"name":"wp","href":"https:\/\/api.w.org\/{rel}","templated":true}]}}