{"id":13824,"date":"2016-10-12T15:52:34","date_gmt":"2016-10-12T15:52:34","guid":{"rendered":"http:\/\/edupath.co\/?page_id=13824"},"modified":"2016-12-23T17:20:05","modified_gmt":"2016-12-23T10:20:05","slug":"nghien-cuu-khoa-hoc","status":"publish","type":"page","link":"https:\/\/en.sgu.edu.vn\/vi\/khoa-giao-duc-tieu-hoc\/giang-vien\/nghien-cuu-khoa-hoc\/","title":{"rendered":"Nghi\u00ean C\u1ee9u Khoa H\u1ecdc"},"content":{"rendered":"<div class=\"fusion-fullwidth fullwidth-box nonhundred-percent-fullwidth non-hundred-percent-height-scrolling\"  style='background-color: #ffffff;background-position: left top;background-repeat: no-repeat;padding-top:20px;padding-right:0px;padding-bottom:20px;padding-left:0px;border-top-width:0px;border-bottom-width:0px;border-color:#eae9e9;border-top-style:solid;border-bottom-style:solid;'><div class=\"fusion-builder-row fusion-row \"><div  class=\"fusion-layout-column fusion_builder_column fusion_builder_column_1_1  fusion-one-full fusion-column-first fusion-column-last fusion-column-no-min-height 1_1\"  style='margin-top:0px;margin-bottom:0px;'>\n\t\t\t\t\t<div class=\"fusion-column-wrapper\" style=\"background-position:left top;background-repeat:no-repeat;-webkit-background-size:cover;-moz-background-size:cover;-o-background-size:cover;background-size:cover;\"  data-bg-url=\"\">\n\t\t\t\t\t\t<div class=\"fusion-title title fusion-title-center fusion-title-size-two blue-text\" style=\"margin-top:0px;margin-bottom:30px;\"><div class=\"title-sep-container title-sep-container-left\"><div class=\"title-sep sep-double\" style=\"border-color:#0003c9;\"><\/div><\/div><h2 class=\"title-heading-center\"><a href=\"http:\/\/en.sgu.edu.vn\/category\/khoa-giao-duc-tieu-hoc\/nghien-cuu-khoa-hoc-gdth\/\"><strong>NGHI\u00caN C\u1ee8U KHOA H\u1eccC<\/strong><\/a><\/h2><div class=\"title-sep-container title-sep-container-right\"><div class=\"title-sep sep-double\" style=\"border-color:#0003c9;\"><\/div><\/div><\/div><div class=\"fusion-clearfix\"><\/div>\n\n\t\t\t\t\t<\/div>\n\t\t\t\t<\/div><div  class=\"fusion-layout-column fusion_builder_column fusion_builder_column_1_1  fusion-one-full fusion-column-first fusion-column-last fusion-column-no-min-height 1_1\"  style='margin-top:0px;margin-bottom:0px;'>\n\t\t\t\t\t<div class=\"fusion-column-wrapper\" style=\"background-position:left top;background-repeat:no-repeat;-webkit-background-size:cover;-moz-background-size:cover;-o-background-size:cover;background-size:cover;\"  data-bg-url=\"\">\n\t\t\t\t\t\t<div class=\"fusion-blog-shortcode fusion-blog-shortcode-1 fusion-blog-archive fusion-blog-layout-large-alternate fusion-blog-no fusion-blog-no-images\"><div class=\"fusion-posts-container fusion-posts-container-no\" data-pages=\"1\"><article id=\"post-13654\" class=\"fusion-post-large-alternate post-13654 post type-post status-publish format-standard hentry category-nghien-cuu-khoa-hoc-gdth\">\n<div class=\"fusion-date-and-formats\"><div class=\"fusion-date-box updated\"><span class=\"fusion-date\">11<\/span><span class=\"fusion-month-year\">10, 2016<\/span><\/div><div class=\"fusion-format-box\"><i class=\"fusion-icon-pen\"><\/i><\/div><\/div><div class=\"fusion-post-content post-content\"><h2 class=\"blog-shortcode-post-title entry-title\"><a href=\"https:\/\/en.sgu.edu.vn\/vi\/tom-tat-noi-dung-quy-dinh-hd-khoa-hoc-cong-nghe-2011-2012\/\">T\u00d3M T\u1eaeT N\u1ed8I DUNG QUY \u0110\u1ecaNH H\u0110 KHOA H\u1eccC C\u00d4NG NGH\u1ec6 2011 &#8211; 2012<\/a><\/h2><p class=\"fusion-single-line-meta\">\n\t\t\t\n\t\t\t\t\t\t\t<span class=\"vcard\" style=\"display: none;\">\n\t\t\t\t\t<span class=\"fn\">\n\t\t\t\t\t\t<a href=\"https:\/\/en.sgu.edu.vn\/vi\/author\/editor\/\" title=\"\u0110\u0103ng b\u1edfi editor\" rel=\"author\">editor<\/a>\t\t\t\t\t<\/span>\n\t\t\t\t<\/span>\n\t\t\t\n\t\t\t\n\t\t\n\t\t\t\n\t\t\t\n\t\t\t\t\t\t\t<span class=\"updated\" style=\"display:none;\">\n\t\t\t\t\t2016-12-23T17:20:47+07:00\t\t\t\t<\/span>\n\t\t\t\n\t\t<span>11\/10\/2016<\/span><span class=\"fusion-inline-sep\">|<\/span><\/p><div class=\"fusion-post-content-container\"><p>T\u00d3M T\u1eaeT M\u1ed8T S\u1ed0 N\u1ed8I DUNG QUY \u0110\u1ecaNH HO\u1ea0T \u0110\u1ed8NG KHOA H\u1eccC C\u00d4NG NGH\u1ec6 N\u0102M 2011-2012 (Tr\u00edch t\u1eeb V\u0103n b\u1ea3n quy \u0111\u1ecbnh ho\u1ea1t \u0111\u1ed9ng khoa h\u1ecdc c\u00f4ng ngh\u1ec7 n\u0103m h\u1ecdc 2011-2012 c\u1ee7a Ph\u00f2ng KHCN v\u00e0 \u0110\u00e0o t\u1ea1o S\u0110H ) 1. \u0110\u1ec1 t\u00e0i nghi\u00ean c\u1ee9u khoa h\u1ecdc c\u1ea5p c\u01a1 s\u1edf (c\u1ea5p tr\u01b0\u1eddng) - Th\u1eddi gian th\u1ef1c hi\u1ec7n \u0111\u1ec1 t\u00e0i: t\u1ed1i \u0111a 02 n\u0103m - B\u00e1o c\u00e1o t\u00ecnh h\u00ecnh th\u1ef1c hi\u1ec7n \u0111\u1ec1 t\u00e0i \u0111\u1ecbnh k\u00ec sau 06 th\u00e1ng tri\u1ec3n khai v\u00e0 tr\u01b0\u1edbc khi h\u1ebft th\u1eddi h\u1ea1n th\u1ef1c hi\u1ec7n \u0111\u1ec1 t\u00e0i 01 th\u00e1ng; b\u00e1o c\u00e1o \u0111\u1ed9t xu\u1ea5t (n\u1ebfu c\u1ea7n) v\u1edbi Nh\u00e0 tr\u01b0\u1eddng qua [...]<\/p><\/div><\/div><div class=\"fusion-clearfix\"><\/div><\/article>\n<\/div><\/div><div class=\"fusion-clearfix\"><\/div>\n\n\t\t\t\t\t<\/div>\n\t\t\t\t<\/div><\/div><\/div>\n","protected":false},"excerpt":{"rendered":"","protected":false},"author":5,"featured_media":0,"parent":13771,"menu_order":0,"comment_status":"closed","ping_status":"closed","template":"side-navigation.php","meta":[],"jetpack_sharing_enabled":true,"jetpack_shortlink":"https:\/\/wp.me\/PdgjhW-3AY","_links":{"self":[{"href":"https:\/\/en.sgu.edu.vn\/vi\/wp-json\/wp\/v2\/pages\/13824"}],"collection":[{"href":"https:\/\/en.sgu.edu.vn\/vi\/wp-json\/wp\/v2\/pages"}],"about":[{"href":"https:\/\/en.sgu.edu.vn\/vi\/wp-json\/wp\/v2\/types\/page"}],"author":[{"embeddable":true,"href":"https:\/\/en.sgu.edu.vn\/vi\/wp-json\/wp\/v2\/users\/5"}],"replies":[{"embeddable":true,"href":"https:\/\/en.sgu.edu.vn\/vi\/wp-json\/wp\/v2\/comments?post=13824"}],"version-history":[{"count":0,"href":"https:\/\/en.sgu.edu.vn\/vi\/wp-json\/wp\/v2\/pages\/13824\/revisions"}],"up":[{"embeddable":true,"href":"https:\/\/en.sgu.edu.vn\/vi\/wp-json\/wp\/v2\/pages\/13771"}],"wp:attachment":[{"href":"https:\/\/en.sgu.edu.vn\/vi\/wp-json\/wp\/v2\/media?parent=13824"}],"curies":[{"name":"wp","href":"https:\/\/api.w.org\/{rel}","templated":true}]}}