{"id":13837,"date":"2016-10-12T16:04:42","date_gmt":"2016-10-12T16:04:42","guid":{"rendered":"http:\/\/edupath.co\/?page_id=13837"},"modified":"2016-12-23T17:20:04","modified_gmt":"2016-12-23T10:20:04","slug":"ban-tin-cong-doan","status":"publish","type":"page","link":"https:\/\/en.sgu.edu.vn\/vi\/khoa-giao-duc-tieu-hoc\/giang-vien\/ban-tin-cong-doan\/","title":{"rendered":"B\u1ea3n Tin C\u00f4ng \u0110o\u00e0n"},"content":{"rendered":"<div class=\"fusion-fullwidth fullwidth-box nonhundred-percent-fullwidth non-hundred-percent-height-scrolling\"  style='background-color: #ffffff;background-position: left top;background-repeat: no-repeat;padding-top:20px;padding-right:0px;padding-bottom:20px;padding-left:0px;border-top-width:0px;border-bottom-width:0px;border-color:#eae9e9;border-top-style:solid;border-bottom-style:solid;'><div class=\"fusion-builder-row fusion-row \"><div  class=\"fusion-layout-column fusion_builder_column fusion_builder_column_1_1  fusion-one-full fusion-column-first fusion-column-last fusion-column-no-min-height 1_1\"  style='margin-top:0px;margin-bottom:0px;'>\n\t\t\t\t\t<div class=\"fusion-column-wrapper\" style=\"background-position:left top;background-repeat:no-repeat;-webkit-background-size:cover;-moz-background-size:cover;-o-background-size:cover;background-size:cover;\"  data-bg-url=\"\">\n\t\t\t\t\t\t<div class=\"fusion-title title fusion-title-center fusion-title-size-two blue-text\" style=\"margin-top:0px;margin-bottom:30px;\"><div class=\"title-sep-container title-sep-container-left\"><div class=\"title-sep sep-double\" style=\"border-color:#0003c9;\"><\/div><\/div><h2 class=\"title-heading-center\"><a href=\"http:\/\/en.sgu.edu.vn\/category\/khoa-giao-duc-tieu-hoc\/ban-tin-cong-doan-gdth\/\"><b>B\u1ea2N TIN C\u00d4NG \u0110O\u00c0N<\/b><\/a><\/h2><div class=\"title-sep-container title-sep-container-right\"><div class=\"title-sep sep-double\" style=\"border-color:#0003c9;\"><\/div><\/div><\/div><div class=\"fusion-clearfix\"><\/div>\n\n\t\t\t\t\t<\/div>\n\t\t\t\t<\/div><div  class=\"fusion-layout-column fusion_builder_column fusion_builder_column_1_1  fusion-one-full fusion-column-first fusion-column-last fusion-column-no-min-height 1_1\"  style='margin-top:0px;margin-bottom:0px;'>\n\t\t\t\t\t<div class=\"fusion-column-wrapper\" style=\"background-position:left top;background-repeat:no-repeat;-webkit-background-size:cover;-moz-background-size:cover;-o-background-size:cover;background-size:cover;\"  data-bg-url=\"\">\n\t\t\t\t\t\t<div class=\"fusion-blog-shortcode fusion-blog-shortcode-1 fusion-blog-archive fusion-blog-layout-large-alternate fusion-blog-no fusion-blog-no-images\"><div class=\"fusion-posts-container fusion-posts-container-no\" data-pages=\"1\"><article id=\"post-13731\" class=\"fusion-post-large-alternate post-13731 post type-post status-publish format-standard hentry category-ban-tin-cong-doan-gdth\">\n<div class=\"fusion-date-and-formats\"><div class=\"fusion-date-box updated\"><span class=\"fusion-date\">12<\/span><span class=\"fusion-month-year\">10, 2016<\/span><\/div><div class=\"fusion-format-box\"><i class=\"fusion-icon-pen\"><\/i><\/div><\/div><div class=\"fusion-post-content post-content\"><h2 class=\"blog-shortcode-post-title entry-title\"><a href=\"https:\/\/en.sgu.edu.vn\/vi\/kinh-moi-quy-thay-co-dang-ki-di-nghi-he-cung-khoa\/\">K\u00ednh m\u1eddi qu\u00fd th\u1ea7y c\u00f4 \u0111\u0103ng k\u00ed \u0111i ngh\u1ec9 h\u00e8 c\u00f9ng khoa<\/a><\/h2><p class=\"fusion-single-line-meta\">\n\t\t\t\n\t\t\t\t\t\t\t<span class=\"vcard\" style=\"display: none;\">\n\t\t\t\t\t<span class=\"fn\">\n\t\t\t\t\t\t<a href=\"https:\/\/en.sgu.edu.vn\/vi\/author\/editor\/\" title=\"\u0110\u0103ng b\u1edfi editor\" rel=\"author\">editor<\/a>\t\t\t\t\t<\/span>\n\t\t\t\t<\/span>\n\t\t\t\n\t\t\t\n\t\t\n\t\t\t\n\t\t\t\n\t\t\t\t\t\t\t<span class=\"updated\" style=\"display:none;\">\n\t\t\t\t\t2016-12-23T17:20:46+07:00\t\t\t\t<\/span>\n\t\t\t\n\t\t<span>12\/10\/2016<\/span><span class=\"fusion-inline-sep\">|<\/span><\/p><div class=\"fusion-post-content-container\"><p>TR\u01af\u1edcNG \u0110\u1ea0I H\u1eccC S\u00c0I G\u00d2N KHOA GI\u00c1O D\u1ee4C TI\u1ec2U H\u1eccC DANH S\u00c1CH \u0110\u0102NG K\u00cd \u0110I L\u1ed8C AN- B\u00c0 R\u1ecaA V\u0168NG T\u00c0U 2 NG\u00c0Y 1 \u0110\u00caM ( 24\/6-25-6) Ph\u01b0\u01a1ng ti\u1ec7n: xe tr\u01b0\u1eddng Kinh ph\u00ed: ti\u1ec1n b\u1ed3i d\u01b0\u1ee1ng h\u00e8 do tr\u01b0\u1eddng c\u1ea5p c\u00f3 th\u1ec3 c\u00f3 ph\u00e1t sinh th\u00eam 1 \u00edt s\u1ebd t\u00ednh sau, th\u00e2n nh\u00e2n tr\u00ean 10 tu\u1ed5i \u0111i th\u00eam \u0111\u00f3ng th\u00eam 1 su\u1ea5t. STT H\u1ecc V\u00c0 T\u00caN S\u1ed0 SU\u1ea4T \u0110I K\u00c8M Qu\u00fd th\u1ea7y c\u00f4 c\u00f3 th\u1ec3 g\u1ecdi \u0111i\u1ec7n tho\u1ea1i \u0111\u0103ng k\u00ed cho C\u00f4 Qu\u1ef3nh Trang, Th\u1ea7y Hi\u1ec7p, Thanh H\u00e0<\/p><\/div><\/div><div class=\"fusion-clearfix\"><\/div><\/article>\n<\/div><\/div><div class=\"fusion-clearfix\"><\/div>\n\n\t\t\t\t\t<\/div>\n\t\t\t\t<\/div><\/div><\/div>\n","protected":false},"excerpt":{"rendered":"","protected":false},"author":5,"featured_media":0,"parent":13771,"menu_order":0,"comment_status":"closed","ping_status":"closed","template":"side-navigation.php","meta":[],"jetpack_sharing_enabled":true,"jetpack_shortlink":"https:\/\/wp.me\/PdgjhW-3Bb","_links":{"self":[{"href":"https:\/\/en.sgu.edu.vn\/vi\/wp-json\/wp\/v2\/pages\/13837"}],"collection":[{"href":"https:\/\/en.sgu.edu.vn\/vi\/wp-json\/wp\/v2\/pages"}],"about":[{"href":"https:\/\/en.sgu.edu.vn\/vi\/wp-json\/wp\/v2\/types\/page"}],"author":[{"embeddable":true,"href":"https:\/\/en.sgu.edu.vn\/vi\/wp-json\/wp\/v2\/users\/5"}],"replies":[{"embeddable":true,"href":"https:\/\/en.sgu.edu.vn\/vi\/wp-json\/wp\/v2\/comments?post=13837"}],"version-history":[{"count":0,"href":"https:\/\/en.sgu.edu.vn\/vi\/wp-json\/wp\/v2\/pages\/13837\/revisions"}],"up":[{"embeddable":true,"href":"https:\/\/en.sgu.edu.vn\/vi\/wp-json\/wp\/v2\/pages\/13771"}],"wp:attachment":[{"href":"https:\/\/en.sgu.edu.vn\/vi\/wp-json\/wp\/v2\/media?parent=13837"}],"curies":[{"name":"wp","href":"https:\/\/api.w.org\/{rel}","templated":true}]}}