{"id":13839,"date":"2016-10-12T16:06:59","date_gmt":"2016-10-12T16:06:59","guid":{"rendered":"http:\/\/edupath.co\/?page_id=13839"},"modified":"2016-12-23T17:20:04","modified_gmt":"2016-12-23T10:20:04","slug":"thong-bao","status":"publish","type":"page","link":"https:\/\/en.sgu.edu.vn\/vi\/khoa-giao-duc-tieu-hoc\/giang-vien\/thong-bao\/","title":{"rendered":"Th\u00f4ng B\u00e1o"},"content":{"rendered":"<div class=\"fusion-fullwidth fullwidth-box nonhundred-percent-fullwidth non-hundred-percent-height-scrolling\"  style='background-color: #ffffff;background-position: left top;background-repeat: no-repeat;padding-top:20px;padding-right:0px;padding-bottom:20px;padding-left:0px;border-top-width:0px;border-bottom-width:0px;border-color:#eae9e9;border-top-style:solid;border-bottom-style:solid;'><div class=\"fusion-builder-row fusion-row \"><div  class=\"fusion-layout-column fusion_builder_column fusion_builder_column_1_1  fusion-one-full fusion-column-first fusion-column-last fusion-column-no-min-height 1_1\"  style='margin-top:0px;margin-bottom:0px;'>\n\t\t\t\t\t<div class=\"fusion-column-wrapper\" style=\"background-position:left top;background-repeat:no-repeat;-webkit-background-size:cover;-moz-background-size:cover;-o-background-size:cover;background-size:cover;\"  data-bg-url=\"\">\n\t\t\t\t\t\t<div class=\"fusion-title title fusion-title-center fusion-title-size-two blue-text\" style=\"margin-top:0px;margin-bottom:30px;\"><div class=\"title-sep-container title-sep-container-left\"><div class=\"title-sep sep-double\" style=\"border-color:#0003c9;\"><\/div><\/div><h2 class=\"title-heading-center\"><a href=\"http:\/\/en.sgu.edu.vn\/category\/khoa-giao-duc-tieu-hoc\/thong-bao-giang-vien-gdth\/\"><b>TH\u00d4NG B\u00c1O<\/b><\/a><\/h2><div class=\"title-sep-container title-sep-container-right\"><div class=\"title-sep sep-double\" style=\"border-color:#0003c9;\"><\/div><\/div><\/div><div class=\"fusion-clearfix\"><\/div>\n\n\t\t\t\t\t<\/div>\n\t\t\t\t<\/div><div  class=\"fusion-layout-column fusion_builder_column fusion_builder_column_1_1  fusion-one-full fusion-column-first fusion-column-last fusion-column-no-min-height 1_1\"  style='margin-top:0px;margin-bottom:0px;'>\n\t\t\t\t\t<div class=\"fusion-column-wrapper\" style=\"background-position:left top;background-repeat:no-repeat;-webkit-background-size:cover;-moz-background-size:cover;-o-background-size:cover;background-size:cover;\"  data-bg-url=\"\">\n\t\t\t\t\t\t<div class=\"fusion-blog-shortcode fusion-blog-shortcode-1 fusion-blog-archive fusion-blog-layout-large-alternate fusion-blog-no fusion-blog-no-images\"><div class=\"fusion-posts-container fusion-posts-container-no\" data-pages=\"1\"><article id=\"post-13706\" class=\"fusion-post-large-alternate post-13706 post type-post status-publish format-standard hentry category-thong-bao-giang-vien-gdth\">\n<div class=\"fusion-date-and-formats\"><div class=\"fusion-date-box updated\"><span class=\"fusion-date\">11<\/span><span class=\"fusion-month-year\">10, 2016<\/span><\/div><div class=\"fusion-format-box\"><i class=\"fusion-icon-pen\"><\/i><\/div><\/div><div class=\"fusion-post-content post-content\"><h2 class=\"blog-shortcode-post-title entry-title\"><a href=\"https:\/\/en.sgu.edu.vn\/vi\/2482016-thong-bao-ve-viec-dang-ky-hoc-lop-boi-duong-nghiep-vu-su-pham\/\">24\/8\/2016: Th\u00f4ng b\u00e1o v\u1ec1 vi\u1ec7c \u0111\u0103ng k\u00fd h\u1ecdc l\u1edbp B\u1ed3i d\u01b0\u1ee1ng nghi\u1ec7p v\u1ee5 s\u01b0 ph\u1ea1m<\/a><\/h2><p class=\"fusion-single-line-meta\">\n\t\t\t\n\t\t\t\t\t\t\t<span class=\"vcard\" style=\"display: none;\">\n\t\t\t\t\t<span class=\"fn\">\n\t\t\t\t\t\t<a href=\"https:\/\/en.sgu.edu.vn\/vi\/author\/editor\/\" title=\"\u0110\u0103ng b\u1edfi editor\" rel=\"author\">editor<\/a>\t\t\t\t\t<\/span>\n\t\t\t\t<\/span>\n\t\t\t\n\t\t\t\n\t\t\n\t\t\t\n\t\t\t\n\t\t\t\t\t\t\t<span class=\"updated\" style=\"display:none;\">\n\t\t\t\t\t2017-02-28T09:37:02+07:00\t\t\t\t<\/span>\n\t\t\t\n\t\t<span>11\/10\/2016<\/span><span class=\"fusion-inline-sep\">|<\/span><\/p><div class=\"fusion-post-content-container\"><p>TH\u00d4NG B\u00c1O Vv \u0110\u0103ng k\u00fd h\u1ecdc l\u1edbp B\u1ed3i d\u01b0\u1ee1ng nghi\u1ec7p v\u1ee5 s\u01b0 ph\u1ea1m &nbsp; Theo s\u1ef1 ch\u1ec9 \u0111\u1ea1o c\u1ee7a Tr\u01b0\u1edfng Khoa. C\u00e1c th\u1ea7y c\u00f4 n\u00e0o ch\u01b0a c\u00f3 ch\u1ee9ng ch\u1ec9 B\u1ed3i d\u01b0\u1ee1ng nghi\u1ec7p v\u1ee5 s\u01b0 ph\u1ea1m cho gi\u1ea3ng vi\u00ean (h\u1ecdc ng\u00e0nh s\u01b0 ph\u1ea1m ho\u1eb7c ngo\u00e0i s\u01b0 ph\u1ea1m) th\u00ec \u0111\u0103ng k\u00fd v\u1edbi V\u0103n ph\u00f2ng Khoa, \u0111\u1ec3 l\u1eadp danh s\u00e1ch g\u1eedi v\u1ec1 tr\u01b0\u1eddng chu\u1ea9n b\u1ecb m\u1edf l\u1edbp h\u1ecdc. H\u1ecdc ph\u00ed l\u00e0: 2.000.000\u0111 C\u00e1c th\u1ea7y c\u00f4 c\u00f3 th\u1ec3 tham kh\u1ea3o Th\u00f4ng t\u01b0 Li\u00ean t\u1ecbch s\u1ed1 36\/2014\/TTLT-BGD\u0110T-BNV ng\u00e0y 28\/11\/2014 Quy \u0111\u1ecbnh v\u1ec1 m\u00e3 s\u1ed1 v\u00e0 ti\u00eau chu\u1ea9n ch\u1ee9c danh ngh\u1ec1 nghi\u1ec7p vi\u00ean ch\u1ee9c gi\u1ea3ng d\u1ea1y [...]<\/p><\/div><\/div><div class=\"fusion-clearfix\"><\/div><\/article>\n<article id=\"post-13643\" class=\"fusion-post-large-alternate post-13643 post type-post status-publish format-standard hentry category-thong-bao-giang-vien-gdth\">\n<div class=\"fusion-date-and-formats\"><div class=\"fusion-date-box updated\"><span class=\"fusion-date\">11<\/span><span class=\"fusion-month-year\">10, 2016<\/span><\/div><div class=\"fusion-format-box\"><i class=\"fusion-icon-pen\"><\/i><\/div><\/div><div class=\"fusion-post-content post-content\"><h2 class=\"blog-shortcode-post-title entry-title\"><a href=\"https:\/\/en.sgu.edu.vn\/vi\/03102016-thong-bao-ve-viec-to-chuc-le-khai-giang-nam-hoc-2016-2017\/\">(03\/10\/2016: Th\u00f4ng b\u00e1o v\u1ec1 vi\u1ec7c t\u1ed5 ch\u1ee9c L\u1ec5 khai gi\u1ea3ng n\u0103m h\u1ecdc 2016 -2017)<\/a><\/h2><p class=\"fusion-single-line-meta\">\n\t\t\t\n\t\t\t\t\t\t\t<span class=\"vcard\" style=\"display: none;\">\n\t\t\t\t\t<span class=\"fn\">\n\t\t\t\t\t\t<a href=\"https:\/\/en.sgu.edu.vn\/vi\/author\/editor\/\" title=\"\u0110\u0103ng b\u1edfi editor\" rel=\"author\">editor<\/a>\t\t\t\t\t<\/span>\n\t\t\t\t<\/span>\n\t\t\t\n\t\t\t\n\t\t\n\t\t\t\n\t\t\t\n\t\t\t\t\t\t\t<span class=\"updated\" style=\"display:none;\">\n\t\t\t\t\t2016-10-11T12:30:13+07:00\t\t\t\t<\/span>\n\t\t\t\n\t\t<span>11\/10\/2016<\/span><span class=\"fusion-inline-sep\">|<\/span><\/p><div class=\"fusion-post-content-container\"><p>TH\u00d4NG B\u00c1O V\u00ea\u0300 vi\u00ea\u0323c t\u00f4\u0309 ch\u01b0\u0301c L\u00ea\u0303 khai gia\u0309ng n\u0103m ho\u0323c 2016 - 2017 Theo th\u00f4ng b\u00e1o s\u1ed1 2188\/\u0110HSG-\u0110T k\u00fd ng\u00e0y 23 th\u00e1ng 09 n\u0103m 2016, v\u1ec1 vi\u1ec7c t\u1ed5 ch\u1ee9c L\u1ec5 khai gi\u1ea3ng n\u0103m h\u1ecdc 2016 - 2017 c\u1ee7a Ban Gi\u00e1m hi\u1ec7u Tr\u01b0\u1eddng \u0110\u1ea1i h\u1ecdc S\u00e0i G\u00f2n, Khoa Gi\u00e1o d\u1ee5c Ti\u1ec3u h\u1ecdc xin th\u00f4ng b\u00e1o k\u1ebf ho\u1ea1ch t\u1ed5 ch\u1ee9c L\u1ec5 khai gi\u1ea3ng c\u1ee7a Khoa nh\u01b0 sau: Th\u1eddi gian: 14h00 ng\u00e0y 10 tha\u0301ng 10 n\u0103m 2016 \u0110i\u0323a \u0111i\u00ea\u0309m: H\u1ed9i tr\u01b0\u1eddng A, c\u01a1 s\u01a1\u0309 chi\u0301nh \u2013 273 An D\u01b0\u01a1ng V\u01b0\u01a1ng Th\u00e0nh ph\u1ea7n tham d\u1ef1: - Ca\u0301n b\u00f4\u0323, gia\u0309ng vi\u00ean: + La\u0303nh \u0111a\u0323o [...]<\/p><\/div><\/div><div class=\"fusion-clearfix\"><\/div><\/article>\n<\/div><\/div><div class=\"fusion-clearfix\"><\/div>\n\n\t\t\t\t\t<\/div>\n\t\t\t\t<\/div><\/div><\/div>\n","protected":false},"excerpt":{"rendered":"","protected":false},"author":5,"featured_media":0,"parent":13771,"menu_order":0,"comment_status":"closed","ping_status":"closed","template":"side-navigation.php","meta":[],"jetpack_sharing_enabled":true,"jetpack_shortlink":"https:\/\/wp.me\/PdgjhW-3Bd","_links":{"self":[{"href":"https:\/\/en.sgu.edu.vn\/vi\/wp-json\/wp\/v2\/pages\/13839"}],"collection":[{"href":"https:\/\/en.sgu.edu.vn\/vi\/wp-json\/wp\/v2\/pages"}],"about":[{"href":"https:\/\/en.sgu.edu.vn\/vi\/wp-json\/wp\/v2\/types\/page"}],"author":[{"embeddable":true,"href":"https:\/\/en.sgu.edu.vn\/vi\/wp-json\/wp\/v2\/users\/5"}],"replies":[{"embeddable":true,"href":"https:\/\/en.sgu.edu.vn\/vi\/wp-json\/wp\/v2\/comments?post=13839"}],"version-history":[{"count":0,"href":"https:\/\/en.sgu.edu.vn\/vi\/wp-json\/wp\/v2\/pages\/13839\/revisions"}],"up":[{"embeddable":true,"href":"https:\/\/en.sgu.edu.vn\/vi\/wp-json\/wp\/v2\/pages\/13771"}],"wp:attachment":[{"href":"https:\/\/en.sgu.edu.vn\/vi\/wp-json\/wp\/v2\/media?parent=13839"}],"curies":[{"name":"wp","href":"https:\/\/api.w.org\/{rel}","templated":true}]}}