{"id":13904,"date":"2016-10-13T04:22:40","date_gmt":"2016-10-13T04:22:40","guid":{"rendered":"http:\/\/edupath.co\/?page_id=13904"},"modified":"2016-12-23T17:19:59","modified_gmt":"2016-12-23T10:19:59","slug":"tin-tuc-thong-bao","status":"publish","type":"page","link":"https:\/\/en.sgu.edu.vn\/vi\/cong-doan\/tin-tuc-thong-bao\/","title":{"rendered":"Tin T\u1ee9c &#8211; Th\u00f4ng B\u00e1o"},"content":{"rendered":"<div class=\"fusion-fullwidth fullwidth-box nonhundred-percent-fullwidth non-hundred-percent-height-scrolling\"  style='background-color: #ffffff;background-position: left top;background-repeat: no-repeat;padding-top:20px;padding-right:0px;padding-bottom:20px;padding-left:0px;border-top-width:0px;border-bottom-width:0px;border-color:#eae9e9;border-top-style:solid;border-bottom-style:solid;'><div class=\"fusion-builder-row fusion-row \"><div  class=\"fusion-layout-column fusion_builder_column fusion_builder_column_1_1  fusion-one-full fusion-column-first fusion-column-last fusion-column-no-min-height 1_1\"  style='margin-top:0px;margin-bottom:0px;'>\n\t\t\t\t\t<div class=\"fusion-column-wrapper\" style=\"background-position:left top;background-repeat:no-repeat;-webkit-background-size:cover;-moz-background-size:cover;-o-background-size:cover;background-size:cover;\"  data-bg-url=\"\">\n\t\t\t\t\t\t<div class=\"fusion-title title fusion-title-center fusion-title-size-one blue-text\" style=\"margin-top:0px;margin-bottom:30px;\"><div class=\"title-sep-container title-sep-container-left\"><div class=\"title-sep sep-double\" style=\"border-color:#000000;\"><\/div><\/div><h1 class=\"title-heading-center\"><span style=\"color: #000080; font-family: arial, helvetica, sans-serif; font-size: 24pt;\"><b>TH\u00d4NG B\u00c1O<\/b><\/span><\/h1><div class=\"title-sep-container title-sep-container-right\"><div class=\"title-sep sep-double\" style=\"border-color:#000000;\"><\/div><\/div><\/div><div class=\"fusion-clearfix\"><\/div>\n\n\t\t\t\t\t<\/div>\n\t\t\t\t<\/div><div  class=\"fusion-layout-column fusion_builder_column fusion_builder_column_1_1  fusion-one-full fusion-column-first fusion-column-last fusion-column-no-min-height 1_1\"  style='margin-top:0px;margin-bottom:0px;'>\n\t\t\t\t\t<div class=\"fusion-column-wrapper\" style=\"background-position:left top;background-repeat:no-repeat;-webkit-background-size:cover;-moz-background-size:cover;-o-background-size:cover;background-size:cover;\"  data-bg-url=\"\">\n\t\t\t\t\t\t<div class=\"fusion-blog-shortcode fusion-blog-shortcode-1 fusion-blog-archive fusion-blog-layout-large-alternate fusion-blog-no fusion-blog-no-images\"><div class=\"fusion-posts-container fusion-posts-container-no\" data-pages=\"1\"><article id=\"post-18740\" class=\"fusion-post-large-alternate post-18740 post type-post status-publish format-standard has-post-thumbnail hentry category-tin-tuc-su-kien category-tin-tuc-thong-bao-cong-doan\">\n<div class=\"fusion-date-and-formats\"><div class=\"fusion-date-box updated\"><span class=\"fusion-date\">28<\/span><span class=\"fusion-month-year\">11, 2018<\/span><\/div><div class=\"fusion-format-box\"><i class=\"fusion-icon-pen\"><\/i><\/div><\/div><div class=\"fusion-post-content post-content\"><h2 class=\"blog-shortcode-post-title entry-title\"><a href=\"https:\/\/en.sgu.edu.vn\/vi\/cong-doan-co-so-truong-dai-hoc-sai-gon-to-chuc-cac-hoat-dong-chao-mung-ngay-nha-giao-viet-nam-20-11-nam-2018\/\">C\u00f4ng \u0111o\u00e0n c\u01a1 s\u1edf tr\u01b0\u1eddng \u0110\u1ea1i h\u1ecdc S\u00e0i G\u00f2n t\u1ed5 ch\u1ee9c c\u00e1c ho\u1ea1t \u0111\u1ed9ng ch\u00e0o m\u1eebng Ng\u00e0y nh\u00e0 gi\u00e1o Vi\u1ec7t Nam 20\/11 n\u0103m 2018<\/a><\/h2><p class=\"fusion-single-line-meta\">\n\t\t\t\n\t\t\t\t\t\t\t<span class=\"vcard\" style=\"display: none;\">\n\t\t\t\t\t<span class=\"fn\">\n\t\t\t\t\t\t<a href=\"https:\/\/en.sgu.edu.vn\/vi\/author\/tien_ttm\/\" title=\"\u0110\u0103ng b\u1edfi Tran Tien\" rel=\"author\">Tran Tien<\/a>\t\t\t\t\t<\/span>\n\t\t\t\t<\/span>\n\t\t\t\n\t\t\t\n\t\t\n\t\t\t\n\t\t\t\n\t\t\t\t\t\t\t<span class=\"updated\" style=\"display:none;\">\n\t\t\t\t\t2018-11-28T09:02:14+07:00\t\t\t\t<\/span>\n\t\t\t\n\t\t<span>28\/11\/2018<\/span><span class=\"fusion-inline-sep\">|<\/span><\/p><div class=\"fusion-post-content-container\"><p>C\u00d4NG \u0110O\u00c0N C\u01a0 S\u1ede TR\u01af\u1edcNG \u0110\u1ea0I H\u1eccC S\u00c0I G\u00d2N T\u1ed4 CH\u1ee8C C\u00c1C HO\u1ea0T \u0110\u1ed8NG CH\u00c0O M\u1eeaNG NG\u00c0Y NH\u00c0 GI\u00c1O VI\u1ec6T NAM 20\/11 N\u0102M 2018 &nbsp; K\u1ef7 ni\u1ec7m 36 n\u0103m Ng\u00e0y Nh\u00e0 gi\u00e1o Vi\u1ec7t Nam (20\/11\/1982 \u2013 20\/11\/2018), C\u00f4ng \u0111o\u00e0n Tr\u01b0\u1eddng \u0110\u1ea1i h\u1ecdc S\u00e0i G\u00f2n t\u1ed5 ch\u1ee9c c\u00e1c ho\u1ea1t \u0111\u1ed9ng ch\u00e0o m\u1eebng ng\u00e0y Nh\u00e0 gi\u00e1o Vi\u1ec7t Nam \u1edf c\u00e1c c\u1ea5p. C\u1ea5p Th\u00e0nh ph\u1ed1: Tham gia H\u1ed9i thao Kh\u1ed1i c\u00e1c tr\u01b0\u1eddng \u0110\u1ea1i h\u1ecdc, Cao \u0111\u1eb3ng v\u00e0 c\u00e1c \u0111\u01a1n v\u1ecb GD&amp;\u0110T do Li\u00ean \u0111o\u00e0n Lao \u0111\u1ed9ng Tp. H\u1ed3 Ch\u00ed Minh t\u1ed5 ch\u1ee9c v\u1edbi 3 m\u00f4n (B\u00f3ng b\u00e0n, C\u1ea7u l\u00f4ng, C\u1edd t\u01b0\u1edbng) t\u1eeb ng\u00e0y [...]<\/p><\/div><\/div><div class=\"fusion-clearfix\"><\/div><\/article>\n<article id=\"post-13711\" class=\"fusion-post-large-alternate post-13711 post type-post status-publish format-standard hentry category-khoa-giao-duc-tieu-hoc category-tin-tuc-thong-bao-cong-doan\">\n<div class=\"fusion-date-and-formats\"><div class=\"fusion-date-box updated\"><span class=\"fusion-date\">11<\/span><span class=\"fusion-month-year\">10, 2016<\/span><\/div><div class=\"fusion-format-box\"><i class=\"fusion-icon-pen\"><\/i><\/div><\/div><div class=\"fusion-post-content post-content\"><h2 class=\"blog-shortcode-post-title entry-title\"><a href=\"https:\/\/en.sgu.edu.vn\/vi\/06102016-thong-vao-ve-viec-dang-ky-ngoai-tru-nam-hoc-2016-2017\/\">(06\/10\/2016: Th\u00f4ng b\u00e1o v\u1ec1 vi\u1ec7c \u0111\u0103ng k\u00fd ngo\u1ea1i tr\u00fa n\u0103m h\u1ecdc 2016-2017)<\/a><\/h2><p class=\"fusion-single-line-meta\">\n\t\t\t\n\t\t\t\t\t\t\t<span class=\"vcard\" style=\"display: none;\">\n\t\t\t\t\t<span class=\"fn\">\n\t\t\t\t\t\t<a href=\"https:\/\/en.sgu.edu.vn\/vi\/author\/editor\/\" title=\"\u0110\u0103ng b\u1edfi editor\" rel=\"author\">editor<\/a>\t\t\t\t\t<\/span>\n\t\t\t\t<\/span>\n\t\t\t\n\t\t\t\n\t\t\n\t\t\t\n\t\t\t\n\t\t\t\t\t\t\t<span class=\"updated\" style=\"display:none;\">\n\t\t\t\t\t2016-10-13T09:17:48+07:00\t\t\t\t<\/span>\n\t\t\t\n\t\t<span>11\/10\/2016<\/span><span class=\"fusion-inline-sep\">|<\/span><\/p><div class=\"fusion-post-content-container\"><p>TH\u00d4NG B\u00c1O V\u1ec1 vi\u1ec7c th\u1ef1c hi\u1ec7n \u0111\u0103ng k\u00fd ngo\u1ea1i tr\u00fa n\u0103m h\u1ecdc 2016 \u2013 2017 Theo th\u00f4ng b\u00e1o s\u1ed1 2275\/TB-\u0110HSG-CTHSSV ng\u00e0y 04 th\u00e1ng 10 n\u0103m 2016 c\u1ee7a ph\u00f2ng C\u00f4ng t\u00e1c H\u1ecdc sinh Sinh vi\u00ean v\u1ec1 vi\u1ec7c th\u1ef1c hi\u1ec7n th\u1ed1ng k\u00ea sinh vi\u00ean ngo\u1ea1i tr\u00fa n\u0103m h\u1ecdc 2016 \u2013 2017, Khoa Gi\u00e1o d\u1ee5c Ti\u1ec3u h\u1ecdc th\u00f4ng b\u00e1o t\u1edbi c\u00e1c b\u1ea1n sinh vi\u00ean v\u1ec1 vi\u1ec7c th\u1ef1c hi\u1ec7n \u0111\u0103ng k\u00fd ngo\u1ea1i tr\u00fa n\u0103m h\u1ecdc 2016 - 2017. C\u1ee5 th\u1ec3 nh\u01b0 sau: - \u0110\u1ed1i v\u1edbi sinh vi\u00ean kh\u00f3a 16: T\u1ea5t c\u1ea3 sinh vi\u00ean kh\u00f4ng \u1edf K\u00fd t\u00fac x\u00e1 \u0111\u1ec1u ph\u1ea3i k\u00ea khai th\u00f4ng tin [...]<\/p><\/div><\/div><div class=\"fusion-clearfix\"><\/div><\/article>\n<\/div><\/div><div class=\"fusion-clearfix\"><\/div>\n\n\t\t\t\t\t<\/div>\n\t\t\t\t<\/div><\/div><\/div>\n","protected":false},"excerpt":{"rendered":"","protected":false},"author":1,"featured_media":0,"parent":11847,"menu_order":1,"comment_status":"closed","ping_status":"closed","template":"side-navigation.php","meta":[],"jetpack_sharing_enabled":true,"jetpack_shortlink":"https:\/\/wp.me\/PdgjhW-3Cg","_links":{"self":[{"href":"https:\/\/en.sgu.edu.vn\/vi\/wp-json\/wp\/v2\/pages\/13904"}],"collection":[{"href":"https:\/\/en.sgu.edu.vn\/vi\/wp-json\/wp\/v2\/pages"}],"about":[{"href":"https:\/\/en.sgu.edu.vn\/vi\/wp-json\/wp\/v2\/types\/page"}],"author":[{"embeddable":true,"href":"https:\/\/en.sgu.edu.vn\/vi\/wp-json\/wp\/v2\/users\/1"}],"replies":[{"embeddable":true,"href":"https:\/\/en.sgu.edu.vn\/vi\/wp-json\/wp\/v2\/comments?post=13904"}],"version-history":[{"count":0,"href":"https:\/\/en.sgu.edu.vn\/vi\/wp-json\/wp\/v2\/pages\/13904\/revisions"}],"up":[{"embeddable":true,"href":"https:\/\/en.sgu.edu.vn\/vi\/wp-json\/wp\/v2\/pages\/11847"}],"wp:attachment":[{"href":"https:\/\/en.sgu.edu.vn\/vi\/wp-json\/wp\/v2\/media?parent=13904"}],"curies":[{"name":"wp","href":"https:\/\/api.w.org\/{rel}","templated":true}]}}