{"id":13910,"date":"2016-10-13T04:28:23","date_gmt":"2016-10-13T04:28:23","guid":{"rendered":"http:\/\/edupath.co\/?page_id=13910"},"modified":"2016-12-23T17:19:59","modified_gmt":"2016-12-23T10:19:59","slug":"mau-van-thu","status":"publish","type":"page","link":"https:\/\/en.sgu.edu.vn\/vi\/cong-doan\/mau-van-thu\/","title":{"rendered":"M\u1eabu V\u0103n Th\u01b0"},"content":{"rendered":"<div class=\"fusion-fullwidth fullwidth-box nonhundred-percent-fullwidth non-hundred-percent-height-scrolling\"  style='background-color: #ffffff;background-position: left top;background-repeat: no-repeat;padding-top:20px;padding-right:0px;padding-bottom:20px;padding-left:0px;border-top-width:0px;border-bottom-width:0px;border-color:#eae9e9;border-top-style:solid;border-bottom-style:solid;'><div class=\"fusion-builder-row fusion-row \"><div  class=\"fusion-layout-column fusion_builder_column fusion_builder_column_1_1  fusion-one-full fusion-column-first fusion-column-last 1_1\"  style='margin-top:0px;margin-bottom:20px;'>\n\t\t\t\t\t<div class=\"fusion-column-wrapper\" style=\"background-position:left top;background-repeat:no-repeat;-webkit-background-size:cover;-moz-background-size:cover;-o-background-size:cover;background-size:cover;\"  data-bg-url=\"\">\n\t\t\t\t\t\t<div class=\"fusion-title title fusion-title-center fusion-title-size-one\" style=\"margin-top:0px;margin-bottom:30px;\"><div class=\"title-sep-container title-sep-container-left\"><div class=\"title-sep sep-double\" style=\"border-color:#000000;\"><\/div><\/div><h1 class=\"title-heading-center\"><p style=\"text-align: center;\"><span style=\"font-family: arial, helvetica, sans-serif; font-size: 24pt; color: #000080;\"><strong>M\u1eaaU V\u0102N B\u1ea2N<\/strong><\/span><\/p><\/h1><div class=\"title-sep-container title-sep-container-right\"><div class=\"title-sep sep-double\" style=\"border-color:#000000;\"><\/div><\/div><\/div><div class=\"fusion-clearfix\"><\/div>\n\n\t\t\t\t\t<\/div>\n\t\t\t\t<\/div><div  class=\"fusion-layout-column fusion_builder_column fusion_builder_column_1_1  fusion-one-full fusion-column-first fusion-column-last 1_1\"  style='margin-top:0px;margin-bottom:20px;'>\n\t\t\t\t\t<div class=\"fusion-column-wrapper\" style=\"background-position:left top;background-repeat:no-repeat;-webkit-background-size:cover;-moz-background-size:cover;-o-background-size:cover;background-size:cover;\"  data-bg-url=\"\">\n\t\t\t\t\t\t<div class=\"fusion-text\"><p><span style=\"font-family: arial, helvetica, sans-serif;\">     &#8211;    <span style=\"color: #0000ff;\"><a style=\"color: #0000ff;\" href=\"http:\/\/en.sgu.edu.vn\/wp-content\/uploads\/2016\/10\/MauDangKy_QTTN_HSG_HBNDC_TDA.xls\">M\u1eabu \u0111\u0103ng k\u00fd QTTN_HSG_HBNDC_TraiHeTD <\/a><\/span><\/span><\/p>\n<p><span style=\"font-family: arial, helvetica, sans-serif;\">     &#8211;    <span style=\"color: #0000ff;\"><a style=\"color: #0000ff;\" href=\"http:\/\/en.sgu.edu.vn\/wp-content\/uploads\/2016\/10\/MauXetDanhHieuThiDua_CDBP_2013_2014.xls\">M\u1eabu x\u00e9t danh hi\u1ec7u thi \u0111ua C\u00f4ng \u0111o\u00e0n b\u1ed9 ph\u1eadn 2013 &#8211; 2014<\/a><\/span><\/span><\/p>\n<p><span style=\"font-family: arial, helvetica, sans-serif;\">     &#8211;    <span style=\"color: #0000ff;\"><a style=\"color: #0000ff;\" href=\"http:\/\/en.sgu.edu.vn\/wp-content\/uploads\/2016\/10\/MauBaoCaoTongKet_CDBP_2013_2014.doc\">M\u1eabu B\u00e1o c\u00e1o t\u1ed5ng k\u1ebft C\u00f4ng \u0111o\u00e0n b\u1ed9 ph\u1eadn 2013 &#8211; 2014<\/a><\/span><\/span><\/p>\n<p><span style=\"font-family: arial, helvetica, sans-serif;\"><strong><span style=\"color: #000000;\">     &#8211;   B\u1ed8 \u0110\u1ec0 THI T\u00ccM HI\u1ec2U B\u1ed8 LU\u1eacT LAO \u0110\u1ed8NG 2012<\/span><\/strong><\/span><br \/>\n<span style=\"font-family: arial, helvetica, sans-serif;\">              &#8211; <span style=\"color: #0000ff;\"><a style=\"color: #0000ff;\" href=\"http:\/\/en.sgu.edu.vn\/wp-content\/uploads\/2016\/10\/Bo_de_thi_tim_hieu_Bo_luat_lao_dong_2012.doc\">B\u1ed9 \u0111\u1ec3 thi t\u00ecm hi\u1ec3u B\u1ed9 lu\u1eadt Lao \u0111\u1ed9ng n\u0103m 2012<\/a><\/span><\/span><br \/>\n<span style=\"font-family: arial, helvetica, sans-serif;\">              &#8211; <span style=\"color: #0000ff;\"><a style=\"color: #0000ff;\" href=\"http:\/\/en.sgu.edu.vn\/wp-content\/uploads\/2016\/10\/Mau_bai_thi_Luat_LD.doc\">M\u1eabu b\u00e0i thi lu\u1eadt Lao \u0111\u1ed9ng<\/a><\/span><\/span><\/p>\n<p><span style=\"font-family: arial, helvetica, sans-serif;\"><strong>     &#8211;   <span style=\"color: #0000ff;\"><a style=\"color: #0000ff;\" href=\"http:\/\/en.sgu.edu.vn\/wp-content\/uploads\/2016\/10\/DS_DE_NGHI_XET_CONG_DOAN_2012_2013.xls\">DANH S\u00c1CH \u0110\u1ec0 NGH\u1eca X\u00c9T DANH HI\u1ec6U THI \u0110UA C\u00d4NG \u0110O\u00c0N<\/a><\/span><\/strong><\/span><\/p>\n<p><span style=\"font-family: arial, helvetica, sans-serif;\"><strong>     &#8211;   <span style=\"color: #0000ff;\"><a style=\"color: #0000ff;\" href=\"http:\/\/en.sgu.edu.vn\/wp-content\/uploads\/2016\/10\/BC_TONG_KET_2012_2013.doc\">M\u1eaaU B\u00c1O C\u00c1O T\u1ed4NG K\u1ebeT HO\u1ea0T \u0110\u1ed8NG C\u00d4NG \u0110O\u00c0N <\/a><\/span><\/strong><span style=\"color: #0000ff;\"><strong>N\u0102M H\u1eccC 2012-2013<\/strong><\/span><\/span><\/p>\n<p><span style=\"font-family: arial, helvetica, sans-serif;\"><strong>     &#8211;  <\/strong> <strong><span style=\"color: #808080;\">PH\u01af\u01a0NG H\u01af\u1edaNG HO\u1ea0T \u0110\u1ed8NG C\u00d4NG \u0110O\u00c0N N\u0102M H\u1eccC 2012 &#8211; 2013<\/span> <span style=\"color: #000000;\"><em><span style=\"font-size: 10pt;\">(kh\u00f4ng c\u00f3 file)<\/span><\/em><\/span><\/strong><\/span><\/p>\n<p><span style=\"font-family: arial, helvetica, sans-serif;\"><strong>     &#8211;  <\/strong> <span style=\"color: #808080;\"><strong>L\u1ecaCH C\u00d4NG T\u00c1C C\u00d4NG \u0110O\u00c0N N\u0102M H\u1eccC 2012 &#8211; 2013<\/strong><\/span><strong> <span style=\"color: #000000;\"><em><span style=\"font-size: 10pt;\">(kh\u00f4ng c\u00f3 file)<\/span><\/em><\/span><\/strong><\/span><\/p>\n<p><span style=\"font-family: arial, helvetica, sans-serif;\"><strong>     &#8211;   <span style=\"color: #808080;\">PH\u00d4NG \u0110\u1ea0I H\u1ed8I C\u0110BP <span style=\"color: #000000;\"><em><span style=\"font-size: 10pt;\">(kh\u00f4ng c\u00f3 file)<\/span><\/em><\/span><\/span><\/strong><\/span><\/p>\n<p><span style=\"font-family: arial, helvetica, sans-serif;\"><strong>     &#8211;   <span style=\"color: #808080;\">B\u00c1O C\u00c1O T\u1ed4NG K\u1ebeT HO\u1ea0T \u0110\u1ed8NG C\u00d4NG \u0110O\u00c0N NHI\u1ec6M K\u1ef2 2010- 2012 (M\u1eabu_1) <span style=\"color: #000000;\"><em><span style=\"font-size: 10pt;\">(kh\u00f4ng c\u00f3 file)<\/span><\/em><\/span><\/span><\/strong><\/span><\/p>\n<p><span style=\"font-family: arial, helvetica, sans-serif;\"><strong>     &#8211;   <span style=\"color: #808080;\">BI\u00caN B\u1ea2N \u0110\u1ea0I H\u1ed8I C\u00d4NG \u0110O\u00c0N B\u1ed8 PH\u1eacN Nhi\u1ec7m k\u1ef3 2012 &#8211; 2015 (M\u1eabu_2)<\/span> <span style=\"color: #808080;\"><span style=\"color: #000000;\"><em><span style=\"font-size: 10pt;\">(kh\u00f4ng c\u00f3 file)<\/span><\/em><\/span><\/span><\/strong><\/span><\/p>\n<p><span style=\"font-family: arial, helvetica, sans-serif;\"><strong>     &#8211;   <span style=\"color: #808080;\">NGH\u1eca QUY\u1ebeT \u0110\u1ea0I H\u1ed8I C\u00d4NG \u0110O\u00c0N B\u1ed8 PH\u1eacN Nhi\u1ec7m k\u1ef3 2012 &#8211; 2015 (M\u1eabu_3)<\/span> <span style=\"color: #808080;\"><span style=\"color: #000000;\"><em><span style=\"font-size: 10pt;\">(kh\u00f4ng c\u00f3 file)<\/span><\/em><\/span><\/span><\/strong><\/span><\/p>\n<p><span style=\"font-family: arial, helvetica, sans-serif;\"><strong>     &#8211;   <span style=\"color: #808080;\">B\u00c1O C\u00c1O T\u00ccNH H\u00ccNH \u0110O\u00c0N VI\u00caN D\u1ef0 \u0110\u1ea0I H\u1ed8I C\u00d4NG \u0110O\u00c0N B\u1ed8 PH\u1eacN Nhi\u1ec7m k\u1ef3 2012 &#8211; 2015 (M\u1eabu_4)<\/span> <span style=\"color: #808080;\"><span style=\"color: #000000;\"><em><span style=\"font-size: 10pt;\">(kh\u00f4ng c\u00f3 file)<\/span><\/em><\/span><\/span><\/strong><\/span><\/p>\n<p><span style=\"font-family: arial, helvetica, sans-serif;\"><strong>     &#8211;   <span style=\"color: #808080;\">BI\u00caN B\u1ea2N KI\u1ec2M PHI\u1ebeU B\u1ea7u c\u1eed Ch\u1ee7 t\u1ecbch C\u00f4ng \u0111o\u00e0n b\u1ed9 ph\u1eadn Nhi\u1ec7m k\u1ef3 2012 &#8211; 2015 (M\u1eabu_5a)<\/span> <span style=\"color: #808080;\"><span style=\"color: #000000;\"><em><span style=\"font-size: 10pt;\">(kh\u00f4ng c\u00f3 file)<\/span><\/em><\/span><\/span><\/strong><\/span><\/p>\n<p><span style=\"font-family: arial, helvetica, sans-serif;\"><strong>     &#8211;   <span style=\"color: #808080;\">BI\u00caN B\u1ea2N KI\u1ec2M PHI\u1ebeU B\u1ea7u c\u1eed Ban Ch\u1ea5p h\u00e0nh c\u00f4ng \u0111o\u00e0n b\u1ed9 ph\u1eadn Nhi\u1ec7m k\u1ef3 2012 &#8211; 2015 (M\u1eabu_5b)<\/span> <span style=\"color: #808080;\"><span style=\"color: #000000;\"><em><span style=\"font-size: 10pt;\">(kh\u00f4ng c\u00f3 file)<\/span><\/em><\/span><\/span><\/strong><\/span><\/p>\n<p><span style=\"font-family: arial, helvetica, sans-serif;\"><strong>     &#8211;   <span style=\"color: #808080;\">BI\u00caN B\u1ea2N KI\u1ec2M PHI\u1ebeU B\u1ea7u c\u1eed Ch\u1ee7 t\u1ecbch C\u00f4ng \u0111o\u00e0n b\u1ed9 ph\u1eadn Nhi\u1ec7m k\u1ef3 2012 \u2013 2015 (S\u1eed d\u1ee5ng cho Ban Ch\u1ea5p h\u00e0nh C\u0110BP b\u1ea7u Ch\u1ee7 t\u1ecbch) (M\u1eabu_5c)<\/span> <span style=\"color: #808080;\"><span style=\"color: #000000;\"><em><span style=\"font-size: 10pt;\">(kh\u00f4ng c\u00f3 file)<\/span><\/em><\/span><\/span><\/strong><\/span><\/p>\n<p><span style=\"font-family: arial, helvetica, sans-serif;\"><strong>     &#8211;   <span style=\"color: #808080;\">DANH S\u00c1CH TR\u00cdCH NGANG BAN CH\u1ea4P H\u00c0NH C\u00d4NG \u0110O\u00c0N B\u1ed8 PH\u1eacN (M\u1eabu_6, 7, 8, 9, 10)<\/span> <span style=\"color: #808080;\"><span style=\"color: #000000;\"><em><span style=\"font-size: 10pt;\">(kh\u00f4ng c\u00f3 file)<\/span><\/em><\/span><\/span><\/strong><\/span><\/p>\n<p><span style=\"font-family: arial, helvetica, sans-serif;\"><strong>     &#8211;   <span style=\"color: #808080;\">M\u1eaaU DANH S\u00c1CH CON CB-GV-CNV \u0110\u1ec0 NGH\u1eca C\u00d4NG \u0110O\u00c0N KHEN TH\u01af\u1edeNG N\u0102M H\u1eccC 2011-2012 <span style=\"color: #000000;\"><em><span style=\"font-size: 10pt;\">(kh\u00f4ng c\u00f3 file)<\/span><\/em><\/span><\/span><\/strong><\/span><\/p>\n<p><span style=\"font-family: arial, helvetica, sans-serif;\"><strong>     &#8211;   <span style=\"color: #808080;\">M\u1eaaU B\u1ea2NG T\u1ed4NG H\u1ee2P DANH S\u00c1CH \u0110\u1ec0 NGH\u1eca X\u00c9T DANH HI\u1ec6U THI \u0110UA<\/span> <span style=\"color: #808080;\"><span style=\"color: #000000;\"><em><span style=\"font-size: 10pt;\">(kh\u00f4ng c\u00f3 file)<\/span><\/em><\/span><\/span><\/strong><\/span><\/p>\n<p><span style=\"font-family: arial, helvetica, sans-serif;\"><strong>     &#8211;   <span style=\"color: #808080;\">B\u00c1O C\u00c1O T\u1ed4NG K\u1ebeT HO\u1ea0T \u0110\u1ed8NG C\u00d4NG \u0110O\u00c0N N\u0102M H\u1eccC 2011 &#8211; 2012<\/span> <span style=\"color: #808080;\"><span style=\"color: #000000;\"><em><span style=\"font-size: 10pt;\">(kh\u00f4ng c\u00f3 file)<\/span><\/em><\/span><\/span>  <\/strong><\/span><\/p>\n<p><span style=\"font-family: arial, helvetica, sans-serif;\"><strong>     &#8211;   <span style=\"color: #0000ff;\"><a style=\"color: #0000ff;\" href=\"http:\/\/en.sgu.edu.vn\/wp-content\/uploads\/2016\/10\/MAU-KE-HOACH-HOAT-\u00c4_ONG.doc\">M\u1eaaU K\u1ebe HO\u1ea0CH HO\u1ea0T \u0110\u1ed8NG C\u00d4NG \u0110O\u00c0N N\u0102M H\u1eccC 2011 &#8211; 2012 <\/a><\/span><\/strong><\/span><\/p>\n<p><span style=\"font-family: arial, helvetica, sans-serif;\"><strong>     &#8211;   <a href=\"http:\/\/en.sgu.edu.vn\/wp-content\/uploads\/2016\/10\/Mau-HS-GIOI-hoc-bong-N_C.xls\"><span style=\"color: #0000ff;\">DANH S\u00c1CH CON C\u1ee6A C\u00c1N B\u1ed8 &#8211; GI\u1ea2NG VI\u00caN &#8211; C\u00d4NG NH\u00c2N VI\u00caN NH\u1eacN QU\u00c0 V\u00c0 H\u1eccC B\u1ed4NG<\/span><\/a> <\/strong><\/span><\/p>\n<p><span style=\"font-family: arial, helvetica, sans-serif;\"><strong>     &#8211;   <span style=\"color: #0000ff;\"><a style=\"color: #0000ff;\" href=\"http:\/\/en.sgu.edu.vn\/wp-content\/uploads\/2016\/10\/Mau-Xet-Danh-hieu-thi-_ua-C_.xls\">DANH S\u00c1CH \u0110\u1ec0 NGH\u1eca X\u00c9T DANH HI\u1ec6U THI \u0110UA N\u0102M H\u1eccC : 2010-2011  <\/a><\/span><\/strong><\/span><\/p>\n<\/div><div class=\"fusion-clearfix\"><\/div>\n\n\t\t\t\t\t<\/div>\n\t\t\t\t<\/div><\/div><\/div>\n","protected":false},"excerpt":{"rendered":"","protected":false},"author":1,"featured_media":0,"parent":11847,"menu_order":3,"comment_status":"closed","ping_status":"closed","template":"side-navigation.php","meta":[],"jetpack_sharing_enabled":true,"jetpack_shortlink":"https:\/\/wp.me\/PdgjhW-3Cm","_links":{"self":[{"href":"https:\/\/en.sgu.edu.vn\/vi\/wp-json\/wp\/v2\/pages\/13910"}],"collection":[{"href":"https:\/\/en.sgu.edu.vn\/vi\/wp-json\/wp\/v2\/pages"}],"about":[{"href":"https:\/\/en.sgu.edu.vn\/vi\/wp-json\/wp\/v2\/types\/page"}],"author":[{"embeddable":true,"href":"https:\/\/en.sgu.edu.vn\/vi\/wp-json\/wp\/v2\/users\/1"}],"replies":[{"embeddable":true,"href":"https:\/\/en.sgu.edu.vn\/vi\/wp-json\/wp\/v2\/comments?post=13910"}],"version-history":[{"count":0,"href":"https:\/\/en.sgu.edu.vn\/vi\/wp-json\/wp\/v2\/pages\/13910\/revisions"}],"up":[{"embeddable":true,"href":"https:\/\/en.sgu.edu.vn\/vi\/wp-json\/wp\/v2\/pages\/11847"}],"wp:attachment":[{"href":"https:\/\/en.sgu.edu.vn\/vi\/wp-json\/wp\/v2\/media?parent=13910"}],"curies":[{"name":"wp","href":"https:\/\/api.w.org\/{rel}","templated":true}]}}