{"id":13938,"date":"2016-10-13T07:28:12","date_gmt":"2016-10-13T07:28:12","guid":{"rendered":"http:\/\/edupath.co\/?page_id=13938"},"modified":"2019-07-10T14:56:34","modified_gmt":"2019-07-10T07:56:34","slug":"danh-sach-can-bo-nhan-vien-phong-ke-hoach-tai-chinh","status":"publish","type":"page","link":"https:\/\/en.sgu.edu.vn\/vi\/phong-ke-hoach-tai-chinh\/danh-sach-can-bo-nhan-vien-phong-ke-hoach-tai-chinh\/","title":{"rendered":"DSCB NV Ph\u00f2ng K\u1ebf Ho\u1ea1ch T\u00e0i Ch\u00ednh"},"content":{"rendered":"<div class=\"fusion-fullwidth fullwidth-box nonhundred-percent-fullwidth non-hundred-percent-height-scrolling\"  style='background-color: #ffffff;background-position: left top;background-repeat: no-repeat;padding-top:20px;padding-right:0px;padding-bottom:20px;padding-left:0px;border-top-width:0px;border-bottom-width:0px;border-color:#eae9e9;border-top-style:solid;border-bottom-style:solid;'><div class=\"fusion-builder-row fusion-row \"><div  class=\"fusion-layout-column fusion_builder_column fusion_builder_column_1_1  fusion-one-full fusion-column-first fusion-column-last 1_1\"  style='margin-top:0px;margin-bottom:20px;'>\n\t\t\t\t\t<div class=\"fusion-column-wrapper\" style=\"background-position:left top;background-repeat:no-repeat;-webkit-background-size:cover;-moz-background-size:cover;-o-background-size:cover;background-size:cover;\"  data-bg-url=\"\">\n\t\t\t\t\t\t<div class=\"fusion-title title fusion-title-center fusion-title-size-two blue-text\" style=\"margin-top:0px;margin-bottom:30px;\"><div class=\"title-sep-container title-sep-container-left\"><div class=\"title-sep sep-double\" style=\"border-color:#0003c9;\"><\/div><\/div><h2 class=\"title-heading-center\"><a href=\"http:\/\/en.sgu.edu.vn\/phong-ke-hoach-tai-chinh\/danh-sach-can-bo-nhan-vien-phong-ke-hoach-tai-chinh\/\">DANH S\u00c1CH C\u00c1N B\u1ed8 , NH\u00c2N VI\u00caN PH\u00d2NG K\u1ebe HO\u1ea0CH T\u00c0I CH\u00cdNH<\/a><\/h2><div class=\"title-sep-container title-sep-container-right\"><div class=\"title-sep sep-double\" style=\"border-color:#0003c9;\"><\/div><\/div><\/div><div class=\"fusion-clearfix\"><\/div>\n\n\t\t\t\t\t<\/div>\n\t\t\t\t<\/div><div  class=\"fusion-layout-column fusion_builder_column fusion_builder_column_1_1  fusion-one-full fusion-column-first fusion-column-last 1_1\"  style='margin-top:0px;margin-bottom:20px;'>\n\t\t\t\t\t<div class=\"fusion-column-wrapper\" style=\"background-position:left top;background-repeat:no-repeat;-webkit-background-size:cover;-moz-background-size:cover;-o-background-size:cover;background-size:cover;\"  data-bg-url=\"\">\n\t\t\t\t\t\t<div class=\"fusion-text\"><div><\/div>\n<table border=\"1\" cellspacing=\"0\" cellpadding=\"0\">\n<tbody>\n<tr style=\"height: 23px;\">\n<td style=\"height: 23px;\" valign=\"top\" width=\"54\">\n<div style=\"text-align: center;\">STT<\/div>\n<\/td>\n<td style=\"height: 23px;\" valign=\"top\" width=\"276\">\n<div style=\"text-align: center;\">H\u1ecd v\u00e0 t\u00ean<\/div>\n<\/td>\n<td style=\"height: 23px;\" valign=\"top\" width=\"289\">\n<div style=\"text-align: center;\">Ch\u1ee9c v\u1ee5<\/div>\n<\/td>\n<\/tr>\n<tr style=\"height: 23px;\">\n<td style=\"height: 23px;\" valign=\"top\" width=\"54\">\n<div style=\"text-align: center;\">1<\/div>\n<\/td>\n<td style=\"height: 23px;\" valign=\"top\" width=\"276\">Giang Qu\u1ed1c Tu\u1ea5n<\/td>\n<td style=\"height: 23px;\" valign=\"top\" width=\"289\">\n<div>Tr\u01b0\u1edfng ph\u00f2ng, K\u1ebf to\u00e1n tr\u01b0\u1eddng<\/div>\n<\/td>\n<\/tr>\n<tr style=\"height: 23.2614px;\">\n<td style=\"height: 23.2614px;\" valign=\"top\" width=\"54\">\n<div style=\"text-align: center;\">2<\/div>\n<\/td>\n<td style=\"height: 23.2614px;\" valign=\"top\" width=\"276\">\n<div>Nguy\u1ec5n Ho\u00e0ng Ch\u01b0\u01a1ng<\/div>\n<\/td>\n<td style=\"height: 23.2614px;\" valign=\"top\" width=\"289\">P. Tr\u01b0\u1edfng ph\u00f2ng<\/td>\n<\/tr>\n<tr style=\"height: 23px;\">\n<td style=\"height: 23px; text-align: center;\" valign=\"top\" width=\"54\">3<\/td>\n<td style=\"height: 23px;\" valign=\"top\" width=\"276\">Tr\u01b0\u01a1ng Th\u1ecb Ph\u01b0\u01a1ng Th\u1ea3o<\/td>\n<td style=\"height: 23px;\" valign=\"top\" width=\"289\">Chuy\u00ean vi\u00ean<\/td>\n<\/tr>\n<tr style=\"height: 23px;\">\n<td style=\"height: 23px;\" valign=\"top\" width=\"54\">\n<div style=\"text-align: center;\">4<\/div>\n<\/td>\n<td style=\"height: 23px;\" valign=\"top\" width=\"276\">\n<div>Ho\u00e0ng H\u00e0<\/div>\n<\/td>\n<td style=\"height: 23px;\" valign=\"top\" width=\"289\">\n<div>Chuy\u00ean vi\u00ean<\/div>\n<\/td>\n<\/tr>\n<tr style=\"height: 23px;\">\n<td style=\"height: 23px;\" valign=\"top\" width=\"54\">\n<div style=\"text-align: center;\">5<\/div>\n<\/td>\n<td style=\"height: 23px;\" valign=\"top\" width=\"276\">\n<div>T\u00f4 Vy Ph\u01b0\u01a1ng<\/div>\n<\/td>\n<td style=\"height: 23px;\" valign=\"top\" width=\"289\">\n<div>Chuy\u00ean vi\u00ean<\/div>\n<\/td>\n<\/tr>\n<tr style=\"height: 23px;\">\n<td style=\"height: 23px; text-align: center;\" valign=\"top\" width=\"54\">6<\/td>\n<td style=\"height: 23px;\" valign=\"top\" width=\"276\">L\u00e3 Tr\u01b0\u1eddng Th\u1ecbnh<\/td>\n<td style=\"height: 23px;\" valign=\"top\" width=\"289\">\n<div>Chuy\u00ean vi\u00ean<\/div>\n<\/td>\n<\/tr>\n<tr style=\"height: 23px;\">\n<td style=\"height: 23px;\" valign=\"top\" width=\"54\">\n<div style=\"text-align: center;\">7<\/div>\n<\/td>\n<td style=\"height: 23px;\" valign=\"top\" width=\"276\">\n<div>Phan Th\u1ecb Thu\u1ef3 Linh<\/div>\n<\/td>\n<td style=\"height: 23px;\" valign=\"top\" width=\"289\">\n<div>Chuy\u00ean vi\u00ean<\/div>\n<\/td>\n<\/tr>\n<tr style=\"height: 23px;\">\n<td style=\"height: 23px;\" valign=\"top\" width=\"54\">\n<div style=\"text-align: center;\">8<\/div>\n<\/td>\n<td style=\"height: 23px;\" valign=\"top\" width=\"276\">\n<div>Ng\u00f4 M\u1ef9 Ph\u01b0\u1ee3ng<\/div>\n<\/td>\n<td style=\"height: 23px;\" valign=\"top\" width=\"289\">\n<div>Chuy\u00ean vi\u00ean<\/div>\n<\/td>\n<\/tr>\n<tr style=\"height: 23px;\">\n<td style=\"height: 23px;\" valign=\"top\" width=\"54\">\n<div style=\"text-align: center;\">9<\/div>\n<\/td>\n<td style=\"height: 23px;\" valign=\"top\" width=\"276\">\n<div>L\u00ea Th\u1ecb V\u00e2n Thu<\/div>\n<\/td>\n<td style=\"height: 23px;\" valign=\"top\" width=\"289\">\n<div>Chuy\u00ean vi\u00ean<\/div>\n<\/td>\n<\/tr>\n<tr style=\"height: 23px;\">\n<td style=\"height: 23px;\" valign=\"top\" width=\"54\">\n<div style=\"text-align: center;\">10<\/div>\n<\/td>\n<td style=\"height: 23px;\" valign=\"top\" width=\"276\">\n<div>L\u00e2m B\u00edch Tr\u00e2m<\/div>\n<\/td>\n<td style=\"height: 23px;\" valign=\"top\" width=\"289\">\n<div>Chuy\u00ean vi\u00ean<\/div>\n<\/td>\n<\/tr>\n<tr style=\"height: 23px;\">\n<td style=\"height: 23px;\" valign=\"top\" width=\"54\">\n<div style=\"text-align: center;\">11<\/div>\n<\/td>\n<td style=\"height: 23px;\" valign=\"top\" width=\"276\">\n<div>Nguy\u1ec5n Kim Dung<\/div>\n<\/td>\n<td style=\"height: 23px;\" valign=\"top\" width=\"289\">\n<div>Chuy\u00ean vi\u00ean<\/div>\n<\/td>\n<\/tr>\n<tr style=\"height: 23px;\">\n<td style=\"height: 23px;\" valign=\"top\" width=\"54\">\n<div style=\"text-align: center;\">12<\/div>\n<\/td>\n<td style=\"height: 23px;\" valign=\"top\" width=\"276\">\n<div>Nguy\u1ec5n Th\u1ecb Thanh Th\u1ea3o<\/div>\n<\/td>\n<td style=\"height: 23px;\" valign=\"top\" width=\"289\">Chuy\u00ean vi\u00ean<\/td>\n<\/tr>\n<\/tbody>\n<\/table>\n<\/div><div class=\"fusion-clearfix\"><\/div>\n\n\t\t\t\t\t<\/div>\n\t\t\t\t<\/div><\/div><\/div>\n","protected":false},"excerpt":{"rendered":"","protected":false},"author":1,"featured_media":0,"parent":11856,"menu_order":0,"comment_status":"closed","ping_status":"closed","template":"side-navigation.php","meta":[],"jetpack_sharing_enabled":true,"jetpack_shortlink":"https:\/\/wp.me\/PdgjhW-3CO","_links":{"self":[{"href":"https:\/\/en.sgu.edu.vn\/vi\/wp-json\/wp\/v2\/pages\/13938"}],"collection":[{"href":"https:\/\/en.sgu.edu.vn\/vi\/wp-json\/wp\/v2\/pages"}],"about":[{"href":"https:\/\/en.sgu.edu.vn\/vi\/wp-json\/wp\/v2\/types\/page"}],"author":[{"embeddable":true,"href":"https:\/\/en.sgu.edu.vn\/vi\/wp-json\/wp\/v2\/users\/1"}],"replies":[{"embeddable":true,"href":"https:\/\/en.sgu.edu.vn\/vi\/wp-json\/wp\/v2\/comments?post=13938"}],"version-history":[{"count":4,"href":"https:\/\/en.sgu.edu.vn\/vi\/wp-json\/wp\/v2\/pages\/13938\/revisions"}],"predecessor-version":[{"id":19769,"href":"https:\/\/en.sgu.edu.vn\/vi\/wp-json\/wp\/v2\/pages\/13938\/revisions\/19769"}],"up":[{"embeddable":true,"href":"https:\/\/en.sgu.edu.vn\/vi\/wp-json\/wp\/v2\/pages\/11856"}],"wp:attachment":[{"href":"https:\/\/en.sgu.edu.vn\/vi\/wp-json\/wp\/v2\/media?parent=13938"}],"curies":[{"name":"wp","href":"https:\/\/api.w.org\/{rel}","templated":true}]}}