{"id":13967,"date":"2016-10-13T07:47:51","date_gmt":"2016-10-13T07:47:51","guid":{"rendered":"http:\/\/edupath.co\/?page_id=13967"},"modified":"2018-03-27T08:58:28","modified_gmt":"2018-03-27T01:58:28","slug":"huong-dan-thuc-hien-cac-quy-trinh","status":"publish","type":"page","link":"https:\/\/en.sgu.edu.vn\/vi\/phong-ke-hoach-tai-chinh\/huong-dan-thuc-hien-cac-quy-trinh\/","title":{"rendered":"H\u01b0\u1edbng D\u1eabn Th\u1ef1c Hi\u1ec7n C\u00e1c Quy Tr\u00ecnh"},"content":{"rendered":"<p><div class=\"fusion-fullwidth fullwidth-box nonhundred-percent-fullwidth non-hundred-percent-height-scrolling\"  style='background-color: #ffffff;background-position: left top;background-repeat: no-repeat;padding-top:20px;padding-right:0px;padding-bottom:20px;padding-left:0px;border-top-width:0px;border-bottom-width:0px;border-color:#eae9e9;border-top-style:solid;border-bottom-style:solid;'><div class=\"fusion-builder-row fusion-row \"><div  class=\"fusion-layout-column fusion_builder_column fusion_builder_column_1_1  fusion-one-full fusion-column-first fusion-column-last 1_1\"  style='margin-top:0px;margin-bottom:20px;'>\n\t\t\t\t\t<div class=\"fusion-column-wrapper\" style=\"background-position:left top;background-repeat:no-repeat;-webkit-background-size:cover;-moz-background-size:cover;-o-background-size:cover;background-size:cover;\"  data-bg-url=\"\">\n\t\t\t\t\t\t<div class=\"fusion-title title fusion-title-center fusion-title-size-two blue-text\" style=\"margin-top:0px;margin-bottom:30px;\"><div class=\"title-sep-container title-sep-container-left\"><div class=\"title-sep sep-double\" style=\"border-color:#0003c9;\"><\/div><\/div><h2 class=\"title-heading-center\"><a href=\"http:\/\/en.sgu.edu.vn\/phong-ke-hoach-tai-chinh\/huong-dan-thuc-hien-cac-quy-trinh\/\">DANH M\u1ee4C C\u00c1C QUY TR\u00ccNH<\/a><\/h2><div class=\"title-sep-container title-sep-container-right\"><div class=\"title-sep sep-double\" style=\"border-color:#0003c9;\"><\/div><\/div><\/div><div class=\"fusion-clearfix\"><\/div>\n\n\t\t\t\t\t<\/div>\n\t\t\t\t<\/div><\/div><\/div><div class=\"fusion-fullwidth fullwidth-box nonhundred-percent-fullwidth non-hundred-percent-height-scrolling\"  style='background-color: #ffffff;background-position: left top;background-repeat: no-repeat;padding-top:20px;padding-right:0px;padding-bottom:20px;padding-left:0px;border-top-width:0px;border-bottom-width:0px;border-color:#eae9e9;border-top-style:solid;border-bottom-style:solid;'><div class=\"fusion-builder-row fusion-row \"><div  class=\"fusion-layout-column fusion_builder_column fusion_builder_column_1_1  fusion-one-full fusion-column-first fusion-column-last 1_1\"  style='margin-top:0px;margin-bottom:20px;'>\n\t\t\t\t\t<div class=\"fusion-column-wrapper\" style=\"background-position:left top;background-repeat:no-repeat;-webkit-background-size:cover;-moz-background-size:cover;-o-background-size:cover;background-size:cover;\"  data-bg-url=\"\">\n\t\t\t\t\t\t<div class=\"fusion-title title fusion-title-center fusion-title-size-two blue-text\" style=\"margin-top:0px;margin-bottom:30px;\"><div class=\"title-sep-container title-sep-container-left\"><div class=\"title-sep sep-double\" style=\"border-color:#0003c9;\"><\/div><\/div><h2 class=\"title-heading-center\"><ol>\n<li style=\"text-align: left;\"><span style=\"color: #000000;\"><strong><span style=\"font-family: arial, helvetica, sans-serif; font-size: 14pt;\">Quy tr\u00ecnh \u0111\u00f3ng h\u1ecdc ph\u00ed h\u1ec7 ch\u00ednh quy:<\/span><\/strong><\/span><\/li>\n<\/ol>\n<p style=\"text-align: justify;\"><span style=\"font-weight: 400; font-size: 14pt; font-family: arial, helvetica, sans-serif; background-color: #ffffff; color: #000000;\">Sau khi Ph\u00f2ng \u0110\u00e0o t\u1ea1o th\u00f4ng b\u00e1o v\u1ec1 l\u1ecbch \u0111\u0103ng k\u00fd m\u00f4n h\u1ecdc cho sinh vi\u00ean, Ph\u00f2ng K\u1ebf ho\u1ea1ch \u2013 T\u00e0i ch\u00ednh s\u1ebd th\u00f4ng b\u00e1o v\u1ec1 l\u1ecbch thu h\u1ecdc ph\u00ed t\u1ea1i ng\u00e2n h\u00e0ng (thu trong th\u1eddi gian t\u1eeb 4 \u0111\u1ebfn 6 ng\u00e0y), sinh vi\u00ean c\u00f3 th\u1ec3 ch\u1ecdn c\u00e1c c\u00e1ch \u0111\u00f3ng h\u1ecdc ph\u00ed sau:<\/span><\/p>\n<ul style=\"text-align: justify;\">\n<li style=\"font-weight: 400;\"><span style=\"font-weight: 400; font-size: 14pt; font-family: arial, helvetica, sans-serif; background-color: #ffffff; color: #000000;\">\u0110\u00f3ng tr\u1ef1c ti\u1ebfp t\u1ea1i c\u00e1c chi nh\u00e1nh ng\u00e2n h\u00e0ng \u0111\u01b0\u1ee3c ghi r\u00f5 trong th\u00f4ng b\u00e1o;<\/span><\/li>\n<li style=\"font-weight: 400;\"><span style=\"font-weight: 400; font-size: 14pt; font-family: arial, helvetica, sans-serif; background-color: #ffffff; color: #000000;\">Chuy\u1ec3n kho\u1ea3n t\u1eeb c\u00e1c chi nh\u00e1nh kh\u00e1c ho\u1eb7c ng\u00e2n h\u00e0ng kh\u00e1c, n\u1ed9i dung chuy\u1ec3n kho\u1ea3n ghi ch\u00ednh x\u00e1c theo quy \u0111\u1ecbnh trong th\u00f4ng b\u00e1o c\u1ee7a tr\u01b0\u1eddng;<\/span><\/li>\n<\/ul>\n<p style=\"text-align: justify;\"><span style=\"font-weight: 400; font-size: 14pt; font-family: arial, helvetica, sans-serif; background-color: #ffffff; color: #000000;\">+ Ng\u00e2n h\u00e0ng nh\u1eadn: NHNN&amp;PTNT An ph\u00fa HCM &#8211; PGD Nguy\u1ec5n V\u0103n C\u1eeb<\/span><\/p>\n<p style=\"text-align: justify;\"><span style=\"font-weight: 400; font-size: 14pt; font-family: arial, helvetica, sans-serif; background-color: #ffffff; color: #000000;\">+ T\u00ean ng\u01b0\u1eddi nh\u1eadn: \u00a0Tr\u01b0\u1eddng \u0110\u1ea1i h\u1ecdc S\u00e0i G\u00f2n<\/span><\/p>\n<p style=\"text-align: justify;\"><span style=\"font-size: 14pt; font-family: arial, helvetica, sans-serif; background-color: #ffffff; color: #000000;\"><span style=\"font-weight: 400;\">+ S\u1ed1 t\u00e0i kho\u1ea3n: \u00a0\u00a0\u00a0\u00a0\u00a0\u00a0<\/span><b>\u00a01606201036100<\/b><\/span><\/p>\n<p style=\"text-align: justify;\"><span style=\"font-weight: 400; font-size: 14pt; font-family: arial, helvetica, sans-serif; background-color: #ffffff; color: #000000;\">+ S\u1ed1 ti\u1ec1n: Ghi t\u1ed5ng s\u1ed1 ti\u1ec1n c\u1ee7a c\u00e1c m\u00f4n h\u1ecdc \u0111\u00e3 \u0111\u0103ng k\u00fd \u1edf h\u1ecdc k\u00ec th\u1ec3 hi\u1ec7n tr\u00ean phi\u1ebfu n\u1ed9p ti\u1ec1n tr\u00ean trang Web (k\u1ec3 c\u1ea3 n\u1ee3 t\u1ed3n \u0111\u1ecdng n\u1ebfu c\u00f3).<\/span><\/p>\n<p style=\"text-align: justify;\"><span style=\"font-size: 14pt; font-family: arial, helvetica, sans-serif; background-color: #ffffff; color: #000000;\"><span style=\"font-weight: 400;\">+ <\/span><b>N\u1ed9i dung n\u1ed9p: ghi h\u1ecd v\u00e0 t\u00ean SV, m\u00e3 s\u1ed1 SV, n\u1ed9p h\u1ecdc ph\u00ed HK&#8230;..\/NH 20\u2026- 20\u2026.<\/b><span style=\"font-weight: 400;\">.<\/span><\/span><\/p>\n<p style=\"text-align: justify;\"><span style=\"font-size: 14pt; font-family: arial, helvetica, sans-serif; background-color: #ffffff; color: #000000;\"><span style=\"font-weight: 400;\">N\u1ebfu sinh vi\u00ean kh\u00f4ng ghi \u0111\u1ea7y \u0111\u1ee7 th\u00f4ng tin theo h\u01b0\u1edbng d\u1eabn, m\u1ecdi tr\u01b0\u1eddng h\u1ee3p nh\u1ea7m l\u1eabn c\u00f3 th\u1ec3 ti\u1ec1n h\u1ecdc ph\u00ed kh\u00f4ng chuy\u1ec3n \u0111\u01b0\u1ee3c v\u00e0o t\u00e0i kho\u1ea3n nh\u00e0 tr\u01b0\u1eddng, <\/span><b>xem nh\u01b0 sinh vi\u00ean ch\u01b0a \u0111\u00f3ng h\u1ecdc ph\u00ed v\u00e0 s\u1ebd b\u1ecb h\u1ee7y c\u00e1c m\u00f4n h\u1ecdc \u0111\u00e3 \u0111\u0103ng k\u00fd.<\/b><\/span><\/p>\n<ul style=\"text-align: justify;\">\n<li style=\"font-weight: 400;\"><span style=\"font-weight: 400; font-size: 14pt; font-family: arial, helvetica, sans-serif; background-color: #ffffff; color: #000000;\">Sinh vi\u00ean l\u01b0u \u00fd kh\u00f4ng s\u1eed d\u1ee5ng c\u00e1c h\u00ecnh th\u1ee9c chuy\u1ec3n kho\u1ea3n qua \u0111i\u1ec7n tho\u1ea1i, chuy\u1ec3n kho\u1ea3n t\u1ea1i c\u00e2y ATM ho\u1eb7c c\u00e1c h\u00ecnh th\u1ee9c chuy\u1ec3n kho\u1ea3n kh\u00f4ng ghi r\u00f5 n\u1ed9i dung chuy\u1ec3n (M\u00e3 s\u1ed1 sinh vi\u00ean, h\u1ecd t\u00ean sinh vi\u00ean).<\/span><\/li>\n<\/ul>\n<ul style=\"text-align: justify;\">\n<li style=\"font-weight: 400;\"><span style=\"font-weight: 400; font-size: 14pt; font-family: arial, helvetica, sans-serif; background-color: #ffffff; color: #000000;\">Trong th\u1eddi gian \u0111\u00f3ng h\u1ecdc ph\u00ed t\u1ea1i ng\u00e2n h\u00e0ng, c\u00e1c sinh vi\u00ean c\u00f3 ho\u00e0n c\u1ea3nh kh\u00f3 kh\u0103n c\u00f3 th\u1ec3 \u0111\u1ebfn ph\u00f2ng K\u1ebf ho\u1ea1ch \u2013 T\u00e0i ch\u00ednh \u0111\u1ec3 xin ph\u00e9p gia h\u1ea1n h\u1ecdc ph\u00ed.<\/span><\/li>\n<\/ul>\n<p style=\"text-align: justify;\"><span style=\"font-size: 14pt; font-family: arial, helvetica, sans-serif; background-color: #ffffff; color: #000000;\"><span style=\"font-weight: 400;\">Sau khi k\u1ebft th\u00fac vi\u1ec7c thu h\u1ecdc ph\u00ed t\u1ea1i ng\u00e2n h\u00e0ng, Ph\u00f2ng K\u1ebf ho\u1ea1ch \u2013 T\u00e0i ch\u00ednh s\u1ebd ch\u1ed1t danh s\u00e1ch sinh vi\u00ean c\u00f2n n\u1ee3 h\u1ecdc ph\u00ed v\u00e0 chuy\u1ec3n cho Ph\u00f2ng \u0110\u00e0o t\u1ea1o \u0111\u1ec3 ti\u1ebfn h\u00e0nh h\u1ee7y \u0111\u0103ng k\u00fd m\u00f4n h\u1ecdc \u0111\u1ed1i v\u1edbi c\u00e1c sinh vi\u00ean ch\u01b0a ho\u00e0n t\u1ea5t h\u1ecdc ph\u00ed. Nh\u00e0 tr\u01b0\u1eddng s\u1ebd kh\u00f4ng gi\u1ea3i quy\u1ebft c\u00e1c tr\u01b0\u1eddng h\u1ee3p sinh vi\u00ean \u0111\u00f3ng h\u1ecdc ph\u00ed tr\u1ec5 h\u1ea1n trong c\u00e1c h\u1ecdc k\u1ef3 t\u1edbi <\/span><b>(tr\u1eeb c\u00e1c tr\u01b0\u1eddng h\u1ee3p c\u00f3 l\u00fd do \u0111\u1eb7c bi\u1ec7t c\u00f3 x\u00e1c nh\u1eadn c\u1ee7a tr\u01b0\u1edfng Khoa)<\/b><span style=\"font-weight: 400;\">.<\/span><\/span><\/p><\/h2><div class=\"title-sep-container title-sep-container-right\"><div class=\"title-sep sep-double\" style=\"border-color:#0003c9;\"><\/div><\/div><\/div><div class=\"fusion-clearfix\"><\/div>\n\n\t\t\t\t\t<\/div>\n\t\t\t\t<\/div><\/div><\/div><\/p>\n","protected":false},"excerpt":{"rendered":"","protected":false},"author":1,"featured_media":0,"parent":11856,"menu_order":0,"comment_status":"closed","ping_status":"closed","template":"side-navigation.php","meta":[],"jetpack_sharing_enabled":true,"jetpack_shortlink":"https:\/\/wp.me\/PdgjhW-3Dh","_links":{"self":[{"href":"https:\/\/en.sgu.edu.vn\/vi\/wp-json\/wp\/v2\/pages\/13967"}],"collection":[{"href":"https:\/\/en.sgu.edu.vn\/vi\/wp-json\/wp\/v2\/pages"}],"about":[{"href":"https:\/\/en.sgu.edu.vn\/vi\/wp-json\/wp\/v2\/types\/page"}],"author":[{"embeddable":true,"href":"https:\/\/en.sgu.edu.vn\/vi\/wp-json\/wp\/v2\/users\/1"}],"replies":[{"embeddable":true,"href":"https:\/\/en.sgu.edu.vn\/vi\/wp-json\/wp\/v2\/comments?post=13967"}],"version-history":[{"count":5,"href":"https:\/\/en.sgu.edu.vn\/vi\/wp-json\/wp\/v2\/pages\/13967\/revisions"}],"predecessor-version":[{"id":17666,"href":"https:\/\/en.sgu.edu.vn\/vi\/wp-json\/wp\/v2\/pages\/13967\/revisions\/17666"}],"up":[{"embeddable":true,"href":"https:\/\/en.sgu.edu.vn\/vi\/wp-json\/wp\/v2\/pages\/11856"}],"wp:attachment":[{"href":"https:\/\/en.sgu.edu.vn\/vi\/wp-json\/wp\/v2\/media?parent=13967"}],"curies":[{"name":"wp","href":"https:\/\/api.w.org\/{rel}","templated":true}]}}