{"id":14103,"date":"2016-10-13T10:00:37","date_gmt":"2016-10-13T10:00:37","guid":{"rendered":"http:\/\/edupath.co\/?page_id=14103"},"modified":"2016-10-13T12:33:04","modified_gmt":"2016-10-13T12:33:04","slug":"chuyen-mon-dao-tao","status":"publish","type":"page","link":"https:\/\/en.sgu.edu.vn\/vi\/khoa-su-pham-ky-thuat\/chuyen-mon-dao-tao\/","title":{"rendered":"Chuy\u00ean m\u00f4n \u0111\u00e0o t\u1ea1o"},"content":{"rendered":"<p>[fullwidth background_color=&#8221;&#8221; background_image=&#8221;&#8221; background_parallax=&#8221;none&#8221; enable_mobile=&#8221;no&#8221; parallax_speed=&#8221;0.3&#8243; background_repeat=&#8221;no-repeat&#8221; background_position=&#8221;left top&#8221; video_url=&#8221;&#8221; video_aspect_ratio=&#8221;16:9&#8243; video_webm=&#8221;&#8221; video_mp4=&#8221;&#8221; video_ogv=&#8221;&#8221; video_preview_image=&#8221;&#8221; overlay_color=&#8221;&#8221; overlay_opacity=&#8221;0.5&#8243; video_mute=&#8221;yes&#8221; video_loop=&#8221;yes&#8221; fade=&#8221;no&#8221; border_size=&#8221;0px&#8221; border_color=&#8221;&#8221; border_style=&#8221;&#8221; padding_top=&#8221;20&#8243; padding_bottom=&#8221;20&#8243; padding_left=&#8221;&#8221; padding_right=&#8221;&#8221; hundred_percent=&#8221;no&#8221; equal_height_columns=&#8221;no&#8221; hide_on_mobile=&#8221;no&#8221; menu_anchor=&#8221;&#8221; class=&#8221;&#8221; id=&#8221;&#8221;][one_full last=&#8221;yes&#8221; spacing=&#8221;yes&#8221; center_content=&#8221;no&#8221; hide_on_mobile=&#8221;no&#8221; background_color=&#8221;&#8221; background_image=&#8221;&#8221; background_repeat=&#8221;no-repeat&#8221; background_position=&#8221;left top&#8221; hover_type=&#8221;none&#8221; link=&#8221;&#8221; border_position=&#8221;all&#8221; border_size=&#8221;0px&#8221; border_color=&#8221;&#8221; border_style=&#8221;&#8221; padding=&#8221;&#8221; margin_top=&#8221;&#8221; margin_bottom=&#8221;&#8221; animation_type=&#8221;&#8221; animation_direction=&#8221;&#8221; animation_speed=&#8221;0.1&#8243; animation_offset=&#8221;&#8221; class=&#8221;&#8221; id=&#8221;&#8221;][title size=&#8221;2&#8243; content_align=&#8221;center&#8221; style_type=&#8221;default&#8221; sep_color=&#8221;#0003c9&#8243; margin_top=&#8221;&#8221; margin_bottom=&#8221;&#8221; class=&#8221;blue-text&#8221; id=&#8221;&#8221;]<a href=\"http:\/\/en.sgu.edu.vn\/khoa-su-pham-ky-thuat\/chuyen-mon-dao-tao\/\">CHUY\u00caN M\u00d4N \u0110\u00c0O T\u1ea0O<\/a>[\/title][checklist icon=&#8221;fa-chevron-right&#8221; iconcolor=&#8221;#ffffff&#8221; circle=&#8221;&#8221; circlecolor=&#8221;#0003c9&#8243; size=&#8221;13px&#8221; class=&#8221;&#8221; id=&#8221;&#8221;][li_item icon=&#8221;&#8221;]Ng\u00e0nh SPKT C\u00f4ng nghi\u1ec7p[\/li_item][li_item icon=&#8221;&#8221;]Ng\u00e0nh SPKT N\u00f4ng nghi\u1ec7p[\/li_item][li_item icon=&#8221;&#8221;]Ng\u00e0nh SP Kinh t\u1ebf gia \u0111\u00ecnh[\/li_item][\/checklist][\/one_full][\/fullwidth]<\/p>\n","protected":false},"excerpt":{"rendered":"<p>[fullwidth background_color=&#8221;&#8221; background_image=&#8221;&#8221; background_parallax=&#8221;none&#8221; enable_mobile=&#8221;no&#8221; parallax_speed=&#8221;0.3&#8243; background_repeat=&#8221;no-repeat&#8221; background_position=&#8221;left top&#8221; video_url=&#8221;&#8221; video_aspect_ratio=&#8221;16:9&#8243; video_webm=&#8221;&#8221; video_mp4=&#8221;&#8221; video_ogv=&#8221;&#8221; video_preview_image=&#8221;&#8221; overlay_color=&#8221;&#8221; overlay_opacity=&#8221;0.5&#8243; video_mute=&#8221;yes&#8221; video_loop=&#8221;yes&#8221; fade=&#8221;no&#8221; border_size=&#8221;0px&#8221; border_color=&#8221;&#8221; border_style=&#8221;&#8221; padding_top=&#8221;20&#8243; padding_bottom=&#8221;20&#8243; padding_left=&#8221;&#8221; padding_right=&#8221;&#8221; hundred_percent=&#8221;no&#8221; equal_height_columns=&#8221;no&#8221; hide_on_mobile=&#8221;no&#8221; menu_anchor=&#8221;&#8221; class=&#8221;&#8221; id=&#8221;&#8221;][one_full last=&#8221;yes&#8221; spacing=&#8221;yes&#8221; center_content=&#8221;no&#8221; hide_on_mobile=&#8221;no&#8221; background_color=&#8221;&#8221; background_image=&#8221;&#8221; background_repeat=&#8221;no-repeat&#8221; background_position=&#8221;left top&#8221; hover_type=&#8221;none&#8221; link=&#8221;&#8221; border_position=&#8221;all&#8221; border_size=&#8221;0px&#8221; border_color=&#8221;&#8221; border_style=&#8221;&#8221; padding=&#8221;&#8221; margin_top=&#8221;&#8221; margin_bottom=&#8221;&#8221; animation_type=&#8221;&#8221; animation_direction=&#8221;&#8221; animation_speed=&#8221;0.1&#8243; animation_offset=&#8221;&#8221; class=&#8221;&#8221; [&hellip;]<\/p>\n","protected":false},"author":1,"featured_media":0,"parent":11874,"menu_order":0,"comment_status":"closed","ping_status":"closed","template":"side-navigation.php","meta":[],"jetpack_sharing_enabled":true,"jetpack_shortlink":"https:\/\/wp.me\/PdgjhW-3Ft","_links":{"self":[{"href":"https:\/\/en.sgu.edu.vn\/vi\/wp-json\/wp\/v2\/pages\/14103"}],"collection":[{"href":"https:\/\/en.sgu.edu.vn\/vi\/wp-json\/wp\/v2\/pages"}],"about":[{"href":"https:\/\/en.sgu.edu.vn\/vi\/wp-json\/wp\/v2\/types\/page"}],"author":[{"embeddable":true,"href":"https:\/\/en.sgu.edu.vn\/vi\/wp-json\/wp\/v2\/users\/1"}],"replies":[{"embeddable":true,"href":"https:\/\/en.sgu.edu.vn\/vi\/wp-json\/wp\/v2\/comments?post=14103"}],"version-history":[{"count":0,"href":"https:\/\/en.sgu.edu.vn\/vi\/wp-json\/wp\/v2\/pages\/14103\/revisions"}],"up":[{"embeddable":true,"href":"https:\/\/en.sgu.edu.vn\/vi\/wp-json\/wp\/v2\/pages\/11874"}],"wp:attachment":[{"href":"https:\/\/en.sgu.edu.vn\/vi\/wp-json\/wp\/v2\/media?parent=14103"}],"curies":[{"name":"wp","href":"https:\/\/api.w.org\/{rel}","templated":true}]}}