{"id":14187,"date":"2016-10-13T13:46:13","date_gmt":"2016-10-13T13:46:13","guid":{"rendered":"http:\/\/edupath.co\/?page_id=14187"},"modified":"2016-10-13T13:52:30","modified_gmt":"2016-10-13T13:52:30","slug":"ds-can-bo-giang-vien-nhan-vien","status":"publish","type":"page","link":"https:\/\/en.sgu.edu.vn\/vi\/khoa-su-pham-ky-thuat\/to-chuc-khoa\/ds-can-bo-giang-vien-nhan-vien\/","title":{"rendered":"DS C\u00e1n B\u1ed9 , Gi\u1ea3ng Vi\u00ean , Nh\u00e2n Vi\u00ean"},"content":{"rendered":"<p>[fullwidth background_color=&#8221;&#8221; background_image=&#8221;&#8221; background_parallax=&#8221;none&#8221; enable_mobile=&#8221;no&#8221; parallax_speed=&#8221;0.3&#8243; background_repeat=&#8221;no-repeat&#8221; background_position=&#8221;left top&#8221; video_url=&#8221;&#8221; video_aspect_ratio=&#8221;16:9&#8243; video_webm=&#8221;&#8221; video_mp4=&#8221;&#8221; video_ogv=&#8221;&#8221; video_preview_image=&#8221;&#8221; overlay_color=&#8221;&#8221; overlay_opacity=&#8221;0.5&#8243; video_mute=&#8221;yes&#8221; video_loop=&#8221;yes&#8221; fade=&#8221;no&#8221; border_size=&#8221;0px&#8221; border_color=&#8221;&#8221; border_style=&#8221;&#8221; padding_top=&#8221;20&#8243; padding_bottom=&#8221;20&#8243; padding_left=&#8221;&#8221; padding_right=&#8221;&#8221; hundred_percent=&#8221;no&#8221; equal_height_columns=&#8221;no&#8221; hide_on_mobile=&#8221;no&#8221; menu_anchor=&#8221;&#8221; class=&#8221;&#8221; id=&#8221;&#8221;][one_full last=&#8221;yes&#8221; spacing=&#8221;yes&#8221; center_content=&#8221;no&#8221; hide_on_mobile=&#8221;no&#8221; background_color=&#8221;&#8221; background_image=&#8221;&#8221; background_repeat=&#8221;no-repeat&#8221; background_position=&#8221;left top&#8221; hover_type=&#8221;none&#8221; link=&#8221;&#8221; border_position=&#8221;all&#8221; border_size=&#8221;0px&#8221; border_color=&#8221;&#8221; border_style=&#8221;&#8221; padding=&#8221;&#8221; margin_top=&#8221;&#8221; margin_bottom=&#8221;&#8221; animation_type=&#8221;&#8221; animation_direction=&#8221;&#8221; animation_speed=&#8221;0.1&#8243; animation_offset=&#8221;&#8221; class=&#8221;&#8221; id=&#8221;&#8221;][title size=&#8221;2&#8243; content_align=&#8221;center&#8221; style_type=&#8221;default&#8221; sep_color=&#8221;#0003c9&#8243; margin_top=&#8221;&#8221; margin_bottom=&#8221;&#8221; class=&#8221;blue-text&#8221; id=&#8221;&#8221;]<a href=\"http:\/\/en.sgu.edu.vn\/khoa-su-pham-ky-thuat\/to-chuc-khoa\/ds-can-bo-giang-vien-nhan-vien\/\">DANH S\u00c1CH  C\u00c1N B\u1ed8  , GI\u1ea2NG VI\u00caN , NH\u00c2N VI\u00caN<\/a>[\/title][recent_posts layout=&#8221;default&#8221; hover_type=&#8221;none&#8221; columns=&#8221;1&#8243; number_posts=&#8221;4&#8243; offset=&#8221;&#8221; cat_slug=&#8221;ds-can-bo-giang-vien-nhan-vien-spkt&#8221; exclude_cats=&#8221;&#8221; thumbnail=&#8221;yes&#8221; title=&#8221;yes&#8221; meta=&#8221;yes&#8221; excerpt=&#8221;yes&#8221; excerpt_length=&#8221;100&#8243; strip_html=&#8221;yes&#8221; animation_type=&#8221;0&#8243; animation_direction=&#8221;down&#8221; animation_speed=&#8221;0.1&#8243; animation_offset=&#8221;&#8221; class=&#8221;&#8221; id=&#8221;&#8221;][\/recent_posts][\/one_full][\/fullwidth]<\/p>\n","protected":false},"excerpt":{"rendered":"<p>[fullwidth background_color=&#8221;&#8221; background_image=&#8221;&#8221; background_parallax=&#8221;none&#8221; enable_mobile=&#8221;no&#8221; parallax_speed=&#8221;0.3&#8243; background_repeat=&#8221;no-repeat&#8221; background_position=&#8221;left top&#8221; video_url=&#8221;&#8221; video_aspect_ratio=&#8221;16:9&#8243; video_webm=&#8221;&#8221; video_mp4=&#8221;&#8221; video_ogv=&#8221;&#8221; video_preview_image=&#8221;&#8221; overlay_color=&#8221;&#8221; overlay_opacity=&#8221;0.5&#8243; video_mute=&#8221;yes&#8221; video_loop=&#8221;yes&#8221; fade=&#8221;no&#8221; border_size=&#8221;0px&#8221; border_color=&#8221;&#8221; border_style=&#8221;&#8221; padding_top=&#8221;20&#8243; padding_bottom=&#8221;20&#8243; padding_left=&#8221;&#8221; padding_right=&#8221;&#8221; hundred_percent=&#8221;no&#8221; equal_height_columns=&#8221;no&#8221; hide_on_mobile=&#8221;no&#8221; menu_anchor=&#8221;&#8221; class=&#8221;&#8221; id=&#8221;&#8221;][one_full last=&#8221;yes&#8221; spacing=&#8221;yes&#8221; center_content=&#8221;no&#8221; hide_on_mobile=&#8221;no&#8221; background_color=&#8221;&#8221; background_image=&#8221;&#8221; background_repeat=&#8221;no-repeat&#8221; background_position=&#8221;left top&#8221; hover_type=&#8221;none&#8221; link=&#8221;&#8221; border_position=&#8221;all&#8221; border_size=&#8221;0px&#8221; border_color=&#8221;&#8221; border_style=&#8221;&#8221; padding=&#8221;&#8221; margin_top=&#8221;&#8221; margin_bottom=&#8221;&#8221; animation_type=&#8221;&#8221; animation_direction=&#8221;&#8221; animation_speed=&#8221;0.1&#8243; animation_offset=&#8221;&#8221; class=&#8221;&#8221; [&hellip;]<\/p>\n","protected":false},"author":1,"featured_media":0,"parent":14063,"menu_order":0,"comment_status":"closed","ping_status":"closed","template":"side-navigation.php","meta":[],"jetpack_sharing_enabled":true,"jetpack_shortlink":"https:\/\/wp.me\/PdgjhW-3GP","_links":{"self":[{"href":"https:\/\/en.sgu.edu.vn\/vi\/wp-json\/wp\/v2\/pages\/14187"}],"collection":[{"href":"https:\/\/en.sgu.edu.vn\/vi\/wp-json\/wp\/v2\/pages"}],"about":[{"href":"https:\/\/en.sgu.edu.vn\/vi\/wp-json\/wp\/v2\/types\/page"}],"author":[{"embeddable":true,"href":"https:\/\/en.sgu.edu.vn\/vi\/wp-json\/wp\/v2\/users\/1"}],"replies":[{"embeddable":true,"href":"https:\/\/en.sgu.edu.vn\/vi\/wp-json\/wp\/v2\/comments?post=14187"}],"version-history":[{"count":0,"href":"https:\/\/en.sgu.edu.vn\/vi\/wp-json\/wp\/v2\/pages\/14187\/revisions"}],"up":[{"embeddable":true,"href":"https:\/\/en.sgu.edu.vn\/vi\/wp-json\/wp\/v2\/pages\/14063"}],"wp:attachment":[{"href":"https:\/\/en.sgu.edu.vn\/vi\/wp-json\/wp\/v2\/media?parent=14187"}],"curies":[{"name":"wp","href":"https:\/\/api.w.org\/{rel}","templated":true}]}}