{"id":14201,"date":"2016-10-13T14:54:50","date_gmt":"2016-10-13T14:54:50","guid":{"rendered":"http:\/\/edupath.co\/?page_id=14201"},"modified":"2018-03-27T10:07:26","modified_gmt":"2018-03-27T03:07:26","slug":"chi-bo","status":"publish","type":"page","link":"https:\/\/en.sgu.edu.vn\/vi\/khoa-quan-tri-kinh-doanh\/chi-bo\/","title":{"rendered":"Chi B\u1ed9"},"content":{"rendered":"<p><span style=\"font-size: 14pt; font-family: arial, helvetica, sans-serif; color: #000000;\">Danh s\u00e1ch \u0110\u1ea3ng vi\u00ean c\u1ee7a Qu\u1ea3n tr\u1ecb Kinh doanh<\/span><\/p>\n<table style=\"width: 446px;\" border=\"1\" cellspacing=\"0\" cellpadding=\"0\">\n<tbody>\n<tr>\n<td style=\"width: 39.9514px;\" align=\"center\"><span style=\"font-size: 14pt; font-family: arial, helvetica, sans-serif; color: #000000;\">STT<\/span><\/td>\n<td style=\"width: 263.049px; text-align: center;\"><span style=\"font-size: 14pt; font-family: arial, helvetica, sans-serif; color: #000000;\">\u00a0H\u1ecd t\u00ean \u0111\u1ea3ng vi\u00ean<\/span><\/td>\n<\/tr>\n<tr>\n<td style=\"width: 39.9514px; text-align: center;\"><span style=\"font-size: 14pt; font-family: arial, helvetica, sans-serif; color: #000000;\">\u00a01<\/span><\/td>\n<td style=\"width: 263.049px;\"><span style=\"font-weight: 400; font-size: 14pt; font-family: arial, helvetica, sans-serif; color: #000000;\">\u00a0Nguy\u1ec5n Th\u1ecb Thanh B\u00ecnh &#8211; B\u00ed th\u01b0<\/span><\/td>\n<\/tr>\n<tr>\n<td style=\"width: 39.9514px; text-align: center;\"><span style=\"font-size: 14pt; font-family: arial, helvetica, sans-serif; color: #000000;\">\u00a02<\/span><\/td>\n<td style=\"width: 263.049px;\"><span style=\"font-weight: 400; font-size: 14pt; font-family: arial, helvetica, sans-serif; color: #000000;\">\u00a0B\u00f9i L\u00ea H\u00e0<\/span><\/td>\n<\/tr>\n<tr>\n<td style=\"width: 39.9514px; text-align: center;\"><span style=\"font-size: 14pt; font-family: arial, helvetica, sans-serif; color: #000000;\">\u00a03<\/span><\/td>\n<td style=\"width: 263.049px;\"><span style=\"font-weight: 400; font-size: 14pt; font-family: arial, helvetica, sans-serif; color: #000000;\">\u00a0T\u1eeb Minh Khai<\/span><\/td>\n<\/tr>\n<tr>\n<td style=\"width: 39.9514px; text-align: center;\"><span style=\"font-size: 14pt; font-family: arial, helvetica, sans-serif; color: #000000;\">\u00a04<\/span><\/td>\n<td style=\"width: 263.049px;\"><span style=\"font-weight: 400; font-size: 14pt; font-family: arial, helvetica, sans-serif; color: #000000;\">\u00a0Nguy\u1ec5n H\u1ea3i Ch\u00e2u<\/span><\/td>\n<\/tr>\n<tr>\n<td style=\"width: 39.9514px; text-align: center;\"><span style=\"font-size: 14pt; font-family: arial, helvetica, sans-serif; color: #000000;\">\u00a05<\/span><\/td>\n<td style=\"width: 263.049px;\"><span style=\"font-size: 14pt; font-family: arial, helvetica, sans-serif; color: #000000;\">\u00a0<span style=\"font-weight: 400;\">Nguy\u1ec5n Th\u1ecb T\u00fay Lan<\/span><\/span><\/td>\n<\/tr>\n<tr>\n<td style=\"width: 39.9514px; text-align: center;\"><span style=\"font-size: 14pt; font-family: arial, helvetica, sans-serif; color: #000000;\">\u00a06<\/span><\/td>\n<td style=\"width: 263.049px;\"><span style=\"font-size: 14pt; font-family: arial, helvetica, sans-serif; color: #000000;\">\u00a0<span style=\"font-weight: 400;\">\u0110inh Th\u1ecb Ki\u1ec1u Chinh<\/span><\/span><\/td>\n<\/tr>\n<tr>\n<td style=\"width: 39.9514px; text-align: center;\"><span style=\"font-size: 14pt; font-family: arial, helvetica, sans-serif; color: #000000;\">\u00a07<\/span><\/td>\n<td style=\"width: 263.049px;\"><span style=\"font-size: 14pt; font-family: arial, helvetica, sans-serif; color: #000000;\">\u00a0<span style=\"font-weight: 400;\">Nguy\u1ec5n Th\u1ecb Thanh T\u00e2m<\/span><\/span><\/td>\n<\/tr>\n<\/tbody>\n<\/table>\n","protected":false},"excerpt":{"rendered":"<p>Danh s\u00e1ch \u0110\u1ea3ng vi\u00ean c\u1ee7a Qu\u1ea3n tr\u1ecb Kinh doanh STT \u00a0H\u1ecd t\u00ean \u0111\u1ea3ng vi\u00ean \u00a01 \u00a0Nguy\u1ec5n Th\u1ecb Thanh B\u00ecnh &#8211; B\u00ed th\u01b0 \u00a02 \u00a0B\u00f9i L\u00ea H\u00e0 \u00a03 \u00a0T\u1eeb Minh Khai \u00a04 \u00a0Nguy\u1ec5n H\u1ea3i Ch\u00e2u \u00a05 \u00a0Nguy\u1ec5n Th\u1ecb T\u00fay Lan \u00a06 \u00a0\u0110inh Th\u1ecb Ki\u1ec1u Chinh \u00a07 \u00a0Nguy\u1ec5n Th\u1ecb Thanh T\u00e2m<\/p>\n","protected":false},"author":1,"featured_media":0,"parent":11876,"menu_order":0,"comment_status":"closed","ping_status":"closed","template":"side-navigation.php","meta":[],"jetpack_sharing_enabled":true,"jetpack_shortlink":"https:\/\/wp.me\/PdgjhW-3H3","_links":{"self":[{"href":"https:\/\/en.sgu.edu.vn\/vi\/wp-json\/wp\/v2\/pages\/14201"}],"collection":[{"href":"https:\/\/en.sgu.edu.vn\/vi\/wp-json\/wp\/v2\/pages"}],"about":[{"href":"https:\/\/en.sgu.edu.vn\/vi\/wp-json\/wp\/v2\/types\/page"}],"author":[{"embeddable":true,"href":"https:\/\/en.sgu.edu.vn\/vi\/wp-json\/wp\/v2\/users\/1"}],"replies":[{"embeddable":true,"href":"https:\/\/en.sgu.edu.vn\/vi\/wp-json\/wp\/v2\/comments?post=14201"}],"version-history":[{"count":4,"href":"https:\/\/en.sgu.edu.vn\/vi\/wp-json\/wp\/v2\/pages\/14201\/revisions"}],"predecessor-version":[{"id":17684,"href":"https:\/\/en.sgu.edu.vn\/vi\/wp-json\/wp\/v2\/pages\/14201\/revisions\/17684"}],"up":[{"embeddable":true,"href":"https:\/\/en.sgu.edu.vn\/vi\/wp-json\/wp\/v2\/pages\/11876"}],"wp:attachment":[{"href":"https:\/\/en.sgu.edu.vn\/vi\/wp-json\/wp\/v2\/media?parent=14201"}],"curies":[{"name":"wp","href":"https:\/\/api.w.org\/{rel}","templated":true}]}}