{"id":14203,"date":"2016-10-13T15:03:58","date_gmt":"2016-10-13T15:03:58","guid":{"rendered":"http:\/\/edupath.co\/?page_id=14203"},"modified":"2018-03-27T10:38:54","modified_gmt":"2018-03-27T03:38:54","slug":"danh-sach-cb-gv","status":"publish","type":"page","link":"https:\/\/en.sgu.edu.vn\/vi\/khoa-quan-tri-kinh-doanh\/danh-sach-cb-gv\/","title":{"rendered":"Danh S\u00e1ch CB-GV"},"content":{"rendered":"<p><a href=\"http:\/\/en.sgu.edu.vn\/khoa-quan-tri-kinh-doanh\/danh-sach-cb-gv\/\">DANH S\u00c1CH C\u00c1N B\u1ed8 &#8211; GI\u1ea2NG VI\u00caN KHOA QU\u1ea2N TR\u1eca KINH DOANH<\/a><\/p>\n<table style=\"width: 76.4287%;\" border=\"1\">\n<tbody>\n<tr>\n<td style=\"width: 8.00478%; text-align: center;\"><span style=\"font-size: 14pt;\"><strong><span style=\"color: #000000;\">STT<\/span><\/strong><\/span><\/td>\n<td style=\"width: 38.4707%; text-align: center;\"><span style=\"font-size: 14pt;\"><strong><span style=\"color: #000000;\">C\u00e1n b\u1ed9 Gi\u1ea3ng Vi\u00ean<\/span><\/strong><\/span><\/td>\n<td style=\"width: 27.9221%; text-align: center;\"><span style=\"font-size: 14pt;\"><strong><span style=\"color: #000000;\">\u00a0Ch\u1ee9c v\u1ee5<\/span><\/strong><\/span><\/td>\n<\/tr>\n<tr>\n<td style=\"width: 74.3977%; text-align: center;\" colspan=\"3\"><span style=\"color: #000000; font-size: 14pt;\"><strong>B\u1ed9 m\u00f4n Qu\u1ea3n tr\u1ecb v\u00e0 kinh doanh qu\u1ed1c t\u1ebf<\/strong><\/span><\/td>\n<\/tr>\n<tr>\n<td style=\"width: 8.00478%; text-align: center;\"><span style=\"color: #000000; font-size: 14pt; font-family: arial, helvetica, sans-serif;\">1<\/span><\/td>\n<td style=\"width: 38.4707%;\"><span style=\"color: #000000; font-size: 14pt; font-family: arial, helvetica, sans-serif;\">\u00a0<strong>TS. L\u00ea Mai H\u1ea3i<\/strong><\/span><\/td>\n<td style=\"width: 27.9221%;\"><span style=\"color: #000000; font-size: 14pt; font-family: arial, helvetica, sans-serif;\">\u00a0Tr\u01b0\u1edfng b\u1ed9 m\u00f4n<\/span><\/td>\n<\/tr>\n<tr>\n<td style=\"width: 8.00478%; text-align: center;\"><span style=\"color: #000000; font-size: 14pt; font-family: arial, helvetica, sans-serif;\">2<\/span><\/td>\n<td style=\"width: 38.4707%;\"><span style=\"color: #000000; font-size: 14pt; font-family: arial, helvetica, sans-serif;\">\u00a0PGS. TS. B\u00f9i L\u00ea H\u00e0<\/span><\/td>\n<td style=\"width: 27.9221%;\"><span style=\"color: #000000; font-size: 14pt; font-family: arial, helvetica, sans-serif;\">\u00a0Gi\u1ea3ng vi\u00ean ch\u00ednh<\/span><\/td>\n<\/tr>\n<tr>\n<td style=\"width: 8.00478%; text-align: center;\"><span style=\"color: #000000; font-size: 14pt; font-family: arial, helvetica, sans-serif;\">3<\/span><\/td>\n<td style=\"width: 38.4707%;\"><span style=\"color: #000000; font-size: 14pt; font-family: arial, helvetica, sans-serif;\">TS. Nguy\u1ec5n Minh T\u00e2m<\/span><\/td>\n<td style=\"width: 27.9221%;\"><span style=\"color: #000000; font-size: 14pt; font-family: arial, helvetica, sans-serif;\">\u00a0Gi\u1ea3ng vi\u00ean<\/span><\/td>\n<\/tr>\n<tr>\n<td style=\"width: 8.00478%; text-align: center;\"><span style=\"color: #000000; font-size: 14pt; font-family: arial, helvetica, sans-serif;\">4<\/span><\/td>\n<td style=\"width: 38.4707%;\"><span style=\"color: #000000; font-size: 14pt; font-family: arial, helvetica, sans-serif;\">\u00a0ThS. Nguy\u1ec5n Th\u1ecb Tr\u00e2m Anh<\/span><\/td>\n<td style=\"width: 27.9221%;\"><span style=\"color: #000000; font-size: 14pt; font-family: arial, helvetica, sans-serif;\">\u00a0Gi\u1ea3ng vi\u00ean<\/span><\/td>\n<\/tr>\n<tr>\n<td style=\"width: 8.00478%; text-align: center;\"><span style=\"color: #000000; font-size: 14pt; font-family: arial, helvetica, sans-serif;\">5<\/span><\/td>\n<td style=\"width: 38.4707%;\"><span style=\"color: #000000; font-size: 14pt; font-family: arial, helvetica, sans-serif;\">\u00a0ThS. Nguy\u1ec5n H\u1ea1 Li\u00ean Chi<\/span><\/td>\n<td style=\"width: 27.9221%;\"><span style=\"color: #000000; font-size: 14pt; font-family: arial, helvetica, sans-serif;\">\u00a0Gi\u1ea3ng vi\u00ean<\/span><\/td>\n<\/tr>\n<tr>\n<td style=\"width: 8.00478%; text-align: center;\"><span style=\"color: #000000; font-size: 14pt; font-family: arial, helvetica, sans-serif;\">6<\/span><\/td>\n<td style=\"width: 38.4707%;\"><span style=\"color: #000000; font-size: 14pt; font-family: arial, helvetica, sans-serif;\">\u00a0ThS. \u0110inh V\u0103n Hi\u1ec7p<\/span><\/td>\n<td style=\"width: 27.9221%;\"><span style=\"color: #000000; font-size: 14pt; font-family: arial, helvetica, sans-serif;\">\u00a0Gi\u1ea3ng vi\u00ean<\/span><\/td>\n<\/tr>\n<tr>\n<td style=\"width: 8.00478%; text-align: center;\"><span style=\"color: #000000; font-size: 14pt; font-family: arial, helvetica, sans-serif;\">7<\/span><\/td>\n<td style=\"width: 38.4707%;\"><span style=\"color: #000000; font-size: 14pt; font-family: arial, helvetica, sans-serif;\">\u00a0ThS. T\u1eeb Minh Khai<\/span><\/td>\n<td style=\"width: 27.9221%;\"><span style=\"color: #000000; font-size: 14pt; font-family: arial, helvetica, sans-serif;\">\u00a0Gi\u1ea3ng vi\u00ean<\/span><\/td>\n<\/tr>\n<tr>\n<td style=\"width: 8.00478%; text-align: center;\"><span style=\"color: #000000; font-size: 14pt; font-family: arial, helvetica, sans-serif;\">8<\/span><\/td>\n<td style=\"width: 38.4707%;\"><span style=\"color: #000000; font-size: 14pt; font-family: arial, helvetica, sans-serif;\">\u00a0NCS.ThS. Tr\u1ea7n Th\u1ecb Ng\u1ecdc Qu\u1ef3nh<\/span><\/td>\n<td style=\"width: 27.9221%;\"><span style=\"color: #000000; font-size: 14pt; font-family: arial, helvetica, sans-serif;\">\u00a0Gi\u1ea3ng vi\u00ean<\/span><\/td>\n<\/tr>\n<tr>\n<td style=\"width: 8.00478%; text-align: center;\"><span style=\"color: #000000; font-size: 14pt; font-family: arial, helvetica, sans-serif;\">9<\/span><\/td>\n<td style=\"width: 38.4707%;\"><span style=\"color: #000000; font-size: 14pt; font-family: arial, helvetica, sans-serif;\">\u00a0ThS. \u0110\u1eb7ng \u0110\u1ee9c V\u0103n<\/span><\/td>\n<td style=\"width: 27.9221%;\"><span style=\"color: #000000; font-size: 14pt; font-family: arial, helvetica, sans-serif;\">\u00a0Gi\u1ea3ng vi\u00ean<\/span><\/td>\n<\/tr>\n<tr>\n<td style=\"width: 8.00478%; text-align: center;\"><span style=\"color: #000000; font-size: 14pt; font-family: arial, helvetica, sans-serif;\">10<\/span><\/td>\n<td style=\"width: 38.4707%;\"><span style=\"color: #000000; font-size: 14pt; font-family: arial, helvetica, sans-serif;\">\u00a0ThS. L\u00ea C\u00e1t Vi<\/span><\/td>\n<td style=\"width: 27.9221%;\"><span style=\"color: #000000; font-size: 14pt; font-family: arial, helvetica, sans-serif;\">\u00a0Gi\u1ea3ng vi\u00ean<\/span><\/td>\n<\/tr>\n<tr>\n<td style=\"width: 74.3977%; text-align: center;\" colspan=\"3\"><span style=\"color: #000000; font-size: 14pt;\"><strong>B\u1ed9 m\u00f4n Marketing<\/strong><\/span><\/td>\n<\/tr>\n<tr>\n<td style=\"width: 8.00478%; text-align: center;\"><span style=\"color: #000000; font-size: 14pt; font-family: arial, helvetica, sans-serif;\">11<\/span><\/td>\n<td style=\"width: 38.4707%;\"><span style=\"font-size: 14pt; font-family: arial, helvetica, sans-serif;\"><strong><span style=\"color: #000000;\">\u00a0ThS. Nguy\u1ec5n Th\u1ecb T\u00fay Lan<\/span><\/strong><\/span><\/td>\n<td style=\"width: 27.9221%;\"><span style=\"color: #000000; font-size: 14pt; font-family: arial, helvetica, sans-serif;\">\u00a0Tr\u01b0\u1edfng b\u1ed9 m\u00f4n<\/span><\/td>\n<\/tr>\n<tr>\n<td style=\"width: 8.00478%; text-align: center;\"><span style=\"color: #000000; font-size: 14pt; font-family: arial, helvetica, sans-serif;\">12<\/span><\/td>\n<td style=\"width: 38.4707%;\"><span style=\"color: #000000; font-size: 14pt; font-family: arial, helvetica, sans-serif;\">\u00a0NCS.ThS. Tr\u1ea7n Phan \u0110\u1ee9c Anh<\/span><\/td>\n<td style=\"width: 27.9221%;\"><span style=\"color: #000000; font-size: 14pt; font-family: arial, helvetica, sans-serif;\">\u00a0Gi\u1ea3ng vi\u00ean<\/span><\/td>\n<\/tr>\n<tr>\n<td style=\"width: 8.00478%; text-align: center;\"><span style=\"color: #000000; font-size: 14pt; font-family: arial, helvetica, sans-serif;\">13<\/span><\/td>\n<td style=\"width: 38.4707%;\"><span style=\"color: #000000; font-size: 14pt; font-family: arial, helvetica, sans-serif;\">\u00a0NCS.ThS. L\u01b0\u01a1ng Duy B\u00ecnh<\/span><\/td>\n<td style=\"width: 27.9221%;\"><span style=\"color: #000000; font-size: 14pt; font-family: arial, helvetica, sans-serif;\">\u00a0Gi\u1ea3ng vi\u00ean<\/span><\/td>\n<\/tr>\n<tr>\n<td style=\"width: 8.00478%; text-align: center;\"><span style=\"color: #000000; font-size: 14pt; font-family: arial, helvetica, sans-serif;\">14<\/span><\/td>\n<td style=\"width: 38.4707%;\"><span style=\"color: #000000; font-size: 14pt; font-family: arial, helvetica, sans-serif;\">\u00a0NCS.ThS. \u0110inh Th\u1ecb Ki\u1ec1u Chinh<\/span><\/td>\n<td style=\"width: 27.9221%;\"><span style=\"color: #000000; font-size: 14pt; font-family: arial, helvetica, sans-serif;\">\u00a0Gi\u1ea3ng vi\u00ean<\/span><\/td>\n<\/tr>\n<tr>\n<td style=\"width: 8.00478%; text-align: center;\"><span style=\"color: #000000; font-size: 14pt; font-family: arial, helvetica, sans-serif;\">15<\/span><\/td>\n<td style=\"width: 38.4707%;\"><span style=\"color: #000000; font-size: 14pt; font-family: arial, helvetica, sans-serif;\">ThS. Ng\u00f4 Th\u1ecb Lan<\/span><\/td>\n<td style=\"width: 27.9221%;\"><span style=\"color: #000000; font-size: 14pt; font-family: arial, helvetica, sans-serif;\">\u00a0Gi\u1ea3ng vi\u00ean<\/span><\/td>\n<\/tr>\n<tr>\n<td style=\"width: 8.00478%; text-align: center;\"><span style=\"color: #000000; font-size: 14pt; font-family: arial, helvetica, sans-serif;\">16<\/span><\/td>\n<td style=\"width: 38.4707%;\"><span style=\"color: #000000; font-size: 14pt; font-family: arial, helvetica, sans-serif;\">\u00a0NCS.ThS. L\u00ea Nguy\u1ec5n B\u00ecnh Minh<\/span><\/td>\n<td style=\"width: 27.9221%;\"><span style=\"color: #000000; font-size: 14pt; font-family: arial, helvetica, sans-serif;\">\u00a0Gi\u1ea3ng vi\u00ean<\/span><\/td>\n<\/tr>\n<tr>\n<td style=\"width: 8.00478%; text-align: center;\"><span style=\"color: #000000; font-size: 14pt; font-family: arial, helvetica, sans-serif;\">17<\/span><\/td>\n<td style=\"width: 38.4707%;\"><span style=\"color: #000000; font-size: 14pt; font-family: arial, helvetica, sans-serif;\">\u00a0ThS. Ho\u00e0ng L\u00ea B\u00edch Ng\u1ecdc<\/span><\/td>\n<td style=\"width: 27.9221%;\"><span style=\"font-size: 14pt; font-family: arial, helvetica, sans-serif;\"><span style=\"color: #000000;\">\u00a0<\/span><span style=\"color: #000000;\">Gi\u1ea3ng vi\u00ean<\/span><\/span><\/td>\n<\/tr>\n<tr>\n<td style=\"width: 74.3977%; text-align: center;\" colspan=\"3\"><span style=\"font-size: 14pt;\"><strong><span style=\"color: #000000;\">\u00a0B\u1ed9 m\u00f4n C\u01a1 b\u1ea3n<\/span><\/strong><\/span><\/td>\n<\/tr>\n<tr>\n<td style=\"width: 8.00478%; text-align: center;\"><span style=\"color: #000000; font-size: 14pt;\">18<\/span><\/td>\n<td style=\"width: 38.4707%;\"><span style=\"color: #000000; font-size: 14pt;\">\u00a0<strong>TS. Nguy\u1ec5n Phan Thu H\u1eb1ng<\/strong><\/span><\/td>\n<td style=\"width: 27.9221%;\"><span style=\"font-size: 14pt; color: #000000;\">\u00a0Tr\u01b0\u1edfng b\u1ed9 m\u00f4n<\/span><\/td>\n<\/tr>\n<tr>\n<td style=\"width: 8.00478%; text-align: center;\"><span style=\"color: #000000; font-size: 14pt;\">19<\/span><\/td>\n<td style=\"width: 38.4707%;\"><span style=\"color: #000000; font-size: 14pt;\">\u00a0TS. Nguy\u1ec5n Th\u1ecb Thanh B\u00ecnh<\/span><\/td>\n<td style=\"width: 27.9221%;\"><span style=\"font-size: 14pt; color: #000000;\">\u00a0\u00a0Gi\u1ea3ng vi\u00ean<\/span><\/td>\n<\/tr>\n<tr>\n<td style=\"width: 8.00478%; text-align: center;\"><span style=\"color: #000000; font-size: 14pt;\">20<\/span><\/td>\n<td style=\"width: 38.4707%;\"><span style=\"color: #000000; font-size: 14pt;\">\u00a0TS. Nguy\u1ec5n H\u1ea3i Ch\u00e2u<\/span><\/td>\n<td style=\"width: 27.9221%;\"><span style=\"font-size: 14pt; color: #000000;\">\u00a0\u00a0Gi\u1ea3ng vi\u00ean<\/span><\/td>\n<\/tr>\n<tr>\n<td style=\"width: 8.00478%; text-align: center;\"><span style=\"color: #000000; font-size: 14pt;\">21<\/span><\/td>\n<td style=\"width: 38.4707%;\"><span style=\"color: #000000; font-size: 14pt;\">\u00a0ThS. Tr\u1ea7n Nguy\u00ean An<\/span><\/td>\n<td style=\"width: 27.9221%;\"><span style=\"font-size: 14pt; color: #000000;\">\u00a0\u00a0Gi\u1ea3ng vi\u00ean<\/span><\/td>\n<\/tr>\n<tr>\n<td style=\"width: 8.00478%; text-align: center;\"><span style=\"color: #000000; font-size: 14pt;\">22<\/span><\/td>\n<td style=\"width: 38.4707%;\"><span style=\"color: #000000; font-size: 14pt;\">\u00a0ThS. Ph\u1ea1m Ng\u1ecdc Di\u1ec5m<\/span><\/td>\n<td style=\"width: 27.9221%;\"><span style=\"font-size: 14pt; color: #000000;\">\u00a0\u00a0Gi\u1ea3ng vi\u00ean<\/span><\/td>\n<\/tr>\n<tr>\n<td style=\"width: 8.00478%; text-align: center;\"><span style=\"color: #000000; font-size: 14pt;\">23<\/span><\/td>\n<td style=\"width: 38.4707%;\"><span style=\"font-size: 14pt; color: #000000;\">ThS. Nguy\u1ec5n H\u00e0 Minh<\/span><\/td>\n<td style=\"width: 27.9221%;\"><span style=\"font-size: 14pt; color: #000000;\">\u00a0\u00a0Gi\u1ea3ng vi\u00ean<\/span><\/td>\n<\/tr>\n<tr>\n<td style=\"width: 8.00478%; text-align: center;\"><span style=\"color: #000000; font-size: 14pt;\">24<\/span><\/td>\n<td style=\"width: 38.4707%;\"><span style=\"font-size: 14pt; color: #000000;\">ThS. Nguy\u1ec5n Tr\u1ea7n H\u00e0 My<\/span><\/td>\n<td style=\"width: 27.9221%;\"><span style=\"font-size: 14pt; color: #000000;\">\u00a0\u00a0Gi\u1ea3ng vi\u00ean<\/span><\/td>\n<\/tr>\n<tr>\n<td style=\"width: 8.00478%; text-align: center;\"><span style=\"color: #000000; font-size: 14pt;\">25<\/span><\/td>\n<td style=\"width: 38.4707%;\"><span style=\"font-size: 14pt; color: #000000;\">\u00a0NCS.ThS. L\u00ea \u0110\u00ecnh Nghi<\/span><\/td>\n<td style=\"width: 27.9221%;\"><span style=\"font-size: 14pt; color: #000000;\">\u00a0\u00a0Gi\u1ea3ng vi\u00ean<\/span><\/td>\n<\/tr>\n<tr>\n<td style=\"width: 8.00478%; text-align: center;\"><span style=\"color: #000000; font-size: 14pt;\">26<\/span><\/td>\n<td style=\"width: 38.4707%;\"><span style=\"font-size: 14pt; color: #000000;\">NCS.ThS. H\u1ed3 Xu\u00e2n Ti\u1ebfn<\/span><\/td>\n<td style=\"width: 27.9221%;\"><span style=\"font-size: 14pt; color: #000000;\">\u00a0\u00a0Gi\u1ea3ng vi\u00ean<\/span><\/td>\n<\/tr>\n<tr>\n<td style=\"width: 8.00478%; text-align: center;\"><span style=\"color: #000000; font-size: 14pt;\">27<\/span><\/td>\n<td style=\"width: 38.4707%;\"><span style=\"font-size: 14pt; color: #000000;\">\u00a0ThS. Ph\u1ea1m Ho\u00e0ng V\u01b0\u01a1ng<\/span><\/td>\n<td style=\"width: 27.9221%;\"><span style=\"font-size: 14pt; color: #000000;\">\u00a0\u00a0Gi\u1ea3ng vi\u00ean<\/span><\/td>\n<\/tr>\n<tr>\n<td style=\"width: 74.3977%; text-align: center;\" colspan=\"3\"><span style=\"font-size: 14pt; color: #000000;\"><strong>Chuy\u00ean Vi\u00ean Khoa<\/strong><\/span><\/td>\n<\/tr>\n<tr>\n<td style=\"width: 8.00478%; text-align: center;\"><span style=\"font-size: 14pt; color: #000000;\">28<\/span><\/td>\n<td style=\"width: 38.4707%;\"><span style=\"font-size: 14pt; color: #000000;\">ThS. Nguy\u1ec5n Th\u1ecb Thanh T\u00e2m<\/span><\/td>\n<td style=\"width: 27.9221%;\"><span style=\"font-size: 14pt; color: #000000;\">Chuy\u00ean vi\u00ean<\/span><\/td>\n<\/tr>\n<tr>\n<td style=\"width: 8.00478%; text-align: center;\"><span style=\"font-size: 14pt; color: #000000;\">29<\/span><\/td>\n<td style=\"width: 38.4707%;\"><span style=\"font-size: 14pt; color: #000000;\">\u00a0CH. Phan Ng\u1ecdc Th\u00e0nh<\/span><\/td>\n<td style=\"width: 27.9221%;\"><span style=\"font-size: 14pt; color: #000000;\">\u00a0Chuy\u00ean vi\u00ean<\/span><\/td>\n<\/tr>\n<tr>\n<td style=\"width: 8.00478%; text-align: center;\"><span style=\"font-size: 14pt; color: #000000;\">30<\/span><\/td>\n<td style=\"width: 38.4707%;\"><span style=\"font-size: 14pt; color: #000000;\">\u00a0ThS. Ph\u00f9 Qu\u1ed1c Quy<\/span><\/td>\n<td style=\"width: 27.9221%;\"><span style=\"font-size: 14pt; color: #000000;\">\u00a0Chuy\u00ean vi\u00ean<\/span><\/td>\n<\/tr>\n<\/tbody>\n<\/table>\n<p>&nbsp;<\/p>\n","protected":false},"excerpt":{"rendered":"<p>DANH S\u00c1CH C\u00c1N B\u1ed8 &#8211; GI\u1ea2NG VI\u00caN KHOA QU\u1ea2N TR\u1eca KINH DOANH STT C\u00e1n b\u1ed9 Gi\u1ea3ng Vi\u00ean \u00a0Ch\u1ee9c v\u1ee5 B\u1ed9 m\u00f4n Qu\u1ea3n tr\u1ecb v\u00e0 kinh doanh qu\u1ed1c t\u1ebf 1 \u00a0TS. L\u00ea Mai H\u1ea3i \u00a0Tr\u01b0\u1edfng b\u1ed9 m\u00f4n 2 \u00a0PGS. TS. B\u00f9i L\u00ea H\u00e0 \u00a0Gi\u1ea3ng vi\u00ean ch\u00ednh 3 TS. Nguy\u1ec5n Minh T\u00e2m \u00a0Gi\u1ea3ng vi\u00ean 4 \u00a0ThS. Nguy\u1ec5n Th\u1ecb [&hellip;]<\/p>\n","protected":false},"author":1,"featured_media":0,"parent":11876,"menu_order":0,"comment_status":"closed","ping_status":"closed","template":"side-navigation.php","meta":[],"jetpack_sharing_enabled":true,"jetpack_shortlink":"https:\/\/wp.me\/PdgjhW-3H5","_links":{"self":[{"href":"https:\/\/en.sgu.edu.vn\/vi\/wp-json\/wp\/v2\/pages\/14203"}],"collection":[{"href":"https:\/\/en.sgu.edu.vn\/vi\/wp-json\/wp\/v2\/pages"}],"about":[{"href":"https:\/\/en.sgu.edu.vn\/vi\/wp-json\/wp\/v2\/types\/page"}],"author":[{"embeddable":true,"href":"https:\/\/en.sgu.edu.vn\/vi\/wp-json\/wp\/v2\/users\/1"}],"replies":[{"embeddable":true,"href":"https:\/\/en.sgu.edu.vn\/vi\/wp-json\/wp\/v2\/comments?post=14203"}],"version-history":[{"count":5,"href":"https:\/\/en.sgu.edu.vn\/vi\/wp-json\/wp\/v2\/pages\/14203\/revisions"}],"predecessor-version":[{"id":17689,"href":"https:\/\/en.sgu.edu.vn\/vi\/wp-json\/wp\/v2\/pages\/14203\/revisions\/17689"}],"up":[{"embeddable":true,"href":"https:\/\/en.sgu.edu.vn\/vi\/wp-json\/wp\/v2\/pages\/11876"}],"wp:attachment":[{"href":"https:\/\/en.sgu.edu.vn\/vi\/wp-json\/wp\/v2\/media?parent=14203"}],"curies":[{"name":"wp","href":"https:\/\/api.w.org\/{rel}","templated":true}]}}