{"id":14210,"date":"2016-10-13T15:14:12","date_gmt":"2016-10-13T15:14:12","guid":{"rendered":"http:\/\/edupath.co\/?page_id=14210"},"modified":"2018-03-27T11:17:52","modified_gmt":"2018-03-27T04:17:52","slug":"thong-bao","status":"publish","type":"page","link":"https:\/\/en.sgu.edu.vn\/vi\/khoa-quan-tri-kinh-doanh\/thong-bao\/","title":{"rendered":"Th\u00f4ng B\u00e1o"},"content":{"rendered":"<p><span style=\"color: #000000; font-family: arial, helvetica, sans-serif;\"><span style=\"font-size: 18.6667px;\"><b>TH\u00d4NG TIN TUY\u1ec2N SINH 2018 C\u1ee6A NG\u00c0NH QU\u1ea2N TR\u1eca KINH DOANH<\/b><\/span><\/span><\/p>\n<ul style=\"list-style-type: disc;\">\n<li><span style=\"font-size: 14pt; font-family: arial, helvetica, sans-serif; color: #000000;\"><strong>M\u00e3 ng\u00e0nh: 7340101<\/strong><\/span><\/li>\n<li><span style=\"font-size: 14pt; font-family: arial, helvetica, sans-serif; color: #000000;\"><strong>T\u1ed5 h\u1ee3p x\u00e9t tuy\u1ec3n: V\u0103n, To\u00e1n, Anh v\u00e0 To\u00e1n, L\u00fd, Anh<\/strong><\/span><\/li>\n<li><span style=\"font-size: 14pt; font-family: arial, helvetica, sans-serif; color: #000000;\"><strong>M\u00f4n ch\u00ednh x\u00e9t tuy\u1ec3n (\u0111\u01b0\u1ee3c nh\u00e2n h\u1ec7 s\u1ed1 2): To\u00e1n<\/strong><\/span><\/li>\n<li><span style=\"font-size: 14pt; font-family: arial, helvetica, sans-serif; color: #000000;\"><strong>Ch\u1ec9 ti\u00eau tuy\u1ec3n sinh: 420<\/strong><\/span><\/li>\n<\/ul>\n<p><a href=\"https:\/\/drive.google.com\/file\/d\/0B9kqZVNdjss4VERYT0ZTbVF4ODhhcXFlbjV3SV9RZ0JET2dV\/view\" target=\"_blank\" rel=\"noopener\"><span style=\"font-family: arial, helvetica, sans-serif; font-size: 14pt;\">Xem th\u00f4ng tin chi ti\u1ebft h\u01a1n \u1edf \u0110\u1ec1 \u00e1n tuy\u1ec3n sinh n\u0103m 2018 c\u1ee7a Tr\u01b0\u1eddng \u0110\u1ea1i h\u1ecdc S\u00e0i G\u00f2n<\/span><\/a><\/p>\n","protected":false},"excerpt":{"rendered":"<p>TH\u00d4NG TIN TUY\u1ec2N SINH 2018 C\u1ee6A NG\u00c0NH QU\u1ea2N TR\u1eca KINH DOANH M\u00e3 ng\u00e0nh: 7340101 T\u1ed5 h\u1ee3p x\u00e9t tuy\u1ec3n: V\u0103n, To\u00e1n, Anh v\u00e0 To\u00e1n, L\u00fd, Anh M\u00f4n ch\u00ednh x\u00e9t tuy\u1ec3n (\u0111\u01b0\u1ee3c nh\u00e2n h\u1ec7 s\u1ed1 2): To\u00e1n Ch\u1ec9 ti\u00eau tuy\u1ec3n sinh: 420 Xem th\u00f4ng tin chi ti\u1ebft h\u01a1n \u1edf \u0110\u1ec1 \u00e1n tuy\u1ec3n sinh n\u0103m 2018 c\u1ee7a Tr\u01b0\u1eddng \u0110\u1ea1i [&hellip;]<\/p>\n","protected":false},"author":1,"featured_media":0,"parent":11876,"menu_order":0,"comment_status":"closed","ping_status":"closed","template":"side-navigation.php","meta":[],"jetpack_sharing_enabled":true,"jetpack_shortlink":"https:\/\/wp.me\/PdgjhW-3Hc","_links":{"self":[{"href":"https:\/\/en.sgu.edu.vn\/vi\/wp-json\/wp\/v2\/pages\/14210"}],"collection":[{"href":"https:\/\/en.sgu.edu.vn\/vi\/wp-json\/wp\/v2\/pages"}],"about":[{"href":"https:\/\/en.sgu.edu.vn\/vi\/wp-json\/wp\/v2\/types\/page"}],"author":[{"embeddable":true,"href":"https:\/\/en.sgu.edu.vn\/vi\/wp-json\/wp\/v2\/users\/1"}],"replies":[{"embeddable":true,"href":"https:\/\/en.sgu.edu.vn\/vi\/wp-json\/wp\/v2\/comments?post=14210"}],"version-history":[{"count":3,"href":"https:\/\/en.sgu.edu.vn\/vi\/wp-json\/wp\/v2\/pages\/14210\/revisions"}],"predecessor-version":[{"id":17701,"href":"https:\/\/en.sgu.edu.vn\/vi\/wp-json\/wp\/v2\/pages\/14210\/revisions\/17701"}],"up":[{"embeddable":true,"href":"https:\/\/en.sgu.edu.vn\/vi\/wp-json\/wp\/v2\/pages\/11876"}],"wp:attachment":[{"href":"https:\/\/en.sgu.edu.vn\/vi\/wp-json\/wp\/v2\/media?parent=14210"}],"curies":[{"name":"wp","href":"https:\/\/api.w.org\/{rel}","templated":true}]}}