{"id":14214,"date":"2016-10-13T15:23:23","date_gmt":"2016-10-13T15:23:23","guid":{"rendered":"http:\/\/edupath.co\/?page_id=14214"},"modified":"2018-03-27T11:43:04","modified_gmt":"2018-03-27T04:43:04","slug":"thong-bao-sv","status":"publish","type":"page","link":"https:\/\/en.sgu.edu.vn\/vi\/khoa-quan-tri-kinh-doanh\/thong-bao\/thong-bao-sv\/","title":{"rendered":"Th\u00f4ng B\u00e1o SV"},"content":{"rendered":"<p>[\u0110ang ch\u1edd c\u1eadp nh\u1eadt]<\/p>\n","protected":false},"excerpt":{"rendered":"<p>[\u0110ang ch\u1edd c\u1eadp nh\u1eadt]<\/p>\n","protected":false},"author":1,"featured_media":0,"parent":14210,"menu_order":0,"comment_status":"closed","ping_status":"closed","template":"side-navigation.php","meta":[],"jetpack_sharing_enabled":true,"jetpack_shortlink":"https:\/\/wp.me\/PdgjhW-3Hg","_links":{"self":[{"href":"https:\/\/en.sgu.edu.vn\/vi\/wp-json\/wp\/v2\/pages\/14214"}],"collection":[{"href":"https:\/\/en.sgu.edu.vn\/vi\/wp-json\/wp\/v2\/pages"}],"about":[{"href":"https:\/\/en.sgu.edu.vn\/vi\/wp-json\/wp\/v2\/types\/page"}],"author":[{"embeddable":true,"href":"https:\/\/en.sgu.edu.vn\/vi\/wp-json\/wp\/v2\/users\/1"}],"replies":[{"embeddable":true,"href":"https:\/\/en.sgu.edu.vn\/vi\/wp-json\/wp\/v2\/comments?post=14214"}],"version-history":[{"count":2,"href":"https:\/\/en.sgu.edu.vn\/vi\/wp-json\/wp\/v2\/pages\/14214\/revisions"}],"predecessor-version":[{"id":17704,"href":"https:\/\/en.sgu.edu.vn\/vi\/wp-json\/wp\/v2\/pages\/14214\/revisions\/17704"}],"up":[{"embeddable":true,"href":"https:\/\/en.sgu.edu.vn\/vi\/wp-json\/wp\/v2\/pages\/14210"}],"wp:attachment":[{"href":"https:\/\/en.sgu.edu.vn\/vi\/wp-json\/wp\/v2\/media?parent=14214"}],"curies":[{"name":"wp","href":"https:\/\/api.w.org\/{rel}","templated":true}]}}