{"id":14222,"date":"2016-10-13T15:27:24","date_gmt":"2016-10-13T15:27:24","guid":{"rendered":"http:\/\/edupath.co\/?page_id=14222"},"modified":"2018-03-27T10:56:05","modified_gmt":"2018-03-27T03:56:05","slug":"doan-the","status":"publish","type":"page","link":"https:\/\/en.sgu.edu.vn\/vi\/khoa-quan-tri-kinh-doanh\/doan-the\/","title":{"rendered":"\u0110o\u00e0n Th\u1ec3"},"content":{"rendered":"<p><span style=\"font-family: arial, helvetica, sans-serif; font-size: 14pt; color: #000000;\">Bao g\u1ed3m :<\/span><\/p>\n<ul style=\"list-style-type: circle;\">\n<li style=\"padding-left: 30px;\"><span style=\"font-family: arial, helvetica, sans-serif; font-size: 14pt; color: #000000;\"><a style=\"color: #000000;\" href=\"http:\/\/en.sgu.edu.vn\/khoa-quan-tri-kinh-doanh\/doan-the\/cong-doan\/\" target=\"_blank\" rel=\"noopener\">C\u00f4ng \u0111o\u00e0n<\/a><\/span><\/li>\n<li style=\"padding-left: 30px;\"><span style=\"font-family: arial, helvetica, sans-serif; font-size: 14pt; color: #000000;\">\u0110o\u00e0n Thanh ni\u00ean &#8211; H\u1ed9i sinh vi\u00ean<\/span><\/li>\n<li style=\"padding-left: 30px;\"><span style=\"font-family: arial, helvetica, sans-serif; font-size: 14pt; color: #000000;\">H\u1ed9i c\u1ef1u sinh vi\u00ean<\/span><\/li>\n<\/ul>\n","protected":false},"excerpt":{"rendered":"<p>Bao g\u1ed3m : C\u00f4ng \u0111o\u00e0n \u0110o\u00e0n Thanh ni\u00ean &#8211; H\u1ed9i sinh vi\u00ean H\u1ed9i c\u1ef1u sinh vi\u00ean<\/p>\n","protected":false},"author":1,"featured_media":0,"parent":11876,"menu_order":0,"comment_status":"closed","ping_status":"closed","template":"side-navigation.php","meta":[],"jetpack_sharing_enabled":true,"jetpack_shortlink":"https:\/\/wp.me\/PdgjhW-3Ho","_links":{"self":[{"href":"https:\/\/en.sgu.edu.vn\/vi\/wp-json\/wp\/v2\/pages\/14222"}],"collection":[{"href":"https:\/\/en.sgu.edu.vn\/vi\/wp-json\/wp\/v2\/pages"}],"about":[{"href":"https:\/\/en.sgu.edu.vn\/vi\/wp-json\/wp\/v2\/types\/page"}],"author":[{"embeddable":true,"href":"https:\/\/en.sgu.edu.vn\/vi\/wp-json\/wp\/v2\/users\/1"}],"replies":[{"embeddable":true,"href":"https:\/\/en.sgu.edu.vn\/vi\/wp-json\/wp\/v2\/comments?post=14222"}],"version-history":[{"count":3,"href":"https:\/\/en.sgu.edu.vn\/vi\/wp-json\/wp\/v2\/pages\/14222\/revisions"}],"predecessor-version":[{"id":17696,"href":"https:\/\/en.sgu.edu.vn\/vi\/wp-json\/wp\/v2\/pages\/14222\/revisions\/17696"}],"up":[{"embeddable":true,"href":"https:\/\/en.sgu.edu.vn\/vi\/wp-json\/wp\/v2\/pages\/11876"}],"wp:attachment":[{"href":"https:\/\/en.sgu.edu.vn\/vi\/wp-json\/wp\/v2\/media?parent=14222"}],"curies":[{"name":"wp","href":"https:\/\/api.w.org\/{rel}","templated":true}]}}