{"id":14251,"date":"2016-10-13T15:55:51","date_gmt":"2016-10-13T15:55:51","guid":{"rendered":"http:\/\/edupath.co\/?page_id=14251"},"modified":"2018-03-29T12:27:50","modified_gmt":"2018-03-29T05:27:50","slug":"hinh-anh-su-kien","status":"publish","type":"page","link":"https:\/\/en.sgu.edu.vn\/vi\/khoa-quan-tri-kinh-doanh\/hinh-anh-su-kien\/","title":{"rendered":"H\u00ecnh \u1ea2nh S\u1ef1 Ki\u1ec7n"},"content":{"rendered":"<p><span style=\"font-family: arial, helvetica, sans-serif; font-size: 14pt; color: #000000;\"><b>K\u1ec9 ni\u1ec7m 45 n\u0103m ng\u00e0y th\u00e0nh l\u1eadp Tr\u01b0\u1eddng v\u00e0 ng\u00e0y nh\u00e0 gi\u00e1o Vi\u1ec7t Nam 20 &#8211; 11<\/b><\/span><\/p>\n<p><img decoding=\"async\" loading=\"lazy\" class=\"aligncenter wp-image-17714 size-800\" src=\"http:\/\/en.sgu.edu.vn\/wp-content\/uploads\/2018\/03\/Screen-Shot-2018-03-27-at-11.46.50-AM-800x449.png\" alt=\"\" width=\"800\" height=\"449\" srcset=\"https:\/\/en.sgu.edu.vn\/wp-content\/uploads\/2018\/03\/Screen-Shot-2018-03-27-at-11.46.50-AM-200x112.png 200w, https:\/\/en.sgu.edu.vn\/wp-content\/uploads\/2018\/03\/Screen-Shot-2018-03-27-at-11.46.50-AM-300x168.png 300w, https:\/\/en.sgu.edu.vn\/wp-content\/uploads\/2018\/03\/Screen-Shot-2018-03-27-at-11.46.50-AM-400x224.png 400w, https:\/\/en.sgu.edu.vn\/wp-content\/uploads\/2018\/03\/Screen-Shot-2018-03-27-at-11.46.50-AM-600x337.png 600w, https:\/\/en.sgu.edu.vn\/wp-content\/uploads\/2018\/03\/Screen-Shot-2018-03-27-at-11.46.50-AM-768x431.png 768w, https:\/\/en.sgu.edu.vn\/wp-content\/uploads\/2018\/03\/Screen-Shot-2018-03-27-at-11.46.50-AM-800x449.png 800w, https:\/\/en.sgu.edu.vn\/wp-content\/uploads\/2018\/03\/Screen-Shot-2018-03-27-at-11.46.50-AM.png 861w\" sizes=\"(max-width: 800px) 100vw, 800px\" \/><\/p>\n<p><span style=\"font-family: arial, helvetica, sans-serif; font-size: 14pt; color: #000000;\"><strong>C\u00e1c Th\u1ea7y C\u00f4 khoa QTKD \u201c\u0110\u1ed3ng h\u00e0nh c\u00f9ng Sinh vi\u00ean \u0111\u00f3n T\u1ebft 2018<\/strong><\/span><\/p>\n<p><img decoding=\"async\" class=\"aligncenter wp-image-17714 size-800\" src=\"https:\/\/lh3.googleusercontent.com\/j7QrE7ndDcbLZOYqtsleidXwQW1WEvpOrXnsHbC0iQznG9C_s1ntMSJxsyqCxU7tdveSYDmYTJ5Mr0X_uu3e1gwpNTijIAvXSyC_hg_6DeE8IMlIodzSYE-1SYN45NA-Jhyvr5NECesCNgb4botqRnmb-2udeAGZRgBfPiL-G7WqsxXTW9TmBfrRYG86cJPFpoY9Lib99tJY6gKl_0ER6vw-e6lTGw3KM1B8m1lCKL4qJzXjYCYAzG9B4yc1Aw3EhPRri77bEu9wOpQYEeigv2Yj4TcWOxVKzQo58xdcQccAYrutmcclh5xfXa2qILFb7ZWVKNDOhDAd6-sVprEOmsI4L4G6Ave_5o1VsiN5CioMLXHo-S7mZOYpqTgH6zJcnTkab5r3DIG4zCVgjW3NJ5RcW1ujh2G5wa9lsrLF4dakngzmhYyLgyrK9uPCSxtAKbS4-zW2tfXqiL96sq2L6eU6pCzjgDPPa9zvERi24FTlAHP_PoHiR2ZMTwh4Ygc4eksPGQ5xjo-rXHsCxUOCdZJAd8D_ysPANNBdSfJf1h8gx7qdVRV9b2m8vY3ieNhR635w-5Og2VOhD7sJ7IFtinAj0bNquP309XV2ZcLeDWRHOqCI552HfbQfX0AaDds7ZZLXL6tDg9O9cNziPiGspOafSB1UwRD6=w996-h695-no\" alt=\"\" width=\"800\" \/><\/p>\n<p><span style=\"color: #000000;\"><strong>KHOA QU\u1ea2N TR\u1eca KINH DOANH CH\u00c0O M\u1eeaNG NG\u00c0Y 08\/03\/18<\/strong><\/span><\/p>\n<p><img decoding=\"async\" class=\"aligncenter wp-image-17714 size-800\" src=\"https:\/\/lh3.googleusercontent.com\/QCQfOyTvCAaDslNewapItOWD8LmC7bl1arRK0Oh5N0Ju6eLpQT7BVOPlhjDHTX46oqqCDQHqYv38BfJR889tSSMlmmsXju29Bd05yFzY_jG6Hc44oKOF3yH7U_kadJ6B6t-ILAESPdmhzvS7oWvwGiyupIU_lO69a_NmScPB4Q1MnImiYAWAZBEXLwcsSUNVkdwsVPCYY7AiYc4mx72-gZhxMRA6_lyvB23iQMSMoRfCTNsXJbwR28qS2GMHvpE15IwJDe0IARDnBklzQimiwbrWC5jK79-SSzdiLqDQI-ZAOpBDGhvRHxcVBY5ToNsnitX6Yw07Yu3a0HQpwDIgmB_NrgX_0Xjr4kgcAGZHAFeZSbM6_e2DwnEXEKTAAfB14XfgVf3TfgydwmN6oJ0GWw_m4U9Snsja1k6o-I9CxGBZf9LZaWJFedPgdCvO1vP7Qu8TEirrqOHUiPgzsYwXCKX8-RM5LQQAP2zmHyMG1gnnEUVPqY7ttIcVvS2EpdyZ7ybR-gfs-1HOP15tG_e2WZb9JMnQriFM6ep-OMkZyOO70pIVptAqkEJJV0uusXGeYMaGQjCiIQqdBpj5pU0pXc0Ziqn9PYY2Mp23v6k=w354-h257-no\" alt=\"\" width=\"800\" \/><\/p>\n<p>&nbsp;<\/p>\n","protected":false},"excerpt":{"rendered":"<p>K\u1ec9 ni\u1ec7m 45 n\u0103m ng\u00e0y th\u00e0nh l\u1eadp Tr\u01b0\u1eddng v\u00e0 ng\u00e0y nh\u00e0 gi\u00e1o Vi\u1ec7t Nam 20 &#8211; 11 C\u00e1c Th\u1ea7y C\u00f4 khoa QTKD \u201c\u0110\u1ed3ng h\u00e0nh c\u00f9ng Sinh vi\u00ean \u0111\u00f3n T\u1ebft 2018 KHOA QU\u1ea2N TR\u1eca KINH DOANH CH\u00c0O M\u1eeaNG NG\u00c0Y 08\/03\/18 &nbsp;<\/p>\n","protected":false},"author":1,"featured_media":0,"parent":11876,"menu_order":0,"comment_status":"closed","ping_status":"closed","template":"side-navigation.php","meta":[],"jetpack_sharing_enabled":true,"jetpack_shortlink":"https:\/\/wp.me\/PdgjhW-3HR","_links":{"self":[{"href":"https:\/\/en.sgu.edu.vn\/vi\/wp-json\/wp\/v2\/pages\/14251"}],"collection":[{"href":"https:\/\/en.sgu.edu.vn\/vi\/wp-json\/wp\/v2\/pages"}],"about":[{"href":"https:\/\/en.sgu.edu.vn\/vi\/wp-json\/wp\/v2\/types\/page"}],"author":[{"embeddable":true,"href":"https:\/\/en.sgu.edu.vn\/vi\/wp-json\/wp\/v2\/users\/1"}],"replies":[{"embeddable":true,"href":"https:\/\/en.sgu.edu.vn\/vi\/wp-json\/wp\/v2\/comments?post=14251"}],"version-history":[{"count":12,"href":"https:\/\/en.sgu.edu.vn\/vi\/wp-json\/wp\/v2\/pages\/14251\/revisions"}],"predecessor-version":[{"id":17720,"href":"https:\/\/en.sgu.edu.vn\/vi\/wp-json\/wp\/v2\/pages\/14251\/revisions\/17720"}],"up":[{"embeddable":true,"href":"https:\/\/en.sgu.edu.vn\/vi\/wp-json\/wp\/v2\/pages\/11876"}],"wp:attachment":[{"href":"https:\/\/en.sgu.edu.vn\/vi\/wp-json\/wp\/v2\/media?parent=14251"}],"curies":[{"name":"wp","href":"https:\/\/api.w.org\/{rel}","templated":true}]}}