{"id":15296,"date":"2016-12-05T13:49:27","date_gmt":"2016-12-05T06:49:27","guid":{"rendered":"http:\/\/en.sgu.edu.vn\/?page_id=15296"},"modified":"2020-11-14T22:15:22","modified_gmt":"2020-11-14T15:15:22","slug":"bao-cao-tu-danh-gia-2016","status":"publish","type":"page","link":"https:\/\/en.sgu.edu.vn\/vi\/bao-cao-tu-danh-gia-2016\/","title":{"rendered":"B\u00e1o c\u00e1o t\u1ef1 \u0111\u00e1nh gi\u00e1 n\u0103m 2016"},"content":{"rendered":"<p><iframe loading=\"lazy\" class=\"uyd-embedded\" style=\"width: 100%;\" src=\"https:\/\/drive.google.com\/file\/d\/0B4edcN1FnQYBRnhVaHZ1QmZ6NzA\/preview\" width=\"680\" height=\"480\" frameborder=\"0\" scrolling=\"yes\" allowfullscreen=\"allowfullscreen\"><\/iframe><\/p>\n","protected":false},"excerpt":{"rendered":"","protected":false},"author":5,"featured_media":0,"parent":0,"menu_order":0,"comment_status":"closed","ping_status":"closed","template":"","meta":[],"jetpack_sharing_enabled":true,"jetpack_shortlink":"https:\/\/wp.me\/PdgjhW-3YI","_links":{"self":[{"href":"https:\/\/en.sgu.edu.vn\/vi\/wp-json\/wp\/v2\/pages\/15296"}],"collection":[{"href":"https:\/\/en.sgu.edu.vn\/vi\/wp-json\/wp\/v2\/pages"}],"about":[{"href":"https:\/\/en.sgu.edu.vn\/vi\/wp-json\/wp\/v2\/types\/page"}],"author":[{"embeddable":true,"href":"https:\/\/en.sgu.edu.vn\/vi\/wp-json\/wp\/v2\/users\/5"}],"replies":[{"embeddable":true,"href":"https:\/\/en.sgu.edu.vn\/vi\/wp-json\/wp\/v2\/comments?post=15296"}],"version-history":[{"count":4,"href":"https:\/\/en.sgu.edu.vn\/vi\/wp-json\/wp\/v2\/pages\/15296\/revisions"}],"predecessor-version":[{"id":21745,"href":"https:\/\/en.sgu.edu.vn\/vi\/wp-json\/wp\/v2\/pages\/15296\/revisions\/21745"}],"wp:attachment":[{"href":"https:\/\/en.sgu.edu.vn\/vi\/wp-json\/wp\/v2\/media?parent=15296"}],"curies":[{"name":"wp","href":"https:\/\/api.w.org\/{rel}","templated":true}]}}