{"id":15322,"date":"2016-12-09T10:34:19","date_gmt":"2016-12-09T03:34:19","guid":{"rendered":"http:\/\/en.sgu.edu.vn\/?page_id=15322"},"modified":"2020-11-13T21:04:39","modified_gmt":"2020-11-13T14:04:39","slug":"cong-bo-chuan-dau-ra","status":"publish","type":"page","link":"https:\/\/en.sgu.edu.vn\/vi\/cong-bo-chuan-dau-ra\/","title":{"rendered":"C\u00f4ng b\u1ed1 chu\u1ea9n \u0111\u1ea7u ra c\u00e1c ng\u00e0nh \u0111\u00e0o t\u1ea1o"},"content":{"rendered":"<div class=\"fusion-fullwidth fullwidth-box hundred-percent-fullwidth non-hundred-percent-height-scrolling\"  style='background-color: #ffffff;background-position: center center;background-repeat: no-repeat;padding-top:0px;padding-right:0px;padding-bottom:0px;padding-left:0px;'><div class=\"fusion-builder-row fusion-row \"><div  class=\"fusion-layout-column fusion_builder_column fusion_builder_column_1_1  fusion-one-full fusion-column-first fusion-column-last 1_1\"  style='margin-top:0px;margin-bottom:20px;'>\n\t\t\t\t\t<div class=\"fusion-column-wrapper\" style=\"background-position:left top;background-repeat:no-repeat;-webkit-background-size:cover;-moz-background-size:cover;-o-background-size:cover;background-size:cover;\"  data-bg-url=\"\">\n\t\t\t\t\t\t<div class=\"fusion-text\"><h1 style=\"text-align: center;\"><span style=\"color: #0000ff;\">C\u00d4NG B\u1ed0 CHU\u1ea8N \u0110\u1ea6U RA C\u00c1C NG\u00c0NH \u0110\u00c0O T\u1ea0O<\/span><\/h1>\n<p>&nbsp;<\/p>\n<h3>Th\u1ef1c hi\u1ec7n th\u00f4ng t\u01b0 s\u1ed1 2196\/BGD\u0110T-GD\u0110H ng\u00e0y 22\/04\/2010 c\u1ee7a B\u1ed9 tr\u01b0\u1edfng B\u1ed9 GD\u0110T v\u1ec1 h\u01b0\u1edbng d\u1eabn x\u00e2y d\u1ef1ng v\u00e0 c\u00f4ng b\u1ed1 chu\u1ea9n \u0111\u1ea7u ra ng\u00e0nh \u0111\u00e0o t\u1ea1o; ch\u1ec9 th\u1ecb 4713\/CT-BGD\u0110T c\u1ee7a B\u1ed9 tr\u01b0\u1edfng B\u1ed9 Gi\u00e1o d\u1ee5c, ng\u00e0y 19\/10\/2010 v\u1ec1 nhi\u1ec7m v\u1ee5 tr\u1ecdng t\u00e2m gi\u00e1o d\u1ee5c \u0111\u1ea1i h\u1ecdc n\u0103m h\u1ecdc 2010 \u2013 2011.<\/h3>\n<h3>Tr\u01b0\u1eddng \u0110\u1ea1i h\u1ecdc S\u00e0i G\u00f2n ti\u1ebfp t\u1ee5c tri\u1ec3n khai nhi\u1ec7m v\u1ee5 <strong>&#8220;Ti\u1ebfp t\u1ee5c \u0111\u1ed5i m\u1edbi qu\u1ea3n l\u00fd v\u00e0 n\u00e2ng cao ch\u1ea5t l\u01b0\u1ee3ng gi\u00e1o d\u1ee5c&#8221;, <\/strong>Tr\u01b0\u1eddng \u0111\u00e3 ti\u1ebfn h\u00e0nh x\u00e2y d\u1ef1ng chu\u1ea9n \u0111\u1ea7u ra v\u00e0 c\u00f4ng b\u1ed1 chu\u1ea9n \u0111\u1ea7u ra v\u1edbi m\u1ee5c ti\u00eau:<\/h3>\n<ul>\n<li>\n<h3>C\u00f4ng khai v\u1edbi x\u00e3 h\u1ed9i v\u1ec1 n\u0103ng l\u1ef1c \u0111\u00e0o t\u1ea1o v\u00e0 c\u00e1c \u0111i\u1ec1u ki\u1ec7n \u0111\u1ea3m b\u1ea3o ch\u1ea5t l\u01b0\u1ee3ng c\u1ee7a tr\u01b0\u1eddng \u0111\u1ec3: Ng\u01b0\u1eddi h\u1ecdc, ph\u1ee5 huynh, nh\u00e0 tuy\u1ec3n d\u1ee5ng bi\u1ebft v\u00e0 gi\u00e1m s\u00e1t; Th\u1ef1c hi\u1ec7n nh\u1eefng cam k\u1ebft c\u1ee7a nh\u00e0 tr\u01b0\u1eddng v\u1edbi x\u00e3 h\u1ed9i v\u1ec1 ch\u1ea5t l\u01b0\u1ee3ng \u0111\u00e0o t\u1ea1o \u0111\u1ec3 c\u00e1n b\u1ed9 qu\u1ea3n l\u00fd, gi\u1ea3ng vi\u00ean v\u00e0 ng\u01b0\u1eddi h\u1ecdc n\u1ed7 l\u1ef1c v\u01b0\u01a1n l\u00ean trong gi\u1ea3ng d\u1ea1y v\u00e0 h\u1ecdc t\u1eadp; \u0110\u1ed5i m\u1edbi c\u00f4ng t\u00e1c qu\u1ea3n l\u00fd \u0111\u00e0o t\u1ea1o, \u0111\u1ed5i m\u1edbi ph\u01b0\u01a1ng ph\u00e1p gi\u1ea3ng d\u1ea1y, ph\u01b0\u01a1ng ph\u00e1p ki\u1ec3m tra \u0111\u00e1nh gi\u00e1 v\u00e0 \u0111\u1ed5i m\u1edbi ph\u01b0\u01a1ng ph\u01b0\u01a1ng ph\u00e1p h\u1ecdc t\u1eadp; \u0111\u1ed3ng th\u1eddi, x\u00e1c \u0111\u1ecbnh r\u00f5 ngh\u0129a v\u1ee5 v\u00e0 n\u00e2ng cao tr\u00e1ch nhi\u1ec7m c\u1ee7a \u0111\u1ed9i ng\u0169 c\u00e1n b\u1ed9 qu\u1ea3n l\u00fd, gi\u1ea3ng vi\u00ean trong c\u00e1c ho\u1ea1t \u0111\u1ed9ng gi\u1ea3ng d\u1ea1y, ph\u1ee5c v\u1ee5 gi\u1ea3ng d\u1ea1y v\u00e0 qu\u1ea3n l\u00fd nh\u1eb1m gi\u00fap ng\u01b0\u1eddi h\u1ecdc v\u01b0\u01a1n l\u00ean trong h\u1ecdc t\u1eadp v\u00e0 t\u1ef1 h\u1ecdc \u0111\u1ec3 \u0111\u1ea1t chu\u1ea9n \u0111\u1ea7u ra.<\/h3>\n<\/li>\n<li>\n<h3>C\u00f4ng khai \u0111\u1ec3 ng\u01b0\u1eddi h\u1ecdc bi\u1ebft \u0111\u01b0\u1ee3c c\u00e1c ki\u1ebfn th\u1ee9c s\u1ebd \u0111\u01b0\u1ee3c trang b\u1ecb sau khi t\u1ed1t nghi\u1ec7p m\u1ed9t chuy\u00ean ng\u00e0nh, m\u1ed9t tr\u00ecnh \u0111\u1ed9 v\u1ec1 chu\u1ea9n n\u0103ng l\u1ef1c ngh\u1ec1 nghi\u1ec7p, v\u1ec1 ki\u1ebfn th\u1ee9c chuy\u00ean m\u00f4n, k\u1ef9 n\u0103ng th\u1ef1c h\u00e0nh, kh\u1ea3 n\u0103ng nh\u1eadn th\u1ee9c v\u00e0 gi\u1ea3i quy\u1ebft v\u1ea5n \u0111\u1ec1, c\u00f4ng vi\u1ec7c m\u00e0 ng\u01b0\u1eddi h\u1ecdc c\u00f3 th\u1ec3 \u0111\u1ea3m nh\u1eadn sau khi t\u1ed1t nghi\u1ec7p<\/h3>\n<\/li>\n<li>\n<h3>T\u1ea1o c\u01a1 h\u1ed9i t\u0103ng c\u01b0\u1eddng h\u1ee3p t\u00e1c, g\u1eafn k\u1ebft gi\u1eefa nh\u00e0 tr\u01b0\u1eddng v\u00e0 doanh nghi\u1ec7p trong \u0111\u00e0o t\u1ea1o v\u00e0 s\u1eed d\u1ee5ng nh\u00e2n l\u1ef1c cho x\u00e3 h\u1ed9i, \u0111\u00e1p \u1ee9ng y\u00eau c\u1ea7u c\u1ee7a c\u00e1c nh\u00e0 s\u1eed d\u1ee5ng lao \u0111\u1ed9ng.<\/h3>\n<\/li>\n<\/ul>\n<\/div><div class=\"fusion-tabs fusion-tabs-1 classic horizontal-tabs icon-position-left\"><style type=\"text\/css\">.fusion-tabs.fusion-tabs-1 .nav-tabs li a{border-top-color:#f1f2f2;background-color:#f1f2f2;}.fusion-tabs.fusion-tabs-1 .nav-tabs{background-color:#ffffff;}.fusion-tabs.fusion-tabs-1 .nav-tabs li.active a,.fusion-tabs.fusion-tabs-1 .nav-tabs li.active a:hover,.fusion-tabs.fusion-tabs-1 .nav-tabs li.active a:focus{border-right-color:#ffffff;}.fusion-tabs.fusion-tabs-1 .nav-tabs li.active a,.fusion-tabs.fusion-tabs-1 .nav-tabs li.active a:hover,.fusion-tabs.fusion-tabs-1 .nav-tabs li.active a:focus{background-color:#ffffff;}.fusion-tabs.fusion-tabs-1 .nav-tabs li a:hover{background-color:#ffffff;border-top-color:#ffffff;}.fusion-tabs.fusion-tabs-1 .tab-pane{background-color:#ffffff;}.fusion-tabs.fusion-tabs-1 .nav,.fusion-tabs.fusion-tabs-1 .nav-tabs,.fusion-tabs.fusion-tabs-1 .tab-content .tab-pane{border-color:#ebeaea;}<\/style><div class=\"nav\"><ul class=\"nav-tabs nav-justified\"><li class=\"active\"><a class=\"tab-link\" data-toggle=\"tab\" id=\"fusion-tab-sau\u0110\u1ea0ih\u1eccc\" href=\"#tab-2f7341100709dd56321\"><h4 class=\"fusion-tab-heading\">SAU \u0110\u1ea0I H\u1eccC<\/h4><\/a><\/li><li><a class=\"tab-link\" data-toggle=\"tab\" id=\"fusion-tab-\u0110\u1ea0ih\u1eccc\" href=\"#tab-56c7ccb7b1ab7cfec1d\"><h4 class=\"fusion-tab-heading\">\u0110\u1ea0I H\u1eccC<\/h4><\/a><\/li><li><a class=\"tab-link\" data-toggle=\"tab\" id=\"fusion-tab-cao\u0110\u1eb2ng\" href=\"#tab-bdd6014a9c92be60ad0\"><h4 class=\"fusion-tab-heading\">CAO \u0110\u1eb2NG<\/h4><\/a><\/li><li><a class=\"tab-link\" data-toggle=\"tab\" id=\"fusion-tab-vlvh\" href=\"#tab-989a6795c66f6bb34f0\"><h4 class=\"fusion-tab-heading\">VLVH<\/h4><\/a><\/li><\/ul><\/div><div class=\"tab-content\"><div class=\"nav fusion-mobile-tab-nav\"><ul class=\"nav-tabs nav-justified\"><li class=\"active\"><a class=\"tab-link\" data-toggle=\"tab\" id=\"mobile-fusion-tab-sau\u0110\u1ea0ih\u1eccc\" href=\"#tab-2f7341100709dd56321\"><h4 class=\"fusion-tab-heading\">SAU \u0110\u1ea0I H\u1eccC<\/h4><\/a><\/li><\/ul><\/div><div class=\"tab-pane fade in active\" id=\"tab-2f7341100709dd56321\">\n<h3><span style=\"color: #0000ff;\"><a style=\"color: #0000ff;\" href=\"https:\/\/drive.google.com\/file\/d\/0B4edcN1FnQYBYzlzZmVIV3MzTWM\/view?usp=sharing\" target=\"_blank\" rel=\"noopener noreferrer\">Xem chu\u1ea9n \u0111\u1ea7u ra 11 chuy\u00ean ng\u00e0nh \u0111\u00e0o t\u1ea1o Th\u1ea1c s\u0129<\/a><\/span><\/h3>\n<ul>\n<li>\n<h3><a href=\"https:\/\/drive.google.com\/file\/d\/0B4edcN1FnQYBRW16Z0F1Zkw0MG8\/view?usp=sharing\" target=\"_blank\" rel=\"noopener noreferrer\">Chuy\u00ean ng\u00e0nh To\u00e1n gi\u1ea3i t\u00edch<\/a><\/h3>\n<\/li>\n<li>\n<h3><a href=\"https:\/\/drive.google.com\/file\/d\/0B4edcN1FnQYBbTh2M3BYTENfaGs\/view?usp=sharing\" target=\"_blank\" rel=\"noopener noreferrer\">Chuy\u00ean ng\u00e0nh Ng\u00f4n ng\u1eef h\u1ecdc<\/a><\/h3>\n<\/li>\n<li>\n<h3><a href=\"https:\/\/drive.google.com\/file\/d\/0B4edcN1FnQYBVHAwZE9MMFdGNzQ\/view?usp=sharing\" target=\"_blank\" rel=\"noopener noreferrer\">Chuy\u00ean ng\u00e0nh T\u00e0i ch\u00ednh &#8211; Ng\u00e2n h\u00e0ng<\/a><\/h3>\n<\/li>\n<li>\n<h3><a href=\"https:\/\/drive.google.com\/file\/d\/0B4edcN1FnQYBc2VnQVpRclJsbkE\/view?usp=sharing\" target=\"_blank\" rel=\"noopener noreferrer\">Chuy\u00ean ng\u00e0nh V\u0103n h\u1ecdc Vi\u1ec7t Nam<\/a><\/h3>\n<\/li>\n<li>\n<h3><a href=\"https:\/\/drive.google.com\/file\/d\/0B4edcN1FnQYBT1FQd1EtU2VYZEE\/view?usp=sharing\" target=\"_blank\" rel=\"noopener noreferrer\">Chuy\u00ean ng\u00e0nh L\u1ecbch s\u1eed Vi\u1ec7t Nam<\/a><\/h3>\n<\/li>\n<li>\n<h3><a href=\"https:\/\/drive.google.com\/file\/d\/0B4edcN1FnQYBREd4M2lPQTRsQWs\/view?usp=sharing\" target=\"_blank\" rel=\"noopener noreferrer\">Chuy\u00ean ng\u00e0nh Ho\u00e1 h\u1eefu c\u01a1<\/a><\/h3>\n<\/li>\n<li>\n<h3><a href=\"https:\/\/drive.google.com\/file\/d\/0B4edcN1FnQYBSlIwQWhiUEtLQ1U\/view?usp=sharing\" target=\"_blank\" rel=\"noopener noreferrer\">Chuy\u00ean ng\u00e0nh Qu\u1ea3n tr\u1ecb kinh doanh<\/a><\/h3>\n<\/li>\n<li>\n<h3><a href=\"https:\/\/drive.google.com\/file\/d\/0B4edcN1FnQYBUmRvaXBEbVZSTTA\/view?usp=sharing\" target=\"_blank\" rel=\"noopener noreferrer\">Chuy\u00ean ng\u00e0nh L\u00ed lu\u1eadn v\u00e0 ph\u01b0\u01a1ng ph\u00e1p d\u1ea1y h\u1ecdc b\u1ed9 m\u00f4n To\u00e1n<\/a><\/h3>\n<\/li>\n<li>\n<h3><a href=\"https:\/\/drive.google.com\/file\/d\/0B4edcN1FnQYBc0hncXlIZWotU0k\/view?usp=sharing\" target=\"_blank\" rel=\"noopener noreferrer\">Chuy\u00ean ng\u00e0nh Khoa h\u1ecdc m\u00e1y t\u00ednh<\/a><\/h3>\n<\/li>\n<li>\n<h3><a href=\"https:\/\/drive.google.com\/file\/d\/0B4edcN1FnQYBMzNubTlrT2x0NlU\/view?usp=sharing\" target=\"_blank\" rel=\"noopener noreferrer\">Chuy\u00ean ng\u00e0nh Ho\u00e1 l\u00ed thuy\u1ebft v\u00e0 ho\u00e1 l\u00ed<\/a><\/h3>\n<\/li>\n<\/ul>\n<\/div><div class=\"nav fusion-mobile-tab-nav\"><ul class=\"nav-tabs nav-justified\"><li><a class=\"tab-link\" data-toggle=\"tab\" id=\"mobile-fusion-tab-\u0110\u1ea0ih\u1eccc\" href=\"#tab-56c7ccb7b1ab7cfec1d\"><h4 class=\"fusion-tab-heading\">\u0110\u1ea0I H\u1eccC<\/h4><\/a><\/li><\/ul><\/div><div class=\"tab-pane fade\" id=\"tab-56c7ccb7b1ab7cfec1d\">\n<h2>Xem theo n\u0103m t\u1ed1t nghi\u1ec7p:<\/h2>\n<ul style=\"list-style-type: circle;\">\n<li><span style=\"color: #0000ff;\"><a style=\"color: #0000ff;\" href=\"http:\/\/en.sgu.edu.vn\/chuan-dau-ra-dh-2016\">N\u0103m t\u1ed1t nghi\u1ec7p 2016<\/a><\/span><\/li>\n<li><span style=\"color: #0000ff;\"><a style=\"color: #0000ff;\" href=\"http:\/\/en.sgu.edu.vn\/chuan-dau-ra-dh-2017\">N\u0103m t\u1ed1t nghi\u1ec7p 2017<\/a><\/span><\/li>\n<li><span style=\"color: #0000ff;\"><a style=\"color: #0000ff;\" href=\"http:\/\/en.sgu.edu.vn\/chuan-dau-ra-dh-2018-2019-2020\">N\u0103m t\u1ed1t nghi\u1ec7p 2018, 2019,2020<\/a><\/span><\/li>\n<\/ul>\n<h2>Xem theo ng\u00e0nh \u0111\u00e0o t\u1ea1o:<\/h2>\n<ul>\n<li><a href=\"http:\/\/en.sgu.edu.vn\/chuan-dau-ra-dh-cnktddt\/\" target=\"_blank\" rel=\"noopener noreferrer\">Chuy\u00ean ng\u00e0nh C\u00f4ng ngh\u1ec7 K\u1ef9 thu\u1eadt \u0110i\u1ec7n, \u0110i\u1ec7n t\u1eed<\/a><\/li>\n<li><a href=\"http:\/\/en.sgu.edu.vn\/chuan-dau-ra-dh-cntt\/\" target=\"_blank\" rel=\"noopener noreferrer\">Chuy\u00ean ng\u00e0nh C\u00f4ng ngh\u1ec7 Th\u00f4ng tin<\/a><\/li>\n<li><a href=\"http:\/\/en.sgu.edu.vn\/chuan-dau-ra-dh-gdct\/\" target=\"_blank\" rel=\"noopener noreferrer\">Chuy\u00ean ng\u00e0nh Gi\u00e1o d\u1ee5c Ch\u00ednh tr\u1ecb<\/a><\/li>\n<li><a href=\"http:\/\/en.sgu.edu.vn\/chuan-dau-ra-dh-gdmn\/\" target=\"_blank\" rel=\"noopener noreferrer\">Chuy\u00ean ng\u00e0nh Gi\u00e1o d\u1ee5c M\u1ea7m non<\/a><\/li>\n<li><a href=\"http:\/\/en.sgu.edu.vn\/chuan-dau-ra-dh-gdth\/\" target=\"_blank\" rel=\"noopener noreferrer\">Chuy\u00ean ng\u00e0nh Gi\u00e1o d\u1ee5c Ti\u1ec3u h\u1ecdc<\/a><\/li>\n<li><a href=\"http:\/\/en.sgu.edu.vn\/chuan-dau-ra-dh-ketoan\/\" target=\"_blank\" rel=\"noopener noreferrer\">Chuy\u00ean ng\u00e0nh K\u1ebf to\u00e1n<\/a><\/li>\n<li><a href=\"http:\/\/en.sgu.edu.vn\/chuan-dau-ra-dh-khmt\/\" target=\"_blank\" rel=\"noopener noreferrer\">Chuy\u00ean ng\u00e0nh Khoa h\u1ecdc M\u00f4i tr\u01b0\u1eddng<\/a><\/li>\n<li><a href=\"http:\/\/en.sgu.edu.vn\/chuan-dau-ra-dh-khtv\/\" target=\"_blank\" rel=\"noopener noreferrer\">Chuy\u00ean ng\u00e0nh Khoa h\u1ecdc Th\u01b0 vi\u1ec7n<\/a><\/li>\n<li><a href=\"http:\/\/en.sgu.edu.vn\/chuan-dau-ra-dh-ktddt\/\" target=\"_blank\" rel=\"noopener noreferrer\">Chuy\u00ean ng\u00e0nh K\u1ef9 thu\u1eadt \u0110i\u1ec7n, \u0110i\u1ec7n t\u1eed<\/a><\/li>\n<li><a href=\"http:\/\/en.sgu.edu.vn\/chuan-dau-ra-dh-ktdttt\" target=\"_blank\" rel=\"noopener noreferrer\">Chuy\u00ean ng\u00e0nh K\u1ef9 thu\u1eadt \u0110i\u1ec7n t\u1eed, Truy\u1ec1n th\u00f4ng<\/a><\/li>\n<li><a href=\"http:\/\/en.sgu.edu.vn\/chuan-dau-ra-dh-luat\" target=\"_blank\" rel=\"noopener noreferrer\">Chuy\u00ean ng\u00e0nh Lu\u1eadt<\/a><\/li>\n<li><a href=\"http:\/\/en.sgu.edu.vn\/chuan-dau-ra-dh-nna\/\" target=\"_blank\" rel=\"noopener noreferrer\">Chuy\u00ean ng\u00e0nh Ng\u00f4n ng\u1eef Anh ( Th\u01b0\u01a1ng m\u1ea1i &#8211; Du l\u1ecbch)<\/a><\/li>\n<li><a href=\"http:\/\/en.sgu.edu.vn\/chuan-dau-ra-dh-qlgd\" target=\"_blank\" rel=\"noopener noreferrer\">Chuy\u00ean ng\u00e0nh Qu\u1ea3n l\u00fd Gi\u00e1o d\u1ee5c<\/a><\/li>\n<li><a href=\"http:\/\/en.sgu.edu.vn\/chuan-dau-ra-dh-qtkd\/\" target=\"_blank\" rel=\"noopener noreferrer\">Chuy\u00ean ng\u00e0nh Qu\u1ea3n tr\u1ecb kinh doanh<\/a><\/li>\n<li><a href=\"http:\/\/en.sgu.edu.vn\/chuan-dau-ra-dh-spamnhac\/\" target=\"_blank\" rel=\"noopener noreferrer\">Chuy\u00ean ng\u00e0nh S\u01b0 ph\u1ea1m \u00c2m nh\u1ea1c<\/a><\/li>\n<li><a href=\"http:\/\/en.sgu.edu.vn\/chuan-dau-ra-dh-spdialy\" target=\"_blank\" rel=\"noopener noreferrer\">Chuy\u00ean ng\u00e0nh S\u01b0 ph\u1ea1m \u0110\u1ecba l\u00fd<\/a><\/li>\n<li><a href=\"http:\/\/en.sgu.edu.vn\/chuan-dau-ra-dh-sphoa\/\" target=\"_blank\" rel=\"noopener noreferrer\">Chuy\u00ean ng\u00e0nh S\u01b0 ph\u1ea1m Ho\u00e1 h\u1ecdc<\/a><\/li>\n<li><a href=\"http:\/\/en.sgu.edu.vn\/chuan-dau-ra-dh-splichsu\/\" target=\"_blank\" rel=\"noopener noreferrer\">Chuy\u00ean ng\u00e0nh S\u01b0 ph\u1ea1m L\u1ecbch s\u1eed<\/a><\/li>\n<li><a href=\"http:\/\/en.sgu.edu.vn\/chuan-dau-ra-dh-spmythuat\/\" target=\"_blank\" rel=\"noopener noreferrer\">Chuy\u00ean ng\u00e0nh S\u01b0 ph\u1ea1m M\u1ef9 thu\u1eadt<\/a><\/li>\n<li><a href=\"http:\/\/en.sgu.edu.vn\/chuan-dau-ra-dh-spnguvan\/\" target=\"_blank\" rel=\"noopener noreferrer\">Chuy\u00ean ng\u00e0nh S\u01b0 ph\u1ea1m Ng\u1eef v\u0103n<\/a><\/li>\n<li><a href=\"http:\/\/en.sgu.edu.vn\/chuan-dau-ra-dh-spsinh\/\" target=\"_blank\" rel=\"noopener noreferrer\">Chuy\u00ean ng\u00e0nh S\u01b0 ph\u1ea1m Sinh h\u1ecdc<\/a><\/li>\n<li><a href=\"http:\/\/en.sgu.edu.vn\/chuan-dau-ra-dh-sptienganh\/\" target=\"_blank\" rel=\"noopener noreferrer\">Chuy\u00ean ng\u00e0nh S\u01b0 ph\u1ea1m Ti\u1ebfng Anh<\/a><\/li>\n<li><a href=\"http:\/\/en.sgu.edu.vn\/chuan-dau-ra-dh-sptoan\/\" target=\"_blank\" rel=\"noopener noreferrer\">Chuy\u00ean ng\u00e0nh S\u01b0 ph\u1ea1m To\u00e1n h\u1ecdc<\/a><\/li>\n<li><a href=\"http:\/\/en.sgu.edu.vn\/chuan-dau-ra-dh-spvatly\/\" target=\"_blank\" rel=\"noopener noreferrer\">Chuy\u00ean ng\u00e0nh S\u01b0 ph\u1ea1m V\u1eadt l\u00fd<\/a><\/li>\n<li><a href=\"http:\/\/en.sgu.edu.vn\/chuan-dau-ra-dh-tcnh\/\" target=\"_blank\" rel=\"noopener noreferrer\">Chuy\u00ean ng\u00e0nh T\u00e0i ch\u00ednh &#8211; Ng\u00e2n h\u00e0ng<\/a><\/li>\n<li><a href=\"http:\/\/en.sgu.edu.vn\/chuan-dau-ra-dh-thanhnhac\/\" target=\"_blank\" rel=\"noopener noreferrer\">Chuy\u00ean ng\u00e0nh Thanh nh\u1ea1c<\/a><\/li>\n<li><a href=\"http:\/\/en.sgu.edu.vn\/chuan-dau-ra-dh-toanud\/\" target=\"_blank\" rel=\"noopener noreferrer\">Chuy\u00ean ng\u00e0nh To\u00e1n \u1ee8ng d\u1ee5ng<\/a><\/li>\n<li><a href=\"http:\/\/en.sgu.edu.vn\/chuan-dau-ra-dh-vnh\/\">Chuy\u00ean ng\u00e0nh Vi\u1ec7t Nam h\u1ecdc ( V\u0103n ho\u00e1 &#8211; Du l\u1ecbch)<\/a><\/li>\n<\/ul>\n<\/div><div class=\"nav fusion-mobile-tab-nav\"><ul class=\"nav-tabs nav-justified\"><li><a class=\"tab-link\" data-toggle=\"tab\" id=\"mobile-fusion-tab-cao\u0110\u1eb2ng\" href=\"#tab-bdd6014a9c92be60ad0\"><h4 class=\"fusion-tab-heading\">CAO \u0110\u1eb2NG<\/h4><\/a><\/li><\/ul><\/div><div class=\"tab-pane fade\" id=\"tab-bdd6014a9c92be60ad0\">\n<h2>Xem theo n\u0103m t\u1ed1t nghi\u1ec7p:<\/h2>\n<ul style=\"list-style-type: circle;\">\n<li>\n<h3><span style=\"color: #0000ff;\"><a style=\"color: #0000ff;\" href=\"http:\/\/en.sgu.edu.vn\/chuan-dau-ra-cd-2016\">N\u0103m t\u1ed1t nghi\u1ec7p 2016<\/a><\/span><\/h3>\n<\/li>\n<li style=\"text-align: left;\">\n<h3><span style=\"color: #0000ff;\"><a style=\"color: #0000ff;\" href=\"http:\/\/en.sgu.edu.vn\/chuan-dau-ra-cd-2017-2018-2019\">N\u0103m t\u1ed1t nghi\u1ec7p 2017,2018,2019<\/a><\/span><\/h3>\n<\/li>\n<li>\n<h3><span style=\"color: #0000ff;\"><a style=\"color: #0000ff;\" href=\"http:\/\/en.sgu.edu.vn\/chuan-dau-ra-cd-2020-2021-2022\">N\u0103m t\u1ed1t nghi\u1ec7p 2020,2021,2022<\/a><\/span><\/h3>\n<\/li>\n<\/ul>\n<h2>Xem theo ng\u00e0nh \u0111\u00e0o t\u1ea1o:<\/h2>\n<ul>\n<li>\n<h3><a href=\"http:\/\/en.sgu.edu.vn\/chuan-dau-ra-cd-cnktddt\/\">Chuy\u00ean ng\u00e0nh C\u00f4ng ngh\u1ec7 K\u1ef9 thu\u1eadt \u0110i\u1ec7n, \u0110i\u1ec7n t\u1eed<\/a><\/h3>\n<\/li>\n<li>\n<h3><a href=\"http:\/\/en.sgu.edu.vn\/chuan-dau-ra-cd-cnktdttt\/\">Chuy\u00ean ng\u00e0nh C\u00f4ng ngh\u1ec7 K\u1ef9 thu\u1eadt \u0110i\u1ec7n t\u1eed, Truy\u1ec1n th\u00f4ng<\/a><\/h3>\n<\/li>\n<li>\n<h3><a href=\"http:\/\/en.sgu.edu.vn\/chuan-dau-ra-cd-cnktmt\">Chuy\u00ean ng\u00e0nh C\u00f4ng ngh\u1ec7 K\u1ef9 thu\u1eadt M\u00f4i tr\u01b0\u1eddng<\/a><\/h3>\n<\/li>\n<li>\n<h3><a href=\"http:\/\/en.sgu.edu.vn\/chuan-dau-ra-cd-cntt\">Chuy\u00ean ng\u00e0nh C\u00f4ng ngh\u1ec7 Th\u00f4ng tin<\/a><\/h3>\n<\/li>\n<li>\n<h3><a href=\"http:\/\/en.sgu.edu.vn\/chuan-dau-ra-cd-gdcd\/\">Chuy\u00ean ng\u00e0nh Gi\u00e1o d\u1ee5c C\u00f4ng d\u00e2n<\/a><\/h3>\n<\/li>\n<li>\n<h3><a href=\"http:\/\/en.sgu.edu.vn\/chuan-dau-ra-cd-gdmn\/\">Chuy\u00ean ng\u00e0nh Gi\u00e1o d\u1ee5c M\u1ea7m non<\/a><\/h3>\n<\/li>\n<li>\n<h3><a href=\"http:\/\/en.sgu.edu.vn\/chuan-dau-ra-cd-gdth\/\">Chuy\u00ean ng\u00e0nh Gi\u00e1o d\u1ee5c Ti\u1ec3u h\u1ecdc<\/a><\/h3>\n<\/li>\n<li>\n<h3><a href=\"http:\/\/en.sgu.edu.vn\/chuan-dau-ra-cd-ketoan\/\">Chuy\u00ean ng\u00e0nh K\u1ebf to\u00e1n<\/a><\/h3>\n<\/li>\n<li>\n<h3><a href=\"http:\/\/en.sgu.edu.vn\/chuan-dau-ra-cd-khtv\/\">Chuy\u00ean ng\u00e0nh Khoa h\u1ecdc Th\u01b0 vi\u1ec7n<\/a><\/h3>\n<\/li>\n<li>\n<h3><a href=\"http:\/\/en.sgu.edu.vn\/chuan-dau-ra-cd-lth\">Chuy\u00ean ng\u00e0nh L\u01b0u tr\u1eef h\u1ecdc<\/a><\/h3>\n<\/li>\n<li>\n<h3><a href=\"http:\/\/en.sgu.edu.vn\/chuan-dau-ra-cd-nna\/\">Chuy\u00ean ng\u00e0nh Ng\u00f4n ng\u1eef Anh ( Th\u01b0\u01a1ng m\u1ea1i &#8211; Du l\u1ecbch)<\/a><\/h3>\n<\/li>\n<li>\n<h3><a href=\"http:\/\/en.sgu.edu.vn\/chuan-dau-ra-cd-qtkd\/\">Chuy\u00ean ng\u00e0nh Qu\u1ea3n tr\u1ecb kinh doanh<\/a><\/h3>\n<\/li>\n<li>\n<h3><a href=\"http:\/\/en.sgu.edu.vn\/chuan-dau-ra-cd-qtvp\/\">Chuy\u00ean ng\u00e0nh Qu\u1ea3n tr\u1ecb V\u0103n ph\u00f2ng<\/a><\/h3>\n<\/li>\n<li>\n<h3><a href=\"http:\/\/en.sgu.edu.vn\/chuan-dau-ra-cd-spamnhac\/\">Chuy\u00ean ng\u00e0nh S\u01b0 ph\u1ea1m \u00c2m nh\u1ea1c<\/a><\/h3>\n<\/li>\n<li>\n<h3><a href=\"http:\/\/en.sgu.edu.vn\/chuan-dau-ra-cd-spdialy\/\">Chuy\u00ean ng\u00e0nh S\u01b0 ph\u1ea1m \u0110\u1ecba l\u00fd<\/a><\/h3>\n<\/li>\n<li>\n<h3><a href=\"http:\/\/en.sgu.edu.vn\/chuan-dau-ra-cd-sphoa\/\">Chuy\u00ean ng\u00e0nh S\u01b0 ph\u1ea1m Ho\u00e1 h\u1ecdc<\/a><\/h3>\n<\/li>\n<li>\n<h3><a href=\"http:\/\/en.sgu.edu.vn\/chuan-dau-ra-cd-spktcn\">Chuy\u00ean ng\u00e0nh S\u01b0 ph\u1ea1m K\u0129 thu\u1eadt C\u00f4ng nghi\u1ec7p<\/a><\/h3>\n<\/li>\n<li>\n<h3><a href=\"http:\/\/en.sgu.edu.vn\/chuan-dau-ra-cd-spktgd\/\">Chuy\u00ean ng\u00e0nh S\u01b0 ph\u1ea1m Kinh t\u1ebf Gia \u0111\u00ecnh<\/a><\/h3>\n<\/li>\n<li>\n<h3><a href=\"http:\/\/en.sgu.edu.vn\/chuan-dau-ra-cd-spktnn\/\">Chuy\u00ean ng\u00e0nh S\u01b0 ph\u1ea1m K\u0129 thu\u1eadt N\u00f4ng nghi\u1ec7p<\/a><\/h3>\n<\/li>\n<li>\n<h3><a href=\"http:\/\/en.sgu.edu.vn\/chuan-dau-ra-cd-splichsu\/\">Chuy\u00ean ng\u00e0nh S\u01b0 ph\u1ea1m L\u1ecbch s\u1eed<\/a><\/h3>\n<\/li>\n<li>\n<h3><a href=\"http:\/\/en.sgu.edu.vn\/chuan-dau-ra-cd-spmythuat\/\">Chuy\u00ean ng\u00e0nh S\u01b0 ph\u1ea1m M\u1ef9 thu\u1eadt<\/a><\/h3>\n<\/li>\n<li>\n<h3><a href=\"http:\/\/en.sgu.edu.vn\/chuan-dau-ra-cd-spnguvan\/\">Chuy\u00ean ng\u00e0nh S\u01b0 ph\u1ea1m Ng\u1eef v\u0103n<\/a><\/h3>\n<\/li>\n<li>\n<h3><a href=\"http:\/\/en.sgu.edu.vn\/chuan-dau-ra-cd-spsinh\/\">Chuy\u00ean ng\u00e0nh S\u01b0 ph\u1ea1m Sinh h\u1ecdc<\/a><\/h3>\n<\/li>\n<li>\n<h3><a href=\"http:\/\/en.sgu.edu.vn\/chuan-dau-ra-cao\u2026u-pham-tieng-anh\/\">Chuy\u00ean ng\u00e0nh S\u01b0 ph\u1ea1m Ti\u1ebfng Anh<\/a><\/h3>\n<\/li>\n<li>\n<h3><a href=\"http:\/\/en.sgu.edu.vn\/chuan-dau-ra-cao\u2026su-pham-toan-hoc\/\">Chuy\u00ean ng\u00e0nh S\u01b0 ph\u1ea1m To\u00e1n h\u1ecdc<\/a><\/h3>\n<\/li>\n<li>\n<h3><a href=\"http:\/\/en.sgu.edu.vn\/chuan-dau-ra-cao\u2026h-su-pham-vat-ly\/\">Chuy\u00ean ng\u00e0nh S\u01b0 ph\u1ea1m V\u1eadt l\u00fd<\/a><\/h3>\n<\/li>\n<li>\n<h3><a href=\"http:\/\/en.sgu.edu.vn\/chuan-dau-ra-cao\u2026-chinh-ngan-hang\/ \u200e\">Chuy\u00ean ng\u00e0nh T\u00e0i ch\u00ednh &#8211; Ng\u00e2n h\u00e0ng<\/a><\/h3>\n<\/li>\n<li>\n<h3><a href=\"http:\/\/en.sgu.edu.vn\/chuan-dau-ra-cao\u2026thu-ki-van-phong\">Chuy\u00ean ng\u00e0nh Th\u01b0 k\u00ed v\u0103n ph\u00f2ng<\/a><\/h3>\n<\/li>\n<li>\n<h3><a href=\"http:\/\/en.sgu.edu.vn\/chuan-dau-ra-cao\u2026-van-hoa-du-lich\">Chuy\u00ean ng\u00e0nh Vi\u1ec7t Nam h\u1ecdc ( V\u0103n ho\u00e1 &#8211; Du l\u1ecbch)<\/a><\/h3>\n<\/li>\n<\/ul>\n<\/div><div class=\"nav fusion-mobile-tab-nav\"><ul class=\"nav-tabs nav-justified\"><li><a class=\"tab-link\" data-toggle=\"tab\" id=\"mobile-fusion-tab-vlvh\" href=\"#tab-989a6795c66f6bb34f0\"><h4 class=\"fusion-tab-heading\">VLVH<\/h4><\/a><\/li><\/ul><\/div><div class=\"tab-pane fade\" id=\"tab-989a6795c66f6bb34f0\">\n<h2><span style=\"color: #0000ff;\"><a style=\"color: #0000ff;\" href=\"https:\/\/drive.google.com\/file\/d\/0B4edcN1FnQYBZmdiTXNEbkwtb0U\/view?usp=sharing\" target=\"_blank\" rel=\"noopener noreferrer\">Xem chu\u1ea9n \u0111\u1ea7u ra c\u00e1c ng\u00e0nh \u0110\u1ea1i h\u1ecdc h\u00ecnh th\u1ee9c v\u1eeba l\u00e0m v\u1eeba h\u1ecdc<\/a><\/span><\/h2>\n<h2>\u00c1p d\u1ee5ng cho sinh vi\u00ean t\u1ed1t nghi\u1ec7p t\u1eeb n\u0103m 2020 ( <a href=\"https:\/\/drive.google.com\/file\/d\/0B4edcN1FnQYBTWtUWU1CaG1Bdlk\/view?usp=sharing\">theo Quy\u1ebft \u0111\u1ecbnh s\u1ed1 2721\/Q\u0110-\u0110HSG-KT\u0110BCL<\/a>):<\/h2>\n<ul>\n<li>\n<h3><a href=\"https:\/\/drive.google.com\/file\/d\/0B4edcN1FnQYBUGdYSUl4TTN4ekU\/view?usp=sharing\">Chuy\u00ean ng\u00e0nh C\u00f4ng ngh\u1ec7 Th\u00f4ng tin<\/a><\/h3>\n<\/li>\n<li>\n<h3><a href=\"https:\/\/drive.google.com\/file\/d\/0B4edcN1FnQYBaWk1Z0FTR0s3UEk\/view?usp=sharing\">Chuy\u00ean ng\u00e0nh Gi\u00e1o d\u1ee5c Ch\u00ednh tr\u1ecb<\/a><\/h3>\n<\/li>\n<li>\n<h3><a href=\"https:\/\/drive.google.com\/file\/d\/0B4edcN1FnQYBVVNicWZoLVU3Y00\/view?usp=sharing\">Chuy\u00ean ng\u00e0nh Gi\u00e1o d\u1ee5c M\u1ea7m non<\/a><\/h3>\n<\/li>\n<li>\n<h3><a href=\"https:\/\/drive.google.com\/file\/d\/0B4edcN1FnQYBRHJnbjVfc0Iyajg\/view?usp=sharing\">Chuy\u00ean ng\u00e0nh Gi\u00e1o d\u1ee5c Ti\u1ec3u h\u1ecdc<\/a><\/h3>\n<\/li>\n<li>\n<h3><a href=\"https:\/\/drive.google.com\/file\/d\/0B4edcN1FnQYBcjRSYWVEN0VvbUk\/view?usp=sharing\">Chuy\u00ean ng\u00e0nh K\u1ebf to\u00e1n<\/a><\/h3>\n<\/li>\n<li>\n<h3><\/h3>\n<\/li>\n<li>\n<h3><a href=\"https:\/\/drive.google.com\/file\/d\/0B4edcN1FnQYBY1Z1VEIwSlJWazA\/view?usp=sharing\">Chuy\u00ean ng\u00e0nh Lu\u1eadt<\/a><\/h3>\n<\/li>\n<li>\n<h3><a href=\"https:\/\/drive.google.com\/file\/d\/0B4edcN1FnQYBcUxLaF90YUxLNUk\/view?usp=sharing\">Chuy\u00ean ng\u00e0nh Ng\u00f4n ng\u1eef Anh ( Th\u01b0\u01a1ng m\u1ea1i &#8211; Du l\u1ecbch)<\/a><\/h3>\n<\/li>\n<li>\n<h3><a href=\"https:\/\/drive.google.com\/file\/d\/0B4edcN1FnQYBdWJ1REZ4R25UcTg\/view?usp=sharing\">Chuy\u00ean ng\u00e0nh Qu\u1ea3n l\u00fd Gi\u00e1o d\u1ee5c<\/a><\/h3>\n<\/li>\n<li>\n<h3><a href=\"https:\/\/drive.google.com\/file\/d\/0B4edcN1FnQYBbXRUaEloWFpNZ3c\/view?usp=sharing\">Chuy\u00ean ng\u00e0nh Qu\u1ea3n tr\u1ecb kinh doanh<\/a><\/h3>\n<\/li>\n<li>\n<h3><a href=\"https:\/\/drive.google.com\/file\/d\/0B4edcN1FnQYBNEZfbjVoSDAwTlk\/view?usp=sharing\">Chuy\u00ean ng\u00e0nh S\u01b0 ph\u1ea1m \u00c2m nh\u1ea1c<\/a><\/h3>\n<\/li>\n<li>\n<h3><a href=\"https:\/\/drive.google.com\/file\/d\/0B4edcN1FnQYBb296U3BGNWJFTGc\/view?usp=sharing\">Chuy\u00ean ng\u00e0nh S\u01b0 ph\u1ea1m \u0110\u1ecba l\u00fd<\/a><\/h3>\n<\/li>\n<li>\n<h3><a href=\"https:\/\/drive.google.com\/file\/d\/0B4edcN1FnQYBb0k0QTJlbTZCLUU\/view?usp=sharing\">Chuy\u00ean ng\u00e0nh S\u01b0 ph\u1ea1m Ho\u00e1 h\u1ecdc<\/a><\/h3>\n<\/li>\n<li>\n<h3><a href=\"https:\/\/drive.google.com\/file\/d\/0B4edcN1FnQYBUkNqMHJwMWFsOWc\/view?usp=sharing\">Chuy\u00ean ng\u00e0nh S\u01b0 ph\u1ea1m L\u1ecbch s\u1eed<\/a><\/h3>\n<\/li>\n<li>\n<h3><a href=\"https:\/\/drive.google.com\/file\/d\/0B4edcN1FnQYBNFBxUm9peDlFT2s\/view?usp=sharing\">Chuy\u00ean ng\u00e0nh S\u01b0 ph\u1ea1m M\u1ef9 thu\u1eadt<\/a><\/h3>\n<\/li>\n<li>\n<h3><a href=\"https:\/\/drive.google.com\/file\/d\/0B4edcN1FnQYBTmJ6YnhESmdkeUU\/view?usp=sharing\">Chuy\u00ean ng\u00e0nh S\u01b0 ph\u1ea1m ng\u1eef v\u0103n<\/a><\/h3>\n<\/li>\n<li>\n<h3><a href=\"https:\/\/drive.google.com\/file\/d\/0B4edcN1FnQYBSUJzdXJWdnJHVms\/view?usp=sharing\">Chuy\u00ean ng\u00e0nh S\u01b0 ph\u1ea1m Sinh h\u1ecdc<\/a><\/h3>\n<\/li>\n<li>\n<h3><a href=\"https:\/\/drive.google.com\/file\/d\/0B4edcN1FnQYBdWxIRFFtZlJaaWs\/view?usp=sharing\">Chuy\u00ean ng\u00e0nh S\u01b0 ph\u1ea1m Ti\u1ebfng Anh<\/a><\/h3>\n<\/li>\n<li>\n<h3><a href=\"https:\/\/drive.google.com\/file\/d\/0B4edcN1FnQYBV19OeHdrLWtJOEk\/view?usp=sharing\">Chuy\u00ean ng\u00e0nh S\u01b0 ph\u1ea1m To\u00e1n h\u1ecdc<\/a><\/h3>\n<\/li>\n<li>\n<h3><a href=\"https:\/\/drive.google.com\/file\/d\/0B4edcN1FnQYBWGo5Skp6dzRpMDQ\/view?usp=sharing\">Chuy\u00ean ng\u00e0nh S\u01b0 ph\u1ea1m V\u1eadt l\u00fd<\/a><\/h3>\n<\/li>\n<li>\n<h3><a href=\"https:\/\/drive.google.com\/file\/d\/0B4edcN1FnQYBNzg4aWlPU3czRVU\/view?usp=sharing\">Chuy\u00ean ng\u00e0nh T\u00e0i ch\u00ednh &#8211; Ng\u00e2n h\u00e0ng<\/a><\/h3>\n<h3><\/h3>\n<\/li>\n<\/ul>\n<\/div><\/div><\/div><div class=\"fusion-clearfix\"><\/div>\n\n\t\t\t\t\t<\/div>\n\t\t\t\t<\/div><\/div><\/div>\n","protected":false},"excerpt":{"rendered":"","protected":false},"author":1,"featured_media":0,"parent":0,"menu_order":0,"comment_status":"closed","ping_status":"closed","template":"","meta":[],"jetpack_sharing_enabled":true,"jetpack_shortlink":"https:\/\/wp.me\/PdgjhW-3Z8","_links":{"self":[{"href":"https:\/\/en.sgu.edu.vn\/vi\/wp-json\/wp\/v2\/pages\/15322"}],"collection":[{"href":"https:\/\/en.sgu.edu.vn\/vi\/wp-json\/wp\/v2\/pages"}],"about":[{"href":"https:\/\/en.sgu.edu.vn\/vi\/wp-json\/wp\/v2\/types\/page"}],"author":[{"embeddable":true,"href":"https:\/\/en.sgu.edu.vn\/vi\/wp-json\/wp\/v2\/users\/1"}],"replies":[{"embeddable":true,"href":"https:\/\/en.sgu.edu.vn\/vi\/wp-json\/wp\/v2\/comments?post=15322"}],"version-history":[{"count":13,"href":"https:\/\/en.sgu.edu.vn\/vi\/wp-json\/wp\/v2\/pages\/15322\/revisions"}],"predecessor-version":[{"id":21736,"href":"https:\/\/en.sgu.edu.vn\/vi\/wp-json\/wp\/v2\/pages\/15322\/revisions\/21736"}],"wp:attachment":[{"href":"https:\/\/en.sgu.edu.vn\/vi\/wp-json\/wp\/v2\/media?parent=15322"}],"curies":[{"name":"wp","href":"https:\/\/api.w.org\/{rel}","templated":true}]}}