{"id":15395,"date":"2016-12-12T07:48:12","date_gmt":"2016-12-12T00:48:12","guid":{"rendered":"http:\/\/en.sgu.edu.vn\/?page_id=15395"},"modified":"2016-12-23T17:18:52","modified_gmt":"2016-12-23T10:18:52","slug":"chuan-dau-ra-cd-2017-2018-2019","status":"publish","type":"page","link":"https:\/\/en.sgu.edu.vn\/vi\/chuan-dau-ra-cd-2017-2018-2019\/","title":{"rendered":"Chu\u1ea9n \u0111\u1ea7u ra c\u00e1c ng\u00e0nh \u0111\u00e0o t\u1ea1o Cao \u0111\u1eb3ng cho n\u0103m t\u1ed1t nghi\u1ec7p 2017, 2018, 2019"},"content":{"rendered":"<h4>Ng\u00e0y 04\/02\/2015, Hi\u1ec7u tr\u01b0\u1edfng Tr\u01b0\u1eddng \u0110\u1ea1i h\u1ecdc S\u00e0i G\u00f2n ban h\u00e0nh <a href=\"https:\/\/drive.google.com\/file\/d\/0B4edcN1FnQYBdFYtclptOEF1RE0\/view?usp=sharing\">Quy\u1ebft \u0111\u1ecbnh<\/a> s\u1ed1 203\/Q\u0110-\u0110HSG-KT\u0110BCLGD v\u1ec1 vi\u1ec7c ban h\u00e0nh Chu\u1ea9n \u0111\u1ea7u ra \u0111\u00e0o t\u1ea1o c\u00e1c ng\u00e0nh \u0110\u1ea1i h\u1ecdc v\u00e0 Cao \u0111\u1eb3ng. D\u01b0\u1edbi \u0111\u00e2y l\u00e0 danh m\u1ee5c chu\u1ea9n \u0111\u1ea7u ra c\u00e1c ng\u00e0nh \u0111\u00e0o t\u1ea1o. (<a href=\"https:\/\/drive.google.com\/file\/d\/0B4edcN1FnQYBa2pLcWVmaUJaLTg\/view?usp=sharing\">Ph\u1ee5 l\u1ee5c chu\u1ea9n \u0111\u1ea7u ra ngo\u1ea1i ng\u1eef (Ti\u1ebfng Anh) v\u00e0 Tin h\u1ecdc cho c\u00e1c ng\u00e0nh \u0111\u00e0o t\u1ea1o<\/a>).<\/h4>\n<p><iframe loading=\"lazy\" class=\"uyd-embedded\" style=\"width: 100%;\" src=\"https:\/\/drive.google.com\/file\/d\/0B4edcN1FnQYBU19uODV0amtMN3c\/preview\" width=\"640\" height=\"480\" frameborder=\"0\" scrolling=\"yes\" allowfullscreen=\"allowfullscreen\"><\/iframe><\/p>\n","protected":false},"excerpt":{"rendered":"<p>Ng\u00e0y 04\/02\/2015, Hi\u1ec7u tr\u01b0\u1edfng Tr\u01b0\u1eddng \u0110\u1ea1i h\u1ecdc S\u00e0i G\u00f2n ban h\u00e0nh Quy\u1ebft \u0111\u1ecbnh s\u1ed1 203\/Q\u0110-\u0110HSG-KT\u0110BCLGD v\u1ec1 vi\u1ec7c ban h\u00e0nh Chu\u1ea9n \u0111\u1ea7u ra \u0111\u00e0o t\u1ea1o c\u00e1c ng\u00e0nh \u0110\u1ea1i h\u1ecdc v\u00e0 Cao \u0111\u1eb3ng. D\u01b0\u1edbi \u0111\u00e2y l\u00e0 danh m\u1ee5c chu\u1ea9n \u0111\u1ea7u ra c\u00e1c ng\u00e0nh \u0111\u00e0o t\u1ea1o. (Ph\u1ee5 l\u1ee5c chu\u1ea9n \u0111\u1ea7u ra ngo\u1ea1i ng\u1eef (Ti\u1ebfng Anh) v\u00e0 Tin h\u1ecdc cho [&hellip;]<\/p>\n","protected":false},"author":5,"featured_media":0,"parent":0,"menu_order":0,"comment_status":"closed","ping_status":"closed","template":"","meta":[],"jetpack_sharing_enabled":true,"jetpack_shortlink":"https:\/\/wp.me\/PdgjhW-40j","_links":{"self":[{"href":"https:\/\/en.sgu.edu.vn\/vi\/wp-json\/wp\/v2\/pages\/15395"}],"collection":[{"href":"https:\/\/en.sgu.edu.vn\/vi\/wp-json\/wp\/v2\/pages"}],"about":[{"href":"https:\/\/en.sgu.edu.vn\/vi\/wp-json\/wp\/v2\/types\/page"}],"author":[{"embeddable":true,"href":"https:\/\/en.sgu.edu.vn\/vi\/wp-json\/wp\/v2\/users\/5"}],"replies":[{"embeddable":true,"href":"https:\/\/en.sgu.edu.vn\/vi\/wp-json\/wp\/v2\/comments?post=15395"}],"version-history":[{"count":0,"href":"https:\/\/en.sgu.edu.vn\/vi\/wp-json\/wp\/v2\/pages\/15395\/revisions"}],"wp:attachment":[{"href":"https:\/\/en.sgu.edu.vn\/vi\/wp-json\/wp\/v2\/media?parent=15395"}],"curies":[{"name":"wp","href":"https:\/\/api.w.org\/{rel}","templated":true}]}}