{"id":15904,"date":"2017-01-18T16:50:25","date_gmt":"2017-01-18T09:50:25","guid":{"rendered":"http:\/\/en.sgu.edu.vn\/?page_id=15904"},"modified":"2017-01-19T15:24:28","modified_gmt":"2017-01-19T08:24:28","slug":"chuan-dau-ra-dh-tcnh","status":"publish","type":"page","link":"https:\/\/en.sgu.edu.vn\/vi\/chuan-dau-ra-dh-tcnh\/","title":{"rendered":"Chu\u1ea9n \u0111\u1ea7u ra ng\u00e0nh T\u00e0i ch\u00ednh &#8211; Ng\u00e2n h\u00e0ng"},"content":{"rendered":"<h3>1.<a href=\"https:\/\/drive.google.com\/file\/d\/0B4edcN1FnQYBcnp3bGowZWQ4SFk\/view?usp=sharing\" target=\"_blank\">\u00c1p d\u1ee5ng cho sinh vi\u00ean t\u1ed1t nghi\u1ec7p n\u0103m 2017<\/a><\/h3>\n<h3><a href=\"https:\/\/drive.google.com\/file\/d\/0B4edcN1FnQYBT1BUYWwxMFdhZjA\/view?usp=sharing\" target=\"_blank\">Chu\u1ea9n Ngo\u1ea1i ng\u1eef v\u00e0 Tin h\u1ecdc<\/a><\/h3>\n<h3>2.<a href=\"https:\/\/drive.google.com\/file\/d\/0B4edcN1FnQYBYWI5SWN0cFNLdGM\/view?usp=sharing\" target=\"_blank\">\u00c1p d\u1ee5ng cho sinh vi\u00ean t\u1ed1t nghi\u1ec7p n\u0103m 2018 \u0111\u1ebfn 2020<\/a><\/h3>\n<h3><a href=\"https:\/\/drive.google.com\/file\/d\/0B4edcN1FnQYBcTNjUHh1ODYzWHM\/view?usp=sharing\" target=\"_blank\">Chu\u1ea9n Ngo\u1ea1i ng\u1eef v\u00e0 Tin h\u1ecdc<\/a><\/h3>\n","protected":false},"excerpt":{"rendered":"<p>1.\u00c1p d\u1ee5ng cho sinh vi\u00ean t\u1ed1t nghi\u1ec7p n\u0103m 2017 Chu\u1ea9n Ngo\u1ea1i ng\u1eef v\u00e0 Tin h\u1ecdc 2.\u00c1p d\u1ee5ng cho sinh vi\u00ean t\u1ed1t nghi\u1ec7p n\u0103m 2018 \u0111\u1ebfn 2020 Chu\u1ea9n Ngo\u1ea1i ng\u1eef v\u00e0 Tin h\u1ecdc<\/p>\n","protected":false},"author":5,"featured_media":0,"parent":0,"menu_order":0,"comment_status":"closed","ping_status":"closed","template":"","meta":[],"jetpack_sharing_enabled":true,"jetpack_shortlink":"https:\/\/wp.me\/PdgjhW-48w","_links":{"self":[{"href":"https:\/\/en.sgu.edu.vn\/vi\/wp-json\/wp\/v2\/pages\/15904"}],"collection":[{"href":"https:\/\/en.sgu.edu.vn\/vi\/wp-json\/wp\/v2\/pages"}],"about":[{"href":"https:\/\/en.sgu.edu.vn\/vi\/wp-json\/wp\/v2\/types\/page"}],"author":[{"embeddable":true,"href":"https:\/\/en.sgu.edu.vn\/vi\/wp-json\/wp\/v2\/users\/5"}],"replies":[{"embeddable":true,"href":"https:\/\/en.sgu.edu.vn\/vi\/wp-json\/wp\/v2\/comments?post=15904"}],"version-history":[{"count":3,"href":"https:\/\/en.sgu.edu.vn\/vi\/wp-json\/wp\/v2\/pages\/15904\/revisions"}],"predecessor-version":[{"id":15973,"href":"https:\/\/en.sgu.edu.vn\/vi\/wp-json\/wp\/v2\/pages\/15904\/revisions\/15973"}],"wp:attachment":[{"href":"https:\/\/en.sgu.edu.vn\/vi\/wp-json\/wp\/v2\/media?parent=15904"}],"curies":[{"name":"wp","href":"https:\/\/api.w.org\/{rel}","templated":true}]}}