{"id":16034,"date":"2017-01-20T12:32:51","date_gmt":"2017-01-20T05:32:51","guid":{"rendered":"http:\/\/en.sgu.edu.vn\/?page_id=16034"},"modified":"2017-01-20T12:32:51","modified_gmt":"2017-01-20T05:32:51","slug":"chuan-dau-ra-cao-dang-nganh-tai-chinh-ngan-hang","status":"publish","type":"page","link":"https:\/\/en.sgu.edu.vn\/vi\/chuan-dau-ra-cao-dang-nganh-tai-chinh-ngan-hang\/","title":{"rendered":"Chu\u1ea9n \u0111\u1ea7u ra Cao \u0111\u1eb3ng ng\u00e0nh T\u00e0i ch\u00ednh &#8211; Ng\u00e2n h\u00e0ng"},"content":{"rendered":"<h3>1.<a href=\"https:\/\/drive.google.com\/file\/d\/0B4edcN1FnQYBYkV2QUVDTDBLdTA\/view?usp=sharing\" target=\"_blank\">\u00c1p d\u1ee5ng cho sinh vi\u00ean t\u1ed1t nghi\u1ec7p n\u0103m 2017 \u0111\u1ebfn 2019<\/a><\/h3>\n<h3><a href=\"https:\/\/drive.google.com\/file\/d\/0B4edcN1FnQYBcFF5Z1dwYzlDRVE\/view?usp=sharing\" target=\"_blank\">Chu\u1ea9n Ngo\u1ea1i ng\u1eef v\u00e0 Tin h\u1ecdc<\/a><\/h3>\n<h3>2.<a href=\"https:\/\/drive.google.com\/file\/d\/0B4edcN1FnQYBNDQ1NFM0RTNBSW8\/view?usp=sharing\" target=\"_blank\">\u00c1p d\u1ee5ng cho sinh vi\u00ean t\u1ed1t nghi\u1ec7p n\u0103m 2020 \u0111\u1ebfn 2023<\/a><\/h3>\n<h3><a href=\"https:\/\/drive.google.com\/file\/d\/0B4edcN1FnQYBcWhVell2dHJPd28\/view?usp=sharing\" target=\"_blank\">Chu\u1ea9n Ngo\u1ea1i ng\u1eef v\u00e0 Tin h\u1ecdc<\/a><\/h3>\n","protected":false},"excerpt":{"rendered":"<p>1.\u00c1p d\u1ee5ng cho sinh vi\u00ean t\u1ed1t nghi\u1ec7p n\u0103m 2017 \u0111\u1ebfn 2019 Chu\u1ea9n Ngo\u1ea1i ng\u1eef v\u00e0 Tin h\u1ecdc 2.\u00c1p d\u1ee5ng cho sinh vi\u00ean t\u1ed1t nghi\u1ec7p n\u0103m 2020 \u0111\u1ebfn 2023 Chu\u1ea9n Ngo\u1ea1i ng\u1eef v\u00e0 Tin h\u1ecdc<\/p>\n","protected":false},"author":5,"featured_media":0,"parent":0,"menu_order":0,"comment_status":"closed","ping_status":"closed","template":"","meta":[],"jetpack_sharing_enabled":true,"jetpack_shortlink":"https:\/\/wp.me\/PdgjhW-4aC","_links":{"self":[{"href":"https:\/\/en.sgu.edu.vn\/vi\/wp-json\/wp\/v2\/pages\/16034"}],"collection":[{"href":"https:\/\/en.sgu.edu.vn\/vi\/wp-json\/wp\/v2\/pages"}],"about":[{"href":"https:\/\/en.sgu.edu.vn\/vi\/wp-json\/wp\/v2\/types\/page"}],"author":[{"embeddable":true,"href":"https:\/\/en.sgu.edu.vn\/vi\/wp-json\/wp\/v2\/users\/5"}],"replies":[{"embeddable":true,"href":"https:\/\/en.sgu.edu.vn\/vi\/wp-json\/wp\/v2\/comments?post=16034"}],"version-history":[{"count":1,"href":"https:\/\/en.sgu.edu.vn\/vi\/wp-json\/wp\/v2\/pages\/16034\/revisions"}],"predecessor-version":[{"id":16035,"href":"https:\/\/en.sgu.edu.vn\/vi\/wp-json\/wp\/v2\/pages\/16034\/revisions\/16035"}],"wp:attachment":[{"href":"https:\/\/en.sgu.edu.vn\/vi\/wp-json\/wp\/v2\/media?parent=16034"}],"curies":[{"name":"wp","href":"https:\/\/api.w.org\/{rel}","templated":true}]}}