{"id":16272,"date":"2017-03-22T11:12:33","date_gmt":"2017-03-22T04:12:33","guid":{"rendered":"http:\/\/en.sgu.edu.vn\/?page_id=16272"},"modified":"2021-09-18T19:02:56","modified_gmt":"2021-09-18T12:02:56","slug":"danh-sach-can-bo-chuyen-vien-phong-thanh-tra-phap-che","status":"publish","type":"page","link":"https:\/\/en.sgu.edu.vn\/vi\/phong-thanh-tra\/danh-sach-can-bo-chuyen-vien-phong-thanh-tra-phap-che\/","title":{"rendered":"Danh s\u00e1ch c\u00e1n b\u1ed9, chuy\u00ean vi\u00ean ph\u00f2ng Thanh tra &#8211; Ph\u00e1p ch\u1ebf"},"content":{"rendered":"<p style=\"text-align: center;\"><span style=\"font-family: 'times new roman', times, serif; font-size: 22pt; color: #000000;\">Danh s\u00e1ch c\u00e1n b\u1ed9, chuy\u00ean vi\u00ean ph\u00f2ng Thanh tra &#8211; Ph\u00e1p ch\u1ebf<\/span><\/p>\n<p>&nbsp;<\/p>\n<table style=\"width: 100%; border-color: #000000; border: solid 3px;\" border=\"solid\" cellpadding=\"5%\">\n<tbody>\n<tr>\n<td style=\"border-color: #919191; width: 30%;\"><span style=\"color: #000000;\"><img decoding=\"async\" loading=\"lazy\" class=\"aligncenter wp-image-19081\" src=\"http:\/\/en.sgu.edu.vn\/wp-content\/uploads\/2019\/03\/chi-cuong-200x300.jpg\" alt=\"\" width=\"140\" height=\"210\" srcset=\"https:\/\/en.sgu.edu.vn\/wp-content\/uploads\/2019\/03\/chi-cuong-200x300.jpg 200w, https:\/\/en.sgu.edu.vn\/wp-content\/uploads\/2019\/03\/chi-cuong-400x600.jpg 400w, https:\/\/en.sgu.edu.vn\/wp-content\/uploads\/2019\/03\/chi-cuong-600x900.jpg 600w, https:\/\/en.sgu.edu.vn\/wp-content\/uploads\/2019\/03\/chi-cuong-682x1024.jpg 682w, https:\/\/en.sgu.edu.vn\/wp-content\/uploads\/2019\/03\/chi-cuong-768x1152.jpg 768w, https:\/\/en.sgu.edu.vn\/wp-content\/uploads\/2019\/03\/chi-cuong-800x1200.jpg 800w, https:\/\/en.sgu.edu.vn\/wp-content\/uploads\/2019\/03\/chi-cuong.jpg 1181w\" sizes=\"(max-width: 140px) 100vw, 140px\" \/><\/span><\/td>\n<td style=\"border-color: #919191; width: 25%;\" valign=\"top\"><span style=\"font-size: 14pt; font-family: 'times new roman', times, serif; color: #000000;\">&#8211; Tr\u01b0\u1edfng ph\u00f2ng<\/span><\/p>\n<p><span style=\"font-family: 'times new roman', times, serif; font-size: 14pt; color: #000000;\">&#8211; \u0110i\u1ec7n tho\u1ea1i<\/span><\/p>\n<p><span style=\"font-family: 'times new roman', times, serif; font-size: 14pt; color: #000000;\">&#8211;\u00a0Email li\u00ean l\u1ea1c<\/span><\/td>\n<td style=\"border-color: #919191;\" valign=\"top\"><span style=\"font-family: 'times new roman', times, serif; font-size: 14pt; color: #000000;\">&#8211; ThS. L\u00ea Ch\u00ed C\u01b0\u1eddng<\/span><\/p>\n<p><span style=\"font-family: 'times new roman', times, serif; font-size: 14pt; color: #000000;\">&#8211; (028) 38 337109<\/span><\/p>\n<p><span style=\"font-family: 'times new roman', times, serif; font-size: 14pt; color: #000000;\">&#8211; <a style=\"color: #000000;\" href=\"mailto:lechicuong@sgu.edu.vn\">lechicuong@sgu.edu.vn<\/a><\/span><\/p>\n<p><span style=\"font-family: 'times new roman', times, serif; font-size: 14pt; color: #000000;\">&#8211; Ph\u1ee5 tr\u00e1ch chung.<\/span><\/td>\n<\/tr>\n<tr>\n<td style=\"border-color: #919191; width: 30%;\"><span style=\"color: #000000;\"><img decoding=\"async\" loading=\"lazy\" class=\"aligncenter wp-image-19078\" src=\"http:\/\/en.sgu.edu.vn\/wp-content\/uploads\/2019\/03\/xuan-hoang-200x300.jpg\" alt=\"\" width=\"140\" height=\"210\" srcset=\"https:\/\/en.sgu.edu.vn\/wp-content\/uploads\/2019\/03\/xuan-hoang-200x300.jpg 200w, https:\/\/en.sgu.edu.vn\/wp-content\/uploads\/2019\/03\/xuan-hoang-400x600.jpg 400w, https:\/\/en.sgu.edu.vn\/wp-content\/uploads\/2019\/03\/xuan-hoang-600x900.jpg 600w, https:\/\/en.sgu.edu.vn\/wp-content\/uploads\/2019\/03\/xuan-hoang-682x1024.jpg 682w, https:\/\/en.sgu.edu.vn\/wp-content\/uploads\/2019\/03\/xuan-hoang-768x1152.jpg 768w, https:\/\/en.sgu.edu.vn\/wp-content\/uploads\/2019\/03\/xuan-hoang-800x1200.jpg 800w, https:\/\/en.sgu.edu.vn\/wp-content\/uploads\/2019\/03\/xuan-hoang.jpg 1181w\" sizes=\"(max-width: 140px) 100vw, 140px\" \/><\/span><\/td>\n<td style=\"border-color: #919191; width: 25%;\" valign=\"top\"><span style=\"font-family: 'times new roman', times, serif; font-size: 14pt; color: #000000;\">&#8211; Chuy\u00ean vi\u00ean<\/span><\/p>\n<p><span style=\"font-family: 'times new roman', times, serif; font-size: 14pt; color: #000000;\">&#8211; \u0110i\u1ec7n tho\u1ea1i<\/span><\/p>\n<p><span style=\"font-family: 'times new roman', times, serif; font-size: 14pt; color: #000000;\">&#8211; Email li\u00ean l\u1ea1c<\/span><\/td>\n<td style=\"border-color: #919191;\" valign=\"top\"><span style=\"font-family: 'times new roman', times, serif; font-size: 14pt; color: #000000;\">&#8211; ThS. Nguy\u1ec5n Xu\u00e2n Ho\u00e0ng<\/span><\/p>\n<p><span style=\"font-family: 'times new roman', times, serif; font-size: 14pt; color: #000000;\">&#8211; (028) 38 337109; 0933 849 900<\/span><\/p>\n<p><span style=\"font-family: 'times new roman', times, serif; font-size: 14pt; color: #000000;\">&#8211; <a style=\"color: #000000;\" href=\"mailto:hoangnx@sgu.edu.vn\">hoangnx@sgu.edu.vn<\/a><\/span><\/p>\n<p><span style=\"font-family: 'times new roman', times, serif; font-size: 14pt; color: #000000;\">&#8211; Ph\u1ee5 tr\u00e1ch c\u00f4ng t\u00e1c thanh tra, x\u00e1c minh v\u0103n b\u1eb1ng \u2013 ch\u1ee9ng ch\u1ec9.<\/span><\/p>\n<p><span style=\"font-family: 'times new roman', times, serif; font-size: 14pt; color: #000000;\">&#8211; C\u00e1c c\u00f4ng t\u00e1c kh\u00e1c theo ph\u00e2n c\u00f4ng c\u1ee7a l\u00e3nh \u0111\u1ea1o.<\/span><\/td>\n<\/tr>\n<tr>\n<td style=\"border-color: #919191; width: 30%;\"><span style=\"color: #000000;\"><img decoding=\"async\" loading=\"lazy\" class=\"aligncenter wp-image-19077\" src=\"http:\/\/en.sgu.edu.vn\/wp-content\/uploads\/2019\/03\/hoang-anh-200x300.jpg\" alt=\"\" width=\"140\" height=\"210\" srcset=\"https:\/\/en.sgu.edu.vn\/wp-content\/uploads\/2019\/03\/hoang-anh-200x300.jpg 200w, https:\/\/en.sgu.edu.vn\/wp-content\/uploads\/2019\/03\/hoang-anh-400x600.jpg 400w, https:\/\/en.sgu.edu.vn\/wp-content\/uploads\/2019\/03\/hoang-anh-600x900.jpg 600w, https:\/\/en.sgu.edu.vn\/wp-content\/uploads\/2019\/03\/hoang-anh-682x1024.jpg 682w, https:\/\/en.sgu.edu.vn\/wp-content\/uploads\/2019\/03\/hoang-anh-768x1152.jpg 768w, https:\/\/en.sgu.edu.vn\/wp-content\/uploads\/2019\/03\/hoang-anh-800x1200.jpg 800w, https:\/\/en.sgu.edu.vn\/wp-content\/uploads\/2019\/03\/hoang-anh.jpg 1181w\" sizes=\"(max-width: 140px) 100vw, 140px\" \/><\/span><\/td>\n<td style=\"border-color: #919191; width: 25%;\" valign=\"top\"><span style=\"font-family: 'times new roman', times, serif; font-size: 14pt; color: #000000;\">&#8211; Chuy\u00ean vi\u00ean<\/span><\/p>\n<p><span style=\"font-family: 'times new roman', times, serif; font-size: 14pt; color: #000000;\">&#8211; \u0110i\u1ec7n tho\u1ea1i<\/span><\/p>\n<p><span style=\"font-family: 'times new roman', times, serif; font-size: 14pt; color: #000000;\">&#8211; Email li\u00ean l\u1ea1c<\/span><\/td>\n<td style=\"border-color: #919191;\" valign=\"top\"><span style=\"font-family: 'times new roman', times, serif; font-size: 14pt; color: #000000;\">&#8211; Nguy\u1ec5n H\u1ed3ng Ho\u00e0ng Anh<\/span><\/p>\n<p><span style=\"font-family: 'times new roman', times, serif; font-size: 14pt; color: #000000;\">&#8211; (028) 38 337109<\/span><\/p>\n<p><span style=\"font-family: 'times new roman', times, serif; font-size: 14pt; color: #000000;\">&#8211; <a style=\"color: #000000;\" href=\"mailto:anhnhh@sgu.edu.vn\">anhnhh@sgu.edu.vn<\/a><\/span><\/p>\n<p><span style=\"font-family: 'times new roman', times, serif; font-size: 14pt; color: #000000;\">&#8211; Ph\u1ee5 tr\u00e1ch c\u00f4ng t\u00e1c thanh tra, ti\u1ebfp c\u00f4ng d\u00e2n.<\/span><\/p>\n<p><span style=\"font-family: 'times new roman', times, serif; font-size: 14pt; color: #000000;\">&#8211; X\u1eed l\u00fd \u0111\u01a1n khi\u1ebfu n\u1ea1i, t\u1ed1 c\u00e1o, ki\u1ebfn ngh\u1ecb, ph\u1ea3n \u00e1nh.<\/span><\/p>\n<p><span style=\"font-family: 'times new roman', times, serif; font-size: 14pt; color: #000000;\">&#8211; C\u00e1c c\u00f4ng t\u00e1c kh\u00e1c theo ph\u00e2n c\u00f4ng c\u1ee7a l\u00e3nh \u0111\u1ea1o.<\/span><\/td>\n<\/tr>\n<tr>\n<td style=\"border-color: #919191; width: 30%;\"><span style=\"color: #000000;\"><img decoding=\"async\" loading=\"lazy\" class=\"aligncenter wp-image-19079\" src=\"http:\/\/en.sgu.edu.vn\/wp-content\/uploads\/2019\/03\/thi-lam-200x300.jpg\" alt=\"\" width=\"140\" height=\"210\" srcset=\"https:\/\/en.sgu.edu.vn\/wp-content\/uploads\/2019\/03\/thi-lam-200x300.jpg 200w, https:\/\/en.sgu.edu.vn\/wp-content\/uploads\/2019\/03\/thi-lam-400x600.jpg 400w, https:\/\/en.sgu.edu.vn\/wp-content\/uploads\/2019\/03\/thi-lam-600x900.jpg 600w, https:\/\/en.sgu.edu.vn\/wp-content\/uploads\/2019\/03\/thi-lam-682x1024.jpg 682w, https:\/\/en.sgu.edu.vn\/wp-content\/uploads\/2019\/03\/thi-lam-768x1152.jpg 768w, https:\/\/en.sgu.edu.vn\/wp-content\/uploads\/2019\/03\/thi-lam-800x1200.jpg 800w, https:\/\/en.sgu.edu.vn\/wp-content\/uploads\/2019\/03\/thi-lam.jpg 1181w\" sizes=\"(max-width: 140px) 100vw, 140px\" \/><\/span><\/td>\n<td style=\"border-color: #919191; width: 25%;\" valign=\"top\"><span style=\"font-family: 'times new roman', times, serif; font-size: 14pt; color: #000000;\">&#8211; Chuy\u00ean vi\u00ean<\/span><\/p>\n<p><span style=\"font-family: 'times new roman', times, serif; font-size: 14pt; color: #000000;\">&#8211; \u0110i\u1ec7n tho\u1ea1i<\/span><\/p>\n<p><span style=\"font-family: 'times new roman', times, serif; font-size: 14pt; color: #000000;\">&#8211; Email li\u00ean l\u1ea1c<\/span><\/td>\n<td style=\"border-color: #919191;\" valign=\"top\"><span style=\"font-family: 'times new roman', times, serif; font-size: 14pt; color: #000000;\">&#8211; Ph\u1ea1m Th\u1ecb Lam<\/span><\/p>\n<p><span style=\"font-family: 'times new roman', times, serif; font-size: 14pt; color: #000000;\">&#8211; (028) 38 337109<\/span><\/p>\n<p><span style=\"font-family: 'times new roman', times, serif; font-size: 14pt; color: #000000;\">&#8211; <a style=\"color: #000000;\" href=\"mailto:ptlam@sgu.edu.vn\">ptlam@sgu.edu.vn<\/a><\/span><\/p>\n<p><span style=\"font-family: 'times new roman', times, serif; font-size: 14pt; color: #000000;\">&#8211; Ph\u1ee5 tr\u00e1ch c\u00f4ng t\u00e1c thanh tra, ti\u1ebfp c\u00f4ng d\u00e2n.<\/span><\/p>\n<p><span style=\"font-family: 'times new roman', times, serif; font-size: 14pt; color: #000000;\">&#8211; C\u00e1c c\u00f4ng t\u00e1c kh\u00e1c theo ph\u00e2n c\u00f4ng c\u1ee7a l\u00e3nh \u0111\u1ea1o.<\/span><\/td>\n<\/tr>\n<tr>\n<td style=\"border-color: #919191; width: 30%;\"><span style=\"color: #000000;\"><img decoding=\"async\" loading=\"lazy\" class=\"aligncenter wp-image-19079\" src=\"http:\/\/en.sgu.edu.vn\/wp-content\/uploads\/2020\/03\/huynhnguyenhoangvu.jpg\" alt=\"\" width=\"140\" height=\"210\" \/><\/span><\/td>\n<td style=\"border-color: #919191; width: 25%;\" valign=\"top\"><span style=\"font-family: 'times new roman', times, serif; font-size: 14pt; color: #000000;\">&#8211; Chuy\u00ean vi\u00ean<\/span><\/p>\n<p><span style=\"font-family: 'times new roman', times, serif; font-size: 14pt; color: #000000;\">&#8211; \u0110i\u1ec7n tho\u1ea1i<\/span><\/p>\n<p><span style=\"font-family: 'times new roman', times, serif; font-size: 14pt; color: #000000;\">&#8211; Email li\u00ean l\u1ea1c<\/span><\/td>\n<td style=\"border-color: #919191;\" valign=\"top\"><span style=\"font-family: 'times new roman', times, serif; font-size: 14pt; color: #000000;\">&#8211; ThS. Hu\u1ef3nh Nguy\u1ec5n Ho\u00e0ng V\u0169<\/span><\/p>\n<p><span style=\"font-family: 'times new roman', times, serif; font-size: 14pt; color: #000000;\">&#8211; (028) 38 337109<\/span><\/p>\n<p><span style=\"font-family: 'times new roman', times, serif; font-size: 14pt; color: #000000;\">&#8211; <a style=\"color: #000000;\" href=\"mailto:hnhvu@sgu.edu.vn\">hnhvu@sgu.edu.vn<\/a><\/span><\/p>\n<p><span style=\"font-family: 'times new roman', times, serif; font-size: 14pt; color: #000000;\">&#8211; Ph\u1ee5 tr\u00e1ch c\u00f4ng t\u00e1c thanh tra, x\u00e1c minh v\u0103n b\u1eb1ng \u2013 ch\u1ee9ng ch\u1ec9.<\/span><\/p>\n<p><span style=\"font-family: 'times new roman', times, serif; font-size: 14pt; color: #000000;\">&#8211; C\u00e1c c\u00f4ng t\u00e1c kh\u00e1c theo ph\u00e2n c\u00f4ng c\u1ee7a l\u00e3nh \u0111\u1ea1o.<\/span><\/td>\n<\/tr>\n<tr>\n<td style=\"border-color: #919191; width: 30%;\"><span style=\"color: #000000;\"><img decoding=\"async\" loading=\"lazy\" class=\"aligncenter wp-image-19079\" src=\"http:\/\/en.sgu.edu.vn\/wp-content\/uploads\/2020\/03\/hodinhkhue.jpg\" alt=\"\" width=\"140\" height=\"210\" \/><\/span><\/td>\n<td style=\"border-color: #919191; width: 25%;\" valign=\"top\"><span style=\"font-family: 'times new roman', times, serif; font-size: 14pt; color: #000000;\">&#8211; Chuy\u00ean vi\u00ean<\/span><\/p>\n<p><span style=\"font-family: 'times new roman', times, serif; font-size: 14pt; color: #000000;\">&#8211; \u0110i\u1ec7n tho\u1ea1i<\/span><\/p>\n<p><span style=\"font-family: 'times new roman', times, serif; font-size: 14pt; color: #000000;\">&#8211; Email li\u00ean l\u1ea1c<\/span><\/td>\n<td style=\"border-color: #919191;\" valign=\"top\"><span style=\"font-family: 'times new roman', times, serif; font-size: 14pt; color: #000000;\">&#8211; H\u1ed3 \u0110\u00ecnh Khu\u00ea<\/span><\/p>\n<p><span style=\"font-family: 'times new roman', times, serif; font-size: 14pt; color: #000000;\">&#8211; (028) 38 337109<\/span><\/p>\n<p><span style=\"font-family: 'times new roman', times, serif; font-size: 14pt; color: #000000;\">&#8211; <a style=\"color: #000000;\" href=\"mailto:hdkhue@sgu.edu.vn\">hdkhue@sgu.edu.vn<\/a><\/span><\/p>\n<p><span style=\"font-family: 'times new roman', times, serif; font-size: 14pt; color: #000000;\">&#8211; Ph\u1ee5 tr\u00e1ch c\u00f4ng t\u00e1c thanh tra, x\u00e1c minh v\u0103n b\u1eb1ng \u2013 ch\u1ee9ng ch\u1ec9.<\/span><\/p>\n<p><span style=\"font-family: 'times new roman', times, serif; font-size: 14pt; color: #000000;\">&#8211; C\u00e1c c\u00f4ng t\u00e1c kh\u00e1c theo ph\u00e2n c\u00f4ng c\u1ee7a l\u00e3nh \u0111\u1ea1o.<\/span><\/td>\n<\/tr>\n<tr>\n<td style=\"border-color: #919191; width: 30%;\"><span style=\"color: #000000;\"><img decoding=\"async\" loading=\"lazy\" class=\"aligncenter wp-image-19079\" src=\"http:\/\/en.sgu.edu.vn\/wp-content\/uploads\/2020\/11\/B2168303-0531-4630-98CE-91371B72C579-200x300.jpeg\" alt=\"\" width=\"140\" height=\"210\" \/><\/span><\/td>\n<td style=\"border-color: #919191; width: 25%;\" valign=\"top\"><span style=\"font-family: 'times new roman', times, serif; font-size: 14pt; color: #000000;\">&#8211; Chuy\u00ean vi\u00ean<\/span><\/p>\n<p><span style=\"font-family: 'times new roman', times, serif; font-size: 14pt; color: #000000;\">&#8211; \u0110i\u1ec7n tho\u1ea1i<\/span><\/p>\n<p><span style=\"font-family: 'times new roman', times, serif; font-size: 14pt; color: #000000;\">&#8211; Email li\u00ean l\u1ea1c<\/span><\/td>\n<td style=\"border-color: #919191;\" valign=\"top\"><span style=\"font-family: 'times new roman', times, serif; font-size: 14pt; color: #000000;\">&#8211; V\u0169 H\u00f9ng Phi<\/span><\/p>\n<p><span style=\"font-family: 'times new roman', times, serif; font-size: 14pt; color: #000000;\">&#8211; (028) 38 337109<\/span><br \/>\n<span style=\"font-family: 'times new roman', times, serif; font-size: 14pt; color: #000000;\">&#8211; Ph\u1ee5 tr\u00e1ch c\u00f4ng t\u00e1c thanh tra, x\u00e1c minh v\u0103n b\u1eb1ng \u2013 ch\u1ee9ng ch\u1ec9.<\/span><\/p>\n<p><span style=\"font-family: 'times new roman', times, serif; font-size: 14pt; color: #000000;\">&#8211; C\u00e1c c\u00f4ng t\u00e1c kh\u00e1c theo ph\u00e2n c\u00f4ng c\u1ee7a l\u00e3nh \u0111\u1ea1o.<\/span><\/td>\n<\/tr>\n<\/tbody>\n<\/table>\n<p><span style=\"color: #000000;\"><!--more--><\/span><\/p>\n","protected":false},"excerpt":{"rendered":"<p>Danh s\u00e1ch c\u00e1n b\u1ed9, chuy\u00ean vi\u00ean ph\u00f2ng Thanh tra &#8211; Ph\u00e1p ch\u1ebf &nbsp; &#8211; Tr\u01b0\u1edfng ph\u00f2ng &#8211; \u0110i\u1ec7n tho\u1ea1i &#8211;\u00a0Email li\u00ean l\u1ea1c &#8211; ThS. L\u00ea Ch\u00ed C\u01b0\u1eddng &#8211; (028) 38 337109 &#8211; lechicuong@sgu.edu.vn &#8211; Ph\u1ee5 tr\u00e1ch chung. &#8211; Chuy\u00ean vi\u00ean &#8211; \u0110i\u1ec7n tho\u1ea1i &#8211; Email li\u00ean l\u1ea1c &#8211; ThS. Nguy\u1ec5n Xu\u00e2n Ho\u00e0ng &#8211; (028) 38 337109; [&hellip;]<\/p>\n","protected":false},"author":10,"featured_media":0,"parent":11862,"menu_order":0,"comment_status":"closed","ping_status":"closed","template":"","meta":[],"jetpack_sharing_enabled":true,"jetpack_shortlink":"https:\/\/wp.me\/PdgjhW-4es","_links":{"self":[{"href":"https:\/\/en.sgu.edu.vn\/vi\/wp-json\/wp\/v2\/pages\/16272"}],"collection":[{"href":"https:\/\/en.sgu.edu.vn\/vi\/wp-json\/wp\/v2\/pages"}],"about":[{"href":"https:\/\/en.sgu.edu.vn\/vi\/wp-json\/wp\/v2\/types\/page"}],"author":[{"embeddable":true,"href":"https:\/\/en.sgu.edu.vn\/vi\/wp-json\/wp\/v2\/users\/10"}],"replies":[{"embeddable":true,"href":"https:\/\/en.sgu.edu.vn\/vi\/wp-json\/wp\/v2\/comments?post=16272"}],"version-history":[{"count":26,"href":"https:\/\/en.sgu.edu.vn\/vi\/wp-json\/wp\/v2\/pages\/16272\/revisions"}],"predecessor-version":[{"id":22711,"href":"https:\/\/en.sgu.edu.vn\/vi\/wp-json\/wp\/v2\/pages\/16272\/revisions\/22711"}],"up":[{"embeddable":true,"href":"https:\/\/en.sgu.edu.vn\/vi\/wp-json\/wp\/v2\/pages\/11862"}],"wp:attachment":[{"href":"https:\/\/en.sgu.edu.vn\/vi\/wp-json\/wp\/v2\/media?parent=16272"}],"curies":[{"name":"wp","href":"https:\/\/api.w.org\/{rel}","templated":true}]}}