{"id":19338,"date":"2019-04-09T11:27:00","date_gmt":"2019-04-09T04:27:00","guid":{"rendered":"http:\/\/en.sgu.edu.vn\/?page_id=19338"},"modified":"2019-08-06T23:44:57","modified_gmt":"2019-08-06T16:44:57","slug":"trung-tam-ho-tro-sinh-vien","status":"publish","type":"page","link":"https:\/\/en.sgu.edu.vn\/vi\/trung-tam-ho-tro-sinh-vien\/","title":{"rendered":"Trung t\u00e2m H\u1ed7 tr\u1ee3 Sinh vi\u00ean"},"content":{"rendered":"<div class=\"fusion-title title fusion-title-center fusion-title-size-one\" style=\"margin-top:0px;margin-bottom:30px;\"><div class=\"title-sep-container title-sep-container-left\"><div class=\"title-sep sep-double\" style=\"border-color:#000000;\"><\/div><\/div><h1 class=\"title-heading-center\"><\/p>\n<p style=\"text-align: center;\"><span style=\"font-family: arial, helvetica, sans-serif; font-size: 24pt; color: #333399;\"><strong>TRUNG T\u00c2M H\u1ed6 TR\u1ee2 SINH VI\u00caN<br \/>\n<\/strong><\/span><\/p>\n<p><\/h1><div class=\"title-sep-container title-sep-container-right\"><div class=\"title-sep sep-double\" style=\"border-color:#000000;\"><\/div><\/div><\/div>\n<p><span style=\"font-size: 14pt; color: #ff0000;\"><strong>1. Th\u00f4ng tin li\u00ean h\u1ec7:<\/strong><\/span><\/p>\n<p><span style=\"font-size: 14pt; color: #000000;\"><ul class=\"fusion-checklist fusion-checklist-1\" style=\"font-size:13px;line-height:22.1px;\"><li class=\"fusion-li-item\"><span style=\"background-color:#0003c9;font-size:11.44px;height:22.1px;width:22.1px;margin-right:9.1px;\" class=\"icon-wrapper circle-yes\"><i class=\"fusion-li-icon fa fa-check\" style=\"color:#ffffff;\"><\/i><\/span><div class=\"fusion-li-item-content\" style=\"margin-left:31.2px;\">T\u00ean \u0111\u01a1n v\u1ecb: Trung t\u00e2m H\u1ed7 tr\u1ee3 sinh vi\u00ean<\/div><\/li><\/ul><\/span><\/p>\n<p><span style=\"font-size: 14pt; color: #000000;\"><ul class=\"fusion-checklist fusion-checklist-2\" style=\"font-size:13px;line-height:22.1px;\"><li class=\"fusion-li-item\"><span style=\"background-color:#0003c9;font-size:11.44px;height:22.1px;width:22.1px;margin-right:9.1px;\" class=\"icon-wrapper circle-yes\"><i class=\"fusion-li-icon fa fa-check\" style=\"color:#ffffff;\"><\/i><\/span><div class=\"fusion-li-item-content\" style=\"margin-left:31.2px;\">T\u00ean ti\u1ebfng Anh: Student Assistance Center<\/div><\/li><\/ul><\/span><\/p>\n<p><span style=\"font-family: arial, helvetica, sans-serif; font-size: 14pt; color: #000000;\"><ul class=\"fusion-checklist fusion-checklist-3\" style=\"font-size:13px;line-height:22.1px;\"><li class=\"fusion-li-item\"><span style=\"background-color:#0003c9;font-size:11.44px;height:22.1px;width:22.1px;margin-right:9.1px;\" class=\"icon-wrapper circle-yes\"><i class=\"fusion-li-icon fa fa-check\" style=\"color:#ffffff;\"><\/i><\/span><div class=\"fusion-li-item-content\" style=\"margin-left:31.2px;\">Email: <a href=\"mailto:hotrosinhvien@sgu.edu.vn\">hotrosinhvien@sgu.edu.vn<\/a><\/div><\/li><\/ul><\/span><\/p>\n<p><span style=\"font-size: 14pt; color: #000000;\"><ul class=\"fusion-checklist fusion-checklist-4\" style=\"font-size:13px;line-height:22.1px;\"><li class=\"fusion-li-item\"><span style=\"background-color:#0003c9;font-size:11.44px;height:22.1px;width:22.1px;margin-right:9.1px;\" class=\"icon-wrapper circle-yes\"><i class=\"fusion-li-icon fa fa-check\" style=\"color:#ffffff;\"><\/i><\/span><div class=\"fusion-li-item-content\" style=\"margin-left:31.2px;\">Trang th\u00f4ng tin d\u1ecbch v\u1ee5 m\u1ea1ng x\u00e3 h\u1ed9i v\u00e0 truy\u1ec1n th\u00f4ng: Trung t\u00e2m H\u1ed7 tr\u1ee3 Sinh vi\u00ean SGU<\/div><\/li><\/ul><\/span><\/p>\n<p><span style=\"font-family: arial, helvetica, sans-serif; font-size: 14pt; color: #000000;\"><ul class=\"fusion-checklist fusion-checklist-5\" style=\"font-size:13px;line-height:22.1px;\"><li class=\"fusion-li-item\"><span style=\"background-color:#0003c9;font-size:11.44px;height:22.1px;width:22.1px;margin-right:9.1px;\" class=\"icon-wrapper circle-yes\"><i class=\"fusion-li-icon fa fa-check\" style=\"color:#ffffff;\"><\/i><\/span><div class=\"fusion-li-item-content\" style=\"margin-left:31.2px;\">\u0110i\u1ec7n tho\u1ea1i : 028 3922 5499<\/div><\/li><\/ul><\/span><\/p>\n<p><span style=\"color: #000000; font-size: 14pt;\"><ul class=\"fusion-checklist fusion-checklist-6\" style=\"font-size:13px;line-height:22.1px;\"><li class=\"fusion-li-item\"><span style=\"background-color:#0003c9;font-size:11.44px;height:22.1px;width:22.1px;margin-right:9.1px;\" class=\"icon-wrapper circle-yes\"><i class=\"fusion-li-icon fa fa-check\" style=\"color:#ffffff;\"><\/i><\/span><div class=\"fusion-li-item-content\" style=\"margin-left:31.2px;\">\u0110\u1ecba ch\u1ec9: 273C An D\u01b0\u01a1ng V\u01b0\u01a1ng, Ph\u01b0\u1eddng 3, Qu\u1eadn 5, Th\u00e0nh ph\u1ed1 H\u1ed3 Ch\u00ed Minh<\/div><\/li><\/ul><\/span><\/p>\n<p><span style=\"font-family: arial, helvetica, sans-serif; font-size: 14pt; color: #000000;\"><div class=\"fusion-text\"><\/div><\/span><\/p>\n<p><span style=\"color: #ff0000;\"><strong><span style=\"font-size: 14pt;\">2. Gi\u1edbi thi\u1ec7u chung:<\/span><\/strong><\/span><\/p>\n<p style=\"text-align: justify;\"><span style=\"font-size: 14pt; color: #000000;\">\u00a0\u00a0\u00a0\u00a0\u00a0\u00a0\u00a0\u00a0\u00a0\u00a0 Trung t\u00e2m H\u1ed7 tr\u1ee3 sinh vi\u00ean ra \u0111\u1eddi n\u0103m 2011 v\u1edbi t\u00ean ban \u0111\u1ea7u l\u00e0 Trung t\u00e2m D\u1ecbch v\u1ee5 du l\u1ecbch, sau \u0111\u00f3 \u0111\u01b0\u1ee3c \u0111\u1ed5i t\u00ean th\u00e0nh Trung t\u00e2m H\u01b0\u1edbng d\u1eabn du l\u1ecbch v\u00e0o n\u0103m 2015; n\u0103m 2017, \u0111\u1ec3 ph\u00f9 h\u1ee3p v\u1edbi b\u1ed1i c\u1ea3nh m\u1edbi Tr\u01b0\u1eddng \u0111\u1ea1i h\u1ecdc S\u00e0i G\u00f2n m\u1ed9t l\u1ea7n n\u1eefa \u0111\u1ed5i t\u00ean Trung t\u00e2m H\u01b0\u1edbng d\u1eabn du l\u1ecbch th\u00e0nh Trung t\u00e2m H\u1ed7 tr\u1ee3 sinh vi\u00ean theo Quy\u1ebft \u0111\u1ecbnh s\u1ed1 2037\/Q\u0110-\u0110HSG ng\u00e0y 24\/8\/2017 \u0111\u1ed3ng th\u1eddi b\u1ed5 sung th\u00eam ch\u1ee9c n\u0103ng, nhi\u1ec7m v\u1ee5 ph\u00f9 h\u1ee3p.<\/span><br \/>\n<span style=\"font-size: 14pt; color: #000000;\">Hi\u1ec7n Trung t\u00e2m H\u1ed7 tr\u1ee3 sinh vi\u00ean th\u1ef1c hi\u1ec7n c\u00e1c ch\u1ee9c n\u0103ng, nhi\u1ec7m v\u1ee5 sau:<\/span><br \/>\n<span style=\"font-size: 14pt; color: #000000;\">\u00a0\u00a0\u00a0\u00a0\u00a0\u00a0\u00a0\u00a0\u00a0\u00a0 &#8211; Tham m\u01b0u, t\u1ed5 ch\u1ee9c c\u00e1c ho\u1ea1t \u0111\u1ed9ng li\u00ean quan \u0111\u1ebfn c\u00f4ng t\u00e1c \u0110o\u00e0n, H\u1ed9i v\u00e0 phong tr\u00e0o thanh ni\u00ean, sinh vi\u00ean nh\u1eb1m \u0111\u1ea3m b\u1ea3o c\u00e1c m\u1ee5c ti\u00eau, \u0111\u1ecbnh h\u01b0\u1edbng c\u1ee7a \u0110\u1ea3ng \u1ee7y \u2013 Ban Gi\u00e1m hi\u1ec7u \u0110\u1ea1i h\u1ecdc S\u00e0i G\u00f2n.<\/span><br \/>\n<span style=\"font-size: 14pt; color: #000000;\">\u00a0\u00a0\u00a0\u00a0\u00a0\u00a0\u00a0\u00a0\u00a0\u00a0 &#8211; T\u1ed5 ch\u1ee9c c\u00e1c ho\u1ea1t \u0111\u1ed9ng th\u00f4ng tin, h\u01b0\u1edbng d\u1eabn, d\u1ecbch v\u1ee5 h\u1ed7 tr\u1ee3 v\u1ec1 \u0111\u1eddi s\u1ed1ng v\u00e0 h\u1ecdc t\u1eadp c\u1ee7a sinh vi\u00ean. Tham m\u01b0u \u0111\u1ec1 xu\u1ea5t Ban Gi\u00e1m hi\u1ec7u tr\u01b0\u1eddng nh\u1eefng v\u1ea5n \u0111\u1ec1 kh\u00e1c li\u00ean quan \u0111\u1ebfn h\u1ecdc t\u1eadp v\u00e0 \u0111\u1eddi s\u1ed1ng c\u1ee7a sinh vi\u00ean.<\/span><br \/>\n<span style=\"font-size: 14pt; color: #000000;\">\u00a0\u00a0\u00a0\u00a0\u00a0\u00a0\u00a0\u00a0\u00a0\u00a0 &#8211; T\u1ed5 ch\u1ee9c c\u00e1c ho\u1ea1t \u0111\u1ed9ng h\u1ed7 tr\u1ee3 gi\u00e1o d\u1ee5c \u0111\u00e0o t\u1ea1o, v\u0103n h\u00f3a, du l\u1ecbch; b\u1ed3i d\u01b0\u1ee1ng nghi\u1ec7p v\u1ee5 du l\u1ecbch, nh\u00e0 h\u00e0ng, kh\u00e1ch s\u1ea1n; thu h\u00fat v\u00e0 t\u1ea1o \u0111i\u1ec1u ki\u1ec7n thu\u1eadn l\u1ee3i cho c\u00e1c t\u1ed5 ch\u1ee9c v\u00e0 c\u00e1 nh\u00e2n trong v\u00e0 ngo\u00e0i tr\u01b0\u1eddng tham gia ho\u1ea1t \u0111\u1ed9ng v\u0103n h\u00f3a, du l\u1ecbch, ph\u1ee5c v\u1ee5 nhi\u1ec7m v\u1ee5 c\u1ee7a nh\u00e0 tr\u01b0\u1eddng.<\/span><\/p>\n<p><span style=\"font-size: 14pt; color: #000000;\">\u00a0<span style=\"color: #ff0000;\"><strong>3. \u0110\u1ed9i ng\u0169<\/strong><\/span><\/span><\/p>\n<table class=\"aligncenter\" border=\"1\" width=\"510\">\n<tbody>\n<tr>\n<td align=\"center\" width=\"94\"><span style=\"font-size: 14pt;\"><strong>STT<\/strong><\/span><\/td>\n<td align=\"center\" width=\"217\"><span style=\"font-size: 14pt;\"><strong>H\u1ecd v\u00e0 t\u00ean<\/strong><\/span><\/td>\n<td align=\"center\" width=\"198\"><span style=\"font-size: 14pt;\"><strong>Ch\u1ee9c v\u1ee5<\/strong><\/span><\/td>\n<\/tr>\n<tr>\n<td width=\"94\"><span style=\"font-size: 14pt;\">01<\/span><\/td>\n<td width=\"217\"><span style=\"font-size: 14pt;\">La Thanh H\u00f9ng<\/span><\/td>\n<td width=\"198\"><span style=\"font-size: 14pt;\">Gi\u00e1m \u0111\u1ed1c<\/span><\/td>\n<\/tr>\n<tr>\n<td width=\"94\"><span style=\"font-size: 14pt;\">02<\/span><\/td>\n<td width=\"217\"><span style=\"font-size: 14pt;\">T\u00e0o H\u1eefu \u0110\u1ea1t<\/span><\/td>\n<td width=\"198\"><span style=\"font-size: 14pt;\">B\u00ed th\u01b0 \u0110o\u00e0n TN<\/span><\/td>\n<\/tr>\n<tr>\n<td width=\"94\"><span style=\"font-size: 14pt;\">03<\/span><\/td>\n<td width=\"217\"><span style=\"font-size: 14pt;\">L\u01b0u Tr\u01b0\u01a1ng Thanh H\u00f9ng<\/span><\/td>\n<td width=\"198\"><span style=\"font-size: 14pt;\">Chuy\u00ean vi\u00ean<\/span><\/td>\n<\/tr>\n<tr>\n<td width=\"94\"><span style=\"font-size: 14pt;\">04<\/span><\/td>\n<td width=\"217\"><span style=\"font-size: 14pt;\">Nguy\u1ec5n Th\u1ecb H\u01b0\u01a1ng<\/span><\/td>\n<td width=\"198\"><span style=\"font-size: 14pt;\">Chuy\u00ean vi\u00ean<\/span><\/td>\n<\/tr>\n<tr>\n<td width=\"94\"><span style=\"font-size: 14pt;\">05<\/span><\/td>\n<td width=\"217\"><span style=\"font-size: 14pt;\">Nguy\u1ec5n Thanh Nga<\/span><\/td>\n<td width=\"198\"><span style=\"font-size: 14pt;\">Chuy\u00ean vi\u00ean<\/span><\/td>\n<\/tr>\n<tr>\n<td width=\"94\"><span style=\"font-size: 14pt;\">06<\/span><\/td>\n<td width=\"217\"><span style=\"font-size: 14pt;\">\u0110o\u00e0n Thu Th\u1ea3o<\/span><\/td>\n<td width=\"198\"><span style=\"font-size: 14pt;\">Chuy\u00ean vi\u00ean<\/span><\/td>\n<\/tr>\n<tr>\n<td width=\"94\"><span style=\"font-size: 14pt;\">07<\/span><\/td>\n<td width=\"217\"><span style=\"font-size: 14pt;\">Hu\u1ef3nh \u00c1i Thy<\/span><\/td>\n<td width=\"198\"><span style=\"font-size: 14pt;\">Chuy\u00ean vi\u00ean<\/span><\/td>\n<\/tr>\n<tr>\n<td width=\"94\"><span style=\"font-size: 14pt;\">08<\/span><\/td>\n<td width=\"217\"><span style=\"font-size: 14pt;\">Phan Th\u1ecb Ph\u01b0\u01a1ng Tuy\u1ec1n<\/span><\/td>\n<td width=\"198\"><span style=\"font-size: 14pt;\">Chuy\u00ean vi\u00ean<\/span><\/td>\n<\/tr>\n<\/tbody>\n<\/table>\n<p>&nbsp;<\/p>\n","protected":false},"excerpt":{"rendered":"<p>1. Th\u00f4ng tin li\u00ean h\u1ec7: 2. Gi\u1edbi thi\u1ec7u chung: \u00a0\u00a0\u00a0\u00a0\u00a0\u00a0\u00a0\u00a0\u00a0\u00a0 Trung t\u00e2m H\u1ed7 tr\u1ee3 sinh vi\u00ean ra \u0111\u1eddi n\u0103m 2011 v\u1edbi t\u00ean ban \u0111\u1ea7u l\u00e0 Trung t\u00e2m D\u1ecbch v\u1ee5 du l\u1ecbch, sau \u0111\u00f3 \u0111\u01b0\u1ee3c \u0111\u1ed5i t\u00ean th\u00e0nh Trung t\u00e2m H\u01b0\u1edbng d\u1eabn du l\u1ecbch v\u00e0o n\u0103m 2015; n\u0103m 2017, \u0111\u1ec3 ph\u00f9 h\u1ee3p v\u1edbi b\u1ed1i c\u1ea3nh m\u1edbi Tr\u01b0\u1eddng [&hellip;]<\/p>\n","protected":false},"author":10,"featured_media":0,"parent":0,"menu_order":0,"comment_status":"closed","ping_status":"closed","template":"","meta":[],"jetpack_sharing_enabled":true,"jetpack_shortlink":"https:\/\/wp.me\/PdgjhW-51U","_links":{"self":[{"href":"https:\/\/en.sgu.edu.vn\/vi\/wp-json\/wp\/v2\/pages\/19338"}],"collection":[{"href":"https:\/\/en.sgu.edu.vn\/vi\/wp-json\/wp\/v2\/pages"}],"about":[{"href":"https:\/\/en.sgu.edu.vn\/vi\/wp-json\/wp\/v2\/types\/page"}],"author":[{"embeddable":true,"href":"https:\/\/en.sgu.edu.vn\/vi\/wp-json\/wp\/v2\/users\/10"}],"replies":[{"embeddable":true,"href":"https:\/\/en.sgu.edu.vn\/vi\/wp-json\/wp\/v2\/comments?post=19338"}],"version-history":[{"count":4,"href":"https:\/\/en.sgu.edu.vn\/vi\/wp-json\/wp\/v2\/pages\/19338\/revisions"}],"predecessor-version":[{"id":19883,"href":"https:\/\/en.sgu.edu.vn\/vi\/wp-json\/wp\/v2\/pages\/19338\/revisions\/19883"}],"wp:attachment":[{"href":"https:\/\/en.sgu.edu.vn\/vi\/wp-json\/wp\/v2\/media?parent=19338"}],"curies":[{"name":"wp","href":"https:\/\/api.w.org\/{rel}","templated":true}]}}