{"id":21668,"date":"2020-11-04T15:02:07","date_gmt":"2020-11-04T08:02:07","guid":{"rendered":"http:\/\/en.sgu.edu.vn\/?page_id=21668"},"modified":"2021-05-05T10:46:44","modified_gmt":"2021-05-05T03:46:44","slug":"dam-bao-chat-luong","status":"publish","type":"page","link":"https:\/\/en.sgu.edu.vn\/vi\/dam-bao-chat-luong\/","title":{"rendered":"\u0110\u1ea3m b\u1ea3o ch\u1ea5t l\u01b0\u1ee3ng"},"content":{"rendered":"<ul>\n<li style=\"text-align: left;\"><span style=\"color: #0000ff; font-size: 20px; font-family: 'times new roman', times, serif;\"><a style=\"color: #0000ff;\" href=\"http:\/\/en.sgu.edu.vn\/bao-cao-tu-danh-gia-2016\/\" target=\"_blank\" rel=\"noopener noreferrer\">B\u00e1o c\u00e1o t\u1ef1 \u0111\u00e1nh gi\u00e1<\/a><\/span><\/li>\n<li style=\"text-align: left;\"><span style=\"color: #0000ff; font-size: 20px; font-family: 'times new roman', times, serif;\"><a style=\"color: #0000ff;\" href=\"http:\/\/en.sgu.edu.vn\/chuan-dau-ra\/\">Chu\u1ea9n \u0111\u1ea7u ra c\u00e1c ng\u00e0nh \u0111\u00e0o t\u1ea1o<\/a><\/span><\/li>\n<li style=\"text-align: left;\"><span style=\"color: #0000ff; font-size: 20px; font-family: 'times new roman', times, serif;\"><a style=\"color: #0000ff;\" href=\"https:\/\/drive.google.com\/file\/d\/1CFscMwZm88wwElL9cCqk2HzJbUUytYHC\/view\" target=\"_blank\" rel=\"noopener noreferrer\">Ba c\u00f4ng khai<\/a><\/span><\/li>\n<\/ul>\n","protected":false},"excerpt":{"rendered":"<p>B\u00e1o c\u00e1o t\u1ef1 \u0111\u00e1nh gi\u00e1 Chu\u1ea9n \u0111\u1ea7u ra c\u00e1c ng\u00e0nh \u0111\u00e0o t\u1ea1o Ba c\u00f4ng khai<\/p>\n","protected":false},"author":16,"featured_media":0,"parent":0,"menu_order":0,"comment_status":"closed","ping_status":"closed","template":"","meta":[],"jetpack_sharing_enabled":true,"jetpack_shortlink":"https:\/\/wp.me\/PdgjhW-5Du","_links":{"self":[{"href":"https:\/\/en.sgu.edu.vn\/vi\/wp-json\/wp\/v2\/pages\/21668"}],"collection":[{"href":"https:\/\/en.sgu.edu.vn\/vi\/wp-json\/wp\/v2\/pages"}],"about":[{"href":"https:\/\/en.sgu.edu.vn\/vi\/wp-json\/wp\/v2\/types\/page"}],"author":[{"embeddable":true,"href":"https:\/\/en.sgu.edu.vn\/vi\/wp-json\/wp\/v2\/users\/16"}],"replies":[{"embeddable":true,"href":"https:\/\/en.sgu.edu.vn\/vi\/wp-json\/wp\/v2\/comments?post=21668"}],"version-history":[{"count":7,"href":"https:\/\/en.sgu.edu.vn\/vi\/wp-json\/wp\/v2\/pages\/21668\/revisions"}],"predecessor-version":[{"id":22472,"href":"https:\/\/en.sgu.edu.vn\/vi\/wp-json\/wp\/v2\/pages\/21668\/revisions\/22472"}],"wp:attachment":[{"href":"https:\/\/en.sgu.edu.vn\/vi\/wp-json\/wp\/v2\/media?parent=21668"}],"curies":[{"name":"wp","href":"https:\/\/api.w.org\/{rel}","templated":true}]}}